{"id":98,"date":"2015-10-22T03:11:50","date_gmt":"2015-10-22T03:11:50","guid":{"rendered":"https:\/\/www.brill-legal.com\/?page_id=98"},"modified":"2023-12-28T21:32:47","modified_gmt":"2023-12-28T21:32:47","slug":"dwi","status":"publish","type":"page","link":"https:\/\/www.brill-legal.com\/es\/nuestros-servicios\/defensa-penal\/dwi\/","title":{"rendered":"New York Abogado de DUI\/DWI"},"content":{"rendered":"<p>Lo aterrador de una detenci\u00f3n por conducir bajo los efectos del alcohol es que le puede pasar a cualquiera. Usted puede pensar que no hay nada malo en tomar unas copas en una fiesta de la oficina. Pero imag\u00ednese lo que puede suceder si usted consigue detr\u00e1s de la rueda m\u00e1s adelante y no puede venir a una parada completa en una muestra de la parada. Usted podr\u00eda terminar siendo arrestado y acusado de un delito de DWI por violar la ley. Los arrestos por DWI pueden ocurrir en una variedad de escenarios incluyendo paradas de trafico, puntos de control de conductores ebrios y accidentes automovilisticos.<\/p>\n\n\n\n<p>En <a href=\"https:\/\/www.brill-legal.com\/es\/\">DWI abogados en Brill Legal Group<\/a> entienden la necesidad de tomar medidas r\u00e1pidas con el fin de proteger sus derechos y privilegios de conducir. Le ayudaremos a navegar por las complejas leyes estatales que rigen los delitos de DWI.<\/p>\n\n\n\n<p>Hay muchos tipos diferentes de delitos de DWI en New York. Brill Legal Group puede ayudarle con lo siguiente:<\/p>\n\n\n\n<p>- <a href=\"https:\/\/www.brill-legal.com\/es\/nuestros-servicios\/defensa-penal\/dwi\/primer-delito\/\">Primera infracci\u00f3n<\/a><br>- <a href=\"https:\/\/www.brill-legal.com\/es\/nuestros-servicios\/defensa-penal\/dwi\/reincidencia\/\">Reincidencia<\/a><br>- <a href=\"https:\/\/www.brill-legal.com\/es\/nuestros-servicios\/defensa-penal\/dwi\/vih-agravado\/\">Conducci\u00f3n bajo los efectos del alcohol con agravantes<\/a><br>- <a href=\"https:\/\/www.brill-legal.com\/es\/nuestros-servicios\/defensa-penal\/dwi\/consumo-de-alcohol-entre-menores\/\">Consumo de alcohol por menores<\/a><br>- <a href=\"https:\/\/www.brill-legal.com\/es\/nuestros-servicios\/defensa-penal\/dwi\/dwi-negativa-de-alcoholimetro\/\">DWI: La negativa de alcohol\u00edmetro<\/a><br>- <a href=\"https:\/\/www.brill-legal.com\/es\/nuestros-servicios\/defensa-penal\/dwi\/dmv-audiencias-de-suspension-de-licencia\/\">Audiencias de suspensi\u00f3n de licencia del DMV<\/a><br>- <a href=\"https:\/\/www.brill-legal.com\/es\/nuestros-servicios\/defensa-penal\/dwi\/audiencias-de-revocacion\/\">Audiencias de revocaci\u00f3n<\/a><br>- <a href=\"https:\/\/www.brill-legal.com\/es\/nuestros-servicios\/defensa-penal\/dwi\/ordenes-de-detencion-en-nueva-york-2\/\">Navegaci\u00f3n en estado de embriaguez<\/a><\/p>\n\n\n\n<h2 class=\"wp-block-heading\">\u00bfCu\u00e1ndo se ilegaliz\u00f3 la conducci\u00f3n bajo los efectos del alcohol en New York?<\/h2>\n\n\n\n<p>New York declar\u00f3 ilegal la conducci\u00f3n bajo los efectos del alcohol en 1910 y fue el primer estado que abord\u00f3 la conducci\u00f3n bajo los efectos del alcohol (DUI). Esta ley DUI\/DWI se promulg\u00f3 en un momento en que los autom\u00f3viles eran cada vez m\u00e1s comunes y los peligros de conducirlos bajo los efectos del alcohol se estaban haciendo evidentes. La ley defin\u00eda la intoxicaci\u00f3n y establec\u00eda penas para quienes condujeran bajo los efectos del alcohol. Esta medida sent\u00f3 un precedente, no s\u00f3lo en New York sino en todo Estados Unidos.<\/p>\n\n\n\n<p><strong>Sanciones por DWI\/DUI en New York<\/strong><\/p>\n\n\n\n<p>Las ofensas de DWI llevan una amplia gama de penas potenciales que aumentan en severidad para las convicciones repetidas. Las condenas por DWI tambi\u00e9n se convierten en una parte permanente de su registro. Una primera ofensa DWI es un delito menor en New York, mientras que los delitos de conducir ebrio posteriores se clasifican como delitos graves.<\/p>\n\n\n\n<p>Como conducir ebrio puede poner a otros en peligro, hay penas severas incluso para los infractores por primera vez. Cada arresto por DWI tendra diferentes consecuencias dependiendo del BAC del conductor y factores como la edad y las circunstancias del arresto. Aqu\u00ed est\u00e1n algunas de las penas que los individuos condenados por conducir ebrio pueden enfrentar:<\/p>\n\n\n\n<p>- C\u00e1rcel<br>- Multas, incluyendo hasta $2.500 si la tasa de alcoholemia supera 0,18<br>- Revocaci\u00f3n o suspensi\u00f3n del permiso de conducir. Al menos seis meses de suspensi\u00f3n para un BAC de 0,08 por ciento o superior. La duraci\u00f3n de la suspensi\u00f3n suele aumentar para los conductores con una tasa de alcoholemia superior al 0,18 por ciento.<br>- Clases de educaci\u00f3n sobre el alcohol<br>- Instalaci\u00f3n obligatoria de un dispositivo de bloqueo de encendido en su veh\u00edculo que no permitir\u00e1 que el coche arranque si se detecta un determinado nivel de alcohol.<\/p>\n\n\n\n<p>Los infractores reincidentes de DWI se enfrentan a castigos m\u00e1s duros, incluyendo penas de c\u00e1rcel m\u00e1s largas, multas m\u00e1s elevadas y un per\u00edodo m\u00e1s largo de revocaci\u00f3n del permiso de conducir. Por ejemplo, una primera condena por DWI se castiga con hasta un a\u00f1o de c\u00e1rcel, mientras que una segunda condena puede dar lugar a una sentencia de cuatro a\u00f1os. El tribunal tiene en cuenta las condenas anteriores por conducir ebrio durante la sentencia y adopta un enfoque estricto para evitar que el individuo vuelva a conducir en estado de embriaguez.<\/p>\n\n\n\n<p>Los conductores pueden ser acusados de DWI agravado si la cantidad de alcohol en su torrente sangu\u00edneo supera el doble del l\u00edmite legal, es decir, si la tasa de alcoholemia es de 0,18 o superior. En el New York, los niveles m\u00e1s altos de intoxicaci\u00f3n implican penas m\u00e1s duras. Tambi\u00e9n hay penas espec\u00edficas para los menores de edad que conducen bajo los efectos del alcohol.<\/p>\n\n\n\n<p>Luchar contra un cargo de DWI puede ser bastante dif\u00edcil, pero muchas veces los fiscales tambi\u00e9n incluyen cargos relacionados. Por ejemplo, conducir ebrio con un nino en el vehiculo resultara en un cargo de Poner en Peligro a un Nino bajo la Ley de Leandra. Otros cargos adicionales pueden incluir Conducir Bajo la Influencia de Drogas (DUID), conducci\u00f3n temeraria o huir de un oficial de polic\u00eda. La situacion podria ser aun peor si ocurriera un accidente de trafico debido a la conduccion bajo los efectos del alcohol.<\/p>\n\n\n\n<p>Con la ayuda de un abogado con experiencia New York DWI, puede ser posible reducir un cargo de delito grave a un delito menor. Brill Legal Group puede evaluar los detalles de sus cargos para minimizar las posibles consecuencias y luchar por el mejor resultado en su caso.<\/p>\n\n\n\n<p><strong>DWAI<\/strong><\/p>\n\n\n\n<p>En el New York, la diferencia clave entre DWI y DWAI es la tasa de alcoholemia del conductor. DWAI significa que el BAC del conductor est\u00e1 entre 0.05 y 0.07 por ciento, o hay otra evidencia de que el conductor est\u00e1 impedido. Un cargo de DWAI es tipicamente menos severo que un DWI ya que es clasificado como una infraccion de trafico. Sin embargo, las penas exactas para una convicci\u00f3n de DWAI dependen de los detalles de la carga y si el conductor tiene condenas anteriores.<\/p>\n\n\n\n<p>Una primera condena por DWAI con alcohol conlleva las penas est\u00e1ndar de una multa de entre $300 y $500, hasta 15 d\u00edas de c\u00e1rcel y una suspensi\u00f3n obligatoria del permiso de conducir de 90 d\u00edas. Hay penas cada vez m\u00e1s duras para cada condena DWAI subsiguiente.<\/p>\n\n\n\n<p>Otro aspecto que hace que un cargo de DWAI sea diferente de un DWI es que un DWAI especifica la presencia de sustancias que perjudican al conductor. Un conductor puede ser acusado de DWAI-Drogas o DWAI-Alcohol dependiendo de la sustancia identificada en su torrente sanguineo. Incluso sin una prueba de sangre o aliento, el comportamiento como el habla arrastrada o la conducci\u00f3n err\u00e1tica puede desencadenar un cargo de DWAI-Alcohol.<\/p>\n\n\n\n<p>Adem\u00e1s, un cargo de DWAI-Drogas no se limita s\u00f3lo a drogas como la marihuana o la coca\u00edna. Algunos medicamentos recetados y medicamentos de venta libre pueden ser peligrosos cuando se trata de perjudicar la capacidad de alguien para conducir. En New York, es ilegal conducir bajo los efectos de cualquier droga, incluso los medicamentos recetados.<\/p>\n\n\n\n<p>Entender todos los diferentes cargos relacionados con la conducci\u00f3n en el estado puede ser abrumador y confuso. Como resultado, es importante tener una representaci\u00f3n calificada a su lado para explicar los cargos en su contra, as\u00ed como las opciones legales disponibles. Los abogados de DWI y DWAI en Brill Legal Group luchar\u00e1n para proteger sus privilegios de conducir.<\/p>\n\n\n\n<p><strong>Pruebas qu\u00edmicas de alcoholemia en New York<\/strong><\/p>\n\n\n\n<p>La aplicaci\u00f3n de la ley se basa en gran medida en alcohol\u00edmetros y pruebas qu\u00edmicas BAC cuando se busca una condena por DWI. Sin embargo, estos m\u00e9todos no son pruebas concluyentes de conducir ebrio y no significan una condena autom\u00e1tica. Siempre existe la posibilidad de que los oficiales de arresto hayan cometido errores en el manejo de su situaci\u00f3n, lo cual podemos utilizar en su beneficio.<\/p>\n\n\n\n<p>New York los tribunales han dictaminado que un conductor detenido por sospecha de conducir ebrio debe someterse a una prueba de alcoholemia. Esto significa que si usted conduce un coche en el estado, impl\u00edcitamente da su consentimiento para ser probado para el alcohol en su sistema.<\/p>\n\n\n\n<p>Negarse a someterse a la prueba despu\u00e9s de ser detenido puede conducir a la revocaci\u00f3n de su licencia de conducir y otras consecuencias tales como multas o suspensi\u00f3n de la licencia. Sin embargo, usted tiene derecho a una audiencia del DMV despu\u00e9s de su negativa. En tales circunstancias, tener un abogado experto en DWI aumenta significativamente sus posibilidades de \u00e9xito en esta audiencia.<\/p>\n\n\n\n<p><strong>New York Abogado defensor de DWI\/DUI<\/strong><\/p>\n\n\n\n<p>Cuando se enfrenta a graves consecuencias por conducir ebrio en New York, necesita un <a href=\"https:\/\/www.brill-legal.com\/es\/\">abogado defensor con experiencia que conoce a fondo la ley<\/a> y un exitoso historial de ayudar a los clientes. Brill Legal Group proporciona representaci\u00f3n efectiva a New York conductores que han sido arrestados por delitos de conducir ebrio. Le ayudaremos a navegar por todo el proceso legal y luchar agresivamente por sus derechos, si es su primer arresto DWI o una ofensa de la repetici\u00f3n.<\/p>\n\n\n\n<p><a href=\"https:\/\/www.brill-legal.com\/es\/abogados\/\">Nuestros abogados saben c\u00f3mo manejar todo tipo de casos de DWI<\/a> y comprenda que no puede permitirse que le revoquen o suspendan el permiso de conducir. La p\u00e9rdida de sus privilegios de conducir puede afectar todas las \u00e1reas de su vida, como su capacidad para socializar con amigos o para ganarse la vida. Nuestro objetivo es mantenerlo en la carretera y asegurar que se mantenga fuera de la c\u00e1rcel. Adem\u00e1s de defenderle en los tribunales, los abogados de Brill Legal Group tienen experiencia en el manejo de las audiencias del DMV. Sabemos c\u00f3mo ayudarle a calificar para licencias condicionales que le permitir\u00e1n conducir al trabajo.<\/p>\n\n\n\n<p><a href=\"https:\/\/www.brill-legal.com\/es\/pongase-en-contacto-con\/\">P\u00f3ngase en contacto con Brill Legal Group hoy mismo para una consulta gratuita<\/a>. Estamos disponibles las 24 horas del d\u00eda, los 7 d\u00edas de la semana y los 365 d\u00edas del a\u00f1o. Su llamada siempre ser\u00e1 atendida, sea cual sea la hora del d\u00eda.<br><a href=\"tel:631-204-8254\">Suffolk 631-204-8254<\/a> - <a href=\"tel:212-233-4141\">Manhattan 212-233-4141<\/a> - <a href=\"tel:516-206-2002\">Nassau 516-206-2002<\/a><br><a href=\"tel:888-315-9841\">Tel\u00e9fono gratuito 888-315-9841<\/a><\/p>","protected":false},"excerpt":{"rendered":"<p>Lo aterrador de una detenci\u00f3n por conducir bajo los efectos del alcohol es que le puede pasar a cualquiera. Usted puede pensar que no hay nada malo en tomar unas copas en una fiesta de la oficina. Pero imag\u00ednese lo que puede pasar si m\u00e1s tarde se pone al volante y no se detiene por completo en un stop...<\/p>","protected":false},"author":1,"featured_media":4899,"parent":75,"menu_order":0,"comment_status":"closed","ping_status":"closed","template":"","meta":{"_acf_changed":false,"episode_type":"","audio_file":"","cover_image":"","cover_image_id":"","duration":"","filesize":"","date_recorded":"","explicit":"","block":"","itunes_episode_number":"","itunes_title":"","itunes_season_number":"","itunes_episode_type":"","filesize_raw":"","footnotes":""},"class_list":["post-98","page","type-page","status-publish","has-post-thumbnail","hentry"],"acf":[],"_links":{"self":[{"href":"https:\/\/www.brill-legal.com\/es\/wp-json\/wp\/v2\/pages\/98","targetHints":{"allow":["GET"]}}],"collection":[{"href":"https:\/\/www.brill-legal.com\/es\/wp-json\/wp\/v2\/pages"}],"about":[{"href":"https:\/\/www.brill-legal.com\/es\/wp-json\/wp\/v2\/types\/page"}],"author":[{"embeddable":true,"href":"https:\/\/www.brill-legal.com\/es\/wp-json\/wp\/v2\/users\/1"}],"replies":[{"embeddable":true,"href":"https:\/\/www.brill-legal.com\/es\/wp-json\/wp\/v2\/comments?post=98"}],"version-history":[{"count":9,"href":"https:\/\/www.brill-legal.com\/es\/wp-json\/wp\/v2\/pages\/98\/revisions"}],"predecessor-version":[{"id":6804,"href":"https:\/\/www.brill-legal.com\/es\/wp-json\/wp\/v2\/pages\/98\/revisions\/6804"}],"up":[{"embeddable":true,"href":"https:\/\/www.brill-legal.com\/es\/wp-json\/wp\/v2\/pages\/75"}],"wp:featuredmedia":[{"embeddable":true,"href":"https:\/\/www.brill-legal.com\/es\/wp-json\/wp\/v2\/media\/4899"}],"wp:attachment":[{"href":"https:\/\/www.brill-legal.com\/es\/wp-json\/wp\/v2\/media?parent=98"}],"curies":[{"name":"wp","href":"https:\/\/api.w.org\/{rel}","templated":true}]}}