{"id":922,"date":"2015-12-11T15:42:23","date_gmt":"2015-12-11T15:42:23","guid":{"rendered":"http:\/\/host2.adviahost.net\/~brilllegal\/?page_id=922"},"modified":"2022-06-09T17:57:27","modified_gmt":"2022-06-09T17:57:27","slug":"consumo-de-alcohol-entre-menores","status":"publish","type":"page","link":"https:\/\/www.brill-legal.com\/es\/nuestros-servicios\/defensa-penal\/dwi\/consumo-de-alcohol-entre-menores\/","title":{"rendered":"Consumo de alcohol por menores"},"content":{"rendered":"<p>La edad legal para consumir alcohol en New York es de 21 a\u00f1os. Los conductores menores de 21 a\u00f1os representan menos del 10% de los conductores con carn\u00e9 del estado. Sin embargo, representan el 14% de todas las muertes relacionadas con la conducci\u00f3n bajo los efectos del alcohol en New York, seg\u00fan una investigaci\u00f3n de la Foundation for Advancing Alcohol Responsibility.<\/p>\n\n\n\n<p>Como resultado, los bebedores menores de edad se enfrentan a penas m\u00e1s duras que si tuvieran la edad legal para beber. Enfrentar un cargo de DWI puede ser una experiencia estresante. Si usted o su hijo han sido acusados de conducir bajo los efectos del alcohol, Brill Legal Group puede ayudarle. Como individuo acusado de beber y conducir en New York, necesitar\u00e1 una representaci\u00f3n legal con experiencia que sepa c\u00f3mo construir una defensa s\u00f3lida para estos casos.<\/p>\n\n\n\n<h2 class=\"wp-block-heading\">Ley de Tolerancia Cero de New York<\/h2>\n\n\n\n<p>New York aplica una ley de tolerancia cero cuando se trata de conducir bajo los efectos del alcohol. Basta una cerveza en una fiesta para infringir la ley. Una persona menor de 21 a\u00f1os que conduzca un veh\u00edculo con una concentraci\u00f3n de alcohol en sangre (alcoholemia) de entre 0,02 y 0,07 por ciento ser\u00e1 acusada del delito de conducir tras haber consumido alcohol. Deber\u00e1n comparecer ante un juez del Departamento de Veh\u00edculos de Motor para una audiencia.<\/p>\n\n\n\n<p>Tambi\u00e9n se le puede acusar de conducir en estado de embriaguez (DWI) con una tasa de alcoholemia de 0,08 o superior y de conducir con la capacidad disminuida por el alcohol (DWAI) con una tasa de alcoholemia entre 0,05 y 0,07. En ambos casos se enfrentar\u00e1 a las mismas penas que un conductor de 21 a\u00f1os o m\u00e1s. En ambos casos, se enfrentar\u00e1 a las mismas penas que un conductor de 21 a\u00f1os o m\u00e1s.<\/p>\n\n\n\n<p>Adem\u00e1s de ser acusado de conducir bajo los efectos del alcohol, un conductor menor de edad tambi\u00e9n puede ser acusado de infracciones como utilizar un documento de identidad falso para comprar alcohol o solicitar alcohol. Cualquier otra infracci\u00f3n que el agente observe durante la detenci\u00f3n puede agravar las sanciones.<\/p>\n\n\n\n<p>Si una persona menor de edad es detenida por un agente de polic\u00eda por haber consumido alcohol, el agente tiene derecho a exigirle que se someta a una prueba de alcoholemia para determinar su tasa de alcoholemia. La negativa a someterse a la prueba de alcoholemia, de sangre o de orina conllevar\u00e1 la retirada del permiso de conducir durante al menos un a\u00f1o.<\/p>\n\n\n\n<p>Brill Legal Group estar\u00e1 a su lado durante todo el proceso legal y le ayudar\u00e1 a entender sus opciones. Tenemos los recursos y la experiencia para ayudarle a lograr el mejor resultado posible en su caso de conducir ebrio.<\/p>\n\n\n\n<h3 class=\"wp-block-heading\">Sanciones por conducir bajo los efectos del alcohol<\/h3>\n\n\n\n<p>Las sanciones var\u00edan dependiendo de su BAC. Es posible que tenga que comparecer en una audiencia del DMV, pagar una multa o sanci\u00f3n civil, que se le revoque la licencia y, en algunos casos de DWI, incluso ir a la c\u00e1rcel. Si usted tiene una ofensa de tr\u00e1fico anterior relacionada con el alcohol, el per\u00edodo de revocaci\u00f3n de la licencia ser\u00e1 por lo menos un a\u00f1o o hasta que usted tenga 21 a\u00f1os, cualquiera que sea el per\u00edodo m\u00e1s largo.<br>Las consecuencias de un primer delito de conducir bajo los efectos del alcohol pueden incluir:<\/p>\n\n\n\n<p>Suspensi\u00f3n de la licencia de conducir por seis meses con $100 cuota requerida para la terminaci\u00f3n de la suspensi\u00f3n.<\/p>\n\n\n\n<ul class=\"wp-block-list\"><li>$125 sanci\u00f3n civil<\/li><li>Instalaci\u00f3n de un dispositivo de bloqueo del encendido que garantice que el coche no arrancar\u00e1 si hay alcohol en el organismo del conductor.<\/li><li>Inscripci\u00f3n en el programa de conductores ebrios New York<\/li><\/ul>\n\n\n\n<p>Conducir ebrio es un delito grave. Ser condenado por conducir bajo los efectos del alcohol puede tener consecuencias devastadoras en la vida de un joven. Puede afectar negativamente la admisi\u00f3n a la universidad, as\u00ed como el futuro empleo. Brill Legal Group puede ayudarle a obtener una segunda oportunidad. Trabajaremos para minimizar las penas potenciales que usted enfrenta.<br>Excepciones al consumo de alcohol para menores de edad<\/p>\n\n\n\n<p>Aunque el consumo de alcohol por menores de 21 a\u00f1os es ilegal en New York, hay varias excepciones. Los menores de edad pueden beber con el consentimiento de un tutor legal si se encuentran en una propiedad privada que no venda alcohol. Los menores de 21 a\u00f1os tambi\u00e9n pueden consumir alcohol en locales que vendan alcohol, como restaurantes, si un tutor legal da su consentimiento. Otra excepci\u00f3n es con fines educativos, como en una escuela de cocina.<\/p>\n\n\n\n<p>Si se enfrenta a cargos por conducir ebrio, necesita un abogado defensor experimentado a su lado que entienda las leyes de New York en la zona. Podemos guiarlo a trav\u00e9s del proceso de audiencia administrativa del DMV y ayudarlo a obtener una licencia condicional para que pueda conducir al trabajo o a la escuela con una interrupci\u00f3n m\u00ednima en su vida.<\/p>\n\n\n\n<p>P\u00f3ngase en contacto con nosotros hoy mismo para una consulta inicial gratuita. Estamos disponibles las 24 horas del d\u00eda, los 7 d\u00edas de la semana y los 365 d\u00edas del a\u00f1o. Su llamada siempre ser\u00e1 atendida, sin importar la hora del d\u00eda.<\/p>","protected":false},"excerpt":{"rendered":"<p>La edad legal para consumir alcohol en New York es de 21 a\u00f1os. Los conductores menores de 21 a\u00f1os representan menos del 10% de los conductores con carn\u00e9 del estado. Sin embargo, representan el 14% de todas las muertes relacionadas con la conducci\u00f3n bajo los efectos del alcohol en New York, seg\u00fan una investigaci\u00f3n de la Fundaci\u00f3n para el Avance de la Responsabilidad con el Alcohol. En consecuencia, los menores de edad...<\/p>","protected":false},"author":1,"featured_media":5698,"parent":98,"menu_order":0,"comment_status":"closed","ping_status":"closed","template":"","meta":{"_acf_changed":false,"episode_type":"","audio_file":"","cover_image":"","cover_image_id":"","duration":"","filesize":"","date_recorded":"","explicit":"","block":"","itunes_episode_number":"","itunes_title":"","itunes_season_number":"","itunes_episode_type":"","filesize_raw":"","footnotes":""},"class_list":["post-922","page","type-page","status-publish","has-post-thumbnail","hentry"],"acf":[],"_links":{"self":[{"href":"https:\/\/www.brill-legal.com\/es\/wp-json\/wp\/v2\/pages\/922","targetHints":{"allow":["GET"]}}],"collection":[{"href":"https:\/\/www.brill-legal.com\/es\/wp-json\/wp\/v2\/pages"}],"about":[{"href":"https:\/\/www.brill-legal.com\/es\/wp-json\/wp\/v2\/types\/page"}],"author":[{"embeddable":true,"href":"https:\/\/www.brill-legal.com\/es\/wp-json\/wp\/v2\/users\/1"}],"replies":[{"embeddable":true,"href":"https:\/\/www.brill-legal.com\/es\/wp-json\/wp\/v2\/comments?post=922"}],"version-history":[{"count":5,"href":"https:\/\/www.brill-legal.com\/es\/wp-json\/wp\/v2\/pages\/922\/revisions"}],"predecessor-version":[{"id":5700,"href":"https:\/\/www.brill-legal.com\/es\/wp-json\/wp\/v2\/pages\/922\/revisions\/5700"}],"up":[{"embeddable":true,"href":"https:\/\/www.brill-legal.com\/es\/wp-json\/wp\/v2\/pages\/98"}],"wp:featuredmedia":[{"embeddable":true,"href":"https:\/\/www.brill-legal.com\/es\/wp-json\/wp\/v2\/media\/5698"}],"wp:attachment":[{"href":"https:\/\/www.brill-legal.com\/es\/wp-json\/wp\/v2\/media?parent=922"}],"curies":[{"name":"wp","href":"https:\/\/api.w.org\/{rel}","templated":true}]}}