{"id":75,"date":"2025-11-05T23:01:02","date_gmt":"2025-11-05T23:01:02","guid":{"rendered":"https:\/\/www.brill-legal.com\/?page_id=75"},"modified":"2025-11-28T21:44:16","modified_gmt":"2025-11-28T21:44:16","slug":"defensa-penal","status":"publish","type":"page","link":"https:\/\/www.brill-legal.com\/es\/nuestros-servicios\/defensa-penal\/","title":{"rendered":"New York Abogados penalistas"},"content":{"rendered":"<h2>\n\t\t\tNYC Abogados defensores\t<\/h2>\n<h4>\n\t\t\tLa defensa penal es todo lo que hacemos, y somos muy buenos en ello.\t<\/h4>\n\t<p>Todos los d\u00edas, en Long Island y en los cinco distritos del New York City, se encierra a personas por delitos que no han cometido o se las condena en exceso por sus malas decisiones. \u00bfSer\u00e1s t\u00fa el pr\u00f3ximo?<\/p>\n<p>En el Brill Legal Group estamos aqu\u00ed para ayudar a que eso no ocurra. Para <em>d\u00e9cadas<\/em>Nuestros abogados han ayudado a muchas personas a mantenerse fuera de la c\u00e1rcel y evitar penas severas.<\/p>\n\t\t\t\t<!-- Flexy Breadcrumb -->\n\t\t\t\t<!-- Breadcrumb wrapper -->\n\t\t\t\t\t<!-- Ordered list-->\n\t\t\t\t\t<ol itemscope itemtype=\"https:\/\/schema.org\/BreadcrumbList\">\n\t\t\t\t\t\t            <li itemprop=\"itemListElement\" itemscope itemtype=\"https:\/\/schema.org\/ListItem\">\n                    <!-- Home Link -->\n                    <a itemprop=\"item\" href=\"\/es\/\">\n                                                    Inicio                    <\/a>\n                <meta itemprop=\"position\" content=\"1\" \/><!-- Meta Position-->\n             <\/li><li>\/<\/li><li itemprop=\"itemListElement\" itemscope itemtype=\"https:\/\/schema.org\/ListItem\"><a itemprop=\"item\" page-parent=\"96\" href=\"https:\/\/www.brill-legal.com\/es\/nuestros-servicios\/\" title=\"Nuestros servicios\">Nuestros servicios<\/a><meta itemprop=\"position\" content=\"2\" \/><\/li><li>\/<\/li><li itemprop=\"itemListElement\" itemscope itemtype=\"https:\/\/schema.org\/ListItem\">New York Defensa Penal...<meta itemprop=\"position\" content=\"3\" \/><\/li>\t\t\t\t\t<\/ol>\n\t\t\t\n<h1>\n\t\t\tNew York Abogados penalistas\t<\/h1>\n<h3>\n\t\t\tDefensa inteligente y agresiva\t<\/h3>\n\t<p><strong>Consulta inicial gratuita<\/strong><\/p>\n<p>No juzgamos a nuestros clientes - los ayudamos. No importa de qu\u00e9 delito se le acuse, nuestra firma ofrece una defensa inteligente y agresiva dirigida a preservar su libertad y aislarlo de un castigo severo. Llame gratis al\u00a0<strong>888-315-9841<\/strong>.<\/p>\n\t\t\t\t<img decoding=\"async\" src=\"https:\/\/www.brill-legal.com\/wp-content\/uploads\/2022\/06\/ncdd-dui-883x350.jpg\" alt=\"Miembro del NCDD - Abogado de DUI\" itemprop=\"image\" height=\"350\" width=\"883\" title=\"ncdd-dui\" onerror=\"this.style.display='none'\" loading=\"lazy\" \/>\n\t<p>Tambi\u00e9n defendemos a profesionales licenciados, miembros de sindicatos y estudiantes que se enfrentan a investigaciones penales o administrativas.\u00a0<a href=\"https:\/\/www.brill-legal.com\/es\/nuestros-servicios\/defensa-penal\/nuestros-servicios\/disciplinary-hearings-investigations-2\/\">audiencias disciplinarias<\/a>y las personas que se ocupan de\u00a0<a href=\"https:\/\/www.brill-legal.com\/es\/nuestros-servicios\/defensa-penal\/nuestros-servicios\/defensa-penal\/ordenes-de-detencion-en-nueva-york\/\">\u00f3rdenes de detenci\u00f3n en New York<\/a>\u00a0y\u00a0<a href=\"https:\/\/www.brill-legal.com\/es\/nuestros-servicios\/defensa-penal\/nuestros-servicios\/defensa-penal\/las-violaciones-de-la-libertad-condicional-pueden-acarrear-penas-graves\/\">violaciones de la libertad condicional<\/a>.<\/p>\n<p>Nuestros abogados son h\u00e1biles negociadores, pero tambi\u00e9n han tomado cientos de casos a juicio, audiencia o arbitraje en Long Island y en todo New York City. Hemos defendido algunos de los casos penales m\u00e1s dif\u00edciles de nuestra \u00e1rea ha visto, resuelto favorablemente\u00a0<a href=\"https:\/\/www.brill-legal.com\/es\/nuestros-servicios\/defensa-penal\/nuestros-servicios\/defensa-penal\/delitos-menores\/\">delito grave y delito leve<\/a>\u00a0cargos,\u00a0<a href=\"https:\/\/www.brill-legal.com\/es\/nuestros-servicios\/defensa-penal\/nuestros-servicios\/defensa-penal\/delitos-juveniles\/\">delitos juveniles<\/a>y rechaz\u00f3 a los reguladores gubernamentales.<\/p>\n<h3>\n\t\t\tServicios\t<\/h3>\n\t\t\t\t\t<ul id=\"menu-services-criminal-defense\"><li id=\"menu-item-4740\"><a href=\"https:\/\/www.brill-legal.com\/es\/nuestros-servicios\/defensa-penal\/\">Defensa Penal<\/a><\/li>\n<li id=\"menu-item-4749\"><a href=\"https:\/\/www.brill-legal.com\/es\/nuestros-servicios\/defensa-penal\/fraude-robo-y-delitos-de-cuello-blanco\/\">Fraude, robo y delitos de cuello blanco<\/a><\/li>\n<li id=\"menu-item-4742\"><a href=\"https:\/\/www.brill-legal.com\/es\/nuestros-servicios\/defensa-penal\/ciberdelincuencia-en-internet\/\">Delitos en Internet<\/a><\/li>\n<li id=\"menu-item-4750\"><a href=\"https:\/\/www.brill-legal.com\/es\/nuestros-servicios\/defensa-penal\/violencia-domestica\/\">Violencia dom\u00e9stica<\/a><\/li>\n<li id=\"menu-item-4743\"><a href=\"https:\/\/www.brill-legal.com\/es\/nuestros-servicios\/defensa-penal\/delitos-sexuales\/\">Delitos sexuales<\/a><\/li>\n<li id=\"menu-item-4745\"><a href=\"https:\/\/www.brill-legal.com\/es\/nuestros-servicios\/audiencias-disciplinarias-investigaciones\/\">Audiencias e investigaciones disciplinarias<\/a><\/li>\n<li id=\"menu-item-4744\"><a href=\"https:\/\/www.brill-legal.com\/es\/nuestros-servicios\/\">Todos los servicios<\/a><\/li>\n<\/ul>\t\n\t<h3>\n\t\t\tContacto\t<\/h3>\n\t<p>P\u00f3ngase en contacto con nosotros hoy mismo para una consulta gratuita. Estamos a su disposici\u00f3n <strong>24<\/strong> horas al d\u00eda, <strong>7<\/strong> d\u00edas a la semana, y <strong>365<\/strong> d\u00edas al a\u00f1o.<\/p>\n\t\t\t<a href=\"\" target=\"_self\">\n\t\t\t\t\t\t\tProgramar ahora\n\t\t\t\t\t<\/a>\n\t\t\t<a href=\"\" target=\"_self\">\n\t\t\t\t\t\t\tConoce a nuestro equipo\n\t\t\t\t\t<\/a>\n<h4>\n\t\t\tNuestras \u00e1reas de pr\u00e1ctica de defensa criminal incluyen:\t<\/h4>\n<h3>\n\t\t<a href=\"https:\/\/www.brill-legal.com\/es\/nuestros-servicios\/defensa-penal\/fraude-robo-y-delitos-de-cuello-blanco\/\" title=\"Fraude, robo y delitos de cuello blanco\"  target=\"_self\">\n\t\t\tFraude, robo y delitos de cuello blanco\t\t<\/a>\n\t<\/h3>\n\t<p>Cuando las investigaciones se centran en usted o su empleador, es importante buscar inmediatamente asesoramiento legal con experiencia para garantizar la protecci\u00f3n de sus derechos. Nuestros abogados son h\u00e1biles negociadores, pero tambi\u00e9n han llevado cientos de casos a juicio, audiencia o arbitraje en Long Island y en todo el New York City. Nuestros abogados de defensa criminal manejan una amplia gama de delitos menores y delitos graves de fraude, delitos de cuello blanco y cargos de malversaci\u00f3n.<\/p>\n\t\t\t<a href=\"https:\/\/www.brill-legal.com\/es\/nuestros-servicios\/defensa-penal\/fraude-robo-y-delitos-de-cuello-blanco\/\" target=\"_self\">\n\t\t\t\t\t\t\tM\u00e1s informaci\u00f3n\n\t\t\t\t\t<\/a>\n<h3>\n\t\t<a href=\"https:\/\/www.brill-legal.com\/es\/nuestros-servicios\/defensa-penal\/ciberdelincuencia-en-internet\/\" title=\"Delitos en Internet\"  target=\"_self\">\n\t\t\tDelitos en Internet\t\t<\/a>\n\t<\/h3>\n\t<p>Ambos lados de la ley est\u00e1n aprendiendo a enfrentarse al nuevo y desconocido territorio de los delitos inform\u00e1ticos. Los fiscales son f\u00e1cilmente enga\u00f1ados por los investigadores y agentes de polic\u00eda, y los abogados defensores a menudo tienen poca o ninguna experiencia con los tipos de casos que toman. Tenemos una amplia experiencia innovando estrategias de defensa para una serie de delitos de Internet.<\/p>\n\t\t\t<a href=\"https:\/\/www.brill-legal.com\/es\/nuestros-servicios\/defensa-penal\/ciberdelincuencia-en-internet\/\" target=\"_self\">\n\t\t\t\t\t\t\tM\u00e1s informaci\u00f3n\n\t\t\t\t\t<\/a>\n<h3>\n\t\t<a href=\"https:\/\/www.brill-legal.com\/es\/nuestros-servicios\/defensa-penal\/violencia-domestica\/\" title=\"Violencia dom\u00e9stica\"  target=\"_self\">\n\t\t\tViolencia dom\u00e9stica\t\t<\/a>\n\t<\/h3>\n\t<p>Ambos lados de la ley est\u00e1n aprendiendo a enfrentarse al nuevo y desconocido territorio de los delitos inform\u00e1ticos. Los fiscales son f\u00e1cilmente enga\u00f1ados por los investigadores y agentes de polic\u00eda, y los abogados defensores a menudo tienen poca o ninguna experiencia con los tipos de casos que toman. Tenemos una amplia experiencia innovando estrategias de defensa para una serie de delitos de Internet.<\/p>\n\t\t\t<a href=\"https:\/\/www.brill-legal.com\/es\/nuestros-servicios\/defensa-penal\/violencia-domestica\/\" target=\"_self\">\n\t\t\t\t\t\t\tM\u00e1s informaci\u00f3n\n\t\t\t\t\t<\/a>\n<h3>\n\t\t<a href=\"https:\/\/www.brill-legal.com\/es\/nuestros-servicios\/defensa-penal\/delitos-sexuales\/\" title=\"Delitos sexuales\"  target=\"_self\">\n\t\t\tDelitos sexuales\t\t<\/a>\n\t<\/h3>\n\t<p>Ambos lados de la ley est\u00e1n aprendiendo a enfrentarse al nuevo y desconocido territorio de los delitos inform\u00e1ticos. Los fiscales son f\u00e1cilmente enga\u00f1ados por los investigadores y agentes de polic\u00eda, y los abogados defensores a menudo tienen poca o ninguna experiencia con los tipos de casos que toman. Tenemos una amplia experiencia innovando estrategias de defensa para una serie de delitos de Internet.<\/p>\n\t\t\t<a href=\"https:\/\/www.brill-legal.com\/es\/nuestros-servicios\/defensa-penal\/delitos-sexuales\/\" target=\"_self\">\n\t\t\t\t\t\t\tM\u00e1s informaci\u00f3n\n\t\t\t\t\t<\/a>\n<h3>\n\t\t<a href=\"https:\/\/www.brill-legal.com\/es\/nuestros-servicios\/defensa-penal\/delitos-de-drogas\/posesion-o-venta-de-drogas\/\" title=\"Delitos de drogas\"  target=\"_self\">\n\t\t\tDelitos de drogas\t\t<\/a>\n\t<\/h3>\n\t<p>Nuestro equipo tiene los recursos de tiempo, atenci\u00f3n y tecnolog\u00eda para dar a cada caso de delitos de drogas la atenci\u00f3n centrada que usted necesita y merece. Su asunto nunca ser\u00e1 entregado a un asociado o paralegal sin experiencia, y siempre podr\u00e1 ponerse en contacto con nosotros, sin importar lo menor que crea que pueda ser su pregunta o asunto.<\/p>\n\t\t\t<a href=\"https:\/\/www.brill-legal.com\/es\/nuestros-servicios\/defensa-penal\/delitos-de-drogas\/posesion-o-venta-de-drogas\/\" target=\"_self\">\n\t\t\t\t\t\t\tM\u00e1s informaci\u00f3n\n\t\t\t\t\t<\/a>\n<h3>\n\t\t<a href=\"https:\/\/www.brill-legal.com\/es\/nuestros-servicios\/defensa-penal\/defensa-penal-internacional-y-transnacional\/\" title=\"Delitos internacionales y federales\"  target=\"_self\">\n\t\t\tDelitos internacionales y federales\t\t<\/a>\n\t<\/h3>\n\t<p>Este tipo de delitos incluye, entre otros, a personas acusadas ante un tribunal federal, normalmente a ra\u00edz de una investigaci\u00f3n federal de \u00e1mbito internacional, y a personas que han abandonado Estados Unidos para eludir sanciones penales y est\u00e1n intentando regresar.<\/p>\n\t\t\t<a href=\"https:\/\/www.brill-legal.com\/es\/nuestros-servicios\/defensa-penal\/defensa-penal-internacional-y-transnacional\/\" target=\"_self\">\n\t\t\t\t\t\t\tM\u00e1s informaci\u00f3n\n\t\t\t\t\t<\/a>\n<h3>\n\t\t<a href=\"https:\/\/www.brill-legal.com\/es\/nuestros-servicios\/defensa-penal\/delitos-violentos\/\" title=\"Cr\u00edmenes Violentos y Cargos por Armas\"  target=\"_self\">\n\t\t\tCr\u00edmenes Violentos y Cargos por Armas\t\t<\/a>\n\t<\/h3>\n\t<p>En el Brill Legal Group, hemos desarrollado una competencia b\u00e1sica en estos servicios, la defensa de los acusados de delitos violentos agresivamente. Tenemos una larga experiencia con la defensa penal, ayudando a las personas acusadas de una serie de delitos, incluidos los delitos violentos. Es nuestro objetivo ayudarle a navegar por las complejidades de este tipo de casos, tienen cargos desestimados o reducir el tiempo de c\u00e1rcel.<\/p>\n\t\t\t<a href=\"https:\/\/www.brill-legal.com\/es\/nuestros-servicios\/defensa-penal\/delitos-violentos\/\" target=\"_self\">\n\t\t\t\t\t\t\tM\u00e1s informaci\u00f3n\n\t\t\t\t\t<\/a>\n<h3>\n\t\t<a href=\"https:\/\/www.brill-legal.com\/es\/nuestros-servicios\/defensa-penal\/dwi\/\" title=\"DUI\/DWI\"  target=\"_self\">\n\t\t\tDUI\/DWI\t\t<\/a>\n\t<\/h3>\n\t<p>Las pruebas de alcoholemia no son infalibles, como tampoco lo son las pruebas de alcoholemia. Se pueden cometer errores, tanto por los oficiales de arresto como por el personal policial en la estaci\u00f3n de polic\u00eda. Si se cometieron errores, los encontraremos y los usaremos a su favor.<\/p>\n\t\t\t<a href=\"https:\/\/www.brill-legal.com\/es\/nuestros-servicios\/defensa-penal\/dwi\/\" target=\"_self\">\n\t\t\t\t\t\t\tM\u00e1s informaci\u00f3n\n\t\t\t\t\t<\/a>\n<h3>\n\t\t<a href=\"https:\/\/www.brill-legal.com\/es\/nuestros-servicios\/defensa-penal\/ocultar-condenas-anteriores-de-los-antecedentes-penales-en-nueva-york\/\" title=\"Ocultar condenas penales anteriores\"  target=\"_self\">\n\t\t\tOcultar condenas penales anteriores\t\t<\/a>\n\t<\/h3>\n\t<p>Las personas condenadas por determinados delitos en virtud de la ley New York o puestas en libertad hace al menos una d\u00e9cada, lo que sea posterior, pueden beneficiarse de una nueva ley. En base a la nueva ley que entr\u00f3 en vigor el 7 de octubre de 2017, muchas de esas condenas o encarcelamientos pueden sellarse. El impacto de la legislaci\u00f3n reci\u00e9n promulgada es ayudar a las personas con un pasado criminal a demostrar que se han rehabilitado, d\u00e1ndoles la oportunidad de empezar de nuevo.<\/p>\n\t\t\t<a href=\"https:\/\/www.brill-legal.com\/es\/nuestros-servicios\/defensa-penal\/ocultar-condenas-anteriores-de-los-antecedentes-penales-en-nueva-york\/\" target=\"_self\">\n\t\t\t\t\t\t\tM\u00e1s informaci\u00f3n\n\t\t\t\t\t<\/a>\n\t\t<h4>Excelente servicio. Brill Legal fue un soplo de aire fresco y Peter es un genio. No s\u00f3lo es meticuloso y pr\u00e1ctico, sino que hace el trabajo r\u00e1pido, especialmente cuando hay plazos de entrega cortos. Recomiendo encarecidamente a Peter y al personal de Brill.<\/h4>\t\t\t\n\t\t\t\t<p>- T.H.<\/p>\n<h3>\n\t\t\tSuffolk County Abogado DWI\t<\/h3>\n\t<p>En el Brill Legal Group, nuestro abogado de defensa DWI ha ayudado a decenas de personas a evitar sanciones severas y preservar sus privilegios de conducir. \u00bfEs facil? No, pero se puede hacer. Con oficinas en Hempstead, <a href=\"https:\/\/www.brill-legal.com\/es\/nuestros-servicios\/defensa-penal\/abogado-de-defensa-criminal-en-manhattan\/\">Manhattan<\/a>, Hauppauge y en los Hamptons, ejercemos en tribunales estatales y federales de Suffolk County, Nassau County, Condado de Queens, Condado de Kings, Condado del Bronx y Condado de New York, asistimos a clientes que han sido acusados de:<\/p>\n<ul>\n<li><strong>DWI (DUI) y DWAI<\/strong>\u00a0- Defensa penal y DMV por conducir ebrio, incluyendo DWI agravado o negativa al alcohol\u00edmetro.<\/li>\n<li><strong>Posesi\u00f3n o venta de drogas<\/strong><\/li>\n<li><strong>Fraude de medicamentos con receta<\/strong>\u00a0- Representaci\u00f3n de m\u00e9dicos, farmac\u00e9uticos o particulares<\/li>\n<\/ul>","protected":false},"excerpt":{"rendered":"<p>NYC Abogados Defensores La defensa penal es todo lo que hacemos, y somos muy buenos en ello. Todos los d\u00edas en Long Island y en los cinco distritos de New York City, las personas son encerradas por delitos que no cometieron o condenados en exceso por sus malas decisiones. \u00bfSer\u00e1s t\u00fa el pr\u00f3ximo? En el Brill Legal Group, estamos aqu\u00ed...<\/p>","protected":false},"author":1,"featured_media":6361,"parent":96,"menu_order":0,"comment_status":"closed","ping_status":"closed","template":"","meta":{"_acf_changed":false,"episode_type":"","audio_file":"","cover_image":"","cover_image_id":"","duration":"","filesize":"","date_recorded":"","explicit":"","block":"","itunes_episode_number":"","itunes_title":"","itunes_season_number":"","itunes_episode_type":"","filesize_raw":"","footnotes":""},"class_list":["post-75","page","type-page","status-publish","has-post-thumbnail","hentry"],"acf":[],"_links":{"self":[{"href":"https:\/\/www.brill-legal.com\/es\/wp-json\/wp\/v2\/pages\/75","targetHints":{"allow":["GET"]}}],"collection":[{"href":"https:\/\/www.brill-legal.com\/es\/wp-json\/wp\/v2\/pages"}],"about":[{"href":"https:\/\/www.brill-legal.com\/es\/wp-json\/wp\/v2\/types\/page"}],"author":[{"embeddable":true,"href":"https:\/\/www.brill-legal.com\/es\/wp-json\/wp\/v2\/users\/1"}],"replies":[{"embeddable":true,"href":"https:\/\/www.brill-legal.com\/es\/wp-json\/wp\/v2\/comments?post=75"}],"version-history":[{"count":29,"href":"https:\/\/www.brill-legal.com\/es\/wp-json\/wp\/v2\/pages\/75\/revisions"}],"predecessor-version":[{"id":7354,"href":"https:\/\/www.brill-legal.com\/es\/wp-json\/wp\/v2\/pages\/75\/revisions\/7354"}],"up":[{"embeddable":true,"href":"https:\/\/www.brill-legal.com\/es\/wp-json\/wp\/v2\/pages\/96"}],"wp:featuredmedia":[{"embeddable":true,"href":"https:\/\/www.brill-legal.com\/es\/wp-json\/wp\/v2\/media\/6361"}],"wp:attachment":[{"href":"https:\/\/www.brill-legal.com\/es\/wp-json\/wp\/v2\/media?parent=75"}],"curies":[{"name":"wp","href":"https:\/\/api.w.org\/{rel}","templated":true}]}}