{"id":7433,"date":"2026-04-06T23:21:52","date_gmt":"2026-04-06T23:21:52","guid":{"rendered":"https:\/\/www.brill-legal.com\/?page_id=7433"},"modified":"2026-04-06T23:21:53","modified_gmt":"2026-04-06T23:21:53","slug":"articulo-440-abogado-defensor","status":"publish","type":"page","link":"https:\/\/www.brill-legal.com\/es\/nuestros-servicios\/defensa-penal\/articulo-440-abogado-defensor\/","title":{"rendered":"New York Abogado defensor de la moci\u00f3n del art\u00edculo 440"},"content":{"rendered":"<p>Uno de los momentos m\u00e1s duros a los que se enfrentan los New York es o\u00edr el veredicto de culpabilidad de un tribunal en una causa penal. Es a\u00fan m\u00e1s duro cuando no entiendes c\u00f3mo se lleg\u00f3 a ese veredicto, o c\u00f3mo fue posible. \u00bfQu\u00e9 ocurri\u00f3 entre bastidores? \u00bfRecogi\u00f3 mal las pruebas la polic\u00eda? \u00bfOcultaron los fiscales informaci\u00f3n importante? \u00bfSe equivoc\u00f3 su propio abogado?&nbsp;<\/p>\n\n\n\n<p>Despu\u00e9s de una condena o sentencia, tiene opciones, pero debe actuar con rapidez. Una moci\u00f3n del Art\u00edculo 440 le permite impugnar una condena y sentencia en el New York. En <a href=\"https:\/\/www.brill-legal.com\/es\/nuestros-servicios\/defensa-penal\/\">experimentado abogado de defensa criminal New York<\/a> puede ayudarle a entender este proceso y representar diligentemente sus derechos legales.<\/p>\n\n\n\n<h2 class=\"wp-block-heading\">\u00bfQu\u00e9 es una moci\u00f3n del art\u00edculo 440?\u00a0<\/h2>\n\n\n\n<p>Una moci\u00f3n del art\u00edculo 440 recibe su nombre de <a href=\"https:\/\/www.nysenate.gov\/legislation\/laws\/CPL\/A440\" target=\"_blank\" rel=\"noreferrer noopener\">Art\u00edculo 440 de la Ley de Enjuiciamiento Criminal (LEC) New York<\/a>, que establece recursos posteriores a la sentencia que permiten a una persona condenada o sentenciada en un caso penal presentar una moci\u00f3n ante el tribunal de primera instancia, y no ante un tribunal de apelaci\u00f3n, para que se anule la sentencia (<a href=\"https:\/\/www.nysenate.gov\/legislation\/laws\/CPL\/440.10\" target=\"_blank\" rel=\"noreferrer noopener\">CPL \u00a7440.10<\/a>) o la anulaci\u00f3n de la sentencia (<a href=\"https:\/\/www.nysenate.gov\/legislation\/laws\/CPL\/440.20\" target=\"_blank\" rel=\"noreferrer noopener\">CPL \u00a7440.20<\/a>).<\/p>\n\n\n\n<p>El art\u00edculo 440.10 de la Ley de Enjuiciamiento Criminal (LPC) del New York establece que \u2018en cualquier momento despu\u00e9s de dictarse una sentencia, el tribunal que la dict\u00f3 puede, a petici\u00f3n del acusado, anular dicha sentencia por cumplirse\u2019 una de varias condiciones legales espec\u00edficas (por ejemplo, falta de jurisdicci\u00f3n, fraude, pruebas falsas o violaci\u00f3n constitucional).<\/p>\n\n\n\n<ul class=\"wp-block-list\">\n<li><strong>Jurisdicci\u00f3n. <\/strong>El tribunal no ten\u00eda jurisdicci\u00f3n ni sobre el caso ni sobre el demandado.<\/li>\n\n\n\n<li><strong>Coacci\u00f3n, tergiversaci\u00f3n o fraude. <\/strong>La sentencia se dict\u00f3 mediante \u201ccoacci\u00f3n, tergiversaci\u00f3n o fraude\u201d por parte del tribunal o de alguien que actuaba en nombre del tribunal o de un fiscal.<\/li>\n\n\n\n<li><strong>Pruebas falsas conocidas. <\/strong>Las pruebas presentadas en el juicio que afectaron a la sentencia eran falsas y el fiscal o el tribunal lo sab\u00edan antes de dictar sentencia.<\/li>\n\n\n\n<li><strong>Violaci\u00f3n de derechos. <\/strong>Pruebas presentadas en el juicio que demuestren que la sentencia se dict\u00f3 violando los derechos constitucionales estatales o federales del demandado. Un tribunal tambi\u00e9n puede anular una sentencia mediante una moci\u00f3n 440 si la propia sentencia se dict\u00f3 violando los derechos estatales o constitucionales del demandado.&nbsp;<\/li>\n\n\n\n<li><strong>Competencia. <\/strong>El acusado no pod\u00eda entender o participar en el proceso debido a una \u201cenfermedad o defecto mental\u201d.\u201d&nbsp;<\/li>\n\n\n\n<li><strong>Conducta impropia y perjudicial. <\/strong>\u201cLa \u201dconducta impropia y perjudicial\" se produjo durante el juicio, pero no est\u00e1 presente en el acta oficial del juicio - pero si lo estuviera, requerir\u00eda que el tribunal revocara su sentencia en apelaci\u00f3n.&nbsp;<\/li>\n\n\n\n<li><strong>Nuevas pruebas. <\/strong>Las nuevas pruebas est\u00e1n sujetas a varios l\u00edmites. Deben ser pruebas que la defensa no hubiera podido obtener antes del juicio. La nueva prueba debe hacer probable que el resultado del juicio hubiera sido mejor para el acusado si la prueba hubiera estado disponible en el juicio. Las normas relativas a las nuevas pruebas incluyen las pruebas de ADN.&nbsp;<\/li>\n\n\n\n<li><strong>Sentencias en determinados casos. <\/strong>Acusados que fueron v\u00edctimas de tr\u00e1fico sexual, condenados por delitos menores de clase A o no clasificados, y que enfrentan consecuencias potenciales de inmigraci\u00f3n como resultado de una declaraci\u00f3n de culpabilidad o condena. Estas normas pueden ser complejas; hable con un abogado para obtener m\u00e1s informaci\u00f3n.&nbsp;<\/li>\n\n\n\n<li><strong>La sentencia es improcedente. <\/strong>La secci\u00f3n 440.20 de los estatutos penales del New York permite a un tribunal aceptar una moci\u00f3n para anular una sentencia penal. Una sentencia puede ser anulada si es \u201cno autorizada, impuesta ilegalmente o de otro modo inv\u00e1lida como cuesti\u00f3n de derecho.\u201d&nbsp;<\/li>\n<\/ul>\n\n\n\n<p>Anular una sentencia no cambia el hecho de una condena. Una condena permanece en su expediente en la mayor\u00eda de los casos, lo que conlleva importantes consecuencias legales, econ\u00f3micas y personales.&nbsp;<\/p>\n\n\n\n<p>Los tribunales est\u00e1n limitados en cuanto a las mociones del art\u00edculo 440 que pueden aceptar. La ley New York exige que un tribunal deniegue una moci\u00f3n en virtud del art\u00edculo 440 cuando las cuestiones planteadas ya hayan sido resueltas en cuanto al fondo en una apelaci\u00f3n anterior, a menos que desde el momento en que se resolvi\u00f3 la apelaci\u00f3n se haya producido un cambio con efecto retroactivo en la ley aplicable (<a href=\"https:\/\/www.nysenate.gov\/legislation\/laws\/CPL\/440.10#:~:text=a%20judgment%20when%3A-,(a),-The%20ground%20or\" target=\"_blank\" rel=\"noreferrer noopener\">CPL \u00a7 440.10(2)(a)<\/a>).<\/p>\n\n\n\n<p>Los tribunales tambi\u00e9n pueden denegar una moci\u00f3n del art\u00edculo 440 en algunas situaciones. Es importante hablar con un <a href=\"https:\/\/www.brill-legal.com\/es\/oficina-de-east-hampton-ny\/abogados-que-intervienen-en-todos-los-tribunales-de-justicia-de-los-pueblos-del-condado-de-suffolk\/\">Suffolk County abogado penalista<\/a> con experiencia en la tramitaci\u00f3n de mociones del art\u00edculo 440.\u00a0<\/p>\n\n\n\n<h2 class=\"wp-block-heading\">Diferencias entre una petici\u00f3n basada en el art\u00edculo 440 y un recurso de casaci\u00f3n<\/h2>\n\n\n\n<p>Tanto la moci\u00f3n del art\u00edculo 440 como la apelaci\u00f3n solicitan la reconsideraci\u00f3n del caso y la revisi\u00f3n del resultado. Sin embargo, la moci\u00f3n y la apelaci\u00f3n funcionan de forma distinta y tienen objetivos diferentes.<\/p>\n\n\n\n<p>La petici\u00f3n en virtud del art\u00edculo 440 se presenta ante el tribunal de primera instancia. La moci\u00f3n puede presentarse \u201cen cualquier momento\u201d, aunque la mayor\u00eda de las veces se presenta despu\u00e9s de una apelaci\u00f3n. La moci\u00f3n pide al tribunal que reconsidere su propio caso, a menudo con la adici\u00f3n de informaci\u00f3n que no estaba disponible en el momento del juicio, y que llegue a una nueva conclusi\u00f3n basada en la informaci\u00f3n a\u00f1adida.&nbsp;<\/p>\n\n\n\n<p>En <a href=\"https:\/\/www.brill-legal.com\/es\/nuestros-servicios\/defensa-penal\/recursos-penales-2\/\">recurso<\/a> se presenta ante un tribunal de apelaci\u00f3n. Se trata de un nuevo tribunal, con un nuevo conjunto de jueces y sus propias normas para conocer de una apelaci\u00f3n. En los casos penales federales, la notificaci\u00f3n de apelaci\u00f3n del acusado debe presentarse en un plazo de 14 d\u00edas a partir de la fecha de la sentencia (Regla 4(b)(1)(A) del FRAP). El Gobierno dispone de 30 d\u00edas para presentarla. En los asuntos civiles federales, una parte dispone generalmente de 30 d\u00edas para presentar una notificaci\u00f3n de apelaci\u00f3n (28 U.S.C. \u00a7 2107). Los plazos de los tribunales estatales pueden variar; por ejemplo, Massachusetts concede 30 d\u00edas en los casos penales. Verifique siempre la jurisdicci\u00f3n aplicable y el tipo de caso.<\/p>\n\n\n\n<p>Tanto la petici\u00f3n en virtud del art\u00edculo 440 como la apelaci\u00f3n desempe\u00f1an un papel importante para garantizar que el sistema de justicia penal llegue a resultados correctos en todos los casos. Sin estas herramientas, muchos New York podr\u00edan enfrentarse a condenas err\u00f3neas o a penas indebidas. Estos resultados injustos pueden tener consecuencias para toda la vida.&nbsp;<\/p>\n\n\n\n<h2 class=\"wp-block-heading\">\u00bfQu\u00e9 significa anular una sentencia?<\/h2>\n\n\n\n<p>Una sentencia anulada no es id\u00e9ntica a una absoluci\u00f3n. M\u00e1s bien, devuelve el caso a su estado anterior a la sentencia. Devuelve al acusado a la condici\u00f3n de \u201cinocente hasta que se demuestre lo contrario\u201d.\u201d&nbsp;<\/p>\n\n\n\n<p>Despu\u00e9s de conceder una moci\u00f3n del art\u00edculo 440, un tribunal debe anular la sentencia. Tambi\u00e9n debe desestimar la acusaci\u00f3n, ordenar un nuevo juicio o \u201cadoptar cualquier otra medida que resulte apropiada dadas las circunstancias\u201d. Sin embargo, se aplican algunas excepciones si la moci\u00f3n 440 implica nuevas pruebas o afecta a una v\u00edctima de trata.&nbsp;<\/p>\n\n\n\n<p>Ganar una moci\u00f3n del art\u00edculo 440 afectar\u00e1 a su caso. Sin embargo, es importante entender el impacto que la moci\u00f3n tendr\u00e1 en su situaci\u00f3n espec\u00edfica. En <a href=\"https:\/\/www.brill-legal.com\/es\/nuestros-servicios\/defensa-penal\/abogado-de-defensa-criminal-en-manhattan\/\">experimentado abogado de defensa criminal de Manhattan<\/a> puede ayudarle a resolver estos detalles.\u00a0<\/p>\n\n\n\n<h2 class=\"wp-block-heading\">\u00bfCu\u00e1ndo debo presentar una petici\u00f3n en virtud del art\u00edculo 440?<\/h2>\n\n\n\n<p>El art\u00edculo 440 establece que se puede presentar una moci\u00f3n \u201cen cualquier momento\u201d despu\u00e9s de que se dicte sentencia en una causa penal. La ley no establece un l\u00edmite de tiempo, como lo hace para la presentaci\u00f3n de una notificaci\u00f3n de apelaci\u00f3n.&nbsp;<\/p>\n\n\n\n<p>A menudo, la mejor opci\u00f3n es presentar una moci\u00f3n del Art\u00edculo 440 tan pronto como sea posible una vez que tenga conocimiento de una posible manera de impugnar y anular su condena. La mayor\u00eda de los tribunales esperan que la petici\u00f3n se presente dentro de un plazo \u201crazonable\u201d despu\u00e9s de que finalice el caso penal. Lo que es \u201crazonable\u201d depende de los hechos de su caso - pero moverse r\u00e1pidamente ayuda a asegurar que sus acciones parezcan \u201crazonables.\u201d&nbsp;<\/p>\n\n\n\n<p>Algunas peticiones al amparo del art\u00edculo 440 simplemente no pueden presentarse hasta a\u00f1os o incluso d\u00e9cadas despu\u00e9s del juicio. Por ejemplo, algunas personas que presentan peticiones en virtud del art\u00edculo 440 basadas en nuevas pruebas de ADN lo hacen porque no se dispon\u00eda de pruebas de ADN cuando fueron condenadas. Es posible que los testigos, las cintas de v\u00eddeo y otras pruebas no salgan a la luz hasta a\u00f1os despu\u00e9s de que concluya un juicio penal. Un abogado puede ayudarle a explicar a un tribunal que un largo retraso es \u201crazonable\u201d cuando las pruebas simplemente no estaban disponibles, aunque hayan pasado a\u00f1os. Sin embargo, lo mejor es ponerse en contacto con un abogado lo antes posible. Su abogado puede ayudarle a garantizar que las nuevas pruebas se conserven con prontitud, maximizando sus posibilidades de corregir el resultado de su caso.&nbsp;<\/p>\n\n\n\n<h2 class=\"wp-block-heading\">Hable con un experimentado New York 440 Motion Defense Lawyer hoy en el Brill Legal Group<\/h2>\n\n\n\n<p>Muchas cosas pueden salir mal en un juicio penal. Algunos errores son aut\u00e9nticos fallos; otros son intentos deliberados de la polic\u00eda o los fiscales de ganar por medios indebidos. Independientemente del origen del problema, usted tiene opciones para impugnar una condena injusta o una sentencia indebida. Una de esas opciones es una petici\u00f3n en virtud del art\u00edculo 440.&nbsp;<\/p>\n\n\n\n<p>P\u00f3ngase en contacto hoy mismo con un abogado experto en defensa de mociones del art\u00edculo 440 del New York. El <a href=\"https:\/\/www.brill-legal.com\/es\/\">experimentados abogados de apelaciones penales New York en el Brill Legal Group<\/a> lo har\u00e1:<\/p>\n\n\n\n<ul class=\"wp-block-list\">\n<li>Presente la documentaci\u00f3n necesaria para preservar su derecho a presentar una moci\u00f3n 440 o a interponer un recurso.<\/li>\n\n\n\n<li>Examine minuciosamente las transcripciones, grabaciones y otros registros de su caso para identificar errores.\u00a0<\/li>\n\n\n\n<li>Realice la investigaci\u00f3n y elabore los argumentos necesarios para garantizar el mejor resultado posible en su situaci\u00f3n.\u00a0<\/li>\n\n\n\n<li>Preservar su derecho a seguir adelante con el proceso de apelaci\u00f3n si su moci\u00f3n 440 fracasa.\u00a0<\/li>\n\n\n\n<li>Proteger sus derechos legales y luchar por usted en cada etapa.<\/li>\n<\/ul>\n\n\n\n<p>Para obtener m\u00e1s informaci\u00f3n, p\u00f3ngase en contacto con nuestra oficina hoy mismo. Utilice nuestra herramienta de chat en l\u00ednea, o ll\u00e1menos al <strong><a href=\"tel:1-212-233-4141\">(212) 233-4141<\/a><\/strong> para programar una consulta con un experimentado New York Art\u00edculo 440 moci\u00f3n y abogado de defensa criminal.<\/p>","protected":false},"excerpt":{"rendered":"<p>Uno de los momentos m\u00e1s duros a los que se enfrentan los New York es o\u00edr el veredicto de culpabilidad de un tribunal en una causa penal. Es a\u00fan m\u00e1s duro cuando no entiendes c\u00f3mo se lleg\u00f3 a ese veredicto, o c\u00f3mo fue posible. \u00bfQu\u00e9 ocurri\u00f3 entre bastidores? \u00bfRecogi\u00f3 mal la polic\u00eda las pruebas? \u00bfLos fiscales ocultaron...<\/p>","protected":false},"author":1,"featured_media":4930,"parent":75,"menu_order":0,"comment_status":"closed","ping_status":"closed","template":"","meta":{"_acf_changed":false,"episode_type":"","audio_file":"","cover_image":"","cover_image_id":"","duration":"","filesize":"","date_recorded":"","explicit":"","block":"","itunes_episode_number":"","itunes_title":"","itunes_season_number":"","itunes_episode_type":"","filesize_raw":"","footnotes":""},"class_list":["post-7433","page","type-page","status-publish","has-post-thumbnail","hentry"],"acf":[],"_links":{"self":[{"href":"https:\/\/www.brill-legal.com\/es\/wp-json\/wp\/v2\/pages\/7433","targetHints":{"allow":["GET"]}}],"collection":[{"href":"https:\/\/www.brill-legal.com\/es\/wp-json\/wp\/v2\/pages"}],"about":[{"href":"https:\/\/www.brill-legal.com\/es\/wp-json\/wp\/v2\/types\/page"}],"author":[{"embeddable":true,"href":"https:\/\/www.brill-legal.com\/es\/wp-json\/wp\/v2\/users\/1"}],"replies":[{"embeddable":true,"href":"https:\/\/www.brill-legal.com\/es\/wp-json\/wp\/v2\/comments?post=7433"}],"version-history":[{"count":2,"href":"https:\/\/www.brill-legal.com\/es\/wp-json\/wp\/v2\/pages\/7433\/revisions"}],"predecessor-version":[{"id":7435,"href":"https:\/\/www.brill-legal.com\/es\/wp-json\/wp\/v2\/pages\/7433\/revisions\/7435"}],"up":[{"embeddable":true,"href":"https:\/\/www.brill-legal.com\/es\/wp-json\/wp\/v2\/pages\/75"}],"wp:featuredmedia":[{"embeddable":true,"href":"https:\/\/www.brill-legal.com\/es\/wp-json\/wp\/v2\/media\/4930"}],"wp:attachment":[{"href":"https:\/\/www.brill-legal.com\/es\/wp-json\/wp\/v2\/media?parent=7433"}],"curies":[{"name":"wp","href":"https:\/\/api.w.org\/{rel}","templated":true}]}}