{"id":7425,"date":"2026-04-06T23:04:14","date_gmt":"2026-04-06T23:04:14","guid":{"rendered":"https:\/\/www.brill-legal.com\/?page_id=7425"},"modified":"2026-04-06T23:06:34","modified_gmt":"2026-04-06T23:06:34","slug":"violacion-frente-a-agresion-sexual","status":"publish","type":"page","link":"https:\/\/www.brill-legal.com\/es\/nuestros-servicios\/defensa-penal\/delitos-sexuales\/violacion-frente-a-agresion-sexual\/","title":{"rendered":"\u00bfQu\u00e9 dice la ley New York sobre la violaci\u00f3n frente a la agresi\u00f3n sexual?"},"content":{"rendered":"<h2 class=\"wp-block-heading\"><em>Ser acusado no significa ser culpable. El Brill Legal Group luchar\u00e1 por su reputaci\u00f3n, su libertad y su futuro.&nbsp;<\/em><\/h2>\n\n\n\n<p>Lo que est\u00e1 en juego no podr\u00eda ser mayor. Un <a href=\"https:\/\/www.brill-legal.com\/es\/nuestros-servicios\/defensa-penal\/delitos-sexuales\/agresion-sexual\/\">acusaci\u00f3n de violaci\u00f3n o agresi\u00f3n sexual<\/a> puede acarrearle d\u00e9cadas de c\u00e1rcel, una inscripci\u00f3n de por vida en una lista de delincuentes sexuales y da\u00f1os permanentes en sus relaciones personales y profesionales.\u00a0<\/p>\n\n\n\n<p>New York leyes se encuentran entre las m\u00e1s duras de la naci\u00f3n sobre <a href=\"https:\/\/www.brill-legal.com\/es\/nuestros-servicios\/defensa-penal\/delitos-sexuales\/\">delitos sexuales<\/a>. Incluso una acusaci\u00f3n no probada puede dar lugar a detenci\u00f3n, condiciones de fianza o prisi\u00f3n preventiva, \u00f3rdenes de protecci\u00f3n que le impidan el contacto con familiares o colegas, atenci\u00f3n medi\u00e1tica no deseada y estigmatizaci\u00f3n p\u00fablica.&nbsp;<\/p>\n\n\n\n<p>Necesita asesoramiento jur\u00eddico experimentado de inmediato para nivelar el terreno de juego. Hable con el equipo de <a href=\"https:\/\/www.brill-legal.com\/es\/\">Brill Legal Group<\/a> en busca de ayuda.&nbsp;<\/p>\n\n\n\n<h2 class=\"wp-block-heading\">Por qu\u00e9 nunca debe enfrentarse solo a estos cargos<\/h2>\n\n\n\n<p>La mayor\u00eda de las personas acusadas de un delito entran en el caso en desventaja. En el momento en que se le acusa, la polic\u00eda y los fiscales empiezan a construir un caso contra usted. Sin embargo, es posible que usted no conozca la acusaci\u00f3n hasta que sea detenido o acusado. Los investigadores tienen una ventaja en la construcci\u00f3n de su teor\u00eda de la culpabilidad - si esa teor\u00eda se basa o no en hechos.&nbsp;<\/p>\n\n\n\n<p>Una vez que se le acusa, cualquier cosa que diga puede y ser\u00e1 utilizada en su contra. Esta norma incluye no solo las declaraciones verbales, sino tambi\u00e9n los mensajes de texto, los correos electr\u00f3nicos y otras comunicaciones escritas.&nbsp;<\/p>\n\n\n\n<p>En muchos casos de violaci\u00f3n y agresi\u00f3n sexual intervienen factores complejos. Puede haber alcohol de por medio, lo que difumina los recuerdos de los presentes en el lugar de los hechos. Pueden surgir historias contradictorias sobre el consentimiento. Con demasiada frecuencia, los sentimientos de arrepentimiento o el deseo de venganza alimentan la decisi\u00f3n de acusar a otra persona de violaci\u00f3n o agresi\u00f3n.&nbsp;<\/p>\n\n\n\n<p>Debido a que la violaci\u00f3n y el asalto sexual juegan un papel exagerado en la imaginaci\u00f3n p\u00fablica, los fiscales tienden a perseguir cargos agresivos incluso cuando la evidencia es d\u00e9bil. La intervenci\u00f3n temprana de un abogado defensor experto puede desafiar la narrativa en desarrollo, identificar evidencia cr\u00edtica para apoyar su versi\u00f3n de los hechos, y proteger sus derechos constitucionales.&nbsp;<\/p>\n\n\n\n<h2 class=\"wp-block-heading\">Comprensi\u00f3n de los cargos por agresi\u00f3n sexual y violaci\u00f3n New York<\/h2>\n\n\n\n<p><a href=\"https:\/\/www.brill-legal.com\/es\/nuestros-servicios\/defensa-penal\/defensa-penal-faq\/cual-es-la-diferencia-entre-violacion-y-agresion-sexual\/\">New York define \u201cviolaci\u00f3n\u201d y \u201cagresi\u00f3n sexual\u201d de forma diferente<\/a>. Adem\u00e1s, estos delitos pueden ser imputados en diversos grados, dependiendo de los hechos del caso.&nbsp;<\/p>\n\n\n\n<h3 class=\"wp-block-heading\">Grados de violaci\u00f3n y posibles penas<\/h3>\n\n\n\n<p><strong>Violaci\u00f3n en primer grado<\/strong>(NY Ley Penal \u00a7 130.35) se produce cuando una persona mantiene contacto sexual vaginal, contacto sexual oral o contacto sexual anal con otra persona: (a) por coacci\u00f3n; (b) cuando la otra persona es incapaz de dar su consentimiento por estar f\u00edsicamente indefensa; (c) cuando la otra persona tiene menos de once a\u00f1os; o (d) cuando la otra persona tiene menos de trece a\u00f1os y el actor tiene dieciocho a\u00f1os o m\u00e1s.<\/p>\n\n\n\n<p><strong>Violaci\u00f3n en segundo grado,<\/strong><strong> <\/strong>seg\u00fan New York Ley Penal \u00a7 130.30, se produce en dos circunstancias principales: (1) cuando una persona de 18 a\u00f1os o m\u00e1s mantiene contactos sexuales vaginales, orales o anales con otra persona menor de 15 a\u00f1os; o (2) cuando una persona de cualquier edad mantiene contactos sexuales vaginales, orales o anales con otra persona incapaz de dar su consentimiento debido a una discapacidad o incapacidad mental.&nbsp;<\/p>\n\n\n\n<p>Es un delito grave de clase D, y existe una defensa afirmativa para la disposici\u00f3n basada en la edad si el acusado era menos de cuatro a\u00f1os mayor que la v\u00edctima. La excepci\u00f3n de los \u2018cuatro a\u00f1os de diferencia de edad\u2019 mencionada en la declaraci\u00f3n original no aparece en la legislaci\u00f3n de New York. En el Estado de New York, la violaci\u00f3n en segundo grado (NY Ley Penal \u00a7 130.30) es un delito violento de clase D, punible con un m\u00ednimo obligatorio de 2 a\u00f1os y un m\u00e1ximo de 7 a\u00f1os de prisi\u00f3n. Tenga en cuenta que las clasificaciones y penas por violaci\u00f3n en segundo grado var\u00edan significativamente de un estado a otro. <sup>&nbsp;<\/sup><\/p>\n\n\n\n<p><strong>Violaci\u00f3n en tercer grado<\/strong><strong> <\/strong>(NY Ley Penal \u00a7 130.25) se produce cuando una persona mantiene contacto sexual vaginal, oral o anal con otra persona incapaz de dar su consentimiento por cualquier motivo que no sea ser menor de 17 a\u00f1os. Tambi\u00e9n puede ocurrir cuando alguien de 21 a\u00f1os o m\u00e1s mantiene contacto sexual vaginal, oral o anal con alguien menor de 17 a\u00f1os. Adem\u00e1s, se produce cuando una persona mantiene dicho contacto sexual con alguien que no consiente, cuando la falta de consentimiento se basa en un factor distinto de la incapacidad de la persona para consentir.<\/p>\n\n\n\n<h3 class=\"wp-block-heading\">\u00bfQu\u00e9 se considera agresi\u00f3n sexual?<\/h3>\n\n\n\n<p>\u201cAgresi\u00f3n sexual\u201d es una categor\u00eda amplia. Abarca no s\u00f3lo la violaci\u00f3n, sino tambi\u00e9n los tocamientos forzados, los abusos sexuales y otros actos sexuales delictivos. Los ejemplos de agresi\u00f3n sexual proscritos por las leyes penales de New York incluyen:<\/p>\n\n\n\n<ul class=\"wp-block-list\">\n<li><strong>Mala conducta sexual, <\/strong>que se produce cuando una persona mantiene relaciones sexuales o contacto sexual oral o anal con otra sin su consentimiento. Tambi\u00e9n incluye actos sexuales con animales y cad\u00e1veres. La conducta sexual inapropiada es un delito menor de clase A.<\/li>\n\n\n\n<li><strong>Actos sexuales delictivos <\/strong>incluyen el contacto sexual oral o anal no consentido. La otra persona puede ser incapaz de consentir, puede ser demasiado joven para consentir legalmente o puede haberse negado a consentir. Al igual que la violaci\u00f3n, los actos sexuales delictivos se clasifican en distintos grados, seg\u00fan las circunstancias, con penas que var\u00edan en funci\u00f3n de la gravedad.<\/li>\n\n\n\n<li><strong>Tocamientos forzados <\/strong>se produce cuando una persona \u201cintencionadamente, y sin ning\u00fan prop\u00f3sito leg\u00edtimo, toca por la fuerza\u201d las partes \u00edntimas de otra persona \u201ccon el prop\u00f3sito de degradar o abusar de dicha persona; o con el prop\u00f3sito de satisfacer el deseo sexual del actor\u201d. Los tocamientos forzados son un delito menor de clase A.<\/li>\n\n\n\n<li><strong>Abusos sexuales <\/strong>consiste en someter a otra persona a contacto sexual sin su consentimiento. Al igual que la violaci\u00f3n y los actos sexuales delictivos, el abuso sexual puede ser acusado en diversos grados. Se puede acusar de \u201cabuso sexual con agravantes\u201d si se producen lesiones f\u00edsicas durante el abuso sexual.<\/li>\n<\/ul>\n\n\n\n<h3 class=\"wp-block-heading\">Registro de delincuentes sexuales<\/h3>\n\n\n\n<p>Las personas condenadas por delitos sexuales en New York est\u00e1n obligadas a inscribirse en el Registro de Delincuentes Sexuales del estado. El registro proporciona informaci\u00f3n sobre las identidades y ubicaciones de los delincuentes sexuales registrados en el estado.&nbsp;<\/p>\n\n\n\n<p>El p\u00fablico puede consultar informaci\u00f3n como la direcci\u00f3n de una persona registrada, la condena o condenas que obligaron a la persona a registrarse, fotograf\u00edas de la persona, la marca, el modelo y el n\u00famero de matr\u00edcula de su veh\u00edculo, y las condiciones de la libertad condicional o vigilada de la persona, en su caso.&nbsp;<\/p>\n\n\n\n<p>El registro de delincuentes sexuales representa un compromiso significativo para la privacidad de una persona registrada. El riesgo de esta p\u00e9rdida de privacidad es s\u00f3lo una de las razones por las que una persona acusada necesita la ayuda de un abogado con experiencia en defensa criminal.&nbsp;<\/p>\n\n\n\n<h3 class=\"wp-block-heading\">Consentimiento en virtud de la Ley New York<\/h3>\n\n\n\n<p>Seg\u00fan la ley New York, los delitos sexuales son actos sexuales \u201ccometidos sin consentimiento de la v\u00edctima\u201d. La falta de consentimiento puede producirse cuando alguien carece de la capacidad de consentir debido a condiciones como la incapacidad mental o la edad. Puede ocurrir cuando alguien es obligado a participar en un acto sexual contra su voluntad. En caso de abuso sexual o tocamientos forzados, la falta de consentimiento se determina en funci\u00f3n de las circunstancias: \u00bfla v\u00edctima \u201cconsinti\u00f3 expresa o t\u00e1citamente la conducta del actor\u201d?<\/p>\n\n\n\n<p>El consentimiento puede ser una cuesti\u00f3n compleja en un caso de violaci\u00f3n o agresi\u00f3n sexual. Lo que se entendi\u00f3 como consentimiento en el momento puede no ser entendido como consentimiento por ambas partes despu\u00e9s de los hechos. El alcohol y otras sustancias pueden difuminar a\u00fan m\u00e1s estas l\u00edneas y producir sentimientos de arrepentimiento una vez que se pasa el \u201csubid\u00f3n\u201d.&nbsp;<\/p>\n\n\n\n<p>Muchos casos de agresi\u00f3n sexual y violaci\u00f3n giran en torno a cuestiones de consentimiento. Por esta raz\u00f3n, es esencial hablar con un abogado de defensa criminal con experiencia tan pronto como sea posible.&nbsp;<\/p>\n\n\n\n<h2 class=\"wp-block-heading\">Escenarios comunes en los que surgen denuncias falsas de violaci\u00f3n y agresi\u00f3n sexual<\/h2>\n\n\n\n<p>Las leyes penales que proh\u00edben la violaci\u00f3n y la agresi\u00f3n sexual se han redactado para situaciones en las que el delito es evidente. En la vida real, sin embargo, muchos de estos casos son complejos. Los escenarios comunes en los que pueden surgir acusaciones injustificadas de violaci\u00f3n o agresi\u00f3n sexual incluyen:<\/p>\n\n\n\n<ul class=\"wp-block-list\">\n<li>Situaciones en las que una o ambas partes estaban ebrias o intoxicadas por sustancias que tomaron voluntariamente.<\/li>\n\n\n\n<li>Encuentros de una noche en los que el arrepentimiento de una de las partes da lugar a disputas sobre el consentimiento.<\/li>\n\n\n\n<li>Reclamaciones surgidas durante rupturas, divorcios u otras situaciones tensas que provoquen ira y deseo de venganza.<\/li>\n\n\n\n<li>Las relaciones de los adolescentes, en las que la inexperiencia para desenvolverse en situaciones con carga sexual y <a href=\"https:\/\/www.brill-legal.com\/es\/nuestros-servicios\/defensa-penal\/defensa-penal-faq\/que-es-el-estupro-en-el-estado-de-nueva-york\/\">preguntas sobre el consentimiento legal<\/a> puede surgir<\/li>\n\n\n\n<li>Acusaciones motivadas por venganza o influencia en disputas por la custodia<\/li>\n\n\n\n<li>Casos en los que las pruebas forenses son incompletas o enga\u00f1osas<\/li>\n<\/ul>\n\n\n\n<p>Hemos visto todos los escenarios, y sabemos c\u00f3mo construir una defensa que se ocupa de los hechos \u00fanicos de su caso.&nbsp;<\/p>\n\n\n\n<h2 class=\"wp-block-heading\">C\u00f3mo Brill Legal Group construye una defensa estrat\u00e9gica<\/h2>\n\n\n\n<p>En el Brill Legal Group, sabemos: el <a href=\"https:\/\/www.brill-legal.com\/es\/nuestros-servicios\/defensa-penal\/delitos-sexuales\/violacion-violacion-en-cita\/\">consecuencias de una violaci\u00f3n<\/a> o denuncia de agresi\u00f3n sexual son graves. Nuestro enfoque met\u00f3dico toma en serio estas acusaciones a medida que llegamos a los hechos.&nbsp;<\/p>\n\n\n\n<p>Cuando aceptamos un caso de violaci\u00f3n o agresi\u00f3n sexual:<\/p>\n\n\n\n<ul class=\"wp-block-list\">\n<li><strong>Intervenimos pronto. <\/strong>Siempre que es posible, colaboramos con los investigadores antes de que se presenten cargos penales. Impugnamos las \u00f3rdenes de registro y la recogida de pruebas. Para evitar un espect\u00e1culo de arresto p\u00fablico, organizamos una entrega tranquila y privada si es necesario.&nbsp;<\/li>\n\n\n\n<li><strong>Investigamos a fondo. <\/strong>Interrogamos inmediatamente a los testigos. Actuamos con rapidez para obtener registros electr\u00f3nicos, como mensajes de texto, redes sociales y registros de GPS. Consultamos a expertos forenses para analizar el ADN y las pruebas toxicol\u00f3gicas.&nbsp;<\/li>\n\n\n\n<li><strong>Negociamos estrat\u00e9gicamente. <\/strong>Cuando las pruebas son enga\u00f1osas o insuficientes para apoyar un cargo, luchamos para que los cargos sean reducidos o desestimados. Cuando una disposici\u00f3n alternativa es apropiada, abogamos por opciones distintas al encarcelamiento.&nbsp;<\/li>\n\n\n\n<li><strong>Luchamos en los tribunales. <\/strong>Cuando llevamos un caso a juicio, abogamos para ganar. Exponemos las incoherencias en los relatos del acusador, cuestionamos los puntos d\u00e9biles en la credibilidad de las pruebas, repreguntamos a los expertos forenses y presentamos explicaciones alternativas o defensas de consentimiento.&nbsp;<\/li>\n<\/ul>\n\n\n\n<p>No hay dos casos iguales. Adaptamos cada estrategia a sus circunstancias particulares.&nbsp;<\/p>\n\n\n\n<h2 class=\"wp-block-heading\">Las consecuencias de no hacer nada<\/h2>\n\n\n\n<p>Los cargos por agresi\u00f3n sexual pueden ser abrumadores. Para algunas personas, la tentaci\u00f3n de simplemente ignorar los cargos puede ser grande - especialmente cuando usted est\u00e1 seguro de que no hizo nada malo.<\/p>\n\n\n\n<p>No hacer nada, sin embargo, es la peor opci\u00f3n posible frente a acusaciones de agresi\u00f3n sexual. Sin un abogado defensor con experiencia, corre el riesgo de ser condenado por un delito grave que le perseguir\u00e1 para siempre. Puede perder la oportunidad de impugnar las pruebas obtenidas ilegalmente. Podr\u00eda enfrentarse a sentencias m\u00e1ximas sin oportunidades de negociar un resultado m\u00e1s apropiado.&nbsp;<\/p>\n\n\n\n<p>Ahora es el momento de actuar, antes de que la polic\u00eda, los fiscales y los tribunales decidan su destino por usted. Hable hoy mismo con el equipo del Brill Legal Group.&nbsp;<\/p>\n\n\n\n<h2 class=\"wp-block-heading\">\u00bfPor qu\u00e9 elegir el Brill Legal Group?<\/h2>\n\n\n\n<p>Brill Legal Group es uno de <a href=\"https:\/\/www.brill-legal.com\/es\/nuestros-servicios\/defensa-penal\/\">Los bufetes de defensa penal m\u00e1s dedicados de New York<\/a>. Destacamos entre nuestros hom\u00f3logos por nuestra:<\/p>\n\n\n\n<ul class=\"wp-block-list\">\n<li><strong>D\u00e9cadas de experiencia <\/strong>defender a personas acusadas de los delitos sexuales m\u00e1s graves de la ley New York.<\/li>\n\n\n\n<li><strong>Abogados penalistas colegiados <\/strong>con el conocimiento y la experiencia necesarios para entender los cargos a los que se enfrenta y obtener resultados.<\/li>\n\n\n\n<li><strong>Un historial probado <\/strong>compuesto por cientos de resultados exitosos en casos penales.<\/li>\n\n\n\n<li><strong>Disponibilidad 24\/7, <\/strong>para que estemos aqu\u00ed cuando m\u00e1s nos necesite.<\/li>\n\n\n\n<li><strong>Representaci\u00f3n discreta y sin juicios <\/strong>que se centra en su derecho a un juicio justo. Preservamos su dignidad y respeto durante todo el proceso.&nbsp;<\/li>\n\n\n\n<li><strong>Estrategias personalizadas <\/strong>adaptado a los hechos y cargos \u00fanicos a los que se enfrenta.&nbsp;<\/li>\n<\/ul>\n\n\n\n<h2 class=\"wp-block-heading\">Qu\u00e9 hacer si ha sido acusado<\/h2>\n\n\n\n<p>Si te han acusado de violaci\u00f3n o agresi\u00f3n sexual en New York, no esperes. Toma estas medidas inmediatamente.&nbsp;<\/p>\n\n\n\n<ul class=\"wp-block-list\">\n<li>Primero, <strong>no hable con la polic\u00eda sin la presencia de un abogado. <\/strong>Diga s\u00f3lo \u201cMe acojo a mi derecho a guardar silencio y me acojo a mi derecho a un abogado\u201d. A continuaci\u00f3n, espere a que est\u00e9 presente un abogado -y consulte con \u00e9l- antes de seguir hablando.&nbsp;<\/li>\n\n\n\n<li><strong>No te pongas en contacto con el acusador. <\/strong>Puede ser tentador llamar o enviar un mensaje de texto pensando que puedes aclarar las cosas. No lo hagas. Esta acci\u00f3n y todo lo que digas puede y ser\u00e1 utilizado en tu contra.&nbsp;<\/li>\n\n\n\n<li><strong>Preservar todas las pruebas. <\/strong>Textos, publicaciones en redes sociales, mensajes de voz, recibos, fotos y registros de GPS: toda esta informaci\u00f3n puede desempe\u00f1ar un papel crucial en la reconstrucci\u00f3n de hechos clave. Conserva todo lo que pueda ser relevante para tu caso.&nbsp;<\/li>\n\n\n\n<li><strong>No hables del caso. <\/strong>No haga declaraciones a amigos o familiares que puedan utilizarse en su contra.&nbsp;<\/li>\n\n\n\n<li><strong>P\u00f3ngase en contacto con Brill Legal Group inmediatamente. <\/strong>Cuanto antes tenga a un abogado con experiencia de su lado, antes empezar\u00e1 a construir una defensa s\u00f3lida.&nbsp;<\/li>\n<\/ul>\n\n\n\n<h2 class=\"wp-block-heading\">Programe hoy mismo una consulta confidencial en el Brill Legal Group, P.C.<\/h2>\n\n\n\n<p>Cuando surgen acusaciones de violaci\u00f3n o agresi\u00f3n sexual, s\u00f3lo tiene una oportunidad para proteger sus derechos. Cuanto antes tenga un abogado con experiencia de su lado, mejores ser\u00e1n sus posibilidades de un resultado exitoso.&nbsp;<br>P\u00f3ngase en contacto con nosotros hoy mismo para una consulta confidencial y sin compromiso en <strong><a href=\"tel:1-212-233-4141\">(212) 233-4141<\/a><\/strong>.<\/p>","protected":false},"excerpt":{"rendered":"<p>Ser acusado no significa ser culpable. El Brill Legal Group luchar\u00e1 por su reputaci\u00f3n, su libertad y su futuro.  Lo que est\u00e1 en juego no podr\u00eda ser mayor. Una acusaci\u00f3n de violaci\u00f3n o asalto sexual podr\u00eda conducir a d\u00e9cadas de prisi\u00f3n, una vida en una lista de registro de delincuentes sexuales, y el da\u00f1o permanente a sus relaciones personales y profesionales. ...<\/p>","protected":false},"author":1,"featured_media":3757,"parent":104,"menu_order":0,"comment_status":"closed","ping_status":"closed","template":"","meta":{"_acf_changed":false,"episode_type":"","audio_file":"","cover_image":"","cover_image_id":"","duration":"","filesize":"","date_recorded":"","explicit":"","block":"","itunes_episode_number":"","itunes_title":"","itunes_season_number":"","itunes_episode_type":"","filesize_raw":"","footnotes":""},"class_list":["post-7425","page","type-page","status-publish","has-post-thumbnail","hentry"],"acf":[],"_links":{"self":[{"href":"https:\/\/www.brill-legal.com\/es\/wp-json\/wp\/v2\/pages\/7425","targetHints":{"allow":["GET"]}}],"collection":[{"href":"https:\/\/www.brill-legal.com\/es\/wp-json\/wp\/v2\/pages"}],"about":[{"href":"https:\/\/www.brill-legal.com\/es\/wp-json\/wp\/v2\/types\/page"}],"author":[{"embeddable":true,"href":"https:\/\/www.brill-legal.com\/es\/wp-json\/wp\/v2\/users\/1"}],"replies":[{"embeddable":true,"href":"https:\/\/www.brill-legal.com\/es\/wp-json\/wp\/v2\/comments?post=7425"}],"version-history":[{"count":2,"href":"https:\/\/www.brill-legal.com\/es\/wp-json\/wp\/v2\/pages\/7425\/revisions"}],"predecessor-version":[{"id":7427,"href":"https:\/\/www.brill-legal.com\/es\/wp-json\/wp\/v2\/pages\/7425\/revisions\/7427"}],"up":[{"embeddable":true,"href":"https:\/\/www.brill-legal.com\/es\/wp-json\/wp\/v2\/pages\/104"}],"wp:featuredmedia":[{"embeddable":true,"href":"https:\/\/www.brill-legal.com\/es\/wp-json\/wp\/v2\/media\/3757"}],"wp:attachment":[{"href":"https:\/\/www.brill-legal.com\/es\/wp-json\/wp\/v2\/media?parent=7425"}],"curies":[{"name":"wp","href":"https:\/\/api.w.org\/{rel}","templated":true}]}}