{"id":7328,"date":"2025-11-28T21:03:18","date_gmt":"2025-11-28T21:03:18","guid":{"rendered":"https:\/\/www.brill-legal.com\/?page_id=7328"},"modified":"2025-11-28T21:03:20","modified_gmt":"2025-11-28T21:03:20","slug":"abogado-de-defensa-criminal-en-manhattan","status":"publish","type":"page","link":"https:\/\/www.brill-legal.com\/es\/nuestros-servicios\/defensa-penal\/abogado-de-defensa-criminal-en-manhattan\/","title":{"rendered":"Manhattan Abogado de Defensa Criminal"},"content":{"rendered":"<h2 class=\"wp-block-heading\"><em>\u00bfAcusado de un delito? Hable inmediatamente con un equipo legal experimentado<\/em><\/h2>\n\n\n\n<p>Manhattan es una de las zonas m\u00e1s concurridas del mundo. Tambi\u00e9n est\u00e1 lleno de interacciones humanas que pueden ser objeto de escrutinio en una investigaci\u00f3n criminal.&nbsp;<\/p>\n\n\n\n<p><a href=\"https:\/\/www.brill-legal.com\/es\/nuestros-servicios\/defensa-penal\/\">Acusaciones penales<\/a> pueden tener consecuencias para toda la vida. Cada d\u00eda, en todo el New York City, se encierra a personas por delitos que no han cometido o se las condena a penas m\u00e1s severas de lo que su conducta justifica.\u00a0<\/p>\n\n\n\n<p>En el <a href=\"https:\/\/www.brill-legal.com\/es\/\">Brill Legal Group<\/a>, Nos comprometemos a asegurarnos de que nuestros clientes no se encuentren entre ellos. <a href=\"https:\/\/www.brill-legal.com\/es\/abogados\/\">Nuestros abogados<\/a> tienen d\u00e9cadas de experiencia ayudando a la gente a mantenerse fuera de la c\u00e1rcel y evitar penas severas.\u00a0<\/p>\n\n\n\n<h2 class=\"wp-block-heading\">Por qu\u00e9 usted necesita un abogado de defensa criminal de Manhattan\u00a0<\/h2>\n\n\n\n<p>Cuando se entera de que se enfrenta a cargos penales, ya se est\u00e1 poniendo al d\u00eda. La polic\u00eda y los fiscales han elaborado una teor\u00eda de su caso, seg\u00fan la cual usted es culpable de todas las acusaciones que se le imputan. Han empezado a reunir pruebas y a encajarlas en su relato. Tienes que reducir la brecha entre lo que ellos creen y lo que t\u00fa sabes, y tienes que hacerlo r\u00e1pido.&nbsp;<\/p>\n\n\n\n<p><a href=\"https:\/\/www.brill-legal.com\/es\/pongase-en-contacto-con\/\">Contrataci\u00f3n de un abogado penalista<\/a> inmediatamente es uno de los mejores pasos que puede dar. Un abogado con experiencia puede:<\/p>\n\n\n\n<ul class=\"wp-block-list\">\n<li><strong>Investigar la situaci\u00f3n, sin presunci\u00f3n de culpabilidad. <\/strong>Su abogado investigar\u00e1 para garantizar <em>todos<\/em> las pruebas salen a la luz, no s\u00f3lo las piezas que encajan en una narrativa preexistente sobre su culpabilidad.\u00a0<\/li>\n\n\n\n<li><strong>Negociar las consecuencias apropiadas, si las hubiera. <\/strong>Algunas personas enfrentan cargos criminales debido a decisiones que admiten que fueron malas. Su abogado de defensa criminal negociar\u00e1 para asegurar que cualquier consecuencia que usted enfrente se ajuste a los comportamientos por los cuales usted es realmente responsable.\u00a0<\/li>\n\n\n\n<li><strong>Proteja sus libertades y su reputaci\u00f3n. <\/strong>En un caso penal hay mucho en juego. Puede arriesgarse a perder su libertad, su carrera y sus licencias profesionales, su reputaci\u00f3n, su derecho a votar y mucho m\u00e1s. Su abogado luchar\u00e1 para proteger sus libertades y su reputaci\u00f3n en cada paso.\u00a0<\/li>\n\n\n\n<li><strong>Ayudarle a entender y navegar por el proceso para protegerse. <\/strong>El proceso penal puede ser confuso, incluso si ya se ha enfrentado a \u00e9l antes. Su abogado le ayudar\u00e1 a entender cada paso, para que sepa qu\u00e9 hacer para proteger sus derechos legales.\u00a0<\/li>\n<\/ul>\n\n\n\n<p>En el Brill Legal Group, tenemos d\u00e9cadas de experiencia defendiendo a clientes contra cargos criminales. Podemos ayudarle a evitar penas severas, proteger sus derechos legales y preservar su reputaci\u00f3n.&nbsp;<\/p>\n\n\n\n<h2 class=\"wp-block-heading\">\u00bfQu\u00e9 casos llevan los abogados penalistas?<\/h2>\n\n\n\n<p>El Brill Legal Group maneja un <a href=\"https:\/\/www.brill-legal.com\/es\/nuestros-servicios\/\">amplia gama de cargos penales<\/a>, as\u00ed como <a href=\"https:\/\/www.brill-legal.com\/es\/nuestros-servicios\/audiencias-disciplinarias-investigaciones\/\">asuntos administrativos disciplinarios<\/a>. Si desea m\u00e1s informaci\u00f3n sobre c\u00f3mo ayudamos a nuestros clientes, p\u00f3ngase en contacto con nosotros hoy mismo.\u00a0<\/p>\n\n\n\n<h3 class=\"wp-block-heading\">Fraude, robo y delitos de cuello blanco<\/h3>\n\n\n\n<p><a href=\"https:\/\/www.brill-legal.com\/es\/nuestros-servicios\/defensa-penal\/fraude-robo-y-delitos-de-cuello-blanco\/\">Delitos de fraude, robo, malversaci\u00f3n y otros cargos penales de cuello blanco<\/a> contra usted o su empleador requieren asesoramiento jur\u00eddico con experiencia para hacer frente. Nuestros abogados de defensa criminal manejan una gama completa de cargos por delitos menores y mayores.\u00a0<\/p>\n\n\n\n<h3 class=\"wp-block-heading\">Delitos en Internet<\/h3>\n\n\n\n<p>Internet sigue siendo un territorio nuevo y desconocido para el sistema de justicia penal. <a href=\"https:\/\/www.brill-legal.com\/es\/nuestros-servicios\/defensa-penal\/ciberdelincuencia-en-internet\/\">Acusaciones penales relacionadas con el uso de Internet<\/a> puede dar lugar a que la polic\u00eda y los fiscales malinterpreten la informaci\u00f3n de que disponen o no descubran informaci\u00f3n esencial. Tenemos una amplia experiencia en el manejo de estrategias de defensa para una serie de cargos penales relacionados con Internet.\u00a0<\/p>\n\n\n\n<h3 class=\"wp-block-heading\">Violencia dom\u00e9stica<\/h3>\n\n\n\n<p><a href=\"https:\/\/www.brill-legal.com\/es\/nuestros-servicios\/defensa-penal\/violencia-domestica\/abogado-defensor-de-violencia-domestica-en-manhattan\/\">Acusaciones de violencia dom\u00e9stica<\/a> puede resultar dif\u00edcil. Las emociones personales est\u00e1n a flor de piel, y las relaciones y la reputaci\u00f3n est\u00e1n en juego. Usted merece un abogado con experiencia que pueda ayudarle a navegar estas acusaciones. En el Brill Legal Group, tenemos la experiencia que necesita.\u00a0<\/p>\n\n\n\n<h3 class=\"wp-block-heading\">Delitos sexuales<\/h3>\n\n\n\n<p>New York Las leyes sobre violaci\u00f3n y agresi\u00f3n sexual son complejas y cambian constantemente. Porque <a href=\"https:\/\/www.brill-legal.com\/es\/nuestros-servicios\/defensa-penal\/delitos-sexuales\/\">delitos sexuales<\/a> a menudo implican una actividad subyacente que es legal entre adultos que consienten, determinar si se ha producido un delito y su gravedad puede ser un reto. Una defensa agresiva e inteligente es necesaria para proteger su libertad y su reputaci\u00f3n.\u00a0<\/p>\n\n\n\n<h3 class=\"wp-block-heading\">Delitos de drogas<\/h3>\n\n\n\n<p><a href=\"https:\/\/www.brill-legal.com\/es\/nuestros-servicios\/defensa-penal\/delitos-de-drogas\/\">Delitos de drogas<\/a> a menudo exigen tiempo, atenci\u00f3n y an\u00e1lisis y tecnolog\u00edas cient\u00edficas de vanguardia. Nuestro equipo puede proporcionarle la atenci\u00f3n que su caso necesita y merece. Trabajaremos para proteger sus derechos legales y preservar su reputaci\u00f3n.\u00a0<\/p>\n\n\n\n<h3 class=\"wp-block-heading\">Delitos internacionales y federales<\/h3>\n\n\n\n<p>Nuestra experiencia se extiende m\u00e1s all\u00e1 de Manhattan y New York Estado para abarcar los delitos federales tambi\u00e9n. Podemos defenderle contra los cargos presentados en los tribunales federales. Tambi\u00e9n tenemos experiencia en el manejo de <a href=\"https:\/\/www.brill-legal.com\/es\/nuestros-servicios\/defensa-penal\/defensa-penal-internacional-y-transnacional\/\">cargos con vocaci\u00f3n internacional<\/a>, incluidas las que afectan a personas que abandonan Estados Unidos o intentan regresar.\u00a0<\/p>\n\n\n\n<h3 class=\"wp-block-heading\">Cr\u00edmenes Violentos y Cargos por Armas<\/h3>\n\n\n\n<p><a href=\"https:\/\/www.brill-legal.com\/es\/nuestros-servicios\/defensa-penal\/delitos-violentos\/\">Acusaciones de delitos violentos<\/a> se encuentran entre los cargos m\u00e1s graves que un individuo puede enfrentar. En el Brill Legal Group, hemos hecho la defensa de los acusados de delitos violentos una competencia b\u00e1sica. Tenemos una larga experiencia en la defensa de los acusados de delitos violentos, incluyendo <a href=\"https:\/\/www.brill-legal.com\/es\/nuestros-servicios\/defensa-penal\/cargos-por-armas\/\">delitos que impliquen el uso de armas<\/a>.\u00a0<\/p>\n\n\n\n<h3 class=\"wp-block-heading\">DUI\/DWI<\/h3>\n\n\n\n<p>Despu\u00e9s de una parada de tr\u00e1fico de DUI\/DWI, es f\u00e1cil asumir que se enfrenta a un caso \u201cabierto y cerrado\u201d. De hecho, pocos <a href=\"https:\/\/www.brill-legal.com\/es\/nuestros-servicios\/defensa-penal\/dwi\/\">Casos de DUI\/DWI<\/a> son claras. Ni las pruebas de alcoholemia en sangre ni las de aliento son infalibles. Un abogado con experiencia puede ayudarle a encontrar errores o ambig\u00fcedades y utilizarlos a su favor.\u00a0<\/p>\n\n\n\n<h3 class=\"wp-block-heading\">Sellado o cancelaci\u00f3n de condenas anteriores<\/h3>\n\n\n\n<p>En 2017, el New York aprob\u00f3 una ley que permite sellar determinados antecedentes penales. Aquellos con pasados criminales pueden utilizar esta oportunidad para empezar de nuevo. Nuestro experimentado abogado de defensa criminal puede ayudarle a navegar el proceso de <a href=\"https:\/\/www.brill-legal.com\/es\/nuestros-servicios\/defensa-penal\/ocultar-condenas-anteriores-de-los-antecedentes-penales-en-nueva-york\/\">sellado o cancelaci\u00f3n de condenas anteriores<\/a>.\u00a0<\/p>\n\n\n\n<h2 class=\"wp-block-heading\">Preguntas frecuentes<\/h2>\n\n\n\n<h3 class=\"wp-block-heading\">\u00bfCu\u00e1nto cuesta un abogado penalista?<\/h3>\n\n\n\n<p>El coste de la asistencia de un abogado penalista var\u00eda en funci\u00f3n de los cargos a los que se enfrente. Por un simple delito menor, usted puede pagar menos de $2,000; por un delito grave, el costo puede ser significativamente mayor. Un abogado con experiencia discutir\u00e1 los costes con usted antes de que tome la decisi\u00f3n final de contratar a ese abogado.&nbsp;<\/p>\n\n\n\n<p>Al considerar el coste de la defensa penal, es importante pensar a largo plazo. Elegir no contratar a un abogado podr\u00eda costarle a\u00f1os de su vida en encarcelamiento, tiempo y esfuerzo en libertad condicional y otros requisitos, y decenas de miles de d\u00f3lares en multas y restituci\u00f3n. Un abogado penalista con experiencia puede ser la mejor inversi\u00f3n que haga en su futuro.&nbsp;<\/p>\n\n\n\n<h3 class=\"wp-block-heading\">\u00bfQu\u00e9 debo llevar a la consulta con un abogado penalista?<\/h3>\n\n\n\n<p>Cuando hable por primera vez con un abogado penalista, lleve toda la informaci\u00f3n que tenga relacionada con su caso. Esto puede incluir papeleo de la polic\u00eda o de la fiscal\u00eda o historiales m\u00e9dicos.&nbsp;<\/p>\n\n\n\n<p>Tambi\u00e9n es vital que lleve toda la informaci\u00f3n que tenga sobre el caso en s\u00ed. Por ejemplo, si se le acusa de violencia dom\u00e9stica, lleve todos los mensajes de texto, correos electr\u00f3nicos, mensajes de voz, v\u00eddeo o audio que pueda haber grabado antes, durante o inmediatamente despu\u00e9s del incidente. Informaci\u00f3n como la titularidad de la propiedad supuestamente robada tambi\u00e9n puede ayudarle a establecer los hechos.&nbsp;<\/p>\n\n\n\n<p>Si no est\u00e1 seguro de si la informaci\u00f3n se aplica a su caso, ll\u00e9vela consigo. Un abogado puede ayudarle a determinarlo.&nbsp;<\/p>\n\n\n\n<h3 class=\"wp-block-heading\">\u00bfCu\u00e1les son los delitos comunes en NYC?<\/h3>\n\n\n\n<p>Cargos criminales comunes en Manhattan y en todo New York City incluyen:<\/p>\n\n\n\n<ul class=\"wp-block-list\">\n<li><strong>Robo y hurto. <\/strong>El hurto en tiendas, el robo de veh\u00edculos y el robo de servicios entran en esta categor\u00eda. Algunos delitos de cuello blanco, como la malversaci\u00f3n, tambi\u00e9n pueden solaparse con los delitos de hurto o robo.\u00a0<\/li>\n\n\n\n<li><strong>Asalto. <\/strong>La agresi\u00f3n violenta, la violencia dom\u00e9stica y la agresi\u00f3n sexual entran en esta categor\u00eda, que abarca el contacto no deseado y a menudo amenazante entre dos personas. Los cargos por agresi\u00f3n pueden ser desde delitos menores hasta delitos graves.\u00a0<\/li>\n\n\n\n<li><strong>Conducir bajo los efectos del alcohol u otras sustancias (DUI\/DWI). <\/strong>\u201cLa \u201dconducci\u00f3n bajo los efectos del alcohol\u201c y la \u201dconducci\u00f3n bajo los efectos de las drogas\" siguen siendo sucesos comunes en New York y en todo Estados Unidos, a pesar de las leyes y campa\u00f1as de concienciaci\u00f3n p\u00fablica que se han puesto en marcha en los cincuenta estados para hacerles frente. Los cargos pueden acarrear graves consecuencias, as\u00ed como una importante p\u00e9rdida de reputaci\u00f3n o incluso la p\u00e9rdida de algunas credenciales profesionales.\u00a0<\/li>\n\n\n\n<li><strong>Fraude y otros delitos de cuello blanco. <\/strong>Como centro del comercio mundial, Manhattan registra un \u00edndice superior a la media de acusaciones de fraude, malversaci\u00f3n y otros delitos de cuello blanco. Si usted o su empleador se enfrenta a acusaciones, es importante contar con una representaci\u00f3n legal s\u00f3lida.\u00a0<\/li>\n<\/ul>\n\n\n\n<p>En <a href=\"https:\/\/www.brill-legal.com\/es\/oficina-de-manhattan\/\">experimentados abogados de defensa criminal de Manhattan en el Brill Legal Group<\/a> puede ayudarle a plantear una defensa fuerte y seria contra estos y cualquier otro cargo que pueda enfrentar. Si est\u00e1 enfrentando acciones disciplinarias que podr\u00edan amenazar su licencia profesional o su posici\u00f3n en una organizaci\u00f3n como un colegio o universidad, nuestros abogados pueden ayudarle a proteger sus derechos tambi\u00e9n.\u00a0<\/p>\n\n\n\n<h3 class=\"wp-block-heading\">\u00bfCu\u00e1l es la funci\u00f3n principal de un abogado penalista?&nbsp;<\/h3>\n\n\n\n<p>El trabajo principal de un abogado de defensa criminal es proteger los derechos de una persona acusada para que esa persona reciba un proceso justo.&nbsp;<\/p>\n\n\n\n<p>Para ello, un abogado penalista investigar\u00e1 los cargos contra su cliente. Un abogado proporcionar\u00e1 asesoramiento jur\u00eddico a su cliente y lo representar\u00e1 ante el tribunal. Cuando sea necesario, un abogado con experiencia en defensa penal negociar\u00e1 con los fiscales - o impugnar\u00e1 la narraci\u00f3n de los hechos de la fiscal\u00eda.&nbsp;<\/p>\n\n\n\n<p>En todas las etapas, un abogado de defensa criminal asegura que los derechos constitucionales de su cliente sean respetados y defendidos. Tambi\u00e9n trabajan para lograr los mejores resultados posibles para los clientes.&nbsp;<\/p>\n\n\n\n<h2 class=\"wp-block-heading\">Hable hoy mismo con un abogado con experiencia en defensa penal en Manhattan<\/h2>\n\n\n\n<p>En el Brill Legal Group, no juzgamos a nuestros clientes - les ayudamos. Nuestros abogados son h\u00e1biles negociadores que tambi\u00e9n han llevado cientos de casos a juicio, audiencia o arbitraje en Manhattan y en todo New York City y Long Island. Hemos defendido casos penales dif\u00edciles, as\u00ed como profesionales con licencia, estudiantes y miembros de sindicatos que se enfrentan a audiencias disciplinarias administrativas.&nbsp;<\/p>\n\n\n\n<p>Si se enfrenta a cargos penales u otros cargos disciplinarios en Manhattan, no espere. Hable con el equipo de la Brill Legal Group hoy. Ll\u00e1menos gratis al <a href=\"tel:1-888-315-9841\">888-315-9841<\/a>.<\/p>","protected":false},"excerpt":{"rendered":"<p>\u00bfAcusado de un delito? Hable inmediatamente con un equipo legal experimentado Manhattan es una de las zonas m\u00e1s concurridas del mundo. Tambi\u00e9n est\u00e1 lleno de interacciones humanas que pueden ser objeto de escrutinio en una investigaci\u00f3n criminal.  Los cargos penales pueden tener consecuencias para toda la vida. Todos los d\u00edas en todo New York City, las personas son encerradas por delitos que...<\/p>","protected":false},"author":1,"featured_media":0,"parent":75,"menu_order":0,"comment_status":"closed","ping_status":"closed","template":"","meta":{"_acf_changed":false,"episode_type":"","audio_file":"","cover_image":"","cover_image_id":"","duration":"","filesize":"","date_recorded":"","explicit":"","block":"","itunes_episode_number":"","itunes_title":"","itunes_season_number":"","itunes_episode_type":"","filesize_raw":"","footnotes":""},"class_list":["post-7328","page","type-page","status-publish","hentry"],"acf":[],"_links":{"self":[{"href":"https:\/\/www.brill-legal.com\/es\/wp-json\/wp\/v2\/pages\/7328","targetHints":{"allow":["GET"]}}],"collection":[{"href":"https:\/\/www.brill-legal.com\/es\/wp-json\/wp\/v2\/pages"}],"about":[{"href":"https:\/\/www.brill-legal.com\/es\/wp-json\/wp\/v2\/types\/page"}],"author":[{"embeddable":true,"href":"https:\/\/www.brill-legal.com\/es\/wp-json\/wp\/v2\/users\/1"}],"replies":[{"embeddable":true,"href":"https:\/\/www.brill-legal.com\/es\/wp-json\/wp\/v2\/comments?post=7328"}],"version-history":[{"count":2,"href":"https:\/\/www.brill-legal.com\/es\/wp-json\/wp\/v2\/pages\/7328\/revisions"}],"predecessor-version":[{"id":7330,"href":"https:\/\/www.brill-legal.com\/es\/wp-json\/wp\/v2\/pages\/7328\/revisions\/7330"}],"up":[{"embeddable":true,"href":"https:\/\/www.brill-legal.com\/es\/wp-json\/wp\/v2\/pages\/75"}],"wp:attachment":[{"href":"https:\/\/www.brill-legal.com\/es\/wp-json\/wp\/v2\/media?parent=7328"}],"curies":[{"name":"wp","href":"https:\/\/api.w.org\/{rel}","templated":true}]}}