{"id":710,"date":"2015-12-11T10:03:23","date_gmt":"2015-12-11T10:03:23","guid":{"rendered":"http:\/\/host2.adviahost.net\/~brilllegal\/?page_id=710"},"modified":"2015-12-15T01:05:31","modified_gmt":"2015-12-15T01:05:31","slug":"la-reduccion-de-la-duracion-de-las-penas-supone-un-descenso-drastico-de-la-poblacion-reclusa","status":"publish","type":"page","link":"https:\/\/www.brill-legal.com\/es\/medios-de-comunicacion\/la-reduccion-de-la-duracion-de-las-penas-supone-un-descenso-drastico-de-la-poblacion-reclusa\/","title":{"rendered":"La reducci\u00f3n de la duraci\u00f3n de las penas supone un descenso dr\u00e1stico de la poblaci\u00f3n reclusa"},"content":{"rendered":"<p><em>En nombre de Peter Brill<\/em><\/p>\n<p>En su reciente testimonio ante el Grupo de Trabajo Charles Colson sobre Prisiones Federales, Marc Mauer, Director Ejecutivo de The Sentencing Project, afirm\u00f3 que se necesitan dos cosas para reducir la poblaci\u00f3n carcelaria sin precedentes en Estados Unidos: reducir el n\u00famero de personas encarceladas y la duraci\u00f3n de las condenas.<\/p>\n<p>Mauer argument\u00f3 que la reducci\u00f3n del l\u00edmite superior de las condenas federales a un m\u00e1ximo de 20 a\u00f1os, salvo cuando circunstancias excepcionales exijan una condena m\u00e1s larga, se traducir\u00eda en un descenso sustancial del n\u00famero de personas encarceladas, la eliminaci\u00f3n de los costes asociados a las largas penas de prisi\u00f3n, un \"equilibrio m\u00e1s adecuado de las inversiones en seguridad p\u00fablica\" y una reducci\u00f3n de las \"condenas excesivas, incluso en los niveles m\u00e1s bajos de gravedad de los delitos\".<\/p>\n<p><strong>Crecimiento del sistema penitenciario atribuible a las largas condenas<\/strong><\/p>\n<p>El sistema penitenciario federal funciona a un 40% por encima de su capacidad. En la actualidad hay aproximadamente 220.000 personas encarceladas en el sistema penitenciario federal, frente a las 22.000 de 1980. Este crecimiento se ha visto impulsado tanto por el n\u00famero de personas condenadas -muchas por delitos relacionados con las drogas- como por la duraci\u00f3n de sus condenas. De hecho, entre 1998 y 2010, m\u00e1s del 50% del crecimiento de la poblaci\u00f3n reclusa se atribuy\u00f3 a la duraci\u00f3n de las condenas.<\/p>\n<p><strong>La pol\u00edtica estadounidense de imposici\u00f3n de penas no est\u00e1 a la altura de otras democracias modernas<\/strong><\/p>\n<p>La pol\u00edtica de condenas de Estados Unidos es m\u00e1s punitiva que la de otras democracias modernas. Una de cada nueve personas cumple cadena perpetua, muchas de las cuales lo hacen sin posibilidad de libertad condicional. Aproximadamente 45 leyes federales tienen como pena m\u00ednima obligatoria la cadena perpetua, y se calcula que el 42% de las personas que recibieron una cadena perpetua lo hicieron por un delito para el que la cadena perpetua era la pena m\u00ednima permitida.<\/p>\n<p><strong>La pol\u00edtica de condenas de EE.UU. ejerce una \"presi\u00f3n al alza\"<\/strong><\/p>\n<p>El problema de la cadena perpetua es que infla todo el sistema de sentencias. Dado que los delitos son proporcionales, la sentencia est\u00e1 relacionada con la gravedad del delito. Esto significa que un aumento en el n\u00famero y los tipos de delitos para los que se impone la cadena perpetua provocar\u00e1 necesariamente un aumento de las penas para delitos menores.<\/p>\n<p><strong>\"Rendimientos decrecientes\" de la duraci\u00f3n de las penas<\/strong><\/p>\n<p>Las condenas de m\u00e1s de 20 a\u00f1os son \"en gran medida contraproducentes y resultan extremadamente costosas\". En primer lugar, la mayor\u00eda de los delincuentes \"envejecen\". Los estudios demuestran que la delincuencia alcanza su punto \u00e1lgido a mediados o finales de la adolescencia y desciende bruscamente al llegar a los 30 y 40 a\u00f1os. Por tanto, cada a\u00f1o es menos probable que el encarcelamiento sea necesario o \u00fatil. En segundo lugar, es un mito que una larga pena de prisi\u00f3n sea buena para la seguridad p\u00fablica. De hecho, una persona liberada de una cadena perpetua tiene menos de un tercio de probabilidades de reincidir en un plazo de tres a\u00f1os que los delincuentes liberados de penas menos largas. En tercer lugar, dado que Medicaid y Medicare no pueden utilizarse para tratar a los presos, los costes de alojamiento y cuidado de una poblaci\u00f3n reclusa que envejece son en gran medida responsabilidad del centro penitenciario. Por \u00faltimo, las condenas largas desv\u00edan fondos y recursos de otros proyectos de seguridad p\u00fablica.<\/p>\n<p><strong>Hable con un abogado penalista<\/strong><\/p>\n<p>Si ha sido acusado de alg\u00fan delito, conf\u00ede su caso al Brill Legal Group. Llame hoy para una consulta gratuita.<\/p>","protected":false},"excerpt":{"rendered":"<p>En nombre de Peter Brill En su reciente testimonio ante el Grupo de Trabajo Charles Colson sobre Prisiones Federales, Marc Mauer, Director Ejecutivo de The Sentencing Project, afirm\u00f3 que se necesitan dos cosas para reducir la poblaci\u00f3n carcelaria sin precedentes en Estados Unidos: reducir el n\u00famero de personas encarceladas y la duraci\u00f3n de las condenas. Mauer argument\u00f3 que reducir la...<\/p>","protected":false},"author":1,"featured_media":0,"parent":537,"menu_order":0,"comment_status":"closed","ping_status":"closed","template":"","meta":{"_acf_changed":false,"episode_type":"","audio_file":"","cover_image":"","cover_image_id":"","duration":"","filesize":"","date_recorded":"","explicit":"","block":"","itunes_episode_number":"","itunes_title":"","itunes_season_number":"","itunes_episode_type":"","filesize_raw":"","footnotes":""},"class_list":["post-710","page","type-page","status-publish","hentry"],"acf":[],"_links":{"self":[{"href":"https:\/\/www.brill-legal.com\/es\/wp-json\/wp\/v2\/pages\/710","targetHints":{"allow":["GET"]}}],"collection":[{"href":"https:\/\/www.brill-legal.com\/es\/wp-json\/wp\/v2\/pages"}],"about":[{"href":"https:\/\/www.brill-legal.com\/es\/wp-json\/wp\/v2\/types\/page"}],"author":[{"embeddable":true,"href":"https:\/\/www.brill-legal.com\/es\/wp-json\/wp\/v2\/users\/1"}],"replies":[{"embeddable":true,"href":"https:\/\/www.brill-legal.com\/es\/wp-json\/wp\/v2\/comments?post=710"}],"version-history":[{"count":2,"href":"https:\/\/www.brill-legal.com\/es\/wp-json\/wp\/v2\/pages\/710\/revisions"}],"predecessor-version":[{"id":1295,"href":"https:\/\/www.brill-legal.com\/es\/wp-json\/wp\/v2\/pages\/710\/revisions\/1295"}],"up":[{"embeddable":true,"href":"https:\/\/www.brill-legal.com\/es\/wp-json\/wp\/v2\/pages\/537"}],"wp:attachment":[{"href":"https:\/\/www.brill-legal.com\/es\/wp-json\/wp\/v2\/media?parent=710"}],"curies":[{"name":"wp","href":"https:\/\/api.w.org\/{rel}","templated":true}]}}