{"id":6933,"date":"2025-11-05T23:02:34","date_gmt":"2025-11-05T23:02:34","guid":{"rendered":"https:\/\/www.brill-legal.com\/?page_id=6933"},"modified":"2025-11-05T23:02:35","modified_gmt":"2025-11-05T23:02:35","slug":"el-bronx-abogado-defensor-de-violencia-domestica","status":"publish","type":"page","link":"https:\/\/www.brill-legal.com\/es\/nuestros-servicios\/defensa-penal\/violencia-domestica\/el-bronx-abogado-defensor-de-violencia-domestica\/","title":{"rendered":"Abogado defensor de violencia dom\u00e9stica del Bronx"},"content":{"rendered":"<p><a href=\"https:\/\/www.brill-legal.com\/es\/nuestros-servicios\/defensa-penal\/abogado-de-defensa-criminal-de-long-island\/abogado-defensor-de-violencia-domestica\/\">Acusaciones de violencia dom\u00e9stica<\/a> pueden poner r\u00e1pidamente su vida patas arriba. Estos casos, a menudo llamados delitos familiares en el New York, implican acusaciones de comportamiento violento o amenazante hacia miembros de la familia o parejas \u00edntimas. En el Bronx, como en el resto del New York, estos cargos pueden abarcar una gama de delitos, incluyendo agresi\u00f3n, acoso, hostigamiento y m\u00e1s.<\/p>\n\n\n\n<p>Nuestro equipo de <a href=\"https:\/\/www.brill-legal.com\/es\/nuestros-servicios\/defensa-penal\/violencia-domestica\/brooklyn-abogado-de-defensa-de-asalto-domestico\/\">Brill Legal Group entiende que los casos de violencia dom\u00e9stica<\/a> son muy emocionales. Ambas partes pueden decir o hacer cosas de las que se arrepienten. Si usted se encuentra acusado de violencia dom\u00e9stica, es crucial tener un abogado defensor bien informado a su lado para navegar por estas complejas aguas legales.<\/p>\n\n\n\n<div class=\"wp-block-rank-math-toc-block\" id=\"rank-math-toc\"><h2>\u00cdndice<\/h2><nav><ul><li><a href=\"#the-impact-of-new-yorks-bail-system-on-domestic-violence-cases\">El impacto del sistema de fianzas de la New York en los casos de violencia dom\u00e9stica<\/a><\/li><li><a href=\"#navigating-orders-of-protection-in-domestic-violence-cases\">\u00d3rdenes de protecci\u00f3n en casos de violencia dom\u00e9stica<\/a><\/li><li><a href=\"#defending-against-domestic-violence-allegations\">Defensa frente a acusaciones de violencia dom\u00e9stica<\/a><\/li><li><a href=\"#plea-agreements-in-domestic-violence-cases\">Acuerdos en casos de violencia dom\u00e9stica<\/a><\/li><li><a href=\"#fa-qs\">Preguntas frecuentes sobre la defensa contra el abuso dom\u00e9stico en el Bronx<\/a><ul><li><a href=\"#what-should-i-do-if-i-am-served-with-an-order-of-protection\">\u00bfQu\u00e9 debo hacer si me notifican una orden de protecci\u00f3n?<\/a><\/li><li><a href=\"#can-a-domestic-violence-charge-be-dropped-if-the-alleged-victim-recants-their-statement\">\u00bfPuede retirarse una acusaci\u00f3n de violencia dom\u00e9stica si la presunta v\u00edctima se retracta de su declaraci\u00f3n?<\/a><\/li><li><a href=\"#what-are-the-potential-penalties-for-a-domestic-violence-conviction-in-the-bronx\">\u00bfCu\u00e1les son las posibles penas por una condena por violencia dom\u00e9stica en el Bronx?<\/a><\/li><\/ul><\/li><li><a href=\"#more-domestic-violence-defense-resources\">M\u00e1s recursos en defensa de la violencia dom\u00e9stica\u00a0<\/a><\/li><\/ul><\/nav><\/div>\n\n\n\n<h2 class=\"wp-block-heading\" id=\"the-impact-of-new-yorks-bail-system-on-domestic-violence-cases\"><strong>El impacto del sistema de fianzas de la New York en los casos de violencia dom\u00e9stica<\/strong><\/h2>\n\n\n\n<p>Una de las primeras preocupaciones de cualquiera <a href=\"https:\/\/www.brill-legal.com\/es\/nuestros-servicios\/defensa-penal\/violencia-domestica\/manhatten-abogado-defensor-de-violencia-domestica\/\">detenido por violencia dom\u00e9stica<\/a> es la posibilidad de pagar una fianza. En 2020, el New York puso en marcha leyes de reforma de la libertad bajo fianza que alteraron significativamente el panorama de la prisi\u00f3n preventiva. Sin embargo, estos cambios pueden no beneficiar a todos por igual, especialmente a quienes se enfrentan a cargos de violencia dom\u00e9stica.<\/p>\n\n\n\n<p>Para la mayor\u00eda de los delitos menores, se elimina la prisi\u00f3n preventiva sin fianza, excepto para los delitos menores relacionados con delitos sexuales o desacato penal relacionado con violencia dom\u00e9stica. Los delitos graves no violentos tambi\u00e9n evitan generalmente la fianza en efectivo, pero las excepciones incluyen el desacato criminal en casos de violencia dom\u00e9stica y ciertos delitos sexuales. Por otro lado, los delitos graves violentos siguen permitiendo tanto la fianza en met\u00e1lico como la prisi\u00f3n preventiva sin fianza.<\/p>\n\n\n\n<p>Los fiscales en el Bronx a menudo solicitan fianza en casos de violencia dom\u00e9stica, presentando al acusado como una amenaza para la denunciante. Los jueces con frecuencia fijan la fianza bas\u00e1ndose en estas afirmaciones. Por lo tanto, es imperativo contar con un abogado defensor con experiencia para asegurar que cualquier fianza que se fije sea justa y que se consideren otras alternativas menos restrictivas bajo las nuevas leyes de reforma de fianzas.<\/p>\n\n\n\n<h2 class=\"wp-block-heading\" id=\"navigating-orders-of-protection-in-domestic-violence-cases\"><strong>\u00d3rdenes de protecci\u00f3n en casos de violencia dom\u00e9stica<\/strong><\/h2>\n\n\n\n<p>Cuando te detienen por <a href=\"https:\/\/www.brill-legal.com\/es\/nuestros-servicios\/defensa-penal\/violencia-domestica\/\">violencia dom\u00e9stica, un tribunal New York<\/a> puede emitir una orden temporal de protecci\u00f3n. Estas \u00f3rdenes est\u00e1n dise\u00f1adas para salvaguardar al testigo denunciante y pueden imponer diversas restricciones al acusado, como mantenerse alejado del domicilio o lugar de trabajo del testigo y abstenerse de cometer cualquier delito familiar.<\/p>\n\n\n\n<p>Las \u00f3rdenes provisionales de protecci\u00f3n pueden alterar considerablemente su vida, oblig\u00e1ndole a buscar una nueva vivienda, dejar su trabajo o limitar el contacto con sus hijos. Los jueces gozan de gran discrecionalidad a la hora de dictar estas \u00f3rdenes, y la fiscal\u00eda suele presionar para que se apliquen.<\/p>\n\n\n\n<p>En Brill Legal Group, entendemos el impacto que estas \u00f3rdenes pueden tener en su vida. Nuestros abogados est\u00e1n bien versados en las leyes que rodean las \u00f3rdenes temporales de protecci\u00f3n y son expertos en la defensa de las restricciones m\u00ednimas. Nuestro objetivo es ayudarle a seguir viviendo su vida, mientras que hacer frente a los retos legales que se avecinan.<\/p>\n\n\n\n<h2 class=\"wp-block-heading\" id=\"defending-against-domestic-violence-allegations\"><strong>Defensa frente a acusaciones de violencia dom\u00e9stica<\/strong><\/h2>\n\n\n\n<p>Los casos de violencia dom\u00e9stica en el Bronx pueden involucrar una variedad de delitos, entre otros:<\/p>\n\n\n\n<ul class=\"wp-block-list\">\n<li><strong>Agresi\u00f3n o intento de agresi\u00f3n<\/strong>: Cualquier contacto f\u00edsico no deseado o intento de causar da\u00f1o f\u00edsico.<\/li>\n\n\n\n<li><strong>Acoso<\/strong>: Seguir o contactar repetidamente con alguien de forma que le cause miedo.<\/li>\n\n\n\n<li><strong>Amenazas e intimidaci\u00f3n<\/strong>: Acciones o palabras destinadas a infundir miedo a la v\u00edctima.<\/li>\n\n\n\n<li><strong>Abusos sexuales<\/strong>: Cualquier acto sexual no consentido.<\/li>\n<\/ul>\n\n\n\n<p>Independientemente de la acusaci\u00f3n concreta, estos casos suelen implicar a miembros de la familia y son muy emotivos. Los testigos pueden admitir m\u00e1s tarde que las acusaciones eran exageradas o falsas, pero una vez que se presenta un caso, s\u00f3lo la fiscal\u00eda puede decidir retirarlo. Nuestro equipo sabe c\u00f3mo exponer prejuicios y falsedades, asegurando que usted reciba un juicio justo.<\/p>\n\n\n\n<h2 class=\"wp-block-heading\" id=\"plea-agreements-in-domestic-violence-cases\"><strong>Acuerdos en casos de violencia dom\u00e9stica<\/strong><\/h2>\n\n\n\n<p>Muchos casos de violencia dom\u00e9stica no van a juicio. En su lugar, el acusado puede optar por declararse culpable a cambio de una sentencia negociada. Esto puede proporcionar seguridad y reducir el riesgo de penas m\u00e1s duras. Sin embargo, declararse culpable es una decisi\u00f3n profundamente personal y no es adecuada para todos los casos.<\/p>\n\n\n\n<p>En Brill Legal Group, nuestros experimentados negociadores trabajan con los fiscales para asegurar acuerdos favorables para nuestros clientes. Nuestro fundador, Peter Brill, es un ex fiscal con m\u00e1s de 20 a\u00f1os de experiencia, lo que nos da una visi\u00f3n \u00fanica de la mentalidad de la fiscal\u00eda. Preparamos informes de mitigaci\u00f3n convincentes para presentar a nuestros clientes como individuos, no s\u00f3lo como acusados, lo que puede conducir a ofertas m\u00e1s justas. Si no se puede llegar a un acuerdo satisfactorio, estamos preparados para llevar su caso a juicio.<\/p>\n\n\n\n<h2 class=\"wp-block-heading\" id=\"fa-qs\"><strong>PREGUNTAS FRECUENTES<\/strong> Acerca de la defensa contra el abuso dom\u00e9stico en el Bronx<\/h2>\n\n\n\n<h3 class=\"wp-block-heading\" id=\"what-should-i-do-if-i-am-served-with-an-order-of-protection\"><strong>\u00bfQu\u00e9 debo hacer si me notifican una orden de protecci\u00f3n?<\/strong><\/h3>\n\n\n\n<p>Si se le notifica una orden de protecci\u00f3n, es crucial que siga estrictamente sus t\u00e9rminos. Violar la orden puede resultar en cargos criminales adicionales. P\u00f3ngase en contacto con un abogado defensor inmediatamente para discutir sus opciones y c\u00f3mo impugnar o modificar la orden.<\/p>\n\n\n\n<h3 class=\"wp-block-heading\" id=\"can-a-domestic-violence-charge-be-dropped-if-the-alleged-victim-recants-their-statement\"><strong>\u00bfPuede retirarse una acusaci\u00f3n de violencia dom\u00e9stica si la presunta v\u00edctima se retracta de su declaraci\u00f3n?<\/strong><\/h3>\n\n\n\n<p>Aunque una retractaci\u00f3n puede afectar al caso, s\u00f3lo la fiscal\u00eda tiene autoridad para retirar los cargos. La retractaci\u00f3n de la presunta v\u00edctima no resulta autom\u00e1ticamente en la desestimaci\u00f3n. Un abogado defensor h\u00e1bil puede utilizar la retractaci\u00f3n como parte de una estrategia de defensa m\u00e1s amplia.<\/p>\n\n\n\n<h3 class=\"wp-block-heading\" id=\"what-are-the-potential-penalties-for-a-domestic-violence-conviction-in-the-bronx\"><strong>\u00bfCu\u00e1les son las posibles penas por una condena por violencia dom\u00e9stica en el Bronx?<\/strong><\/h3>\n\n\n\n<p>Las penas por violencia dom\u00e9stica var\u00edan en funci\u00f3n de la gravedad del cargo. Pueden ir desde multas y libertad condicional hasta largas penas de prisi\u00f3n. Adem\u00e1s, una condena puede dar lugar a antecedentes penales permanentes, lo que afecta a las oportunidades de empleo y a las relaciones personales.<\/p>\n\n\n\n<h2 class=\"wp-block-heading\" id=\"more-domestic-violence-defense-resources\">M\u00e1s recursos en defensa de la violencia dom\u00e9stica&nbsp;<\/h2>\n\n\n\n<ul class=\"wp-block-list\">\n<li><a href=\"https:\/\/www.brill-legal.com\/es\/nuestros-servicios\/defensa-penal\/abogado-de-defensa-criminal-de-long-island\/abogado-defensor-de-violencia-domestica\/\">Abogado defensor de violencia dom\u00e9stica en Long Island<\/a><\/li>\n\n\n\n<li><a href=\"https:\/\/www.brill-legal.com\/es\/nuestros-servicios\/defensa-penal\/violencia-domestica\/\">New York Abogado defensor contra la violencia dom\u00e9stica<\/a><\/li>\n\n\n\n<li><a href=\"https:\/\/www.brill-legal.com\/es\/nuestros-servicios\/defensa-penal\/violencia-domestica\/brooklyn-abogado-de-defensa-de-asalto-domestico\/\">Brooklyn Abogado de Defensa de Agresi\u00f3n Dom\u00e9stica<\/a><\/li>\n\n\n\n<li><a href=\"https:\/\/www.brill-legal.com\/es\/nuestros-servicios\/defensa-penal\/violencia-domestica\/abogado-defensor-de-violencia-domestica-en-manhattan\/\">Abogado defensor de violencia dom\u00e9stica en Manhattan<\/a><\/li>\n\n\n\n<li><a href=\"https:\/\/www.brill-legal.com\/es\/nuestros-servicios\/defensa-penal\/violencia-domestica\/el-bronx-abogado-defensor-de-violencia-domestica\/\">Abogado defensor de violencia dom\u00e9stica del Bronx<\/a><\/li>\n\n\n\n<li><a href=\"https:\/\/www.brill-legal.com\/es\/nuestros-servicios\/defensa-penal\/violencia-domestica\/abogado-defensor-de-violencia-domestica-en-queens\/\">Abogado defensor de violencia dom\u00e9stica en Queens<\/a><\/li>\n\n\n\n<li><a href=\"https:\/\/www.brill-legal.com\/es\/nuestros-servicios\/defensa-penal\/defensa-penal-faq\/me-detendran-automaticamente-si-llaman-a-la-policia-por-violencia-domestica\/\">\u00bfMe detendr\u00e1n autom\u00e1ticamente si llaman a la polic\u00eda por violencia dom\u00e9stica?<\/a><\/li>\n\n\n\n<li><a href=\"https:\/\/www.brill-legal.com\/es\/nuestros-servicios\/defensa-penal\/defensa-penal-faq\/que-tipos-de-delitos-se-consideran-violencia-domestica-en-nueva-york\/\">\u00bfQu\u00e9 tipos de delitos se consideran violencia dom\u00e9stica en New York?<\/a><\/li>\n\n\n\n<li><a href=\"https:\/\/www.brill-legal.com\/es\/nuestros-servicios\/defensa-penal\/defensa-penal-faq\/de-que-tipo-de-casos-de-violencia-domestica-se-ocupa-brill-legal-group\/\">\u00bfQu\u00e9 tipo de casos de violencia dom\u00e9stica tramitar\u00e1 Brill Legal Group?<\/a><\/li>\n\n\n\n<li><a href=\"https:\/\/www.brill-legal.com\/es\/nuestros-servicios\/defensa-penal\/defensa-penal-faq\/que-debo-hacer-si-me-acusan-de-violencia-domestica\/\">\u00bfQu\u00e9 debo hacer si me acusan de violencia dom\u00e9stica?<\/a><\/li>\n\n\n\n<li><a href=\"https:\/\/www.brill-legal.com\/es\/nuestros-servicios\/defensa-penal\/defensa-penal-faq\/que-debo-hacer-si-me-detienen-por-violencia-domestica-en-nueva-york\/\">\u00bfQu\u00e9 debo hacer si me detienen por violencia dom\u00e9stica en New York?<\/a><\/li>\n\n\n\n<li><a href=\"https:\/\/www.brill-legal.com\/es\/nuestros-servicios\/defensa-penal\/defensa-penal-faq\/cual-es-la-diferencia-entre-una-acusacion-de-violencia-domestica-y-la-misma-acusacion-fuera-de-una-relacion-domestica\/\">\u00bfCu\u00e1l es la diferencia entre una acusaci\u00f3n de violencia dom\u00e9stica y la misma acusaci\u00f3n fuera de una relaci\u00f3n dom\u00e9stica?<\/a><\/li>\n\n\n\n<li><a href=\"https:\/\/www.brill-legal.com\/es\/nuestros-servicios\/defensa-penal\/defensa-penal-faq\/que-es-la-violencia-domestica\/\">\u00bfQu\u00e9 es la violencia dom\u00e9stica?<\/a><\/li>\n\n\n\n<li><a href=\"https:\/\/www.brill-legal.com\/es\/nuestros-servicios\/defensa-penal\/defensa-penal-faq\/cuales-son-las-penas-por-delitos-de-violencia-domestica-en-nueva-york\/\">\u00bfCu\u00e1les son las penas por delitos de violencia dom\u00e9stica en New York?<\/a><\/li>\n\n\n\n<li><a href=\"https:\/\/www.brill-legal.com\/es\/nuestros-servicios\/defensa-penal\/defensa-penal-faq\/consecuencias-de-una-condena-por-violencia-domestica\/\">\u00bfQu\u00e9 consecuencias tiene una condena por violencia dom\u00e9stica?<\/a><\/li>\n\n\n\n<li><a href=\"https:\/\/www.brill-legal.com\/es\/nuestros-servicios\/defensa-penal\/defensa-penal-faq\/se-considera-delito-grave-la-violencia-domestica-en-nueva-york\/\">\u00bfEst\u00e1 la violencia dom\u00e9stica tipificada como delito en el New York?<\/a><\/li>\n\n\n\n<li><a href=\"https:\/\/www.brill-legal.com\/es\/nuestros-servicios\/defensa-penal\/defensa-penal-faq\/como-afecta-una-acusacion-de-violencia-domestica-al-regimen-de-visitas-de-mi-hijo\/\">\u00bfC\u00f3mo afecta una acusaci\u00f3n de violencia dom\u00e9stica a las visitas con mi hijo?<\/a><\/li>\n<\/ul>","protected":false},"excerpt":{"rendered":"<p>Los cargos por violencia dom\u00e9stica pueden poner r\u00e1pidamente su vida patas arriba. Estos casos, a menudo llamados delitos familiares en el New York, implican acusaciones de comportamiento violento o amenazante hacia miembros de la familia o parejas \u00edntimas. En el Bronx, como en el resto del New York, estos cargos pueden abarcar una gama de delitos, incluyendo agresi\u00f3n, acoso,...<\/p>","protected":false},"author":1,"featured_media":5638,"parent":289,"menu_order":0,"comment_status":"closed","ping_status":"closed","template":"","meta":{"_acf_changed":false,"episode_type":"","audio_file":"","cover_image":"","cover_image_id":"","duration":"","filesize":"","date_recorded":"","explicit":"","block":"","itunes_episode_number":"","itunes_title":"","itunes_season_number":"","itunes_episode_type":"","filesize_raw":"","footnotes":""},"class_list":["post-6933","page","type-page","status-publish","has-post-thumbnail","hentry"],"acf":[],"_links":{"self":[{"href":"https:\/\/www.brill-legal.com\/es\/wp-json\/wp\/v2\/pages\/6933","targetHints":{"allow":["GET"]}}],"collection":[{"href":"https:\/\/www.brill-legal.com\/es\/wp-json\/wp\/v2\/pages"}],"about":[{"href":"https:\/\/www.brill-legal.com\/es\/wp-json\/wp\/v2\/types\/page"}],"author":[{"embeddable":true,"href":"https:\/\/www.brill-legal.com\/es\/wp-json\/wp\/v2\/users\/1"}],"replies":[{"embeddable":true,"href":"https:\/\/www.brill-legal.com\/es\/wp-json\/wp\/v2\/comments?post=6933"}],"version-history":[{"count":3,"href":"https:\/\/www.brill-legal.com\/es\/wp-json\/wp\/v2\/pages\/6933\/revisions"}],"predecessor-version":[{"id":7325,"href":"https:\/\/www.brill-legal.com\/es\/wp-json\/wp\/v2\/pages\/6933\/revisions\/7325"}],"up":[{"embeddable":true,"href":"https:\/\/www.brill-legal.com\/es\/wp-json\/wp\/v2\/pages\/289"}],"wp:featuredmedia":[{"embeddable":true,"href":"https:\/\/www.brill-legal.com\/es\/wp-json\/wp\/v2\/media\/5638"}],"wp:attachment":[{"href":"https:\/\/www.brill-legal.com\/es\/wp-json\/wp\/v2\/media?parent=6933"}],"curies":[{"name":"wp","href":"https:\/\/api.w.org\/{rel}","templated":true}]}}