{"id":6930,"date":"2025-11-05T23:02:38","date_gmt":"2025-11-05T23:02:38","guid":{"rendered":"https:\/\/www.brill-legal.com\/?page_id=6930"},"modified":"2025-11-05T23:02:40","modified_gmt":"2025-11-05T23:02:40","slug":"abogado-defensor-de-violencia-domestica-en-queens","status":"publish","type":"page","link":"https:\/\/www.brill-legal.com\/es\/nuestros-servicios\/defensa-penal\/violencia-domestica\/abogado-defensor-de-violencia-domestica-en-queens\/","title":{"rendered":"Abogado defensor de violencia dom\u00e9stica en Queens"},"content":{"rendered":"<p>Las denuncias por violencia dom\u00e9stica pueden tener un profundo impacto en su vida, afectando a su libertad personal, a sus relaciones, <a href=\"https:\/\/www.brill-legal.com\/es\/nuestros-servicios\/defensa-penal\/defensa-penal-faq\/como-afecta-una-acusacion-de-violencia-domestica-al-regimen-de-visitas-de-mi-hijo\/\" data-type=\"page\" data-id=\"2813\">custodia de menores<\/a>y su reputaci\u00f3n. En Brill Legal Group, entendemos la gravedad de estos cargos y la confusi\u00f3n emocional que los acompa\u00f1a. Nuestro dedicado equipo de <a href=\"https:\/\/www.brill-legal.com\/es\/\">New York abogados penalistas<\/a> est\u00e1 aqu\u00ed para proporcionarle la defensa fuerte que usted necesita. Tenemos una amplia experiencia en el manejo de todo tipo de casos de violencia dom\u00e9stica en Queens y estamos comprometidos a luchar por sus derechos y su libertad.<\/p>\n\n\n\n<div class=\"wp-block-rank-math-toc-block\" id=\"rank-math-toc\"><h2>\u00cdndice<\/h2><nav><ul><li><a href=\"#understanding-domestic-violence-charges-in-queens\">Entendiendo los cargos por violencia dom\u00e9stica en Queens<\/a><\/li><li><a href=\"#the-importance-of-a-dedicated-domestic-violence-defense-attorney\">La importancia de un abogado dedicado a la defensa contra la violencia dom\u00e9stica<\/a><\/li><li><a href=\"#navigating-orders-of-protection-in-domestic-violence-cases\">\u00d3rdenes de protecci\u00f3n en casos de violencia dom\u00e9stica<\/a><\/li><li><a href=\"#bail-and-pre-trial-release-in-domestic-violence-cases\">Libertad bajo fianza y libertad provisional en casos de violencia dom\u00e9stica<\/a><\/li><li><a href=\"#plea-agreements-and-trial-defense\">Acuerdos y defensa en juicio<\/a><ul><li><a href=\"#fa-qs-about-domestic-violence-defense-in-queens\">Preguntas frecuentes sobre la defensa de la violencia dom\u00e9stica en Queens<\/a><\/li><li><a href=\"#what-should-i-do-if-i-am-served-with-an-order-of-protection\">\u00bfQu\u00e9 debo hacer si me notifican una orden de protecci\u00f3n?<\/a><\/li><li><a href=\"#can-i-still-see-my-children-if-there-is-an-order-of-protection-against-me\">\u00bfPuedo seguir viendo a mis hijos si hay una orden de protecci\u00f3n contra m\u00ed?<\/a><\/li><li><a href=\"#what-are-the-consequences-of-a-domestic-violence-conviction-in-queens\">\u00bfCu\u00e1les son las consecuencias de una condena por violencia dom\u00e9stica en Queens?<\/a><\/li><\/ul><\/li><li><a href=\"#more-domestic-violence-defense-resources\">M\u00e1s recursos en defensa de la violencia dom\u00e9stica\u00a0<\/a><\/li><\/ul><\/nav><\/div>\n\n\n\n<h2 class=\"wp-block-heading\" id=\"understanding-domestic-violence-charges-in-queens\"><strong>Entendiendo los cargos por violencia dom\u00e9stica en Queens<\/strong><\/h2>\n\n\n\n<p>Los cargos de violencia dom\u00e9stica a menudo se basan en la relaci\u00f3n entre las partes involucradas en lugar de la naturaleza espec\u00edfica de la presunta ofensa. En New York, la violencia dom\u00e9stica, abarca una amplia gama de relaciones, incluyendo:<\/p>\n\n\n\n<ul class=\"wp-block-list\">\n<li>Parientes consangu\u00edneos<\/li>\n\n\n\n<li>Personas casadas<\/li>\n\n\n\n<li>Antiguos c\u00f3nyuges<\/li>\n\n\n\n<li>Personas con un hijo en com\u00fan<\/li>\n\n\n\n<li>Parejas \u00edntimas actuales o pasadas<\/li>\n<\/ul>\n\n\n\n<p>Estos cargos pueden surgir de diversas acusaciones, como asalto, acoso, acecho y m\u00e1s. La intensidad emocional en estas situaciones puede conducir a malentendidos y reclamaciones exageradas. Nuestro papel es navegar por estas complejidades y presentar una defensa s\u00f3lida en su nombre.<\/p>\n\n\n\n<p>Una acusaci\u00f3n de violencia dom\u00e9stica tambi\u00e9n puede dar lugar a una orden de protecci\u00f3n contra usted. Estas \u00f3rdenes pueden restringir gravemente sus libertades, por lo que es esencial impugnarlas eficazmente. En Brill Legal Group, sabemos c\u00f3mo abordar estas cuestiones y trabajar para minimizar el impacto en su vida.<\/p>\n\n\n\n<h2 class=\"wp-block-heading\" id=\"the-importance-of-a-dedicated-domestic-violence-defense-attorney\"><strong>La importancia de un abogado dedicado a la defensa contra la violencia dom\u00e9stica<\/strong><\/h2>\n\n\n\n<p>Contar con un experto <a href=\"https:\/\/www.brill-legal.com\/es\/nuestros-servicios\/defensa-penal\/violencia-domestica\/\">abogado defensor de violencia dom\u00e9stica<\/a> es crucial cuando se enfrenta a acusaciones en Queens. El sistema legal puede ser implacable, y las consecuencias de una condena son graves, incluyendo la posibilidad de encarcelamiento, p\u00e9rdida de empleo, y el da\u00f1o a las relaciones personales. Nuestros abogados aprovechan su profundo conocimiento de las leyes y procedimientos de violencia dom\u00e9stica para construir una fuerte estrategia de defensa adaptada a su caso \u00fanico.<\/p>\n\n\n\n<p>Por ejemplo, si las acusaciones se derivan de una discusi\u00f3n acalorada que se intensific\u00f3 o si usted cree que actu\u00f3 en defensa propia, vamos a investigar a fondo las circunstancias y reunir pruebas para apoyar su caso. Nuestro objetivo es exponer cualquier inconsistencia o sesgo en el caso de la fiscal\u00eda y asegurar que su versi\u00f3n de la historia sea escuchada.<\/p>\n\n\n\n<h2 class=\"wp-block-heading\" id=\"navigating-orders-of-protection-in-domestic-violence-cases\"><strong>\u00d3rdenes de protecci\u00f3n en casos de violencia dom\u00e9stica<\/strong><\/h2>\n\n\n\n<p>Cuando alguien es arrestado por violencia dom\u00e9stica en Queens, un tribunal penal puede emitir una orden temporal de protecci\u00f3n. Estas \u00f3rdenes pueden alterar significativamente su vida, a menudo requiriendo que se mantenga alejado de su casa, lugar de trabajo, o incluso de sus hijos. Entender los diferentes tipos de \u00f3rdenes y c\u00f3mo le afectan es crucial:<\/p>\n\n\n\n<ol class=\"wp-block-list\">\n<li><strong>\u00d3rdenes de alejamiento:<\/strong>&nbsp;Estas \u00f3rdenes exigen que mantenga una cierta distancia del domicilio, trabajo o colegio del denunciante.<\/li>\n\n\n\n<li><strong>Abstenerse Actos \u00d3rdenes:<\/strong>&nbsp;Estas \u00f3rdenes le proh\u00edben cometer m\u00e1s delitos familiares o actos que pongan en peligro a los miembros de su familia.<\/li>\n\n\n\n<li><strong>\u00d3rdenes de visita:<\/strong>&nbsp;Estas \u00f3rdenes pueden establecer derechos de visita espec\u00edficos para los progenitores, que afectan a c\u00f3mo y cu\u00e1ndo puede ver a sus hijos.<\/li>\n<\/ol>\n\n\n\n<p>La violaci\u00f3n de una orden de protecci\u00f3n puede dar lugar a cargos adicionales, por lo que es imperativo adherirse a los t\u00e9rminos de la orden y buscar asistencia legal para impugnarla o modificarla. Nuestro <a href=\"https:\/\/www.brill-legal.com\/es\/nuestros-servicios\/defensa-penal\/violencia-domestica\/brooklyn-abogado-de-defensa-de-asalto-domestico\/\">abogados defensores de violencia dom\u00e9stica<\/a> en Brill Legal Group son expertos en negociar con los jueces y presentar argumentos convincentes para minimizar las restricciones impuestas por estas \u00f3rdenes, ayud\u00e1ndole a mantener la mayor normalidad posible durante este dif\u00edcil momento.<\/p>\n\n\n\n<h2 class=\"wp-block-heading\" id=\"bail-and-pre-trial-release-in-domestic-violence-cases\"><strong>Libertad bajo fianza y libertad provisional en casos de violencia dom\u00e9stica<\/strong><\/h2>\n\n\n\n<p>Una de las primeras preocupaciones despu\u00e9s de un arresto por violencia dom\u00e9stica es si usted ser\u00e1 capaz de pagar la fianza y evitar la detenci\u00f3n preventiva. Mantenerse fuera de custodia es crucial para mantener su empleo, sus responsabilidades familiares y participar activamente en su defensa. Sin embargo, las leyes de reforma de la fianza del New York han introducido complejidades que pueden complicar este proceso.<\/p>\n\n\n\n<p>Para los delitos menores, la detenci\u00f3n preventiva sin fianza se ha eliminado en gran medida. Sin embargo, los cargos de violencia dom\u00e9stica a menudo caen dentro de las excepciones donde la fianza en efectivo o la detenci\u00f3n todav\u00eda se permite. Por ejemplo, los cargos de desacato criminal que involucran acusaciones de violencia dom\u00e9stica y ciertos delitos violentos todav\u00eda pueden resultar en el establecimiento de una fianza.<\/p>\n\n\n\n<p>En Brill Legal Group, tenemos un conocimiento profundo de estas leyes de libertad bajo fianza y la discreci\u00f3n de los jueces tienen en el establecimiento de la libertad bajo fianza. Trabajamos diligentemente para abogar por su liberaci\u00f3n mediante la presentaci\u00f3n de alternativas menos restrictivas a la prisi\u00f3n preventiva, como la vigilancia electr\u00f3nica o libertad supervisada. Nuestros abogados se asegurar\u00e1n de que, si la fianza se establece, es justo y refleja sus circunstancias.<\/p>\n\n\n\n<h2 class=\"wp-block-heading\" id=\"plea-agreements-and-trial-defense\"><strong>Acuerdos y defensa en juicio<\/strong><\/h2>\n\n\n\n<p>No todos <a href=\"https:\/\/www.brill-legal.com\/es\/nuestros-servicios\/defensa-penal\/violencia-domestica\/manhatten-abogado-defensor-de-violencia-domestica\/\">casos de violencia dom\u00e9stica<\/a> ir a juicio. A menudo, los casos se resuelven mediante acuerdos en los que el acusado se declara culpable a cambio de una sentencia reducida u otras concesiones. Este enfoque puede proporcionar seguridad y mitigar los riesgos asociados con un juicio. Sin embargo, la decisi\u00f3n de aceptar o no un acuerdo de culpabilidad es una decisi\u00f3n personal que depende de los detalles de su caso y de su nivel de comodidad con los t\u00e9rminos propuestos.<\/p>\n\n\n\n<p>Nuestra <a href=\"https:\/\/www.brill-legal.com\/es\/nuestros-servicios\/defensa-penal\/abogado-de-defensa-criminal-de-long-island\/abogado-defensor-de-violencia-domestica\/\" data-type=\"page\" data-id=\"6456\">abogados de defensa de asalto dom\u00e9stico<\/a> en Brill Legal Group son h\u00e1biles negociadores que pueden asegurar acuerdos de culpabilidad favorables destacando los factores atenuantes y presentando una visi\u00f3n completa de su car\u00e1cter y circunstancias. Si un acuerdo de culpabilidad no es en su mejor inter\u00e9s, estamos totalmente preparados para llevar su caso a juicio. Con una amplia experiencia tanto en la defensa como en la acusaci\u00f3n, entendemos lo que motiva a los fiscales y podemos elaborar una estrategia de defensa convincente.<\/p>\n\n\n\n<h3 class=\"wp-block-heading\" id=\"fa-qs-about-domestic-violence-defense-in-queens\"><strong>Preguntas frecuentes sobre la defensa de la violencia dom\u00e9stica en Queens<\/strong><\/h3>\n\n\n\n<h3 class=\"wp-block-heading\" id=\"what-should-i-do-if-i-am-served-with-an-order-of-protection\"><strong>\u00bfQu\u00e9 debo hacer si me notifican una orden de protecci\u00f3n?<\/strong><\/h3>\n\n\n\n<p>Si se le notifica una orden de protecci\u00f3n, es crucial que cumpla todos sus t\u00e9rminos inmediatamente. Violar la orden puede llevar a cargos criminales adicionales. P\u00f3ngase en contacto con un abogado defensor de violencia dom\u00e9stica de inmediato para discutir sus opciones para impugnar o modificar la orden.<\/p>\n\n\n\n<h3 class=\"wp-block-heading\" id=\"can-i-still-see-my-children-if-there-is-an-order-of-protection-against-me\"><strong>\u00bfPuedo seguir viendo a mis hijos si hay una orden de protecci\u00f3n contra m\u00ed?<\/strong><\/h3>\n\n\n\n<p>Depende de las condiciones espec\u00edficas de la orden. Algunas \u00f3rdenes de protecci\u00f3n incluyen disposiciones sobre visitas supervisadas u otros acuerdos que le permiten mantener el contacto con sus hijos. Un abogado con experiencia puede ayudarle a negociar condiciones que tengan en cuenta sus derechos parentales.<\/p>\n\n\n\n<h3 class=\"wp-block-heading\" id=\"what-are-the-consequences-of-a-domestic-violence-conviction-in-queens\"><strong>\u00bfCu\u00e1les son las consecuencias de una condena por violencia dom\u00e9stica en Queens?<\/strong><\/h3>\n\n\n\n<p>Una condena por violencia dom\u00e9stica puede acarrear graves consecuencias, como penas de c\u00e1rcel, multas, asesoramiento obligatorio y antecedentes penales permanentes. Tambi\u00e9n puede resultar en la p\u00e9rdida de ciertos derechos, como la capacidad de poseer armas de fuego y dificultades para conseguir empleo o vivienda. Una fuerte defensa es esencial para mitigar estos posibles resultados.<\/p>\n\n\n\n<p>En Brill Legal Group, estamos comprometidos a proporcionar representaci\u00f3n legal integral y compasiva para los acusados de violencia dom\u00e9stica. Si usted est\u00e1 enfrentando cargos en Queens, p\u00f3ngase en contacto con nosotros hoy para una consulta gratuita para discutir su caso y explorar sus opciones de defensa.<\/p>\n\n\n\n<h2 class=\"wp-block-heading\" id=\"more-domestic-violence-defense-resources\">M\u00e1s recursos en defensa de la violencia dom\u00e9stica&nbsp;<\/h2>\n\n\n\n<ul class=\"wp-block-list\">\n<li><a href=\"https:\/\/www.brill-legal.com\/es\/nuestros-servicios\/defensa-penal\/abogado-de-defensa-criminal-de-long-island\/abogado-defensor-de-violencia-domestica\/\">Abogado defensor de violencia dom\u00e9stica en Long Island<\/a><\/li>\n\n\n\n<li><a href=\"https:\/\/www.brill-legal.com\/es\/nuestros-servicios\/defensa-penal\/violencia-domestica\/\">New York Abogado defensor contra la violencia dom\u00e9stica<\/a><\/li>\n\n\n\n<li><a href=\"https:\/\/www.brill-legal.com\/es\/nuestros-servicios\/defensa-penal\/violencia-domestica\/brooklyn-abogado-de-defensa-de-asalto-domestico\/\">Brooklyn Abogado de Defensa de Agresi\u00f3n Dom\u00e9stica<\/a><\/li>\n\n\n\n<li><a href=\"https:\/\/www.brill-legal.com\/es\/nuestros-servicios\/defensa-penal\/violencia-domestica\/abogado-defensor-de-violencia-domestica-en-manhattan\/\">Abogado defensor de violencia dom\u00e9stica en Manhattan<\/a><\/li>\n\n\n\n<li><a href=\"https:\/\/www.brill-legal.com\/es\/nuestros-servicios\/defensa-penal\/violencia-domestica\/el-bronx-abogado-defensor-de-violencia-domestica\/\">Abogado defensor de violencia dom\u00e9stica del Bronx<\/a><\/li>\n\n\n\n<li><a href=\"https:\/\/www.brill-legal.com\/es\/nuestros-servicios\/defensa-penal\/violencia-domestica\/abogado-defensor-de-violencia-domestica-en-queens\/\">Abogado defensor de violencia dom\u00e9stica en Queens<\/a><\/li>\n\n\n\n<li><a href=\"https:\/\/www.brill-legal.com\/es\/nuestros-servicios\/defensa-penal\/defensa-penal-faq\/me-detendran-automaticamente-si-llaman-a-la-policia-por-violencia-domestica\/\">\u00bfMe detendr\u00e1n autom\u00e1ticamente si llaman a la polic\u00eda por violencia dom\u00e9stica?<\/a><\/li>\n\n\n\n<li><a href=\"https:\/\/www.brill-legal.com\/es\/nuestros-servicios\/defensa-penal\/defensa-penal-faq\/que-tipos-de-delitos-se-consideran-violencia-domestica-en-nueva-york\/\">\u00bfQu\u00e9 tipos de delitos se consideran violencia dom\u00e9stica en New York?<\/a><\/li>\n\n\n\n<li><a href=\"https:\/\/www.brill-legal.com\/es\/nuestros-servicios\/defensa-penal\/defensa-penal-faq\/de-que-tipo-de-casos-de-violencia-domestica-se-ocupa-brill-legal-group\/\">\u00bfQu\u00e9 tipo de casos de violencia dom\u00e9stica tramitar\u00e1 Brill Legal Group?<\/a><\/li>\n\n\n\n<li><a href=\"https:\/\/www.brill-legal.com\/es\/nuestros-servicios\/defensa-penal\/defensa-penal-faq\/que-debo-hacer-si-me-acusan-de-violencia-domestica\/\">\u00bfQu\u00e9 debo hacer si me acusan de violencia dom\u00e9stica?<\/a><\/li>\n\n\n\n<li><a href=\"https:\/\/www.brill-legal.com\/es\/nuestros-servicios\/defensa-penal\/defensa-penal-faq\/que-debo-hacer-si-me-detienen-por-violencia-domestica-en-nueva-york\/\">\u00bfQu\u00e9 debo hacer si me detienen por violencia dom\u00e9stica en New York?<\/a><\/li>\n\n\n\n<li><a href=\"https:\/\/www.brill-legal.com\/es\/nuestros-servicios\/defensa-penal\/defensa-penal-faq\/cual-es-la-diferencia-entre-una-acusacion-de-violencia-domestica-y-la-misma-acusacion-fuera-de-una-relacion-domestica\/\">\u00bfCu\u00e1l es la diferencia entre una acusaci\u00f3n de violencia dom\u00e9stica y la misma acusaci\u00f3n fuera de una relaci\u00f3n dom\u00e9stica?<\/a><\/li>\n\n\n\n<li><a href=\"https:\/\/www.brill-legal.com\/es\/nuestros-servicios\/defensa-penal\/defensa-penal-faq\/que-es-la-violencia-domestica\/\">\u00bfQu\u00e9 es la violencia dom\u00e9stica?<\/a><\/li>\n\n\n\n<li><a href=\"https:\/\/www.brill-legal.com\/es\/nuestros-servicios\/defensa-penal\/defensa-penal-faq\/cuales-son-las-penas-por-delitos-de-violencia-domestica-en-nueva-york\/\">\u00bfCu\u00e1les son las penas por delitos de violencia dom\u00e9stica en New York?<\/a><\/li>\n\n\n\n<li><a href=\"https:\/\/www.brill-legal.com\/es\/nuestros-servicios\/defensa-penal\/defensa-penal-faq\/consecuencias-de-una-condena-por-violencia-domestica\/\">\u00bfQu\u00e9 consecuencias tiene una condena por violencia dom\u00e9stica?<\/a><\/li>\n\n\n\n<li><a href=\"https:\/\/www.brill-legal.com\/es\/nuestros-servicios\/defensa-penal\/defensa-penal-faq\/se-considera-delito-grave-la-violencia-domestica-en-nueva-york\/\">\u00bfEst\u00e1 la violencia dom\u00e9stica tipificada como delito en el New York?<\/a><\/li>\n\n\n\n<li><a href=\"https:\/\/www.brill-legal.com\/es\/nuestros-servicios\/defensa-penal\/defensa-penal-faq\/como-afecta-una-acusacion-de-violencia-domestica-al-regimen-de-visitas-de-mi-hijo\/\">\u00bfC\u00f3mo afecta una acusaci\u00f3n de violencia dom\u00e9stica a las visitas con mi hijo?<\/a><\/li>\n<\/ul>","protected":false},"excerpt":{"rendered":"<p>Las acusaciones de violencia dom\u00e9stica pueden tener un profundo impacto en su vida, afectando su libertad personal, las relaciones, la custodia de los hijos, y la reputaci\u00f3n. En Brill Legal Group, entendemos la gravedad de estos cargos y la agitaci\u00f3n emocional que los acompa\u00f1a. Nuestro dedicado equipo de abogados de defensa criminal New York est\u00e1 aqu\u00ed para...<\/p>","protected":false},"author":1,"featured_media":6931,"parent":289,"menu_order":0,"comment_status":"closed","ping_status":"closed","template":"","meta":{"_acf_changed":false,"episode_type":"","audio_file":"","cover_image":"","cover_image_id":"","duration":"","filesize":"","date_recorded":"","explicit":"","block":"","itunes_episode_number":"","itunes_title":"","itunes_season_number":"","itunes_episode_type":"","filesize_raw":"","footnotes":""},"class_list":["post-6930","page","type-page","status-publish","has-post-thumbnail","hentry"],"acf":[],"_links":{"self":[{"href":"https:\/\/www.brill-legal.com\/es\/wp-json\/wp\/v2\/pages\/6930","targetHints":{"allow":["GET"]}}],"collection":[{"href":"https:\/\/www.brill-legal.com\/es\/wp-json\/wp\/v2\/pages"}],"about":[{"href":"https:\/\/www.brill-legal.com\/es\/wp-json\/wp\/v2\/types\/page"}],"author":[{"embeddable":true,"href":"https:\/\/www.brill-legal.com\/es\/wp-json\/wp\/v2\/users\/1"}],"replies":[{"embeddable":true,"href":"https:\/\/www.brill-legal.com\/es\/wp-json\/wp\/v2\/comments?post=6930"}],"version-history":[{"count":3,"href":"https:\/\/www.brill-legal.com\/es\/wp-json\/wp\/v2\/pages\/6930\/revisions"}],"predecessor-version":[{"id":7326,"href":"https:\/\/www.brill-legal.com\/es\/wp-json\/wp\/v2\/pages\/6930\/revisions\/7326"}],"up":[{"embeddable":true,"href":"https:\/\/www.brill-legal.com\/es\/wp-json\/wp\/v2\/pages\/289"}],"wp:featuredmedia":[{"embeddable":true,"href":"https:\/\/www.brill-legal.com\/es\/wp-json\/wp\/v2\/media\/6931"}],"wp:attachment":[{"href":"https:\/\/www.brill-legal.com\/es\/wp-json\/wp\/v2\/media?parent=6930"}],"curies":[{"name":"wp","href":"https:\/\/api.w.org\/{rel}","templated":true}]}}