{"id":6927,"date":"2025-11-05T23:02:25","date_gmt":"2025-11-05T23:02:25","guid":{"rendered":"https:\/\/www.brill-legal.com\/?page_id=6927"},"modified":"2025-11-05T23:02:27","modified_gmt":"2025-11-05T23:02:27","slug":"brooklyn-abogado-de-defensa-de-asalto-domestico","status":"publish","type":"page","link":"https:\/\/www.brill-legal.com\/es\/nuestros-servicios\/defensa-penal\/violencia-domestica\/brooklyn-abogado-de-defensa-de-asalto-domestico\/","title":{"rendered":"Brooklyn Abogado de Defensa de Agresi\u00f3n Dom\u00e9stica"},"content":{"rendered":"<p>Frente a <a href=\"https:\/\/www.brill-legal.com\/es\/nuestros-servicios\/defensa-penal\/violencia-domestica\/manhatten-abogado-defensor-de-violencia-domestica\/\" data-type=\"page\" data-id=\"6925\">cargos por violencia dom\u00e9stica<\/a> en Brooklyn puede ser incre\u00edblemente desalentador, pero la comprensi\u00f3n de los entresijos de estos casos puede hacer una diferencia significativa en la forma de manejar su defensa. En Brill Legal Group, estamos comprometidos a proporcionar un servicio completo y experimentado. <a href=\"https:\/\/www.brill-legal.com\/es\/nuestros-servicios\/defensa-penal\/violencia-domestica\/\">representaci\u00f3n jur\u00eddica de los acusados de violencia dom\u00e9stica<\/a>. Esto es lo que debes saber si te encuentras en esta situaci\u00f3n.<\/p>\n\n\n\n<div class=\"wp-block-rank-math-toc-block\" id=\"rank-math-toc\"><h2>\u00cdndice<\/h2><nav><ul><li><a href=\"#understanding-domestic-violence-charges-in-brooklyn\">Entender los cargos de violencia dom\u00e9stica en Brooklyn<\/a><\/li><li><a href=\"#the-role-of-orders-of-protection\">El papel de las \u00f3rdenes de protecci\u00f3n<\/a><ul><li><a href=\"#navigating-new-yorks-bail-system-for-domestic-violence-charges\">Navegar por el sistema de fianzas de New York para cargos de violencia dom\u00e9stica<\/a><\/li><\/ul><\/li><li><a href=\"#plea-agreements-in-domestic-violence-cases\">Acuerdos en casos de violencia dom\u00e9stica<\/a><\/li><li><a href=\"#the-importance-of-choosing-the-right-domestic-violence-defense-attorney\">La importancia de elegir un buen abogado defensor contra la violencia dom\u00e9stica<\/a><ul><li><a href=\"#frequently-asked-questions\">Preguntas frecuentes<\/a><\/li><li><a href=\"#what-should-i-do-if-i-am-served-with-an-order-of-protection\">\u00bfQu\u00e9 debo hacer si me notifican una orden de protecci\u00f3n?<\/a><\/li><li><a href=\"#can-i-fight-a-domestic-violence-charge-if-the-alleged-victim-wants-to-drop-the-case\">\u00bfPuedo luchar contra una acusaci\u00f3n de violencia dom\u00e9stica si la presunta v\u00edctima quiere retirar el caso?<\/a><\/li><li><a href=\"#how-can-a-plea-agreement-benefit-me-in-a-domestic-violence-case\">\u00bfC\u00f3mo puede beneficiarme un acuerdo de culpabilidad en un caso de violencia dom\u00e9stica?<\/a><\/li><\/ul><\/li><li><a href=\"#more-domestic-violence-defense-resources\">M\u00e1s recursos en defensa de la violencia dom\u00e9stica\u00a0<\/a><\/li><\/ul><\/nav><\/div>\n\n\n\n<h2 class=\"wp-block-heading\" id=\"understanding-domestic-violence-charges-in-brooklyn\"><strong>Entender los cargos de violencia dom\u00e9stica en Brooklyn<\/strong><\/h2>\n\n\n\n<p>Los cargos por violencia dom\u00e9stica en Brooklyn abarcan una amplia gama de delitos, todos los cuales son tomados muy en serio por los tribunales. En el New York, un delito de violencia dom\u00e9stica se define sobre la base de la relaci\u00f3n entre la presunta v\u00edctima y el acusado, en lugar de la naturaleza del delito en s\u00ed. Esto incluye relaciones tales como parientes consangu\u00edneos, c\u00f3nyuges, ex c\u00f3nyuges, co-padres y parejas \u00edntimas.<\/p>\n\n\n\n<p><strong>Los cargos comunes en casos de violencia dom\u00e9stica incluyen:<\/strong><\/p>\n\n\n\n<ul class=\"wp-block-list\">\n<li>Agresi\u00f3n o intento de agresi\u00f3n<\/li>\n\n\n\n<li>Acoso<\/li>\n\n\n\n<li>Acoso<\/li>\n\n\n\n<li>Coacci\u00f3n<\/li>\n\n\n\n<li>Imprudencia temeraria<\/li>\n\n\n\n<li>Estrangulaci\u00f3n<\/li>\n\n\n\n<li>Amenaza<\/li>\n\n\n\n<li>Tocamientos forzados<\/li>\n\n\n\n<li>Abusos sexuales<\/li>\n<\/ul>\n\n\n\n<p>Estos cargos pueden llevar a penas severas, incluyendo encarcelamiento, multas, e impactos duraderos en su vida personal y profesional. Es crucial contar con un abogado defensor cualificado que pueda navegar por estas cuestiones complejas y abogar en su nombre.<\/p>\n\n\n\n<h2 class=\"wp-block-heading\" id=\"the-role-of-orders-of-protection\"><strong>El papel de las \u00f3rdenes de protecci\u00f3n<\/strong><\/h2>\n\n\n\n<p>Cuando alguien es acusado de violencia dom\u00e9stica en Brooklyn, un tribunal puede emitir una orden de protecci\u00f3n. Estas \u00f3rdenes est\u00e1n dise\u00f1adas para limitar el contacto entre el acusado y la presunta v\u00edctima y pueden incluir varios requisitos tales como:<\/p>\n\n\n\n<ul class=\"wp-block-list\">\n<li>Alejarse del domicilio, la escuela o el lugar de trabajo de la presunta v\u00edctima.<\/li>\n\n\n\n<li>Abstenerse de cometer delitos familiares<\/li>\n\n\n\n<li>Permitir las visitas supervisadas de los hijos menores<\/li>\n<\/ul>\n\n\n\n<p>Violar una orden de protecci\u00f3n puede resultar en cargos adicionales, por lo que es esencial entender y cumplir con todas las condiciones. Nuestro equipo en Brill Legal Group tiene una amplia experiencia en el manejo de casos relacionados con \u00f3rdenes de protecci\u00f3n, y nos esforzamos por minimizar su impacto en su vida.<\/p>\n\n\n\n<h3 class=\"wp-block-heading\" id=\"navigating-new-yorks-bail-system-for-domestic-violence-charges\"><strong>Navegar por el sistema de fianzas de New York para cargos de violencia dom\u00e9stica<\/strong><\/h3>\n\n\n\n<p>Una de las primeras preocupaciones para muchos que se enfrentan a cargos de violencia dom\u00e9stica es la cuesti\u00f3n de la fianza. Las leyes de reforma de la fianza New York, que entraron en vigor en enero de 2020, han introducido cambios significativos en la forma de gestionar la fianza. Sin embargo, los acusados de violencia dom\u00e9stica todav\u00eda pueden enfrentarse a la detenci\u00f3n preventiva.<\/p>\n\n\n\n<p>Seg\u00fan las nuevas normas, los delitos menores no suelen requerir fianza en met\u00e1lico ni prisi\u00f3n preventiva, salvo en casos concretos de delitos sexuales y desacato. Para delitos graves violentos, tanto la fianza en efectivo y la detenci\u00f3n preventiva siguen siendo opciones. Esto hace que sea esencial contar con un abogado de defensa criminal que pueda abogar por condiciones de fianza justas.<\/p>\n\n\n\n<p>En Brill Legal Group, trabajamos diligentemente para asegurar que nuestros clientes tienen la mejor oportunidad posible de ser liberados bajo fianza, lo que les permite preparar su defensa desde fuera de los confines de la c\u00e1rcel.<\/p>\n\n\n\n<h2 class=\"wp-block-heading\" id=\"plea-agreements-in-domestic-violence-cases\"><strong>Acuerdos en casos de violencia dom\u00e9stica<\/strong><\/h2>\n\n\n\n<p>Aunque muchos casos de violencia dom\u00e9stica no llegan a juicio, un n\u00famero significativo se resuelve mediante acuerdos de culpabilidad. Estos acuerdos implican que el acusado se declara culpable a cambio de una sentencia negociada, proporcionando un nivel de certeza que puede ser atractivo para algunos.<\/p>\n\n\n\n<p>Sin embargo, los acuerdos con la fiscal\u00eda no son adecuados para todo el mundo. La decisi\u00f3n de aceptar un acuerdo es muy personal y depende de las caracter\u00edsticas espec\u00edficas del caso. Nuestro equipo en Brill Legal Group tiene un s\u00f3lido historial de negociaci\u00f3n de acuerdos favorables, pero tambi\u00e9n estamos preparados para llevar los casos a juicio si es necesario.<\/p>\n\n\n\n<p>Nuestro enfoque incluye la creaci\u00f3n de informes de mitigaci\u00f3n convincentes que presentan a nuestros clientes como individuos y no s\u00f3lo como acusados. Esta estrategia personalizada a menudo puede conducir a resultados m\u00e1s favorables.<\/p>\n\n\n\n<h2 class=\"wp-block-heading\" id=\"the-importance-of-choosing-the-right-domestic-violence-defense-attorney\"><strong>La importancia de elegir un buen abogado defensor contra la violencia dom\u00e9stica<\/strong><\/h2>\n\n\n\n<p>La elecci\u00f3n del abogado defensor adecuado puede hacer toda la diferencia cuando se enfrentan a cargos de violencia dom\u00e9stica. En Brill Legal Group, nuestros abogados entienden las complejidades emocionales y legales de estos casos. Estamos dedicados a proporcionar una defensa robusta que incluye:<\/p>\n\n\n\n<ul class=\"wp-block-list\">\n<li>Investigaci\u00f3n exhaustiva de las alegaciones<\/li>\n\n\n\n<li>Impugnaci\u00f3n de las pruebas presentadas por la acusaci\u00f3n<\/li>\n\n\n\n<li>Defensa de unas condiciones de libertad bajo fianza justas<\/li>\n\n\n\n<li>Negociaci\u00f3n de acuerdos de culpabilidad cuando proceda<\/li>\n\n\n\n<li>Preparaci\u00f3n del juicio para garantizar el mejor resultado posible<\/li>\n<\/ul>\n\n\n\n<p>Nuestro fundador, Peter Brill, aporta m\u00e1s de 20 a\u00f1os de experiencia tanto en la defensa como en la acusaci\u00f3n, ofreciendo una perspectiva \u00fanica que beneficia a nuestros clientes. Estamos comprometidos a poner todo nuestro conocimiento y habilidad en cada caso, asegurando que nuestros clientes reciban la defensa que se merecen.<\/p>\n\n\n\n<h3 class=\"wp-block-heading\" id=\"frequently-asked-questions\"><strong>Preguntas frecuentes<\/strong><\/h3>\n\n\n\n<h3 class=\"wp-block-heading\" id=\"what-should-i-do-if-i-am-served-with-an-order-of-protection\"><strong>\u00bfQu\u00e9 debo hacer si me notifican una orden de protecci\u00f3n?<\/strong><\/h3>\n\n\n\n<p>Si se le notifica una orden de protecci\u00f3n, es fundamental que cumpla todas las condiciones establecidas en la orden. Violar la orden puede resultar en cargos criminales adicionales. P\u00f3ngase en contacto con un abogado defensor inmediatamente para entender sus derechos y ayudar a minimizar las restricciones impuestas por la orden.<\/p>\n\n\n\n<h3 class=\"wp-block-heading\" id=\"can-i-fight-a-domestic-violence-charge-if-the-alleged-victim-wants-to-drop-the-case\"><strong>\u00bfPuedo luchar contra una acusaci\u00f3n de violencia dom\u00e9stica si la presunta v\u00edctima quiere retirar el caso?<\/strong><\/h3>\n\n\n\n<p>Incluso si la presunta v\u00edctima quiere abandonar el caso, la decisi\u00f3n de continuar o desestimar los cargos corresponde a la fiscal\u00eda. El fiscal puede decidir continuar con el caso bas\u00e1ndose en las pruebas disponibles. Un abogado defensor con experiencia puede trabajar para impugnar las pruebas y abogar por la desestimaci\u00f3n de los cargos.<\/p>\n\n\n\n<h3 class=\"wp-block-heading\" id=\"how-can-a-plea-agreement-benefit-me-in-a-domestic-violence-case\"><strong>\u00bfC\u00f3mo puede beneficiarme un acuerdo de culpabilidad en un caso de violencia dom\u00e9stica?<\/strong><\/h3>\n\n\n\n<p>A <a href=\"https:\/\/www.brill-legal.com\/es\/nuestros-servicios\/defensa-penal\/defensa-penal-faq\/debo-aceptar-un-acuerdo-con-la-fiscalia\/\" data-type=\"page\" data-id=\"1754\">acuerdo de culpabilidad<\/a> puede proporcionarle seguridad al permitirle conocer las penas exactas a las que se enfrentar\u00e1, que pueden ser menos severas que las que podr\u00eda recibir si es condenado en juicio. Tambi\u00e9n puede acelerar la resoluci\u00f3n del caso, permiti\u00e9ndole seguir adelante con su vida. Sin embargo, es importante discutir los posibles beneficios e inconvenientes con su abogado antes de tomar una decisi\u00f3n.<\/p>\n\n\n\n<p>Enfrentar cargos de violencia dom\u00e9stica en Brooklyn es un reto, pero con la representaci\u00f3n legal adecuada, usted puede navegar las complejidades y trabajar hacia un resultado favorable. En Brill Legal Group, estamos aqu\u00ed para proporcionar el apoyo y la defensa que necesita en cada paso del camino.<\/p>\n\n\n\n<h2 class=\"wp-block-heading\" id=\"more-domestic-violence-defense-resources\">M\u00e1s recursos en defensa de la violencia dom\u00e9stica&nbsp;<\/h2>\n\n\n\n<ul class=\"wp-block-list\">\n<li><a href=\"https:\/\/www.brill-legal.com\/es\/nuestros-servicios\/defensa-penal\/abogado-de-defensa-criminal-de-long-island\/abogado-defensor-de-violencia-domestica\/\">Abogado defensor de violencia dom\u00e9stica en Long Island<\/a><\/li>\n\n\n\n<li><a href=\"https:\/\/www.brill-legal.com\/es\/nuestros-servicios\/defensa-penal\/violencia-domestica\/\">New York Abogado defensor contra la violencia dom\u00e9stica<\/a><\/li>\n\n\n\n<li><a href=\"https:\/\/www.brill-legal.com\/es\/nuestros-servicios\/defensa-penal\/violencia-domestica\/brooklyn-abogado-de-defensa-de-asalto-domestico\/\">Brooklyn Abogado de Defensa de Agresi\u00f3n Dom\u00e9stica<\/a><\/li>\n\n\n\n<li><a href=\"https:\/\/www.brill-legal.com\/es\/nuestros-servicios\/defensa-penal\/violencia-domestica\/abogado-defensor-de-violencia-domestica-en-manhattan\/\">Abogado defensor de violencia dom\u00e9stica en Manhattan<\/a><\/li>\n\n\n\n<li><a href=\"https:\/\/www.brill-legal.com\/es\/nuestros-servicios\/defensa-penal\/violencia-domestica\/el-bronx-abogado-defensor-de-violencia-domestica\/\">Abogado defensor de violencia dom\u00e9stica del Bronx<\/a><\/li>\n\n\n\n<li><a href=\"https:\/\/www.brill-legal.com\/es\/nuestros-servicios\/defensa-penal\/violencia-domestica\/abogado-defensor-de-violencia-domestica-en-queens\/\">Abogado defensor de violencia dom\u00e9stica en Queens<\/a><\/li>\n\n\n\n<li><a href=\"https:\/\/www.brill-legal.com\/es\/nuestros-servicios\/defensa-penal\/defensa-penal-faq\/me-detendran-automaticamente-si-llaman-a-la-policia-por-violencia-domestica\/\">\u00bfMe detendr\u00e1n autom\u00e1ticamente si llaman a la polic\u00eda por violencia dom\u00e9stica?<\/a><\/li>\n\n\n\n<li><a href=\"https:\/\/www.brill-legal.com\/es\/nuestros-servicios\/defensa-penal\/defensa-penal-faq\/que-tipos-de-delitos-se-consideran-violencia-domestica-en-nueva-york\/\">\u00bfQu\u00e9 tipos de delitos se consideran violencia dom\u00e9stica en New York?<\/a><\/li>\n\n\n\n<li><a href=\"https:\/\/www.brill-legal.com\/es\/nuestros-servicios\/defensa-penal\/defensa-penal-faq\/de-que-tipo-de-casos-de-violencia-domestica-se-ocupa-brill-legal-group\/\">\u00bfQu\u00e9 tipo de casos de violencia dom\u00e9stica tramitar\u00e1 Brill Legal Group?<\/a><\/li>\n\n\n\n<li><a href=\"https:\/\/www.brill-legal.com\/es\/nuestros-servicios\/defensa-penal\/defensa-penal-faq\/que-debo-hacer-si-me-acusan-de-violencia-domestica\/\">\u00bfQu\u00e9 debo hacer si me acusan de violencia dom\u00e9stica?<\/a><\/li>\n\n\n\n<li><a href=\"https:\/\/www.brill-legal.com\/es\/nuestros-servicios\/defensa-penal\/defensa-penal-faq\/que-debo-hacer-si-me-detienen-por-violencia-domestica-en-nueva-york\/\">\u00bfQu\u00e9 debo hacer si me detienen por violencia dom\u00e9stica en New York?<\/a><\/li>\n\n\n\n<li><a href=\"https:\/\/www.brill-legal.com\/es\/nuestros-servicios\/defensa-penal\/defensa-penal-faq\/cual-es-la-diferencia-entre-una-acusacion-de-violencia-domestica-y-la-misma-acusacion-fuera-de-una-relacion-domestica\/\">\u00bfCu\u00e1l es la diferencia entre una acusaci\u00f3n de violencia dom\u00e9stica y la misma acusaci\u00f3n fuera de una relaci\u00f3n dom\u00e9stica?<\/a><\/li>\n\n\n\n<li><a href=\"https:\/\/www.brill-legal.com\/es\/nuestros-servicios\/defensa-penal\/defensa-penal-faq\/que-es-la-violencia-domestica\/\">\u00bfQu\u00e9 es la violencia dom\u00e9stica?<\/a><\/li>\n\n\n\n<li><a href=\"https:\/\/www.brill-legal.com\/es\/nuestros-servicios\/defensa-penal\/defensa-penal-faq\/cuales-son-las-penas-por-delitos-de-violencia-domestica-en-nueva-york\/\">\u00bfCu\u00e1les son las penas por delitos de violencia dom\u00e9stica en New York?<\/a><\/li>\n\n\n\n<li><a href=\"https:\/\/www.brill-legal.com\/es\/nuestros-servicios\/defensa-penal\/defensa-penal-faq\/consecuencias-de-una-condena-por-violencia-domestica\/\">\u00bfQu\u00e9 consecuencias tiene una condena por violencia dom\u00e9stica?<\/a><\/li>\n\n\n\n<li><a href=\"https:\/\/www.brill-legal.com\/es\/nuestros-servicios\/defensa-penal\/defensa-penal-faq\/se-considera-delito-grave-la-violencia-domestica-en-nueva-york\/\">\u00bfEst\u00e1 la violencia dom\u00e9stica tipificada como delito en el New York?<\/a><\/li>\n\n\n\n<li><a href=\"https:\/\/www.brill-legal.com\/es\/nuestros-servicios\/defensa-penal\/defensa-penal-faq\/como-afecta-una-acusacion-de-violencia-domestica-al-regimen-de-visitas-de-mi-hijo\/\">\u00bfC\u00f3mo afecta una acusaci\u00f3n de violencia dom\u00e9stica a las visitas con mi hijo?<\/a><\/li>\n<\/ul>","protected":false},"excerpt":{"rendered":"<p>Enfrentar cargos de violencia dom\u00e9stica en Brooklyn puede ser incre\u00edblemente desalentador, pero entender los pormenores de estos casos puede hacer una diferencia significativa en c\u00f3mo manejar su defensa. En Brill Legal Group, estamos comprometidos a proporcionar representaci\u00f3n legal completa y experimentada a los acusados de violencia dom\u00e9stica. Esto es lo que necesita...<\/p>","protected":false},"author":1,"featured_media":6928,"parent":289,"menu_order":0,"comment_status":"closed","ping_status":"closed","template":"","meta":{"_acf_changed":false,"episode_type":"","audio_file":"","cover_image":"","cover_image_id":"","duration":"","filesize":"","date_recorded":"","explicit":"","block":"","itunes_episode_number":"","itunes_title":"","itunes_season_number":"","itunes_episode_type":"","filesize_raw":"","footnotes":""},"class_list":["post-6927","page","type-page","status-publish","has-post-thumbnail","hentry"],"acf":[],"_links":{"self":[{"href":"https:\/\/www.brill-legal.com\/es\/wp-json\/wp\/v2\/pages\/6927","targetHints":{"allow":["GET"]}}],"collection":[{"href":"https:\/\/www.brill-legal.com\/es\/wp-json\/wp\/v2\/pages"}],"about":[{"href":"https:\/\/www.brill-legal.com\/es\/wp-json\/wp\/v2\/types\/page"}],"author":[{"embeddable":true,"href":"https:\/\/www.brill-legal.com\/es\/wp-json\/wp\/v2\/users\/1"}],"replies":[{"embeddable":true,"href":"https:\/\/www.brill-legal.com\/es\/wp-json\/wp\/v2\/comments?post=6927"}],"version-history":[{"count":3,"href":"https:\/\/www.brill-legal.com\/es\/wp-json\/wp\/v2\/pages\/6927\/revisions"}],"predecessor-version":[{"id":7323,"href":"https:\/\/www.brill-legal.com\/es\/wp-json\/wp\/v2\/pages\/6927\/revisions\/7323"}],"up":[{"embeddable":true,"href":"https:\/\/www.brill-legal.com\/es\/wp-json\/wp\/v2\/pages\/289"}],"wp:featuredmedia":[{"embeddable":true,"href":"https:\/\/www.brill-legal.com\/es\/wp-json\/wp\/v2\/media\/6928"}],"wp:attachment":[{"href":"https:\/\/www.brill-legal.com\/es\/wp-json\/wp\/v2\/media?parent=6927"}],"curies":[{"name":"wp","href":"https:\/\/api.w.org\/{rel}","templated":true}]}}