{"id":6919,"date":"2025-11-05T22:56:29","date_gmt":"2025-11-05T22:56:29","guid":{"rendered":"https:\/\/www.brill-legal.com\/?page_id=6919"},"modified":"2025-11-05T22:56:31","modified_gmt":"2025-11-05T22:56:31","slug":"abogados-defensores-de-profesores-de-escuelas-publicas-en-practicas","status":"publish","type":"page","link":"https:\/\/www.brill-legal.com\/es\/nuestros-servicios\/audiencias-disciplinarias-investigaciones\/abogado-defensor-del-educador\/abogados-defensores-de-profesores-de-escuelas-publicas-en-practicas\/","title":{"rendered":"Abogados defensores de profesores en pr\u00e1cticas de centros p\u00fablicos"},"content":{"rendered":"<h2 class=\"wp-block-heading\"><em>New York Abogados defensores de profesores en pr\u00e1cticas de la ense\u00f1anza p\u00fablica<\/em><\/h2>\n\n\n\n<p>A los profesores de centros p\u00fablicos de New York se les suele conceder la titularidad tras completar un periodo de prueba de cuatro a\u00f1os, con algunas excepciones. Alrededor del 58% de los 5.200 profesores de centros p\u00fablicos de New York City obtuvieron la titularidad en 2023. Casi el 40% de los docentes vieron retrasada un a\u00f1o su decisi\u00f3n de titularidad.<\/p>\n\n\n\n<p>Los profesores en pr\u00e1cticas de las escuelas p\u00fablicas son profesores no titulares, lo que significa que est\u00e1n clasificados como empleados a voluntad. No tienen los mismos derechos y protecciones laborales que los profesores titulares en New York.<\/p>\n\n\n\n<p>Las autoridades escolares pueden despedir a un profesor no titular por cualquier motivo y en cualquier momento, al margen de las condiciones establecidas en su contrato de trabajo. Adem\u00e1s, el distrito escolar no est\u00e1 obligado a seguir el debido proceso ni a celebrar una audiencia disciplinaria antes de despedir a un profesor en per\u00edodo de prueba. Un distrito escolar puede poner fin a la relaci\u00f3n laboral de un profesor antes de que concluya su periodo de prueba sin necesidad de un proceso de audiencia formal.<\/p>\n\n\n\n<p>Sin embargo, a pesar de carecer de la seguridad laboral que conlleva la titularidad, los profesores en pr\u00e1cticas New York est\u00e1n legalmente protegidos contra el despido por motivos ilegales o en violaci\u00f3n de su contrato de trabajo. Por ejemplo, un distrito escolar no puede despedir a un profesor por motivos discriminatorios basados en su sexo, raza, discapacidad y otras clases legalmente protegidas. Tampoco se les puede denegar la titularidad por motivos ilegales.<\/p>\n\n\n\n<p>En <a href=\"https:\/\/www.brill-legal.com\/es\/\">Brill Legal Group<\/a> ofrece <a href=\"https:\/\/www.brill-legal.com\/es\/nuestros-servicios\/audiencias-disciplinarias-investigaciones\/abogado-defensor-del-educador\/\">defensa de calidad<\/a> para profesores en pr\u00e1cticas de centros p\u00fablicos en New York. <a href=\"https:\/\/www.brill-legal.com\/es\/abogados\/\">Nuestros abogados<\/a> tienen d\u00e9cadas de experiencia protegiendo los derechos de <a href=\"https:\/\/www.brill-legal.com\/es\/nuestros-servicios\/audiencias-disciplinarias-investigaciones\/abogado-defensor-del-educador\/defensa-de-los-profesores-no-titulares\/\">educadores no titulares<\/a> en todo el Estado.<\/p>\n\n\n\n<h3 class=\"wp-block-heading\">Motivos habituales de despido de profesores en pr\u00e1cticas de centros p\u00fablicos<\/h3>\n\n\n\n<p>Cada centro p\u00fablico New York tiene su propia lista de motivos por los que un profesor en pr\u00e1cticas puede ser despedido. Algunos motivos t\u00edpicos de despido de un educador no titular son:<\/p>\n\n\n\n<ul class=\"wp-block-list\">\n<li>Insubordinaci\u00f3n<\/li>\n\n\n\n<li>Conducta inmoral<\/li>\n\n\n\n<li>Incompetencia<\/li>\n\n\n\n<li>Fraude o tergiversaci\u00f3n<\/li>\n\n\n\n<li>Abandono de funciones<\/li>\n\n\n\n<li>Abuso de las normas escolares<\/li>\n<\/ul>\n\n\n\n<h3 class=\"wp-block-heading\">Titularidad de los profesores en pr\u00e1cticas de la ense\u00f1anza p\u00fablica<\/h3>\n\n\n\n<p>New York Los profesores de la ense\u00f1anza p\u00fablica trabajan duro para conseguir la titularidad, que conlleva protecci\u00f3n laboral y otros privilegios. Normalmente obtienen la titularidad tras haber superado cuatro a\u00f1os de prueba y haber sido evaluados por su rendimiento durante ese periodo. Los criterios espec\u00edficos utilizados para la titularidad var\u00edan de un centro p\u00fablico a otro.<\/p>\n\n\n\n<p>El Consejo de Educaci\u00f3n concede la titularidad a un profesor de escuela p\u00fablica en periodo de prueba bas\u00e1ndose en la recomendaci\u00f3n del Superintendente. Por desgracia, a veces las cosas no salen seg\u00fan lo previsto para los profesores que esperan conseguir la titularidad.<\/p>\n\n\n\n<p>Las autoridades escolares pueden decidir despedir a un profesor en pr\u00e1cticas de un centro p\u00fablico antes de que obtenga la titularidad. En tales situaciones, los consejos escolares est\u00e1n obligados a enviar al profesor una notificaci\u00f3n por escrito al menos 30 d\u00edas antes de la fecha efectiva del cese de sus servicios. El profesor tiene derecho a preguntar los motivos del cese, y el distrito escolar debe facilitarle la informaci\u00f3n solicitada.<\/p>\n\n\n\n<p>Enterarse de que le han denegado la titularidad no s\u00f3lo puede ser chocante, sino que tambi\u00e9n puede afectar a su carrera y a su medio de vida. Los profesores en pr\u00e1cticas de las escuelas p\u00fablicas tienen ciertos derechos, entre ellos el de preguntar por qu\u00e9 se les ha denegado la titularidad. Aunque los centros p\u00fablicos pueden interrumpir los servicios de un profesor en pr\u00e1cticas por cualquier motivo y en cualquier momento, no pueden denegarle la titularidad por motivos ilegales.<\/p>\n\n\n\n<p>Por ejemplo, puede que haya habido prejuicios en la evaluaci\u00f3n de su rendimiento laboral por parte de los funcionarios de la escuela. Puede que haya sido objeto de discriminaci\u00f3n durante el periodo de prueba, o que le hayan denegado la titularidad bas\u00e1ndose en criterios vagos.<\/p>\n\n\n\n<p>Si la escuela es incapaz de explicar su decisi\u00f3n con documentaci\u00f3n adecuada o una exposici\u00f3n de motivos espec\u00edfica, es posible que haya algo m\u00e1s en juego. El despido del profesor en pr\u00e1cticas puede haber sido ilegal, arbitrario o un pretexto para encubrir una discriminaci\u00f3n o represalia.<\/p>\n\n\n\n<p>En tales circunstancias, el profesor puede recurrir la decisi\u00f3n o emprender acciones legales contra el consejo escolar. Si sospechas que te est\u00e1n denegando la titularidad por motivos ilegales, <a href=\"https:\/\/www.brill-legal.com\/es\/pongase-en-contacto-con\/\">tender la mano<\/a> a un experimentado New York abogado en pr\u00e1cticas de profesor de escuela p\u00fablica en Brill Legal Group<\/p>\n\n\n\n<h3 class=\"wp-block-heading\">Discriminaci\u00f3n de los profesores en pr\u00e1cticas<\/h3>\n\n\n\n<p>La conducta discriminatoria contra los profesores en pr\u00e1cticas de la ense\u00f1anza p\u00fablica es ilegal. La discriminaci\u00f3n puede manifestarse de distintas formas, desde incidentes sutiles hasta maltratos m\u00e1s evidentes.&nbsp;<\/p>\n\n\n\n<p>La discriminaci\u00f3n puede afectar a una serie de decisiones laborales relacionadas con el trabajo de un profesor de escuela p\u00fablica en pr\u00e1cticas. Algunos ejemplos son la remuneraci\u00f3n, los ascensos, la formaci\u00f3n y los horarios de trabajo. Por ejemplo, un consejo escolar puede denegar la titularidad a una profesora en pr\u00e1cticas bas\u00e1ndose en su probabilidad de quedarse embarazada, o puede que s\u00f3lo ofrezcan formaci\u00f3n a profesores de una determinada raza. Estos son s\u00f3lo algunos ejemplos de las muchas formas en que los profesores en pr\u00e1cticas de las escuelas p\u00fablicas pueden sufrir discriminaci\u00f3n en el trabajo.<\/p>\n\n\n\n<p>El Brill Legal Group tiene experiencia en ayudar a profesores en periodo de prueba a exigir responsabilidades a los consejos escolares por trato discriminatorio. Si se encuentra en una situaci\u00f3n que afecta a sus posibilidades de conseguir la titularidad, p\u00f3ngase en contacto con un abogado de inmediato. Aunque los profesores en pr\u00e1cticas de las escuelas p\u00fablicas no tienen los mismos derechos y privilegios que los profesores titulares, tienen derecho a un entorno de trabajo justo y libre de discriminaci\u00f3n.&nbsp;<\/p>\n\n\n\n<h3 class=\"wp-block-heading\">Incumplimiento de contratos docentes<\/h3>\n\n\n\n<p>El contrato de trabajo de un profesor en pr\u00e1cticas es un acuerdo jur\u00eddicamente vinculante entre el profesor y la escuela p\u00fablica o el distrito escolar. En el contrato se detalla informaci\u00f3n clave como la duraci\u00f3n del empleo, las funciones del profesor, las causas de rescisi\u00f3n del contrato y diversos t\u00e9rminos y condiciones.<\/p>\n\n\n\n<p>Los conflictos pueden surgir cuando se incumple el contrato, como cuando un distrito escolar despide a un profesor por pedir una excedencia aunque no se haya producido ninguna violaci\u00f3n del acuerdo laboral. Cuando un distrito escolar o un consejo escolar incumple un contrato, un profesor en pr\u00e1cticas de una escuela p\u00fablica puede reclamar una indemnizaci\u00f3n por da\u00f1os y perjuicios. En algunas situaciones, el profesor puede recurrir a soluciones no pecuniarias, como la reincorporaci\u00f3n a su puesto.<\/p>\n\n\n\n<p>Los contratos de trabajo tambi\u00e9n pueden ser incumplidos por los propios profesores en pr\u00e1cticas. Muchos distritos escolares exigen a los profesores que avisen antes de dimitir o que permanezcan en el puesto de trabajo hasta el final indicado del contrato. Si un profesor en pr\u00e1cticas de una escuela p\u00fablica abandona su puesto de trabajo sin notific\u00e1rselo a su empleador, puede estar incumpliendo su contrato de ense\u00f1anza.&nbsp;<\/p>\n\n\n\n<p>Los asuntos legales relacionados con los contratos de trabajo pueden complicarse r\u00e1pidamente. Si usted es un maestro de escuela p\u00fablica a prueba en New York que est\u00e1 acusado de incumplir un acuerdo de empleo o luchando con el incumplimiento de una escuela p\u00fablica de su contrato de ense\u00f1anza, Brill Legal Group puede ayudar. Nuestros abogados defensores adoptan un enfoque sensato para proteger los derechos de los profesores en pr\u00e1cticas de la escuela p\u00fablica y le conseguir\u00e1n la compensaci\u00f3n que se merece.<\/p>\n\n\n\n<h3 class=\"wp-block-heading\">P\u00f3ngase en contacto hoy mismo con el Brill Legal Group<\/h3>\n\n\n\n<p>Si es usted un profesor en pr\u00e1cticas de una escuela p\u00fablica que se enfrenta a la denegaci\u00f3n de la titularidad, a un despido improcedente o a una disputa contractual, necesita un abogado. <a href=\"https:\/\/www.brill-legal.com\/es\/\">New York abogado defensor<\/a> en su esquina. El Brill Legal Group est\u00e1 listo para ofrecerle una representaci\u00f3n legal agresiva para proteger su medio de vida como maestro de escuela p\u00fablica.\u00a0<\/p>\n\n\n\n<p>Nuestro equipo legal examinar\u00e1 a fondo su contrato de trabajo y responsabilizar\u00e1 a su distrito escolar o junta directiva por sus acciones ilegales contra usted. P\u00f3ngase en contacto con nosotros de inmediato para una evaluaci\u00f3n inicial sin costo de sus asuntos legales.<\/p>","protected":false},"excerpt":{"rendered":"<p>New York Abogados defensores de profesores de escuelas p\u00fablicas en periodo de prueba A los profesores de escuelas p\u00fablicas de New York se les suele conceder la titularidad tras completar un periodo de prueba de cuatro a\u00f1os, con algunas excepciones. Alrededor del 58 por ciento de los 5.200 profesores de escuelas p\u00fablicas de New York City obtuvieron la titularidad en 2023. Casi el 40 por ciento de los educadores tuvieron sus decisiones de tenencia retrasadas por un a\u00f1o....<\/p>","protected":false},"author":1,"featured_media":6922,"parent":404,"menu_order":0,"comment_status":"closed","ping_status":"closed","template":"","meta":{"_acf_changed":false,"episode_type":"","audio_file":"","cover_image":"","cover_image_id":"","duration":"","filesize":"","date_recorded":"","explicit":"","block":"","itunes_episode_number":"","itunes_title":"","itunes_season_number":"","itunes_episode_type":"","filesize_raw":"","footnotes":""},"class_list":["post-6919","page","type-page","status-publish","has-post-thumbnail","hentry"],"acf":[],"_links":{"self":[{"href":"https:\/\/www.brill-legal.com\/es\/wp-json\/wp\/v2\/pages\/6919","targetHints":{"allow":["GET"]}}],"collection":[{"href":"https:\/\/www.brill-legal.com\/es\/wp-json\/wp\/v2\/pages"}],"about":[{"href":"https:\/\/www.brill-legal.com\/es\/wp-json\/wp\/v2\/types\/page"}],"author":[{"embeddable":true,"href":"https:\/\/www.brill-legal.com\/es\/wp-json\/wp\/v2\/users\/1"}],"replies":[{"embeddable":true,"href":"https:\/\/www.brill-legal.com\/es\/wp-json\/wp\/v2\/comments?post=6919"}],"version-history":[{"count":2,"href":"https:\/\/www.brill-legal.com\/es\/wp-json\/wp\/v2\/pages\/6919\/revisions"}],"predecessor-version":[{"id":6921,"href":"https:\/\/www.brill-legal.com\/es\/wp-json\/wp\/v2\/pages\/6919\/revisions\/6921"}],"up":[{"embeddable":true,"href":"https:\/\/www.brill-legal.com\/es\/wp-json\/wp\/v2\/pages\/404"}],"wp:featuredmedia":[{"embeddable":true,"href":"https:\/\/www.brill-legal.com\/es\/wp-json\/wp\/v2\/media\/6922"}],"wp:attachment":[{"href":"https:\/\/www.brill-legal.com\/es\/wp-json\/wp\/v2\/media?parent=6919"}],"curies":[{"name":"wp","href":"https:\/\/api.w.org\/{rel}","templated":true}]}}