{"id":6914,"date":"2025-11-05T22:56:33","date_gmt":"2025-11-05T22:56:33","guid":{"rendered":"https:\/\/www.brill-legal.com\/?page_id=6914"},"modified":"2025-11-05T22:56:35","modified_gmt":"2025-11-05T22:56:35","slug":"abogados-defensores-de-profesores-titulares-de-escuelas-publicas","status":"publish","type":"page","link":"https:\/\/www.brill-legal.com\/es\/nuestros-servicios\/audiencias-disciplinarias-investigaciones\/abogado-defensor-del-educador\/abogados-defensores-de-profesores-titulares-de-escuelas-publicas\/","title":{"rendered":"Abogados defensores de profesores titulares de centros p\u00fablicos"},"content":{"rendered":"<h2 class=\"wp-block-heading\"><em>New York Abogados defensores de profesores titulares<\/em><\/h2>\n\n\n\n<p>El sistema escolar p\u00fablico New York funciona en distritos gobernados por consejos escolares y superintendentes elegidos localmente. En 2022, hab\u00eda 2.488.476 alumnos matriculados en 4.360 centros de 686 distritos escolares. En New York hab\u00eda 205.293 profesores de centros p\u00fablicos, es decir, aproximadamente un profesor por cada 12 alumnos.<\/p>\n\n\n\n<p>Los profesores de centros p\u00fablicos New York contratados a partir del 1 de julio de 2015 pueden solicitar la titularidad tras completar un periodo de prueba de cuatro a\u00f1os. En 2023, alrededor del 58% de los 5.200 profesores New York City de centros p\u00fablicos obtuvieron la titularidad, mientras que el 39% tuvo que esperar un a\u00f1o m\u00e1s para que se decidiera sobre su titularidad.<\/p>\n\n\n\n<p>La titularidad es un hito importante en la carrera de un profesor de escuela p\u00fablica y conlleva varias salvaguardias, incluido el privilegio de la seguridad en el empleo. Seg\u00fan el art\u00edculo 3020-A de la Ley de Educaci\u00f3n New York, los profesores titulares de centros p\u00fablicos tienen derecho a conservar su puesto. Las autoridades escolares no pueden despedirlos sin \"causa justificada\" y sin notificarles formalmente los cargos disciplinarios. El art\u00edculo 3020-A detalla el procedimiento que debe seguir un distrito escolar de New York para despedir a un profesor titular.<\/p>\n\n\n\n<p>Si usted es <a href=\"https:\/\/www.brill-legal.com\/es\/nuestros-servicios\/audiencias-disciplinarias-investigaciones\/abogado-defensor-del-educador\/\">enfrentarse a un despido improcedente u otras violaciones de sus derechos<\/a> como profesor titular de una escuela p\u00fablica, <a href=\"https:\/\/www.brill-legal.com\/es\/pongase-en-contacto-con\/\">p\u00f3ngase en contacto con un abogado defensor con experiencia<\/a> enseguida. En <a href=\"https:\/\/www.brill-legal.com\/es\/\">Brill Legal Group<\/a> se dedica a proteger los derechos de los profesores titulares de las escuelas p\u00fablicas en todo el New York.\u00a0<\/p>\n\n\n\n<h3 class=\"wp-block-heading\">Causas de despido de un profesor titular de un centro p\u00fablico de ense\u00f1anza<\/h3>\n\n\n\n<p>Las escuelas p\u00fablicas est\u00e1n obligadas a tener una causa justa cuando imponen una medida disciplinaria a un profesor titular. Sin embargo, la Ley de Educaci\u00f3n New York no contiene una definici\u00f3n espec\u00edfica de causa justa. En general, los profesores de centros p\u00fablicos New York pueden ser despedidos si han sido acusados de incompetencia, negligencia, mala conducta o abandono de sus funciones. A continuaci\u00f3n se exponen algunos motivos de despido de un profesor titular de escuela p\u00fablica en virtud del art\u00edculo 3020-A:<\/p>\n\n\n\n<ul class=\"wp-block-list\">\n<li>Conducta impropia de un profesor<\/li>\n\n\n\n<li>Castigos corporales<\/li>\n\n\n\n<li>Absentismo excesivo<\/li>\n\n\n\n<li>No mantener la certificaci\u00f3n<\/li>\n\n\n\n<li>Car\u00e1cter inmoral<\/li>\n\n\n\n<li>Insubordinaci\u00f3n<\/li>\n\n\n\n<li>Negligencia del deber<\/li>\n\n\n\n<li>Incompetencia pedag\u00f3gica<\/li>\n\n\n\n<li>Contacto\/relaci\u00f3n sexual<\/li>\n\n\n\n<li>Abuso verbal<\/li>\n<\/ul>\n\n\n\n<p>No se te puede obligar a dejar tu trabajo sin pruebas de que has actuado mal. Los profesores titulares de centros p\u00fablicos tienen derecho al debido proceso, que garantiza que no se les despida bas\u00e1ndose en acusaciones fr\u00edvolas, razones personales o motivos pol\u00edticos.<\/p>\n\n\n\n<p>El distrito escolar debe aportar pruebas suficientes para demostrar la existencia de una causa justa. Adem\u00e1s, los funcionarios de la escuela p\u00fablica est\u00e1n obligados a demostrar que se le notificaron deficiencias en su rendimiento como profesor, se le ofreci\u00f3 apoyo o formaci\u00f3n y se le dieron amplias oportunidades para realizar los cambios solicitados. Sin embargo, usted no mejor\u00f3 su servicio o rendimiento como se esperaba.<\/p>\n\n\n\n<h3 class=\"wp-block-heading\">Proceso disciplinario para profesores titulares de centros p\u00fablicos<\/h3>\n\n\n\n<p>En <a href=\"https:\/\/www.nysenate.gov\/legislation\/laws\/EDN\/3020-A\" target=\"_blank\" rel=\"noreferrer noopener\">Art\u00edculo 3020-A de la Ley de Educaci\u00f3n New York<\/a>Los profesores titulares de centros p\u00fablicos que puedan ser despedidos tienen derecho a una audiencia formal. Esta audiencia se conoce como <a href=\"https:\/\/www.brill-legal.com\/es\/nuestros-servicios\/defensa-penal\/defensa-penal-faq\/que-es-una-audiencia-3020-a\/\">Audiencia 3020-A<\/a> y lo lleva a cabo un consejero auditor independiente. El proceso disciplinario de un profesor titular de una escuela p\u00fablica puede durar de varios meses a incluso varios a\u00f1os, dependiendo de la complejidad del caso y de la naturaleza de los cargos.<\/p>\n\n\n\n<p>El proceso comienza cuando el distrito escolar presenta cargos por escrito contra el profesor de la escuela p\u00fablica ante la junta de empleo. Si los miembros de la junta encuentran motivos fundados para emprender acciones disciplinarias, deben enviar al profesor acusado una declaraci\u00f3n por escrito. La declaraci\u00f3n describe la naturaleza de los cargos, los derechos del profesor y las posibles sanciones a las que puede enfrentarse.<\/p>\n\n\n\n<p>El profesor acusado dispone de 10 d\u00edas para responder por escrito, notificando a la Junta de Empleo si desea una audiencia 3020-A. Si el profesor no responde en el plazo establecido, renuncia a su derecho a una audiencia. El comit\u00e9 de empleo decidir\u00e1 entonces sobre los cargos por mayor\u00eda de votos, sin tener en cuenta las pruebas aportadas por el profesor ni escuchar su versi\u00f3n de los hechos.<\/p>\n\n\n\n<p>En tales circunstancias, un profesor titular de una escuela p\u00fablica puede enfrentarse a una suspensi\u00f3n prolongada o incluso ser despedido inmediatamente. Si el asunto llega a juicio, los distritos escolares suelen solicitar el despido definitivo del profesor debido a los costes y el tiempo que conlleva el proceso disciplinario.<\/p>\n\n\n\n<p>De cualquier manera, es el maestro quien termina lidiando con las consecuencias m\u00e1s duras. Debido a lo mucho que est\u00e1 en juego, incluso cuando un maestro de escuela p\u00fablica es titular, tener un abogado defensor con experiencia en su esquina puede hacer toda la diferencia en el resultado de su caso.<\/p>\n\n\n\n<h3 class=\"wp-block-heading\">Representaci\u00f3n de profesores titulares de escuelas p\u00fablicas en las audiencias 3020-A<\/h3>\n\n\n\n<p>Los profesores titulares de escuelas p\u00fablicas tienen derecho a defenderse durante una audiencia 3020-A. Aunque no est\u00e1n obligados a testificar, se debe conceder al acusado la oportunidad de hacerlo. Aunque el distrito escolar tiene la carga de probar los cargos, ambas partes pueden llamar a testigos y presentar pruebas al oficial de audiencia.<\/p>\n\n\n\n<p>Los representantes sindicales suelen instar a los profesores a llegar a un acuerdo por el riesgo de perder la vista, aunque haya muchas posibilidades de que el resultado sea favorable. Aunque el sindicato suele proporcionar representaci\u00f3n legal a los profesores, estos pueden optar por contratar a su propio abogado.<\/p>\n\n\n\n<p>Tener un <a href=\"https:\/\/www.brill-legal.com\/es\/nuestros-servicios\/audiencias-disciplinarias-investigaciones\/abogado-para-la-defensa-de-los-derechos-de-tenencia-seccion-3020-a\/\">abogado defensor experimentado que le represente en el procedimiento 3020-A<\/a> es crucial para luchar contra las acusaciones infundadas y el despido ilegal. El abogado le ayudar\u00e1 a entender sus derechos y opciones, incluida la posibilidad de presentar una demanda contra el distrito escolar por violar sus derechos de tenencia.\u00a0<\/p>\n\n\n\n<p>Una vez concluida la audiencia, el oficial de audiencias emitir\u00e1 una decisi\u00f3n con respecto a los cargos del distrito escolar contra el profesor titular de la escuela p\u00fablica. El funcionario de la audiencia determinar\u00e1 entonces la sanci\u00f3n apropiada a imponer si el profesor es declarado culpable de los cargos.<\/p>\n\n\n\n<h3 class=\"wp-block-heading\">P\u00f3ngase en contacto hoy mismo con el Brill Legal Group<\/h3>\n\n\n\n<p>Si usted es un profesor titular de escuela p\u00fablica en New York que se enfrenta a cargos disciplinarios o fue despedido o disciplinado ilegalmente, <a href=\"https:\/\/www.brill-legal.com\/es\/pongase-en-contacto-con\/\">p\u00f3ngase en contacto con el Brill Legal Group<\/a> de inmediato. Como profesor titular, tienes importantes derechos y protecciones laborales en virtud de la ley estatal de educaci\u00f3n.<\/p>\n\n\n\n<p><a href=\"https:\/\/www.brill-legal.com\/es\/abogados\/\">Nuestros abogados defensores New York<\/a> proporcionan a sus clientes una representaci\u00f3n competente y agresiva en las audiencias 3020-A y otros procedimientos disciplinarios. Si su distrito escolar est\u00e1 tratando de despedirlo bas\u00e1ndose en cargos falsos o razones arbitrarias, usted necesita a alguien preparado para responsabilizar a los funcionarios escolares. Cuando su carrera est\u00e1 en juego, puede contar con el Brill Legal Group para salir en su defensa. P\u00f3ngase en contacto con nosotros hoy mismo para obtener m\u00e1s informaci\u00f3n.<\/p>","protected":false},"excerpt":{"rendered":"<p>New York Abogados defensores de maestros titulares El sistema escolar p\u00fablico New York opera dentro de distritos gobernados por juntas escolares y superintendentes elegidos localmente. En 2022, hab\u00eda 2.488.476 estudiantes matriculados en 4.360 escuelas de 686 distritos escolares. En New York hab\u00eda 205.293 profesores de escuelas p\u00fablicas, es decir, aproximadamente un profesor por cada 12 alumnos. New York p\u00fablicos...<\/p>","protected":false},"author":1,"featured_media":6916,"parent":404,"menu_order":0,"comment_status":"closed","ping_status":"closed","template":"","meta":{"_acf_changed":false,"episode_type":"","audio_file":"","cover_image":"","cover_image_id":"","duration":"","filesize":"","date_recorded":"","explicit":"","block":"","itunes_episode_number":"","itunes_title":"","itunes_season_number":"","itunes_episode_type":"","filesize_raw":"","footnotes":""},"class_list":["post-6914","page","type-page","status-publish","has-post-thumbnail","hentry"],"acf":[],"_links":{"self":[{"href":"https:\/\/www.brill-legal.com\/es\/wp-json\/wp\/v2\/pages\/6914","targetHints":{"allow":["GET"]}}],"collection":[{"href":"https:\/\/www.brill-legal.com\/es\/wp-json\/wp\/v2\/pages"}],"about":[{"href":"https:\/\/www.brill-legal.com\/es\/wp-json\/wp\/v2\/types\/page"}],"author":[{"embeddable":true,"href":"https:\/\/www.brill-legal.com\/es\/wp-json\/wp\/v2\/users\/1"}],"replies":[{"embeddable":true,"href":"https:\/\/www.brill-legal.com\/es\/wp-json\/wp\/v2\/comments?post=6914"}],"version-history":[{"count":3,"href":"https:\/\/www.brill-legal.com\/es\/wp-json\/wp\/v2\/pages\/6914\/revisions"}],"predecessor-version":[{"id":6918,"href":"https:\/\/www.brill-legal.com\/es\/wp-json\/wp\/v2\/pages\/6914\/revisions\/6918"}],"up":[{"embeddable":true,"href":"https:\/\/www.brill-legal.com\/es\/wp-json\/wp\/v2\/pages\/404"}],"wp:featuredmedia":[{"embeddable":true,"href":"https:\/\/www.brill-legal.com\/es\/wp-json\/wp\/v2\/media\/6916"}],"wp:attachment":[{"href":"https:\/\/www.brill-legal.com\/es\/wp-json\/wp\/v2\/media?parent=6914"}],"curies":[{"name":"wp","href":"https:\/\/api.w.org\/{rel}","templated":true}]}}