{"id":6848,"date":"2025-11-05T22:56:47","date_gmt":"2025-11-05T22:56:47","guid":{"rendered":"https:\/\/www.brill-legal.com\/?page_id=6848"},"modified":"2025-11-05T22:56:48","modified_gmt":"2025-11-05T22:56:48","slug":"defensa-del-profesorado-universitario-titular","status":"publish","type":"page","link":"https:\/\/www.brill-legal.com\/es\/nuestros-servicios\/audiencias-disciplinarias-investigaciones\/abogado-defensor-del-educador\/defensa-del-profesorado-universitario-titular\/","title":{"rendered":"Defensa del profesorado universitario titular"},"content":{"rendered":"<p>A diferencia de <a href=\"https:\/\/www.brill-legal.com\/es\/nuestros-servicios\/audiencias-disciplinarias-investigaciones\/abogado-defensor-del-educador\/abogados-defensores-de-profesores-titulares-de-escuelas-publicas\/\">profesores titulares de centros p\u00fablicos en New York<\/a>Los profesores universitarios titulares est\u00e1n sujetos a los procesos establecidos por su facultad o universidad y no por los organismos educativos estatales. Estos procesos var\u00edan de un centro a otro. Sin embargo, todos pretenden ofrecer las mismas protecciones b\u00e1sicas: A <a href=\"https:\/\/www.brill-legal.com\/es\/nuestros-servicios\/audiencias-disciplinarias-investigaciones\/abogado-defensor-del-educador\/defensa-del-profesor-titular\/\">profesor titular<\/a> deben recibir notificaci\u00f3n de las reclamaciones contra ellos o de las medidas adversas adoptadas contra su empleo y deben tener la oportunidad de ser o\u00eddos.&nbsp;<\/p>\n\n\n\n<p>Si eres <a href=\"https:\/\/www.brill-legal.com\/es\/nuestros-servicios\/audiencias-disciplinarias-investigaciones\/\">enfrentarse a problemas disciplinarios<\/a>no espere. P\u00f3ngase en contacto con un <strong>abogado defensor del profesorado universitario titular con experiencia New York<\/strong> hoy. En <a href=\"https:\/\/www.brill-legal.com\/es\/abogados\/\">equipo de Brill Legal Group, P.C.<\/a> puede ayudar.&nbsp;<\/p>\n\n\n\n<h3 class=\"wp-block-heading\">New York Pol\u00edticas y procedimientos de gobierno de la facultad<\/h3>\n\n\n\n<p>Las facultades y universidades de New York establecen sus propias pol\u00edticas y procedimientos de gobierno del profesorado. Estas normas protegen al profesorado titular y enumeran las responsabilidades de los miembros del profesorado para con la comunidad acad\u00e9mica.&nbsp;<\/p>\n\n\n\n<p>Aunque cada instituci\u00f3n tiene tambi\u00e9n oficinas y procedimientos espec\u00edficos para las audiencias disciplinarias del profesorado, muchos de estos m\u00e9todos comparten similitudes entre las facultades y universidades. Por ejemplo, los procedimientos disciplinarios de la Universidad New York:<\/p>\n\n\n\n<ul class=\"wp-block-list\">\n<li><strong>Identifique qui\u00e9n puede presentar una denuncia. <\/strong>En la NYU, cualquier funcionario de la Universidad, miembro del profesorado o del personal, o estudiante puede presentar una queja contra un profesor titular \"por conducta prohibida por las normas y reglamentos de la Universidad, o de sus escuelas, facultades y departamentos\". La presentaci\u00f3n de una denuncia no es prueba de mala conducta, pero inicia el proceso de investigaci\u00f3n.&nbsp;<\/li>\n\n\n\n<li><strong>Crear un proceso para presentar quejas y resolver reclamaciones. <\/strong>La titularidad ofrece al profesorado el derecho a la notificaci\u00f3n de una queja y a una audiencia para resolver la cuesti\u00f3n. Muchos centros, como el NYU, intentan resolver los asuntos de manera informal como primer paso. Sin embargo, el profesorado puede y debe consultar a un abogado incluso durante un proceso \"informal\".&nbsp;<\/li>\n\n\n\n<li><strong>Asignar un comit\u00e9 disciplinario o de supervisi\u00f3n y delimitar sus competencias. <\/strong>La facultad de supervisar las denuncias contra el profesorado titular y de tomar decisiones, incluidas las sanciones, suele delegarse en un comit\u00e9 espec\u00edfico o en una persona, como un jefe de departamento o un decano de universidad. No permita que esta persona o comit\u00e9 tome decisiones que afecten a su carrera sin solicitar antes la representaci\u00f3n de un abogado defensor con experiencia. Su abogado puede presentar su versi\u00f3n del caso ante el comit\u00e9 y luchar para proteger sus derechos.&nbsp;<\/li>\n\n\n\n<li><strong>Identificar las sanciones disponibles en caso de infracci\u00f3n de las normas o reglamentos. <\/strong>Por ejemplo, la NYU identifica cinco v\u00edas de sanci\u00f3n: amonestaci\u00f3n, censura, privaci\u00f3n de privilegios, suspensi\u00f3n o despido. Sin embargo, las normas establecen que las posibles sanciones \"no se limitan a\" estos cinco resultados. Con tanto en juego, es importante trabajar con un abogado experimentado.<\/li>\n\n\n\n<li><strong>Crear v\u00edas de recurso. <\/strong>Estas normas pueden limitar los motivos de recurso o imponer plazos breves para recurrir. El incumplimiento de estas normas, sin embargo, puede hacer que pierda la oportunidad de apelar una decisi\u00f3n. Trabaje con un abogado lo antes posible para preservar los problemas, las pruebas y las oportunidades de apelaci\u00f3n.&nbsp;<\/li>\n\n\n\n<li><strong>Proporcionar v\u00edas para que los responsables disciplinarios respondan antes de una investigaci\u00f3n o una audiencia. <\/strong>No todos los profesores titulares se enfrentan a una suspensi\u00f3n sumaria o a medidas adversas similares cuando se presenta una denuncia. Sin embargo, los que s\u00ed lo hacen deben buscar inmediatamente la ayuda de un abogado con experiencia.&nbsp;<\/li>\n<\/ul>\n\n\n\n<p>Muchas otras New York facultades y universidades incluyen disposiciones similares en sus pol\u00edticas y procedimientos sobre medidas disciplinarias del profesorado.&nbsp;<\/p>\n\n\n\n<h3 class=\"wp-block-heading\">Qu\u00e9 hacer si se enfrenta a una medida disciplinaria como profesor universitario titular NY<\/h3>\n\n\n\n<p>Si se enfrenta a una denuncia, una audiencia o una acci\u00f3n disciplinaria relacionada con una denuncia:<\/p>\n\n\n\n<ul class=\"wp-block-list\">\n<li><strong>Familiar\u00edcese con las pol\u00edticas y procedimientos aplicables. <\/strong>Recuerde que su departamento, facultad y universidad en su conjunto pueden tener sus propias pol\u00edticas y procedimientos aplicables a esta situaci\u00f3n. Si la denuncia le acusa de infringir leyes estatales o federales, las cuestiones pueden ser a\u00fan m\u00e1s complejas.<\/li>\n\n\n\n<li><strong>Insista en que haya registros escritos y testigos de todas las acciones. <\/strong>Consigue todo por escrito y guarda copias de estos registros en un lugar seguro. Si te llaman para mantener una conversaci\u00f3n con un miembro de la administraci\u00f3n, insiste en que est\u00e9 presente un tercer observador.&nbsp;<\/li>\n\n\n\n<li><strong>Hable con un abogado experimentado lo antes posible. <\/strong>Su abogado puede asegurarse de que reciba la audiencia justa a la que tiene derecho. Si la denuncia implica acusaciones de comportamiento ilegal, su abogado puede trabajar tambi\u00e9n para proteger sus derechos legales.&nbsp;<\/li>\n<\/ul>\n\n\n\n<h3 class=\"wp-block-heading\">Abogados para profesores universitarios titulares en New York<\/h3>\n\n\n\n<p>Si usted es un <a href=\"https:\/\/www.brill-legal.com\/es\/nuestros-servicios\/audiencias-disciplinarias-investigaciones\/abogado-defensor-del-educador\/defensa-del-profesor-titular\/\">profesor universitario<\/a> enfrentarse a problemas disciplinarios, <a href=\"https:\/\/www.brill-legal.com\/es\/pongase-en-contacto-con\/\">p\u00f3ngase en contacto con el equipo de Brill Legal Group, P.C.<\/a>lo antes posible. Estamos preparados para construir una fuerte defensa en su nombre. P\u00f3ngase en contacto con nosotros hoy para programar una evaluaci\u00f3n inicial confidencial y sin costo con uno de nuestros abogados defensores experimentados:<\/p>\n\n\n\n<ul class=\"wp-block-list\">\n<li>Manhattan: <a href=\"tel:1-212-233-4141\">212-233-4141<\/a><\/li>\n\n\n\n<li>Nassau: <a href=\"http:\/\/tel;1-516-206-2002\">516-206-2002&nbsp;<\/a><\/li>\n\n\n\n<li>Suffolk: <a href=\"tel:1-631-204-8254\">631-204-8254&nbsp;<\/a><\/li>\n\n\n\n<li>Llamada gratuita: <a href=\"tel:1-888-315-9841\">888-315-9841<\/a><\/li>\n<\/ul>","protected":false},"excerpt":{"rendered":"<p>A diferencia de los profesores titulares de los centros p\u00fablicos del New York, el profesorado titular de los centros universitarios est\u00e1 sujeto a los procesos establecidos por su centro o universidad y no por los organismos educativos estatales. Estos procesos var\u00edan de un centro a otro. Sin embargo, todos pretenden ofrecer las mismas protecciones b\u00e1sicas: Un profesor titular debe recibir notificaci\u00f3n de las reclamaciones en su contra...<\/p>","protected":false},"author":1,"featured_media":0,"parent":404,"menu_order":0,"comment_status":"closed","ping_status":"closed","template":"","meta":{"_acf_changed":false,"episode_type":"","audio_file":"","cover_image":"","cover_image_id":"","duration":"","filesize":"","date_recorded":"","explicit":"","block":"","itunes_episode_number":"","itunes_title":"","itunes_season_number":"","itunes_episode_type":"","filesize_raw":"","footnotes":""},"class_list":["post-6848","page","type-page","status-publish","hentry"],"acf":[],"_links":{"self":[{"href":"https:\/\/www.brill-legal.com\/es\/wp-json\/wp\/v2\/pages\/6848","targetHints":{"allow":["GET"]}}],"collection":[{"href":"https:\/\/www.brill-legal.com\/es\/wp-json\/wp\/v2\/pages"}],"about":[{"href":"https:\/\/www.brill-legal.com\/es\/wp-json\/wp\/v2\/types\/page"}],"author":[{"embeddable":true,"href":"https:\/\/www.brill-legal.com\/es\/wp-json\/wp\/v2\/users\/1"}],"replies":[{"embeddable":true,"href":"https:\/\/www.brill-legal.com\/es\/wp-json\/wp\/v2\/comments?post=6848"}],"version-history":[{"count":6,"href":"https:\/\/www.brill-legal.com\/es\/wp-json\/wp\/v2\/pages\/6848\/revisions"}],"predecessor-version":[{"id":7154,"href":"https:\/\/www.brill-legal.com\/es\/wp-json\/wp\/v2\/pages\/6848\/revisions\/7154"}],"up":[{"embeddable":true,"href":"https:\/\/www.brill-legal.com\/es\/wp-json\/wp\/v2\/pages\/404"}],"wp:attachment":[{"href":"https:\/\/www.brill-legal.com\/es\/wp-json\/wp\/v2\/media?parent=6848"}],"curies":[{"name":"wp","href":"https:\/\/api.w.org\/{rel}","templated":true}]}}