{"id":6832,"date":"2023-03-03T23:57:49","date_gmt":"2023-03-03T23:57:49","guid":{"rendered":"https:\/\/www.brill-legal.com\/?page_id=6832"},"modified":"2024-03-08T00:02:26","modified_gmt":"2024-03-08T00:02:26","slug":"departamento-de-educacion-del-estado-de-nueva-york","status":"publish","type":"page","link":"https:\/\/www.brill-legal.com\/es\/nuestros-servicios\/audiencias-disciplinarias-investigaciones\/departamento-de-educacion-del-estado-de-nueva-york\/","title":{"rendered":"New York Departamento de Educaci\u00f3n del Estado"},"content":{"rendered":"<p>Todos los padres y tutores conf\u00edan en que la escuela de su hijo ofrezca un entorno de aprendizaje libre de discriminaci\u00f3n, acoso y otros tipos de perjuicios. Cuando tiene motivos para sospechar que la escuela de su hijo ha traicionado su confianza, puede sentirse enfadado, dolido, abrumado o confuso.&nbsp;<\/p>\n\n\n\n<p>Las reclamaciones relacionadas con la educaci\u00f3n pueden tramitarse a nivel municipal, estatal o federal en el New York, dependiendo de las circunstancias de la reclamaci\u00f3n. Este sistema de m\u00faltiples niveles puede resultar desalentador para las familias que no est\u00e9n familiarizadas con su estructura y sus normas.<\/p>\n\n\n\n<p>En el <a href=\"https:\/\/www.brill-legal.com\/es\/\">Brill Bufete de abogados<\/a>Nuestros abogados ayudan a las familias a llevar la reclamaci\u00f3n correcta al foro adecuado. Le ayudamos a entender sus opciones y a tomar una decisi\u00f3n informada para sus hijos y su familia.<\/p>\n\n\n\n<h3 class=\"wp-block-heading\">Investigaciones del Departamento de Educaci\u00f3n<\/h3>\n\n\n\n<p>El Departamento de Educaci\u00f3n de NYC y el Departamento de Educaci\u00f3n del estado investigan diversas reclamaciones, incluidas las reclamaciones por discriminaci\u00f3n, acoso y comportamiento inadecuado o ilegal. El objetivo de estos departamentos es apoyar un entorno escolar seguro y protegido para los estudiantes, el personal, los profesores y los padres.&nbsp;<\/p>\n\n\n\n<p>Durante una jornada escolar ordinaria, un estudiante, un miembro del personal, un padre, un solicitante de empleo u otro individuo puede interactuar con muchas personas diferentes que desempe\u00f1an distintas funciones dentro del entorno escolar. El Departamento de Educaci\u00f3n NYC ofrece procesos para presentar reclamaciones por discriminaci\u00f3n, acoso y otros tratos il\u00edcitos en funci\u00f3n de la posici\u00f3n respectiva de las partes implicadas.<\/p>\n\n\n\n<h3 class=\"wp-block-heading\">Estad\u00edsticas<\/h3>\n\n\n\n<p>Los profesores y otros profesionales de la educaci\u00f3n pueden enfrentarse a denuncias que terminan en <a href=\"https:\/\/www.brill-legal.com\/es\/nuestros-servicios\/audiencias-disciplinarias-investigaciones\/abogado-defensor-del-educador\/\">consecuencias negativas para el educador<\/a>. En 2021, el Departamento de Educaci\u00f3n NYC tom\u00f3 las siguientes medidas basadas en las recomendaciones del Comisario Especial de Investigaci\u00f3n (SCI) para el Distrito Escolar New York City:<\/p>\n\n\n\n<ul class=\"wp-block-list\">\n<li><strong>142 empleados <\/strong>enfrentarse a conferencias disciplinarias.&nbsp;<\/li>\n\n\n\n<li><strong>102 empleados <\/strong>recibieron cartas oficiales de amonestaci\u00f3n en sus expedientes personales,<\/li>\n\n\n\n<li><strong>37 empleados <\/strong>han sido despedidos, y<\/li>\n\n\n\n<li><strong>30 empleados <\/strong>recibieron \u00f3rdenes de restituci\u00f3n.&nbsp;<\/li>\n<\/ul>\n\n\n\n<p>SCI tambi\u00e9n examin\u00f3 32 casos remitidos por otros organismos en 2021. La agencia identific\u00f3 varios casos de p\u00e9rdida, robo o mala administraci\u00f3n de fondos por un total de $151,758.58. En muchas de estas reclamaciones, un empleado del distrito escolar se enfrent\u00f3 a una acci\u00f3n adversa.&nbsp;<\/p>\n\n\n\n<p>Estas cifras indican que las medidas disciplinarias no son una amenaza vac\u00eda o un riesgo vac\u00edo. Los profesores que se enfrentan a reclamaciones presentadas por compa\u00f1eros de trabajo, administradores, alumnos, padres y otras partes necesitan una representaci\u00f3n s\u00f3lida para presentar su versi\u00f3n del caso y proteger sus derechos legales.&nbsp;<\/p>\n\n\n\n<h3 class=\"wp-block-heading\">Discriminaci\u00f3n o acoso por parte del personal<\/h3>\n\n\n\n<p>El NYC Reglamento A-830 del Canciller del Departamento de Educaci\u00f3n describe la pol\u00edtica de no discriminaci\u00f3n del departamento. Este reglamento tambi\u00e9n esboza las normas para presentar una queja si se sospecha de discriminaci\u00f3n entre un miembro del personal y un estudiante o entre un miembro del personal y otro.<\/p>\n\n\n\n<p>Entre los temas tratados en el Reglamento A-830 se incluyen:<\/p>\n\n\n\n<ul class=\"wp-block-list\">\n<li>Normas de igualdad de oportunidades de empleo,&nbsp;<\/li>\n\n\n\n<li>Normas de igualdad de oportunidades educativas,&nbsp;<\/li>\n\n\n\n<li>Acceso para los padres y otras partes que presenten reclamaciones o interact\u00faen de otro modo con el DOE,&nbsp;<\/li>\n\n\n\n<li>Directrices de comportamiento y procedimiento para los miembros del personal del DOE que tramiten reclamaciones por discriminaci\u00f3n o acoso,&nbsp;<\/li>\n\n\n\n<li>Procedimientos de notificaci\u00f3n y reclamaci\u00f3n,<\/li>\n\n\n\n<li>Adaptaciones para el personal y los estudiantes con discapacidad.&nbsp;<\/li>\n<\/ul>\n\n\n\n<p>Las quejas pueden presentarse en l\u00ednea a trav\u00e9s del formulario oficial de quejas en l\u00ednea. En algunos casos, las quejas tambi\u00e9n pueden presentarse por correo electr\u00f3nico, tel\u00e9fono, correo postal o en persona. Algunas denuncias tambi\u00e9n pueden presentarse de forma an\u00f3nima.<\/p>\n\n\n\n<p>A menudo, son los padres quienes ponen una queja en conocimiento del DOE. Si no son los padres quienes presentan la queja, el DOE debe tomar medidas para notific\u00e1rsela r\u00e1pidamente despu\u00e9s de recibirla.<\/p>\n\n\n\n<p>Al recibir una denuncia, la Oficina de Igualdad de Oportunidades (OEO) del DOE la examina para determinar si las alegaciones describen una discriminaci\u00f3n prohibida, acoso, represalias o cualquier combinaci\u00f3n de los tres. Si no es as\u00ed, la OEO puede remitir la denuncia a otros organismos si procede.&nbsp;<\/p>\n\n\n\n<p>Si en la denuncia se alega discriminaci\u00f3n, acoso o represalias prohibidos, la OEO abre una investigaci\u00f3n. La OEO debe notificar a las partes, incluidos los padres de cualquier estudiante involucrado, sobre la investigaci\u00f3n y sus derechos. Un abogado con experiencia en la defensa New York DOE tambi\u00e9n puede ayudarle a entender sus derechos legales en relaci\u00f3n con una investigaci\u00f3n.&nbsp;<\/p>\n\n\n\n<p>Por lo general, la OEO emite resoluciones por escrito en un plazo de 90 d\u00edas a partir de la recepci\u00f3n de una denuncia, a menos que el plazo se prorrogue \"por motivos justificados\". El plazo puede ampliarse si la OEO necesita m\u00e1s tiempo para reunir y examinar pruebas, por ejemplo.&nbsp;<\/p>\n\n\n\n<h3 class=\"wp-block-heading\">Reclamaciones a las que pueden enfrentarse los profesionales de la educaci\u00f3n<\/h3>\n\n\n\n<p>Los profesionales de la educaci\u00f3n pueden enfrentarse a una serie de reclamaciones procedentes de diversas fuentes. Entre ellas figuran:<\/p>\n\n\n\n<ul class=\"wp-block-list\">\n<li>Alegaciones de que el educador ha incurrido en castigos corporales o abusos verbales,<\/li>\n\n\n\n<li>Acusaciones falsas de diversos tipos de delitos,<\/li>\n\n\n\n<li>Acusaciones de insubordinaci\u00f3n.&nbsp;<\/li>\n<\/ul>\n\n\n\n<p>Las consecuencias de estas reclamaciones incluyen medidas disciplinarias, intervenci\u00f3n de los compa\u00f1eros, reasignaci\u00f3n o incluso despido.<\/p>\n\n\n\n<p>Como empleado escolar New York City, usted tiene derechos. Estos incluyen el derecho a consultar con un abogado con experiencia. Un abogado puede ayudarle a entender los cargos que enfrenta y luchar por el mejor resultado posible.&nbsp;<\/p>\n\n\n\n<h3 class=\"wp-block-heading\">PERB<\/h3>\n\n\n\n<p>La Junta de Relaciones Laborales P\u00fablicas (PERB) trabaja para proteger el derecho de los empleados p\u00fablicos de NYC a organizarse y negociar colectivamente. El PERB tambi\u00e9n trabaja para evitar las huelgas manteniendo los canales de comunicaci\u00f3n y negociaci\u00f3n. El PERB fue creado por la Ley de Empleo Justo de los Empleados P\u00fablicos de 1967, tambi\u00e9n conocida como Ley Taylor.&nbsp;<\/p>\n\n\n\n<p>Una de las funciones de la PERB es atender las reclamaciones presentadas en virtud del art\u00edculo 310 de la Ley de Educaci\u00f3n. La Secci\u00f3n 310 permite a una persona apelar al Comisionado de Educaci\u00f3n si cree que una acci\u00f3n tomada por una junta escolar o autoridades escolares la perjudica de alguna manera. En virtud del art\u00edculo 306 de la Ley de Educaci\u00f3n, el Comisionado de Educaci\u00f3n puede destituir a un administrador, a un miembro del consejo de educaci\u00f3n y a \"algunos otros funcionarios escolares\" por mala conducta intencionada o negligencia en el cumplimiento del deber.&nbsp;<\/p>\n\n\n\n<p>Las acusaciones en virtud del art\u00edculo 310 de la Ley de Educaci\u00f3n son graves. La mala conducta intencionada y la negligencia en el cumplimiento del deber ponen en entredicho su integridad profesional y pueden amenazar toda su carrera. <a href=\"https:\/\/www.brill-legal.com\/es\/nuestros-servicios\/audiencias-disciplinarias-investigaciones\/comisionado-de-educacion-abogado-de-apelaciones-y-perb\/\">Trabajar con un abogado<\/a> que tenga experiencia ante la Junta de Relaciones Laborales P\u00fablicas puede ayudarle a combatir estas reclamaciones.&nbsp;<\/p>\n\n\n\n<h3 class=\"wp-block-heading\">Reclamaciones federales: Discriminaci\u00f3n y T\u00edtulo IX<\/h3>\n\n\n\n<p>El T\u00edtulo IX de las Enmiendas Educativas de 1972 proh\u00edbe que los programas y actividades educativos financiados con fondos federales discriminen por raz\u00f3n de sexo. El T\u00edtulo IX protege a los alumnos, miembros del personal, padres y tutores, y a las personas que solicitan empleo en un programa educativo financiado con fondos federales, incluidas las escuelas p\u00fablicas de New York.&nbsp;<\/p>\n\n\n\n<p>En 2020, el Departamento de Educaci\u00f3n de EE.UU. public\u00f3 nuevas normas relacionadas con la aplicaci\u00f3n del T\u00edtulo IX. Estas normas reconocen que el acoso y la agresi\u00f3n sexuales entran dentro de la definici\u00f3n de discriminaci\u00f3n sexual del T\u00edtulo IX. Por lo tanto, el T\u00edtulo IX se aplica para prohibir el acoso y la agresi\u00f3n sexuales en los programas educativos financiados con fondos federales.&nbsp;<\/p>\n\n\n\n<p>La norma de 2020 tambi\u00e9n exige a las escuelas que proporcionen \"medidas de apoyo gratuitas\" a quienes denuncien haber sufrido acoso sexual. Las medidas de apoyo deben estar disponibles incluso si la persona que denuncia el acoso no desea seguir adelante con una queja formal.&nbsp;<\/p>\n\n\n\n<h3 class=\"wp-block-heading\">Otros cr\u00e9ditos dentro de los distritos escolares New York City<\/h3>\n\n\n\n<p>No todos los incidentes de mala conducta entran en el \u00e1mbito de las leyes municipales, estatales o federales sobre discriminaci\u00f3n o acoso. Cuando la Oficina de Igualdad de Oportunidades determina que una reclamaci\u00f3n no implica discriminaci\u00f3n o acoso pero puede implicar un delito, la oficina puede remitir esa reclamaci\u00f3n al Comisario Especial de Investigaci\u00f3n del Distrito Escolar New York City (SCI).<\/p>\n\n\n\n<p>El SCI opera con independencia del New York City Departamento de Educaci\u00f3n. Su funci\u00f3n es investigar las denuncias de delitos, corrupci\u00f3n y otras formas de conducta indebida en el seno del DOE y en las que est\u00e9n implicadas personas y empresas que realicen negocios con el DOE.&nbsp;<\/p>\n\n\n\n<p>Algunos ejemplos de casos que SCI puede investigar son<\/p>\n\n\n\n<ul class=\"wp-block-list\">\n<li>Fraude<\/li>\n\n\n\n<li>Comportamiento financiero indebido, como malversaci\u00f3n de fondos,<\/li>\n\n\n\n<li>Acusaciones de mala conducta o abusos sexuales cometidos por adultos contra alumnos,&nbsp;<\/li>\n\n\n\n<li>Conflictos de intereses, y<\/li>\n\n\n\n<li>Otras formas de comportamiento ilegal o poco \u00e9tico que menoscaben la capacidad de las escuelas para proporcionar una educaci\u00f3n segura y adecuada a los alumnos.&nbsp;<\/li>\n<\/ul>\n\n\n\n<p>Al igual que una investigaci\u00f3n penal realizada por un departamento de polic\u00eda, una investigaci\u00f3n SCI puede dar lugar a detenciones, cargos penales u otros procedimientos.&nbsp;<\/p>\n\n\n\n<p>Como organismo independiente, el SCI no informa directamente al Departamento de Educaci\u00f3n ni al Canciller. Sin embargo, cuando SCI completa una investigaci\u00f3n, la agencia puede enviar un informe escrito o una declaraci\u00f3n de conclusiones al Canciller del DOE. Este informe tambi\u00e9n puede incluir recomendaciones de la SCI sobre la l\u00ednea de actuaci\u00f3n del Canciller.&nbsp;<\/p>\n\n\n\n<p>Dado que el SCI se ocupa de las actividades ilegales e indebidas relacionadas con las escuelas, la agencia acepta quejas de fuentes tanto internas como externas al distrito escolar. Los padres, los alumnos y el personal de las escuelas pueden presentar quejas ante el SCI. La agencia tambi\u00e9n recibe quejas del DOE, otras agencias gubernamentales y empresas privadas, como contratistas y proveedores que trabajan con las escuelas. En algunos casos, SCI iniciar\u00e1 sus propias investigaciones para cumplir con su responsabilidad legal de proporcionar supervisi\u00f3n y recomendaciones.<\/p>\n\n\n\n<h2 class=\"wp-block-heading\">Elecci\u00f3n de un abogado con experiencia en defensa NY para una reclamaci\u00f3n del Departamento de Educaci\u00f3n<\/h2>\n\n\n\n<p>Navegar por las capas de New York de la ciudad, el estado y los requisitos federales de la escuela puede ser un reto. En <strong>experimentado abogado defensor del Departamento de Educaci\u00f3n NYC<\/strong> puede ayudarle a dar sentido a este proceso y perseguir los resultados deseados. Cuando usted trabaja con un abogado atento y capacitado, usted recibe lo siguiente:<\/p>\n\n\n\n<ul class=\"wp-block-list\">\n<li>Asesoramiento adaptado a su situaci\u00f3n espec\u00edfica, a los acontecimientos a los que se ha enfrentado y a los resultados que desea obtener.<\/li>\n\n\n\n<li>Un defensor que se encarga de navegar por el sistema, cumplir los plazos y cumplimentar el papeleo, para que usted pueda centrarse en sus necesidades y objetivos diarios.&nbsp;<\/li>\n\n\n\n<li>La tranquilidad de saber que no est\u00e1 solo. Un abogado con experiencia est\u00e1 luchando por usted.&nbsp;<\/li>\n<\/ul>\n\n\n\n<p>Si le acusan falsamente o le citan para comparecer en una vista, hable primero con un abogado. Un abogado puede ayudarle a garantizar una representaci\u00f3n justa.<\/p>\n\n\n\n<p>En <a href=\"https:\/\/www.brill-legal.com\/es\/\">Brill Law Group<\/a>nos dedicamos a ayudar a cada uno de nuestros clientes a presentar su caso. Escucharemos sus preocupaciones, le explicaremos sus opciones y le ayudaremos a elegir el camino a seguir. <a href=\"https:\/\/www.brill-legal.com\/es\/pongase-en-contacto-con\/\">P\u00f3ngase en contacto con nosotros<\/a> para una consulta gratuita y confidencial.<\/p>","protected":false},"excerpt":{"rendered":"<p>Todos los padres y tutores conf\u00edan en que la escuela de sus hijos ofrezca un entorno de aprendizaje libre de discriminaci\u00f3n, acoso y otros tipos de perjuicios. Cuando tiene motivos para sospechar que la escuela de su hijo ha traicionado su confianza, puede sentirse enfadado, dolido, abrumado o confuso.  Las reclamaciones relacionadas con la educaci\u00f3n pueden tramitarse a nivel municipal, estatal o federal...<\/p>","protected":false},"author":1,"featured_media":0,"parent":399,"menu_order":0,"comment_status":"closed","ping_status":"closed","template":"","meta":{"_acf_changed":false,"episode_type":"","audio_file":"","cover_image":"","cover_image_id":"","duration":"","filesize":"","date_recorded":"","explicit":"","block":"","itunes_episode_number":"","itunes_title":"","itunes_season_number":"","itunes_episode_type":"","filesize_raw":"","footnotes":""},"class_list":["post-6832","page","type-page","status-publish","hentry"],"acf":[],"_links":{"self":[{"href":"https:\/\/www.brill-legal.com\/es\/wp-json\/wp\/v2\/pages\/6832","targetHints":{"allow":["GET"]}}],"collection":[{"href":"https:\/\/www.brill-legal.com\/es\/wp-json\/wp\/v2\/pages"}],"about":[{"href":"https:\/\/www.brill-legal.com\/es\/wp-json\/wp\/v2\/types\/page"}],"author":[{"embeddable":true,"href":"https:\/\/www.brill-legal.com\/es\/wp-json\/wp\/v2\/users\/1"}],"replies":[{"embeddable":true,"href":"https:\/\/www.brill-legal.com\/es\/wp-json\/wp\/v2\/comments?post=6832"}],"version-history":[{"count":5,"href":"https:\/\/www.brill-legal.com\/es\/wp-json\/wp\/v2\/pages\/6832\/revisions"}],"predecessor-version":[{"id":6843,"href":"https:\/\/www.brill-legal.com\/es\/wp-json\/wp\/v2\/pages\/6832\/revisions\/6843"}],"up":[{"embeddable":true,"href":"https:\/\/www.brill-legal.com\/es\/wp-json\/wp\/v2\/pages\/399"}],"wp:attachment":[{"href":"https:\/\/www.brill-legal.com\/es\/wp-json\/wp\/v2\/media?parent=6832"}],"curies":[{"name":"wp","href":"https:\/\/api.w.org\/{rel}","templated":true}]}}