{"id":6827,"date":"2024-03-07T23:01:51","date_gmt":"2024-03-07T23:01:51","guid":{"rendered":"https:\/\/www.brill-legal.com\/?page_id=6827"},"modified":"2024-03-07T23:05:58","modified_gmt":"2024-03-07T23:05:58","slug":"defensa-penal-de-cuello-blanco-para-abogados","status":"publish","type":"page","link":"https:\/\/www.brill-legal.com\/es\/nuestros-servicios\/defensa-penal\/delitos-de-cuello-blanco\/defensa-penal-de-cuello-blanco-para-abogados\/","title":{"rendered":"Defensa penal para abogados"},"content":{"rendered":"<p>Los abogados ocupan un lugar de confianza en la sociedad y, por ello, a menudo asumen el deber de cuidar o supervisar los fondos de sus clientes. Y aunque el <a href=\"https:\/\/www.americanbar.org\/groups\/professional_responsibility\/publications\/model_rules_of_professional_conduct\/model_rules_of_professional_conduct_table_of_contents\/\" target=\"_blank\" rel=\"noreferrer noopener\">Reglas Modelo de Conducta Profesional<\/a> proporcionan el marco normativo por el que se rigen los abogados, en algunos casos, las acciones de un abogado pueden constituir un delito. Dada la confianza que los clientes depositan en sus abogados, estos delitos son tomados muy en serio por las fuerzas del orden, fiscales y jueces estatales y federales. Un abogado que es condenado por un delito de cuello blanco puede enfrentarse a los castigos t\u00edpicos del derecho penal, como multas, libertad condicional y penas de c\u00e1rcel, as\u00ed como a consecuencias colaterales que cambian la vida, la m\u00e1s notable de las cuales es la p\u00e9rdida de su licencia para ejercer la abogac\u00eda.\u00a0<\/p>\n\n\n\n<p>En el<a href=\"https:\/\/www.brill-legal.com\/es\/\"> Brill Legal Group<\/a>Nuestro equipo de <a href=\"https:\/\/www.brill-legal.com\/es\/nuestros-servicios\/defensa-penal\/delitos-de-cuello-blanco\/\">New York abogados penalistas de guante blanco<\/a> tiene un largo historial de proporcionar una representaci\u00f3n excepcional a personas que se enfrentan a procesos estatales y federales por delitos de cuello blanco. Tambi\u00e9n representamos a abogados en investigaciones y audiencias disciplinarias, asegur\u00e1ndonos de hacer todo lo posible para que nuestros clientes puedan seguir ejerciendo con la menor interrupci\u00f3n posible.\u00a0<\/p>\n\n\n\n<h3 class=\"wp-block-heading\">Ejemplos de delitos de cuello blanco a los que pueden enfrentarse los abogados<\/h3>\n\n\n\n<p>Los delitos de cuello blanco se refieren a delitos econ\u00f3micos que se cometen para promover los intereses del acusado a expensas de otros. En el caso de los abogados, ciertos tipos de delitos de cuello blanco son especialmente comunes, entre ellos los siguientes:<\/p>\n\n\n\n<h4 class=\"wp-block-heading\">Malversaci\u00f3n&nbsp;<\/h4>\n\n\n\n<p><a href=\"https:\/\/www.brill-legal.com\/es\/nuestros-servicios\/defensa-penal\/delitos-de-cuello-blanco\/malversacion\/\">Malversaci\u00f3n<\/a> implica el uso indebido de fondos confiados a una persona. Por ejemplo, un abogado que gasta el anticipo de un cliente con la intenci\u00f3n de no devolver los fondos al cliente puede enfrentarse a cargos de malversaci\u00f3n.\u00a0<\/p>\n\n\n\n<h4 class=\"wp-block-heading\">Fraude fiscal&nbsp;<\/h4>\n\n\n\n<p>El fraude fiscal penal es un delito que proh\u00edbe a las personas realizar acciones intencionadas e ilegales para evitar el pago de impuestos. Por ejemplo, un abogado que acepta los honorarios de un cliente en efectivo y luego no los declara como ingresos en su declaraci\u00f3n de la renta puede cometer fraude fiscal penal.&nbsp;<\/p>\n\n\n\n<h4 class=\"wp-block-heading\">Falsificaci\u00f3n&nbsp;<\/h4>\n\n\n\n<p>La falsificaci\u00f3n implica la creaci\u00f3n o modificaci\u00f3n de un documento oficial con el fin de defraudar a otro. Por ejemplo, un abogado que cambia los t\u00e9rminos de un contrato o crea un contrato falso puede haber cometido falsificaci\u00f3n.&nbsp;<\/p>\n\n\n\n<h4 class=\"wp-block-heading\">Falsificaci\u00f3n de registros comerciales<\/h4>\n\n\n\n<p>La falsificaci\u00f3n de registros comerciales es un delito que proh\u00edbe a las personas crear una entrada falsa en los registros de una empresa o cambiar o borrar una entrada verdadera en los registros de una empresa. Este delito tambi\u00e9n abarca las situaciones en las que alguien no hace una anotaci\u00f3n verdadera cuando tiene la obligaci\u00f3n de hacerla. Por ejemplo, un abogado que infle artificialmente sus gastos al presentar una declaraci\u00f3n de impuestos podr\u00eda enfrentarse a cargos por falsificaci\u00f3n de registros empresariales.&nbsp;<\/p>\n\n\n\n<h4 class=\"wp-block-heading\">Posesi\u00f3n delictiva de un instrumento falsificado<\/h4>\n\n\n\n<p>El delito de posesi\u00f3n criminal de un instrumento falsificado hace que sea ilegal poseer a sabiendas un documento falsificado que tienen la intenci\u00f3n de utilizar para defraudar a otra persona o entidad. Por ejemplo, un abogado que presenta un documento al tribunal, a sabiendas de que su cliente falsific\u00f3 el documento, puede ser acusado de posesi\u00f3n criminal de un instrumento falsificado.&nbsp;<\/p>\n\n\n\n<h4 class=\"wp-block-heading\">Manipulaci\u00f3n de registros p\u00fablicos<\/h4>\n\n\n\n<p>La alteraci\u00f3n de registros p\u00fablicos implica la eliminaci\u00f3n, alteraci\u00f3n, destrucci\u00f3n u ocultaci\u00f3n de un registro p\u00fablico. El delito tambi\u00e9n se aplica cuando alguien hace una anotaci\u00f3n falsa en un registro de un cargo o empleado p\u00fablico. Por ejemplo, un abogado que modifica un contrato entre un cliente y un municipio podr\u00eda ser acusado de alteraci\u00f3n de un registro p\u00fablico.&nbsp;<\/p>\n\n\n\n<h4 class=\"wp-block-heading\">Robo de identidad<\/h4>\n\n\n\n<p>El robo de identidad consiste en utilizar los datos de identificaci\u00f3n de otra persona, como su n\u00famero de la Seguridad Social o su tarjeta de cr\u00e9dito, para obtener algo de valor. Por ejemplo, un abogado que utiliza la informaci\u00f3n de la tarjeta de pago de su cliente para comprar art\u00edculos personales puede cometer un robo de identidad.&nbsp;<\/p>\n\n\n\n<h3 class=\"wp-block-heading\">\u00bfLos delitos de cuello blanco se juzgan en un tribunal estatal o federal?<\/h3>\n\n\n\n<p>Como la mayor\u00eda de los delitos penales, los delitos de cuello blanco pueden ser perseguidos por el gobierno estatal o federal. Sin embargo, en la mayor\u00eda de los casos, los fiscales federales se remitir\u00e1n a sus hom\u00f3logos estatales, permiti\u00e9ndoles llevar el caso a menos que sea especialmente complejo, implique una cantidad significativa de p\u00e9rdidas o se haya cometido en varios estados.&nbsp;<\/p>\n\n\n\n<p>Quienes est\u00e9n siendo investigados por un delito de cuello blanco deben familiarizarse con los procedimientos de los tribunales estatales y federales y sus diferencias.&nbsp;<\/p>\n\n\n\n<h3 class=\"wp-block-heading\">Sentencias por delitos de cuello blanco New York&nbsp;<\/h3>\n\n\n\n<p>En el tribunal estatal New York, los jueces no est\u00e1n sujetos a las directrices federales de imposici\u00f3n de penas. Sin embargo, cada delito de cuello blanco se clasifica en funci\u00f3n de la gravedad percibida del delito y el valor del dinero o la propiedad en cuesti\u00f3n. Por ejemplo, la mayor\u00eda de los delitos de cuello blanco entran en una de las siguientes categor\u00edas:<\/p>\n\n\n\n<p><strong>Delito grave de clase C<\/strong>: Los delitos graves de clase C conllevan una pena m\u00e1xima de 15 a\u00f1os de c\u00e1rcel y una condena condicional de entre tres y cinco a\u00f1os. El tribunal tambi\u00e9n impondr\u00e1 una multa de $5.000, o el doble de la cantidad de dinero que el acusado obtuvo al cometer el delito. Un ejemplo de delito grave de clase C es la falsificaci\u00f3n en primer grado.&nbsp;<\/p>\n\n\n\n<p><strong>Delito grave de clase D:<\/strong> Los delitos graves de clase D se castigan con hasta siete a\u00f1os de c\u00e1rcel y una pena de libertad condicional de entre tres y cinco a\u00f1os. El tribunal tambi\u00e9n impondr\u00e1 una multa de $5.000, o el doble de la cantidad de dinero que el acusado obtuvo al cometer el delito. Un ejemplo de delito grave de clase D es el robo de identidad en primer grado.&nbsp;<\/p>\n\n\n\n<p><strong>Delito de clase E:<\/strong> Los delitos graves de clase D pueden dar lugar a una pena de c\u00e1rcel de hasta cuatro a\u00f1os y entre tres y cinco a\u00f1os de libertad condicional. El tribunal tambi\u00e9n impondr\u00e1 una multa de $5.000, o el doble de la cantidad de dinero que el acusado obtuvo al cometer el delito. Un ejemplo de delito grave de clase E es participar en un plan para defraudar a otro.&nbsp;<\/p>\n\n\n\n<p><strong>Delito menor de clase A<\/strong>: Los delitos menores de clase A conllevan una posible condena de hasta un a\u00f1o de c\u00e1rcel, un per\u00edodo de libertad condicional de hasta tres a\u00f1os y una multa de hasta 1.000 euros. Un ejemplo de delito menor de clase A es el uso ilegal de una tarjeta de cr\u00e9dito o d\u00e9bito.&nbsp;<\/p>\n\n\n\n<p><strong>Delito menor de clase B<\/strong>: Los delitos menores de clase B se castigan con hasta tres meses de c\u00e1rcel y una multa de hasta $500. Un ejemplo de delito menor de clase B es la emisi\u00f3n de un cheque sin fondos.&nbsp;<\/p>\n\n\n\n<h2 class=\"wp-block-heading\">\u00bfEs usted un abogado investigado por un delito de cuello blanco?<\/h2>\n\n\n\n<p>Si usted es un abogado que ha sido acusado de un delito de cuello blanco o est\u00e1 siendo investigado, es imperativo que se ponga en contacto con un abogado con experiencia en defensa penal de cuello blanco New York tan pronto como sea posible. En el <a href=\"https:\/\/www.brill-legal.com\/es\/\">Brill Legal Group<\/a>Tenemos una gran experiencia en la gesti\u00f3n de <a href=\"https:\/\/www.brill-legal.com\/es\/nuestros-servicios\/audiencias-disciplinarias-investigaciones\/abogado-defensa-mala-conducta-financiera\/\">todo tipo de delitos financieros graves y leves<\/a> tanto en tribunales estatales como federales. Tambi\u00e9n representamos a abogados en procedimientos disciplinarios profesionales. Para obtener m\u00e1s informaci\u00f3n, y para programar una consulta gratuita hoy, <a href=\"tel:1-888-315-9841\">llame al 888-315-9841<\/a>. Tambi\u00e9n puede ponerse en contacto con nosotros a trav\u00e9s de <a href=\"https:\/\/www.brill-legal.com\/es\/pongase-en-contacto-con\/\">formulario de contacto seguro en l\u00ednea<\/a>.<\/p>","protected":false},"excerpt":{"rendered":"<p>Los abogados ocupan un lugar de confianza en la sociedad y, por ello, a menudo asumen el deber de cuidar o supervisar los fondos de sus clientes. Y aunque las Reglas Modelo de Conducta Profesional proporcionan el marco normativo por el que se rigen los abogados, en algunos casos, las acciones de un abogado pueden constituir un delito. Dada la...<\/p>","protected":false},"author":1,"featured_media":0,"parent":383,"menu_order":0,"comment_status":"closed","ping_status":"closed","template":"","meta":{"_acf_changed":false,"episode_type":"","audio_file":"","cover_image":"","cover_image_id":"","duration":"","filesize":"","date_recorded":"","explicit":"","block":"","itunes_episode_number":"","itunes_title":"","itunes_season_number":"","itunes_episode_type":"","filesize_raw":"","footnotes":""},"class_list":["post-6827","page","type-page","status-publish","hentry"],"acf":[],"_links":{"self":[{"href":"https:\/\/www.brill-legal.com\/es\/wp-json\/wp\/v2\/pages\/6827","targetHints":{"allow":["GET"]}}],"collection":[{"href":"https:\/\/www.brill-legal.com\/es\/wp-json\/wp\/v2\/pages"}],"about":[{"href":"https:\/\/www.brill-legal.com\/es\/wp-json\/wp\/v2\/types\/page"}],"author":[{"embeddable":true,"href":"https:\/\/www.brill-legal.com\/es\/wp-json\/wp\/v2\/users\/1"}],"replies":[{"embeddable":true,"href":"https:\/\/www.brill-legal.com\/es\/wp-json\/wp\/v2\/comments?post=6827"}],"version-history":[{"count":3,"href":"https:\/\/www.brill-legal.com\/es\/wp-json\/wp\/v2\/pages\/6827\/revisions"}],"predecessor-version":[{"id":6831,"href":"https:\/\/www.brill-legal.com\/es\/wp-json\/wp\/v2\/pages\/6827\/revisions\/6831"}],"up":[{"embeddable":true,"href":"https:\/\/www.brill-legal.com\/es\/wp-json\/wp\/v2\/pages\/383"}],"wp:attachment":[{"href":"https:\/\/www.brill-legal.com\/es\/wp-json\/wp\/v2\/media?parent=6827"}],"curies":[{"name":"wp","href":"https:\/\/api.w.org\/{rel}","templated":true}]}}