{"id":6819,"date":"2024-03-07T22:37:32","date_gmt":"2024-03-07T22:37:32","guid":{"rendered":"https:\/\/www.brill-legal.com\/?page_id=6819"},"modified":"2024-03-07T22:39:21","modified_gmt":"2024-03-07T22:39:21","slug":"defensa-de-la-licencia-de-enfermeria","status":"publish","type":"page","link":"https:\/\/www.brill-legal.com\/es\/nuestros-servicios\/audiencias-disciplinarias-investigaciones\/defensa-de-la-licencia-de-enfermeria\/","title":{"rendered":"Defensa de la licencia de enfermer\u00eda"},"content":{"rendered":"<p>Una licencia de enfermer\u00eda representa la culminaci\u00f3n de a\u00f1os de formaci\u00f3n y esfuerzo. Una licencia v\u00e1lida permite a una enfermera cuidar de los pacientes y construir una carrera en la asistencia sanitaria. Cuando su licencia se ve amenazada por una audiencia disciplinaria o una acci\u00f3n administrativa, puede sentirse como si estuviera a punto de perder todo por lo que ha trabajado.&nbsp;<\/p>\n\n\n\n<p>Si su licencia de enfermer\u00eda est\u00e1 en peligro, hable con un <strong>abogado con experiencia en defensa de licencias de enfermer\u00eda New York<\/strong> inmediatamente. No asista a una vista ni acepte una oferta de acuerdo sin hablar antes con un abogado. En <a href=\"https:\/\/www.brill-legal.com\/es\/abogados\/\">abogado con experiencia como el equipo de Brill Legal Group PC<\/a> puede ayudarle a comprender sus opciones y a defender sus derechos.&nbsp;<\/p>\n\n\n\n<h3 class=\"wp-block-heading\">Tipos de casos disciplinarios de enfermer\u00eda<\/h3>\n\n\n\n<p>En New York, la Junta de Enfermer\u00eda (Board of Nursing, BON) es responsable de supervisar a las enfermeras licenciadas que ejercen su profesi\u00f3n en el estado. La Junta de Enfermer\u00eda puede investigar presuntas infracciones de las leyes estatales sobre el ejercicio de la enfermer\u00eda y tiene potestad para imponer medidas disciplinarias a las enfermeras y auxiliares de enfermer\u00eda tituladas que hayan infringido dichas leyes.&nbsp;<\/p>\n\n\n\n<p>Los casos que se presentan ante la BON suelen pertenecer a una de varias categor\u00edas:<\/p>\n\n\n\n<ul class=\"wp-block-list\">\n<li><strong>Alegaciones relacionadas con la pr\u00e1ctica de la enfermer\u00eda, <\/strong>como no evaluar los cambios en el estado del paciente, no llevar a cabo intervenciones y fallos en la elaboraci\u00f3n de historiales.&nbsp;<\/li>\n\n\n\n<li><strong>Denuncias relacionadas con drogas <\/strong>incluyen resultados positivos en pruebas de drogas o alegaciones de que un enfermero ha desempe\u00f1ado sus funciones bajo la influencia de sustancias prohibidas.<\/li>\n\n\n\n<li><strong>Reclamaciones por violaci\u00f3n de l\u00edmites, <\/strong>por ejemplo, una enfermera o auxiliar de enfermer\u00eda que ejerza la medicina de forma indebida o realice tareas no contempladas en su formaci\u00f3n o en su licencia de enfermer\u00eda.<\/li>\n\n\n\n<li><strong>Mala conducta sexual<\/strong>incluyendo presuntas conductas indebidas con pacientes.<\/li>\n\n\n\n<li><strong>Denuncias de malos tratos <\/strong>puede incluir abusos f\u00edsicos, mentales, emocionales o financieros.<\/li>\n\n\n\n<li><strong>Reclamaciones por fraude <\/strong>constituyen una amplia categor\u00eda que puede abarcar desde el enga\u00f1o a una persona hasta la participaci\u00f3n en Medicare u otros tipos de fraude financiero.&nbsp;<\/li>\n\n\n\n<li><strong>Resultados de la verificaci\u00f3n de antecedentes penales <\/strong>que entren en conflicto con las normas relativas a la concesi\u00f3n de licencias.&nbsp;<\/li>\n<\/ul>\n\n\n\n<p>En general, el BON puede investigar cualquier reclamaci\u00f3n contra enfermeros que implique un comportamiento poco profesional, inseguro o poco \u00e9tico, incluidos antecedentes penales o abuso de alcohol y sustancias. Entre ellas se incluyen errores m\u00e9dicos como administrar el tipo o la dosis de medicaci\u00f3n equivocados u otras formas de negligencia.&nbsp;<\/p>\n\n\n\n<h3 class=\"wp-block-heading\">\u00bfCu\u00e1les son los procedimientos de la Junta de Enfermer\u00eda?<\/h3>\n\n\n\n<p>La Junta de Enfermer\u00eda debe ajustarse a las leyes estatales y federales en sus procedimientos. Las protecciones incluyen la Cl\u00e1usula del Debido Proceso de la Enmienda 14, que requiere que la Junta de Enfermer\u00eda proporcione los derechos b\u00e1sicos del debido proceso procesal. En otras palabras, el BON no puede tomar una acci\u00f3n en contra de la licencia de una enfermera sin proveer a la enfermera acusada los derechos b\u00e1sicos, incluyendo:<\/p>\n\n\n\n<ul class=\"wp-block-list\">\n<li><strong>Aviso <\/strong>de las acusaciones, los motivos que las sustentan y los planes de la BON de investigar o celebrar una audiencia, y<\/li>\n\n\n\n<li>A <strong>audici\u00f3n <\/strong>en la que la enfermera acusada puede o\u00edr las pruebas presentadas en su contra, presentar sus propias pruebas y testimonios de testigos, e interrogar a los testigos presentados en su contra.&nbsp;<\/li>\n<\/ul>\n\n\n\n<p>Adem\u00e1s, la Junta de Enfermer\u00eda no puede presentar cargos infundados o vagos contra una enfermera. Los cargos deben tener suficiente contenido espec\u00edfico para que la enfermera pueda abordarlos directamente.&nbsp;<\/p>\n\n\n\n<p>Estos derechos b\u00e1sicos del debido proceso se aplican a todas las acciones adversas, incluidos los juicios penales completos. Sin embargo, la Junta de Enfermer\u00eda no est\u00e1 obligada a seguir todas las normas que se aplican a los juicios penales. Por ejemplo, el BON puede considerar pruebas de o\u00eddas, aunque esas pruebas no estar\u00edan permitidas en un tribunal.&nbsp;<\/p>\n\n\n\n<p>Las audiencias BON tampoco est\u00e1n obligadas a seguir todas las normas que se aplican a los casos civiles, como las demandas por negligencia m\u00e9dica. Por ejemplo, en una demanda por negligencia m\u00e9dica, el m\u00e9dico u hospital demandado puede ver las pruebas que la persona lesionada piensa presentar en el juicio. En una audiencia de la Junta de Enfermer\u00eda, sin embargo, el BON no est\u00e1 obligado a mostrarle las pruebas que han recogido, incluso si planean utilizar esas pruebas para argumentar que su licencia debe ser revocada.&nbsp;<\/p>\n\n\n\n<p>Entender las reglas que se aplican en una audiencia BON es esencial para construir un caso efectivo defendiendo sus acciones y su licencia. Tratar de manejar su propio caso de audiencia disciplinaria a\u00f1ade estr\u00e9s y confusi\u00f3n a una situaci\u00f3n que ya es dif\u00edcil.&nbsp;<\/p>\n\n\n\n<p>Trabajar con un abogado con experiencia hace que la situaci\u00f3n sea m\u00e1s llevadera. Tu abogado puede defender tus derechos y explicarte lo que necesitas saber, para que puedas centrarte en las tareas cotidianas que t\u00fa y tu familia necesit\u00e1is.&nbsp;<\/p>\n\n\n\n<h3 class=\"wp-block-heading\">Acciones que la Junta de Enfermer\u00eda puede emprender contra un enfermero de un centro m\u00e9dico New York<\/h3>\n\n\n\n<p>La Junta de Enfermer\u00eda tiene el poder de disciplinar a los titulares de licencias de enfermer\u00eda si determina que la disciplina est\u00e1 justificada. Los tipos comunes de acci\u00f3n disciplinaria que el BON puede tomar incluyen:<\/p>\n\n\n\n<ul class=\"wp-block-list\">\n<li>Emitir una multa o una sanci\u00f3n civil, que la enfermera debe pagar.<\/li>\n\n\n\n<li>Limitar o restringir la capacidad de la enfermera para ejercer la enfermer\u00eda, por ejemplo, poni\u00e9ndola a prueba o limitando el n\u00famero de horas que puede trabajar.<\/li>\n\n\n\n<li>Remitir a la enfermera a un programa disciplinario, que supervisa el trabajo de la enfermera durante un periodo determinado. Amonestar a la enfermera por una infracci\u00f3n leve de la ley de pr\u00e1ctica enfermera.<\/li>\n\n\n\n<li>Revocaci\u00f3n o suspensi\u00f3n de la licencia de enfermero.&nbsp;<\/li>\n<\/ul>\n\n\n\n<p>Es importante recordar que no todas las acciones disciplinarias de la Junta de Enfermer\u00eda son \"una y ya est\u00e1\". Algunas consecuencias pueden continuar afectando futuras opciones y decisiones. Por ejemplo, ciertas acciones que la Junta de Enfermer\u00eda puede tomar en contra de su licencia podr\u00eda afectar su capacidad para obtener una licencia de enfermer\u00eda en otros estados. Si m\u00e1s adelante decide abandonar el New York, es posible que no pueda obtener la licencia de enfermero en su nuevo estado de residencia.<\/p>\n\n\n\n<p>Las acciones que tomes durante tu caso disciplinario pueden aumentar la posibilidad de que no puedas ejercer la enfermer\u00eda en otro estado. Si firmas un acuerdo de consentimiento, por ejemplo, tu caso disciplinario puede ser incluido en futuras listas de exclusi\u00f3n en otros estados. No puedes renegociar este acuerdo una vez firmado\u4e00ni siquiera si descubres posteriormente que el acuerdo te ha impedido efectivamente trabajar como enfermero en tu nuevo estado de origen.&nbsp;<\/p>\n\n\n\n<p>Todas estas acciones tienen un impacto negativo en tu vida diaria. Algunas tienen un mayor impacto en su carrera y su futuro que otras. Al trabajar con un abogado con experiencia, puede luchar por el resultado que mejor refleje los hechos del caso y sus mejores intereses como persona y como profesional.&nbsp;<\/p>\n\n\n\n<h3 class=\"wp-block-heading\">Medidas de emergencia de la Junta de Enfermer\u00eda<\/h3>\n\n\n\n<p>En algunos casos, la Junta de Enfermer\u00eda puede tomar medidas incluso antes de celebrar una audiencia o llegar a una decisi\u00f3n final. Por ejemplo, la BON puede revisar una queja contra una enfermera y decidir que las alegaciones, de ser ciertas, suponen un riesgo demasiado grande para el p\u00fablico como para permitir que la enfermera siga ejerciendo.&nbsp;<\/p>\n\n\n\n<p>En estos casos, la BON puede tomar medidas de emergencia. Una forma com\u00fan de acci\u00f3n de emergencia es la suspensi\u00f3n sumaria de una licencia de enfermer\u00eda. Cuando se emite la suspensi\u00f3n sumaria, tambi\u00e9n se presenta una queja formal y la Junta de Enfermer\u00eda inicia una investigaci\u00f3n completa.&nbsp;<\/p>\n\n\n\n<p>La Junta de Enfermer\u00eda no puede emitir una suspensi\u00f3n sumaria en todos los casos. En su lugar, la Junta debe tener pruebas \"claras y convincentes\" de que permitir que la enfermera siga ejerciendo plantea graves riesgos de da\u00f1o al p\u00fablico. Una suspensi\u00f3n sumaria puede ser revocada por la Junta de Enfermer\u00eda si la Junta encuentra una raz\u00f3n para hacerlo o si se emite una orden final en el caso.<\/p>\n\n\n\n<p>Una suspensin sumarial te impide desempear tu trabajo como enfermera\u4e00trabajo del que dependes para mantener tu hogar y tu familia. Los rumores o discusiones sobre por qu\u00e9 ya no te presentas a trabajar pueden tener un impacto negativo en tu reputaci\u00f3n profesional. Un abogado con experiencia puede ayudarte a luchar por tus derechos ante una suspensi\u00f3n sumaria.&nbsp;<\/p>\n\n\n\n<h3 class=\"wp-block-heading\">C\u00f3mo puede ayudar un abogado defensor del personal de enfermer\u00eda NY&nbsp;<\/h3>\n\n\n\n<p>Un abogado con experiencia en la defensa de licencias de enfermer\u00eda puede ayudarle a entender los cargos que enfrenta y los posibles resultados. Las preguntas que su abogado puede ayudarle a responder incluyen:<\/p>\n\n\n\n<ul class=\"wp-block-list\">\n<li>\u00bfQu\u00e9 dice la Junta de Enfermer\u00eda que he hecho mal?<\/li>\n\n\n\n<li>\u00bfCu\u00e1les son los pros y los contras de discutir un acuerdo? \u00bfEs justo y razonable el acuerdo ofrecido?<\/li>\n\n\n\n<li>\u00bfDebo solicitar ahora una licencia de enfermer\u00eda en otro estado o esperar a que se resuelva mi caso BON?&nbsp;<\/li>\n\n\n\n<li>\u00bfDebo renunciar voluntariamente a mi licencia?&nbsp;<\/li>\n<\/ul>\n\n\n\n<p>Las acciones de la Junta de Enfermer\u00eda no son casos criminales, aunque pueden sentirse tan acusatorias como un cargo criminal. Sin embargo, si usted est\u00e1 enfrentando cargos criminales en otro caso, es vital que <a href=\"https:\/\/www.brill-legal.com\/es\/pongase-en-contacto-con\/\">hable con un abogado<\/a> con experiencia en el manejo de acciones disciplinarias de licencias de enfermer\u00eda. Los abogados penalistas sin esta experiencia pueden aconsejarle que acepte un acuerdo de culpabilidad sin darse cuenta del impacto que tendr\u00e1 en su licencia de enfermer\u00eda.&nbsp;<\/p>\n\n\n\n<p>Cada caso de licencia de enfermer\u00eda surge de un conjunto \u00fanico de hechos y circunstancias. En consecuencia, es importante no asumir que su caso tendr\u00e1 el mismo resultado que el caso de otra enfermera. Mientras que los amigos y colegas pueden ofrecer apoyo emocional y pr\u00e1ctico en este momento, s\u00f3lo un abogado con experiencia puede proporcionar la estrategia legal y la orientaci\u00f3n que su caso espec\u00edfico requiere.&nbsp;<\/p>\n\n\n\n<h3 class=\"wp-block-heading\">P\u00f3ngase en contacto hoy mismo con Brill Legal Group<\/h3>\n\n\n\n<p>Si se enfrenta a una acci\u00f3n disciplinaria relacionada con su carrera o licencia de enfermer\u00eda, hable con el equipo del <a href=\"https:\/\/www.brill-legal.com\/es\/\">Brill Legal Group<\/a>. Ayudamos a las enfermeras a responder a las acciones disciplinarias, incluyendo:<\/p>\n\n\n\n<ul class=\"wp-block-list\">\n<li><a href=\"https:\/\/www.brill-legal.com\/es\/nuestros-servicios\/audiencias-disciplinarias-investigaciones\/audiencias-disciplinarias-cnas\/\">Auxiliares de enfermer\u00eda certificados (CNA)<\/a><\/li>\n\n\n\n<li><a href=\"https:\/\/www.brill-legal.com\/es\/nuestros-servicios\/audiencias-disciplinarias-investigaciones\/audiencias-disciplinarias-lpns\/\">Enfermeras diplomadas (LPN)<\/a><\/li>\n\n\n\n<li><a href=\"https:\/\/www.brill-legal.com\/es\/nuestros-servicios\/audiencias-disciplinarias-investigaciones\/audiencias-disciplinarias-enfermeros-profesionales-nps\/\">Enfermeros profesionales (NP)<\/a><\/li>\n\n\n\n<li><a href=\"https:\/\/www.brill-legal.com\/es\/nuestros-servicios\/audiencias-disciplinarias-investigaciones\/audiencias-disciplinarias-asistentes-medicos-pas\/\">Asistentes m\u00e9dicos (AP)<\/a><\/li>\n\n\n\n<li><a href=\"https:\/\/www.brill-legal.com\/es\/nuestros-servicios\/audiencias-disciplinarias-investigaciones\/audiencias-disciplinarias-rns\/\">Enfermeras diplomadas (RN)<\/a><\/li>\n<\/ul>\n\n\n\n<p>Para saber m\u00e1s, <a href=\"https:\/\/www.brill-legal.com\/es\/pongase-en-contacto-con\/\">Contacto<\/a> hoy mismo para programar una consulta gratuita y confidencial.<\/p>","protected":false},"excerpt":{"rendered":"<p>Una licencia de enfermer\u00eda representa la culminaci\u00f3n de a\u00f1os de formaci\u00f3n y esfuerzo. Una licencia v\u00e1lida permite a una enfermera cuidar de los pacientes y construir una carrera en la asistencia sanitaria. Cuando tu licencia se ve amenazada por una audiencia disciplinaria o una acci\u00f3n administrativa, puedes sentirte como si estuvieras a punto de perder todo por lo que has trabajado. ...<\/p>","protected":false},"author":1,"featured_media":0,"parent":399,"menu_order":0,"comment_status":"closed","ping_status":"closed","template":"","meta":{"_acf_changed":false,"episode_type":"","audio_file":"","cover_image":"","cover_image_id":"","duration":"","filesize":"","date_recorded":"","explicit":"","block":"","itunes_episode_number":"","itunes_title":"","itunes_season_number":"","itunes_episode_type":"","filesize_raw":"","footnotes":""},"class_list":["post-6819","page","type-page","status-publish","hentry"],"acf":[],"_links":{"self":[{"href":"https:\/\/www.brill-legal.com\/es\/wp-json\/wp\/v2\/pages\/6819","targetHints":{"allow":["GET"]}}],"collection":[{"href":"https:\/\/www.brill-legal.com\/es\/wp-json\/wp\/v2\/pages"}],"about":[{"href":"https:\/\/www.brill-legal.com\/es\/wp-json\/wp\/v2\/types\/page"}],"author":[{"embeddable":true,"href":"https:\/\/www.brill-legal.com\/es\/wp-json\/wp\/v2\/users\/1"}],"replies":[{"embeddable":true,"href":"https:\/\/www.brill-legal.com\/es\/wp-json\/wp\/v2\/comments?post=6819"}],"version-history":[{"count":3,"href":"https:\/\/www.brill-legal.com\/es\/wp-json\/wp\/v2\/pages\/6819\/revisions"}],"predecessor-version":[{"id":6822,"href":"https:\/\/www.brill-legal.com\/es\/wp-json\/wp\/v2\/pages\/6819\/revisions\/6822"}],"up":[{"embeddable":true,"href":"https:\/\/www.brill-legal.com\/es\/wp-json\/wp\/v2\/pages\/399"}],"wp:attachment":[{"href":"https:\/\/www.brill-legal.com\/es\/wp-json\/wp\/v2\/media?parent=6819"}],"curies":[{"name":"wp","href":"https:\/\/api.w.org\/{rel}","templated":true}]}}