{"id":674,"date":"2015-12-11T07:41:52","date_gmt":"2015-12-11T07:41:52","guid":{"rendered":"http:\/\/host2.adviahost.net\/~brilllegal\/?page_id=674"},"modified":"2015-12-15T01:04:53","modified_gmt":"2015-12-15T01:04:53","slug":"la-princesa-tiene-un-guisante-suelto","status":"publish","type":"page","link":"https:\/\/www.brill-legal.com\/es\/medios-de-comunicacion\/la-princesa-tiene-un-guisante-suelto\/","title":{"rendered":"La princesa tiene un guisante suelto"},"content":{"rendered":"<p>Por BARBARA ROSS REDACTORA DE DAILY NEWS<br \/>\n<em>Mi\u00e9rcoles, 2 de junio de 2004, 6:56 a.m.<\/em><\/p>\n<p>Una mujer acusada de fraude al seguro ha pasado de afirmar que es una princesa saud\u00ed a sugerir que es una loca de la realeza.<\/p>\n<p>Antoinette Millard, de 40 a\u00f1os, acept\u00f3 ayer someterse a una evaluaci\u00f3n psiqui\u00e1trica como parte de un intento de llegar a un acuerdo con la fiscal\u00eda de Manhattan.<\/p>\n<p>Millard, que ha afirmado ser tanto de la realeza como modelo de Victoria's Secret, ha recibido tratamiento psiqui\u00e1trico en el pasado, dijo su abogado, Peter Brill. No quiso dar m\u00e1s detalles.<\/p>\n<p>Millard fue acusada de intento de hurto mayor despu\u00e9s de que en octubre presentara una reclamaci\u00f3n al seguro por unas joyas que, seg\u00fan ella, le hab\u00edan robado. El fiscal del distrito de Manhattan, Robert Morgenthau, declar\u00f3 que Millard hab\u00eda vendido las joyas antes del supuesto robo. No cobr\u00f3 la indemnizaci\u00f3n de Chubb Insurance.<\/p>\n<p>Millard es en realidad ex vicepresidenta de la empresa de banca de inversi\u00f3n Brown Brothers Harriman e hija de un obrero sider\u00fargico de Buffalo. Brill la describi\u00f3 como \"alguien que qued\u00f3 atrapada en el tipo de cultura del dinero que domina New York\". Dijo que ella ten\u00eda \"la necesidad de encajar en esa cultura\".<\/p>\n<p>La fiscal adjunta Diana Florence dijo ayer al juez que los fiscales quieren que Millard cumpla una pena de c\u00e1rcel de uno a tres a\u00f1os.<\/p>\n<p>Brill dijo que su cliente accedi\u00f3 a la evaluaci\u00f3n psiqui\u00e1trica para ayudar a sus posibilidades de menos tiempo en la c\u00e1rcel.<\/p>\n<p>La esbelta y menuda divorciada compareci\u00f3 ayer ante la juez del Tribunal Supremo de Manhattan Renee White sin la tiara de \"diamantes\" que sol\u00eda llevar en los actos sociales. Vest\u00eda un traje conservador de color vainilla y ten\u00eda los ojos llorosos y enrojecidos. Le temblaba el labio inferior cuando se acercaron los periodistas.<\/p>","protected":false},"excerpt":{"rendered":"<p>Por BARBARA ROSS REDACTORA DEL DAILY NEWS Mi\u00e9rcoles, 2 de junio de 2004, 6:56 a.m. Una mujer acusada de fraude al seguro ha pasado de afirmar que es una princesa saud\u00ed a sugerir que es una loca de la realeza. Antoinette Millard, de 40 a\u00f1os, acept\u00f3 ayer someterse a una evaluaci\u00f3n psiqui\u00e1trica como parte de un intento de llegar a un acuerdo con...<\/p>","protected":false},"author":1,"featured_media":0,"parent":537,"menu_order":0,"comment_status":"closed","ping_status":"closed","template":"","meta":{"_acf_changed":false,"episode_type":"","audio_file":"","cover_image":"","cover_image_id":"","duration":"","filesize":"","date_recorded":"","explicit":"","block":"","itunes_episode_number":"","itunes_title":"","itunes_season_number":"","itunes_episode_type":"","filesize_raw":"","footnotes":""},"class_list":["post-674","page","type-page","status-publish","hentry"],"acf":[],"_links":{"self":[{"href":"https:\/\/www.brill-legal.com\/es\/wp-json\/wp\/v2\/pages\/674","targetHints":{"allow":["GET"]}}],"collection":[{"href":"https:\/\/www.brill-legal.com\/es\/wp-json\/wp\/v2\/pages"}],"about":[{"href":"https:\/\/www.brill-legal.com\/es\/wp-json\/wp\/v2\/types\/page"}],"author":[{"embeddable":true,"href":"https:\/\/www.brill-legal.com\/es\/wp-json\/wp\/v2\/users\/1"}],"replies":[{"embeddable":true,"href":"https:\/\/www.brill-legal.com\/es\/wp-json\/wp\/v2\/comments?post=674"}],"version-history":[{"count":2,"href":"https:\/\/www.brill-legal.com\/es\/wp-json\/wp\/v2\/pages\/674\/revisions"}],"predecessor-version":[{"id":1294,"href":"https:\/\/www.brill-legal.com\/es\/wp-json\/wp\/v2\/pages\/674\/revisions\/1294"}],"up":[{"embeddable":true,"href":"https:\/\/www.brill-legal.com\/es\/wp-json\/wp\/v2\/pages\/537"}],"wp:attachment":[{"href":"https:\/\/www.brill-legal.com\/es\/wp-json\/wp\/v2\/media?parent=674"}],"curies":[{"name":"wp","href":"https:\/\/api.w.org\/{rel}","templated":true}]}}