{"id":6731,"date":"2023-03-22T22:03:45","date_gmt":"2023-03-22T22:03:45","guid":{"rendered":"https:\/\/www.brill-legal.com\/?page_id=6731"},"modified":"2023-03-22T22:08:59","modified_gmt":"2023-03-22T22:08:59","slug":"consejos-para-padres-de-adolescentes","status":"publish","type":"page","link":"https:\/\/www.brill-legal.com\/es\/nuestros-servicios\/defensa-penal\/delitos-juveniles\/consejos-para-padres-de-adolescentes\/","title":{"rendered":"Consejos para padres de adolescentes"},"content":{"rendered":"<p>Cuando los adolescentes empiezan a convertirse en adultos con identidad propia, pueden afirmar su independencia mostrando un comportamiento imprevisible. Su hijo, antes afable, puede convertirse en un adolescente malhumorado que da portazos desafiantes y se niega a escucharle. Aunque esta conducta puede resultar chocante, la mayor\u00eda de los padres no se dan cuenta de que es t\u00edpica de muchos adolescentes.<\/p>\n\n\n\n<p>Ser padre de un adolescente nunca es f\u00e1cil ni viene acompa\u00f1ado de una gu\u00eda. Te preocupa constantemente con qui\u00e9n sale tu hijo o te desesperan las discusiones interminables. Luchas contra la irritabilidad y la impulsividad de tu hijo. Si un adolescente vive bajo su techo, quiz\u00e1 se pregunte c\u00f3mo puede vigilarlo y evitar que se meta en l\u00edos.<\/p>\n\n\n\n<p>A pesar de los retos, es importante recordar que los adolescentes siguen buscando en sus padres orientaci\u00f3n, amor, aceptaci\u00f3n y aprobaci\u00f3n. Teniendo esto en cuenta, he aqu\u00ed algunos consejos para los padres sobre c\u00f3mo ayudar a su hijo o hija a pasar con \u00e9xito a la edad adulta y qu\u00e9 hacer en caso de que se metan en l\u00edos.<\/p>\n\n\n\n<h3 class=\"wp-block-heading\">\u00bfAdolescente t\u00edpico o adolescente problem\u00e1tico?<\/h3>\n\n\n\n<p>La adolescencia suele implicar experimentaci\u00f3n y rebeld\u00eda. Pero hay que recordar que no hay dos adolescentes iguales. Un paso esencial para los padres deber\u00eda ser determinar qu\u00e9 es \"normal\" para su hijo y reconocer cu\u00e1ndo se desv\u00eda de ello. Mientras que algunos adolescentes no experimentan cambios dr\u00e1sticos entre la secundaria y el bachillerato, otros pueden actuar de diversas maneras, como hacerse piercings o te\u00f1irse el pelo.<\/p>\n\n\n\n<p>Pero, \u00bfcu\u00e1ndo un comportamiento t\u00edpico de un adolescente se convierte en un comportamiento problem\u00e1tico? Para muchos adolescentes, la experimentaci\u00f3n forma parte de la construcci\u00f3n de su identidad. Por ejemplo, la mayor\u00eda de los j\u00f3venes beber\u00e1n alcohol y fumar\u00e1n un cigarrillo en alg\u00fan momento, y muchos incluso probar\u00e1n la marihuana. Sin embargo, cuando beber o consumir drogas se convierte en un h\u00e1bito, puede ser una expresi\u00f3n externa de problemas subyacentes, especialmente cuando van acompa\u00f1ados de problemas en la escuela o en casa.<\/p>\n\n\n\n<p>Un adolescente problem\u00e1tico puede mostrar un comportamiento que va m\u00e1s all\u00e1 de lo esperado o normal para \u00e9l. Hay se\u00f1ales de advertencia a tener en cuenta cuando se trata de comportamientos preocupantes en adolescentes que <a href=\"https:\/\/www.brill-legal.com\/es\/nuestros-servicios\/defensa-penal\/delitos-juveniles\/\">puede acarrear problemas legales<\/a>. Si su hijo adolescente es violento, bebe en exceso, amenaza o intimida a otros, falta a clase, es cruel con los animales, juega obsesivamente a videojuegos violentos, roba en tiendas o realiza otras acciones de riesgo fuera de lo normal, puede ser una llamada de socorro. Puede que sea necesario intervenir si hay problemas de abuso de sustancias o de salud mental, como la depresi\u00f3n.<\/p>\n\n\n\n<p>Los amigos tambi\u00e9n pueden ejercer una gran influencia en los adolescentes. Por eso, es fundamental que su hijo encuentre un grupo de iguales en el que encajar. A medida que los amigos se vuelven m\u00e1s importantes para su hijo, es natural que se vaya alejando de usted. No obstante, aseg\u00farese de conocer los aspectos b\u00e1sicos, como a d\u00f3nde va su hijo y con qui\u00e9n pasa el tiempo. Est\u00e9 atento a las se\u00f1ales de alarma, como el hecho de que el grupo de amigos de su hijo adolescente fomente un comportamiento negativo a trav\u00e9s de la presi\u00f3n de grupo o se niegue a seguir unas normas razonables. Salir con el grupo adecuado puede ayudar a su hijo adolescente a mantenerse alejado de situaciones perjudiciales.&nbsp;<\/p>\n\n\n\n<h3 class=\"wp-block-heading\">Tipos de delitos comunes entre los adolescentes<\/h3>\n\n\n\n<p>En <a href=\"https:\/\/www.brill-legal.com\/es\/nuestros-servicios\/defensa-penal\/dwi\/consumo-de-alcohol-entre-menores\/\">consumo de alcohol entre menores<\/a> a <a href=\"https:\/\/www.brill-legal.com\/es\/nuestros-servicios\/defensa-penal\/delitos-de-drogas\/posesion-o-venta-de-drogas\/\">posesi\u00f3n de drogas<\/a>Los adolescentes pueden meterse en problemas con la ley de muchas maneras. En un esfuerzo por liberarse de la vigilancia de sus padres, los estudiantes de secundaria pueden empezar a salir m\u00e1s y a pasar m\u00e1s tiempo con sus amigos. La nueva independencia puede abrumar a algunos j\u00f3venes y llevarles a tomar decisiones equivocadas.<\/p>\n\n\n\n<p>Los adolescentes pueden acabar asumiendo riesgos que la mayor\u00eda de los adultos no asumir\u00edan, <a href=\"https:\/\/www.brill-legal.com\/es\/nuestros-servicios\/defensa-penal\/asalto\/\">dando lugar a peleas<\/a>, <a href=\"https:\/\/www.brill-legal.com\/es\/nuestros-servicios\/defensa-penal\/delitos-sexuales\/agresion-sexual\/\">agresiones sexuales<\/a>vandalismo, actividades de bandas, peque\u00f1os hurtos, delitos contra la propiedad y <a href=\"https:\/\/www.brill-legal.com\/es\/nuestros-servicios\/defensa-penal\/dwi\/\">conducir ebrio<\/a>. Por desgracia, muchos adolescentes no se dan cuenta de lo poco que tienen que hacer para ser acusados de un delito. Las consecuencias potenciales de meterse en problemas legales podr\u00edan tener un impacto de largo alcance en el futuro. Entrar en el sistema judicial podr\u00eda costarle a su hijo adolescente su libertad y afectar a sus privilegios de conducci\u00f3n, adem\u00e1s de perjudicar su capacidad para obtener pr\u00e9stamos estudiantiles o incluso un trabajo.\u00a0<\/p>\n\n\n\n<p>Lo que puede ser un error de una sola vez o un lapsus en el juicio puede conducir a un arresto. Un proceso penal puede ser devastador para el futuro de un joven adulto en la era de las redes sociales y la verificaci\u00f3n de antecedentes en l\u00ednea. Y mientras que, como padres, nuestro amor y preocupaci\u00f3n por nuestros hijos nos lleva a creer que la lecci\u00f3n se aprende tras un arresto, los agentes de la ley y el sistema judicial a menudo tienen una opini\u00f3n diferente.<\/p>\n\n\n\n<p>Hay casos en los que puede convertir lo ocurrido en una lecci\u00f3n de vida y resolver las cosas para su hijo o hija. Sin embargo, tambi\u00e9n es importante que los padres se den cuenta de que hay un l\u00edmite en cuanto a lo que pueden ayudar a su hijo adolescente, sobre todo si ya no vive en casa. Si un adolescente se mete en l\u00edos una y otra vez, puede que haya un problema subyacente que deba abordarse.&nbsp;<\/p>\n\n\n\n<h3 class=\"wp-block-heading\">La comunicaci\u00f3n con el adolescente<\/h3>\n\n\n\n<p>Aunque puede resultar tentador para los padres alejarse de su hijo adolescente cuando su comportamiento cambia, mantener una l\u00ednea de comunicaci\u00f3n abierta es esencial para generar confianza. Mantener conversaciones francas y abiertas con el adolescente sobre drogas, alcohol y otros temas es una forma de asegurarse de que las cosas no se les vayan de las manos.<\/p>\n\n\n\n<p>Aunque la relaci\u00f3n con tu hijo adolescente no sea perfecta, demostrarle que te importa puede marcar la diferencia. Conectar con su hijo adolescente requiere un enfoque sensible. Por ejemplo, si ves que tu hijo o hija comete un error, puedes decirle lo que piensas sin sermonearle sobre lo que debe hacer.<\/p>\n\n\n\n<p>Escuche a su hijo adolescente sin juzgarle, criticarle ni interrumpirle. Si trata a su hijo adolescente de la misma manera que tratar\u00eda a un igual, habr\u00e1 m\u00e1s posibilidades de que responda como un adulto y le pida consejo. Recuerde que comunicarse con \u00e9xito con su hijo adolescente le llevar\u00e1 tiempo y esfuerzo, as\u00ed que no se desanime ante cualquier rechazo inicial.<\/p>\n\n\n\n<h3 class=\"wp-block-heading\">Establecer l\u00edmites y crear una estructura<\/h3>\n\n\n\n<p>Mantener una estructura y establecer l\u00edmites es esencial cuando hay un adolescente viviendo bajo su techo, aunque s\u00f3lo sea los fines de semana. Los adolescentes pueden discutir con usted sobre la disciplina o rebelarse contra las normas, pero eso no significa que no sean necesarias. Las rutinas, como horarios regulares para comer y acostarse, ayudan al adolescente a sentirse seguro y a evitar problemas.<\/p>\n\n\n\n<p>Para los padres, existe un delicado equilibrio entre dar a sus hijos adolescentes la libertad justa y establecer al menos unas restricciones b\u00e1sicas, incluida la disciplina. Aseg\u00farese de que su hijo sabe cu\u00e1les son sus expectativas y que infringirlas tiene consecuencias. Cuando traspase los l\u00edmites, d\u00edgale lo que ha hecho y c\u00f3mo piensa disciplinarlo. Como padre o madre, es su deber hacer cumplir las normas dom\u00e9sticas, especialmente cuando sabe que su hijo o hija reaccionar\u00e1 de forma exagerada ante un castigo.<\/p>\n\n\n\n<p>Cuando tu hijo adolescente estalle, perm\u00edtele retirarse a un espacio seguro para calmarse. Evita exigirle disculpas o explicaciones cuando est\u00e9 enfadado, ya que podr\u00eda agravar la situaci\u00f3n.<\/p>\n\n\n\n<h2 class=\"wp-block-heading\">Obtenga ayuda profesional o jur\u00eddica cuando la necesite<\/h2>\n\n\n\n<p>Aunque los padres pueden hacer todo lo que est\u00e9 en su mano para intentar mantener a su hijo adolescente alejado de los problemas, a veces es necesaria la intervenci\u00f3n de un profesional para identificar la ra\u00edz de sus problemas y obtener ayuda para afrontarlos. Si observas comportamientos de alerta, consulta a un profesional de la salud mental para asegurarte de que tu hijo adolescente recibe el apoyo y el tratamiento que necesita.<\/p>\n\n\n\n<p>Por otra parte, si su hijo adolescente se encuentra en graves problemas legales, una de las mejores formas de protegerle es <a href=\"https:\/\/www.brill-legal.com\/es\/pongase-en-contacto-con\/\">contratar a un abogado penalista<\/a>. La naturaleza compleja de las leyes New York, el delito cometido y las posibles sanciones son s\u00f3lo algunas de las razones por las que puede ser necesario contratar a un abogado cualificado.<\/p>\n\n\n\n<p><a href=\"https:\/\/www.brill-legal.com\/es\/abogados\/peter-e-brill\/\">New York abogado de defensa criminal Peter Brill del Brill Legal Group<\/a> ha manejado muchos tipos diferentes de casos juveniles. Ha recibido muchas llamadas de padres preocupados, pidiendo ayuda cuando su hijo se enfrentaba a problemas legales. En <a href=\"https:\/\/www.brill-legal.com\/es\/\">Brill Legal Group<\/a> tiene una amplia experiencia en la lucha contra <a href=\"https:\/\/www.brill-legal.com\/es\/nuestros-servicios\/defensa-penal\/delitos-juveniles\/\">cargos penales para j\u00f3venes<\/a>. Conocemos los entresijos del sistema legal y podemos ayudarle a manejar una situaci\u00f3n potencialmente grave antes de que se le vaya de las manos, con la esperanza de evitar antecedentes penales.<\/p>\n\n\n\n<p>La combinaci\u00f3n de la orientaci\u00f3n de los padres y un asesoramiento jur\u00eddico cualificado puede ayudar a un joven a evitar cometer los mismos errores en el futuro. Tenga en cuenta que, en \u00faltima instancia, cada situaci\u00f3n y relaci\u00f3n es diferente. No existe una \u00fanica forma correcta de criar a un adolescente. Los problemas de su hijo no son se\u00f1al de que usted haya fracasado como padre. En lugar de culparle, c\u00e9ntrate en conectar con \u00e9l y sus necesidades.<\/p>\n\n\n\n<p>Si su hijo se enfrenta a problemas legales, <a href=\"https:\/\/www.brill-legal.com\/es\/pongase-en-contacto-con\/\">p\u00f3ngase en contacto con el Brill Legal Group<\/a> inmediatamente para hablar de su situaci\u00f3n.<\/p>","protected":false},"excerpt":{"rendered":"<p>Cuando los adolescentes empiezan a convertirse en adultos con identidad propia, pueden afirmar su independencia mostrando un comportamiento imprevisible. Su hijo, antes afable, puede convertirse en un adolescente malhumorado que da portazos desafiantes y se niega a escucharle. Aunque esta conducta puede resultar chocante, la mayor\u00eda de los padres no...<\/p>","protected":false},"author":1,"featured_media":6206,"parent":331,"menu_order":0,"comment_status":"closed","ping_status":"closed","template":"","meta":{"_acf_changed":false,"episode_type":"","audio_file":"","cover_image":"","cover_image_id":"","duration":"","filesize":"","date_recorded":"","explicit":"","block":"","itunes_episode_number":"","itunes_title":"","itunes_season_number":"","itunes_episode_type":"","filesize_raw":"","footnotes":""},"class_list":["post-6731","page","type-page","status-publish","has-post-thumbnail","hentry"],"acf":[],"_links":{"self":[{"href":"https:\/\/www.brill-legal.com\/es\/wp-json\/wp\/v2\/pages\/6731","targetHints":{"allow":["GET"]}}],"collection":[{"href":"https:\/\/www.brill-legal.com\/es\/wp-json\/wp\/v2\/pages"}],"about":[{"href":"https:\/\/www.brill-legal.com\/es\/wp-json\/wp\/v2\/types\/page"}],"author":[{"embeddable":true,"href":"https:\/\/www.brill-legal.com\/es\/wp-json\/wp\/v2\/users\/1"}],"replies":[{"embeddable":true,"href":"https:\/\/www.brill-legal.com\/es\/wp-json\/wp\/v2\/comments?post=6731"}],"version-history":[{"count":4,"href":"https:\/\/www.brill-legal.com\/es\/wp-json\/wp\/v2\/pages\/6731\/revisions"}],"predecessor-version":[{"id":6735,"href":"https:\/\/www.brill-legal.com\/es\/wp-json\/wp\/v2\/pages\/6731\/revisions\/6735"}],"up":[{"embeddable":true,"href":"https:\/\/www.brill-legal.com\/es\/wp-json\/wp\/v2\/pages\/331"}],"wp:featuredmedia":[{"embeddable":true,"href":"https:\/\/www.brill-legal.com\/es\/wp-json\/wp\/v2\/media\/6206"}],"wp:attachment":[{"href":"https:\/\/www.brill-legal.com\/es\/wp-json\/wp\/v2\/media?parent=6731"}],"curies":[{"name":"wp","href":"https:\/\/api.w.org\/{rel}","templated":true}]}}