{"id":6701,"date":"2025-11-05T23:01:16","date_gmt":"2025-11-05T23:01:16","guid":{"rendered":"https:\/\/www.brill-legal.com\/?page_id=6701"},"modified":"2025-11-05T23:01:18","modified_gmt":"2025-11-05T23:01:18","slug":"defensa-contra-el-maltrato-domestico","status":"publish","type":"page","link":"https:\/\/www.brill-legal.com\/es\/nuestros-servicios\/defensa-penal\/violencia-domestica\/defensa-contra-el-maltrato-domestico\/","title":{"rendered":"Defensa contra el maltrato dom\u00e9stico"},"content":{"rendered":"<p><a href=\"https:\/\/www.brill-legal.com\/es\/nuestros-servicios\/defensa-penal\/violencia-domestica\/\">Maltrato dom\u00e9stico<\/a> es un asunto grave y un gran problema en un n\u00famero alarmante de relaciones. Como tal, las fuerzas del orden lo tratan de forma diferente a otros delitos. Por desgracia, no son raras las denuncias falsas o exageradas. Como resultado, la gente sufre consecuencias innecesarias y se perjudica a las v\u00edctimas leg\u00edtimas de la violencia dom\u00e9stica.&nbsp;<\/p>\n\n\n\n<p>En el <a href=\"https:\/\/www.brill-legal.com\/es\/\">Brill Legal Group<\/a>Nuestro equipo de profesionales no tiene miedo de asumir su caso de violencia dom\u00e9stica, ni le juzgaremos por ello. Nuestra principal motivaci\u00f3n, a diferencia del sistema legal que est\u00e1 en contra de aquellos que han sido acusados de estos delitos, es ayudarle a usted y a su familia y proteger su derecho al debido proceso y a un juicio justo.&nbsp;<\/p>\n\n\n\n<h3 class=\"wp-block-heading\">\u00bfQu\u00e9 es la violencia dom\u00e9stica?<\/h3>\n\n\n\n<p>El Departamento de Justicia de EE.UU. define la violencia dom\u00e9stica como un delito de violencia cometido por una persona que es c\u00f3nyuge actual o anterior, pareja \u00edntima o cohabitante de la v\u00edctima, una persona con la que la v\u00edctima comparte un hijo, u otra persona protegida por las leyes de violencia dom\u00e9stica. Su gravedad puede variar desde un delito menor a un delito grave, con las correspondientes consecuencias penales.&nbsp;<\/p>\n\n\n\n<p>Tipos comunes de violencia dom\u00e9stica:<\/p>\n\n\n\n<ul class=\"wp-block-list\">\n<li><strong>Maltrato f\u00edsico<\/strong>-golpes, pu\u00f1etazos, patadas o cualquier otro tipo de da\u00f1o f\u00edsico.<\/li>\n\n\n\n<li><strong>Abusos sexuales<\/strong>-violaci\u00f3n, agresi\u00f3n, prostituci\u00f3n forzada o utilizaci\u00f3n del sexo para da\u00f1ar, explotar o manipular.<\/li>\n\n\n\n<li><strong>Maltrato psicol\u00f3gico\/emocional<\/strong>-gaslighting, intimidaci\u00f3n, control de la v\u00edctima o utilizaci\u00f3n de sus sentimientos para herirla.<\/li>\n\n\n\n<li><strong>Abuso verbal<\/strong>-amenazas, reproches, insultos, gritos, etc.<\/li>\n\n\n\n<li><strong>Abuso financiero<\/strong>-retener, controlar o gastar descuidadamente el dinero de la v\u00edctima o afectar a su capacidad para trabajar o ganar dinero.&nbsp;<\/li>\n\n\n\n<li><strong>Acoso<\/strong><\/li>\n\n\n\n<li><strong>Aislamiento<\/strong><\/li>\n<\/ul>\n\n\n\n<p>Uno de los objetivos del ordenamiento jur\u00eddico es proteger a las personas, especialmente a las m\u00e1s vulnerables, como los ni\u00f1os. Es este deseo el que lleva al planteamiento general de \"detener primero, preguntar despu\u00e9s\" en los casos de violencia dom\u00e9stica. La naturaleza violenta de estos delitos y el hecho de que suelen producirse en la intimidad del hogar, sin testigos ni pruebas concluyentes, significa que los acusados de violencia dom\u00e9stica no siempre gozan de la presunci\u00f3n de inocencia que caracteriza a la justicia estadounidense.<\/p>\n\n\n\n<h3 class=\"wp-block-heading\">Por qu\u00e9 se hacen acusaciones falsas<\/h3>\n\n\n\n<p>Las relaciones se agrian y no suelen terminar amistosamente. La pasi\u00f3n puede nublar el juicio. Cuando hay un conflicto importante entre parejas actuales o anteriores, las emociones est\u00e1n a flor de piel. Un episodio de violencia dom\u00e9stica puede ser un hecho aislado en respuesta a circunstancias extremas o una cuesti\u00f3n de defensa propia. Tambi\u00e9n puede ser inventado en un intento de hacer da\u00f1o.&nbsp;<\/p>\n\n\n\n<p>Una de las motivaciones m\u00e1s comunes para hacer una falsa acusaci\u00f3n de abuso es ganar ventaja en un caso de divorcio o custodia de los hijos. El acusador tambi\u00e9n puede estar buscando venganza o tener problemas de abuso de sustancias o de salud mental que afectan a sus acciones. Las v\u00edctimas de malos tratos pueden ganarse la simpat\u00eda de amigos y familiares, as\u00ed como de los tribunales, y los cargos de violencia dom\u00e9stica conllevan graves consecuencias para el acusado. Por desgracia, es una forma f\u00e1cil de hacer da\u00f1o a alguien.&nbsp;<\/p>\n\n\n\n<p>Hemos visto muchas razones diferentes para que esto ocurra y sufran personas inocentes. Aunque estas situaciones son muy personales, en la <a href=\"https:\/\/www.brill-legal.com\/es\/\">Brill Legal Group<\/a> tienen la comprensi\u00f3n y la experiencia necesarias para ayudar.&nbsp;<\/p>\n\n\n\n<h3 class=\"wp-block-heading\">\u00bfQu\u00e9 ocurre tras una acusaci\u00f3n de malos tratos dom\u00e9sticos?<\/h3>\n\n\n\n<p>Las ramificaciones de la violencia dom\u00e9stica pueden ser devastadoras a corto y largo plazo. La verg\u00fcenza y el bochorno de ser acusado de un delito violento, especialmente contra una mujer o un ni\u00f1o. En los procedimientos civiles, una acusaci\u00f3n de malos tratos dom\u00e9sticos puede afectar gravemente a los acuerdos de divorcio o custodia.<\/p>\n\n\n\n<p>En Brill Legal Group nos ocupamos s\u00f3lo de los casos penales, por lo que nuestra principal preocupaci\u00f3n es ayudar a los acusados a trav\u00e9s del sistema judicial penal, que est\u00e1 ansioso por condenar. La violencia dom\u00e9stica conlleva penas graves, como penas de c\u00e1rcel, multas o clases obligatorias de asesoramiento y control de la ira.&nbsp;<\/p>\n\n\n\n<p>Despu\u00e9s de cualquier tipo de incidente de abuso dom\u00e9stico, un juez probablemente emitir\u00e1 una orden temporal de protecci\u00f3n (tambi\u00e9n conocida como orden de restricci\u00f3n) que establece que el acusado no puede tener contacto con la v\u00edctima y \/ o hijos menores de edad durante alg\u00fan per\u00edodo de tiempo, al menos hasta una audiencia inicial, pero a menudo durante todo el tiempo que el caso permanece en la corte. Tambi\u00e9n puede requerir que el acusado abandone el hogar familiar y encuentre un nuevo lugar donde alojarse. Esto puede ser especialmente dif\u00edcil para los ni\u00f1os implicados.&nbsp;<\/p>\n\n\n\n<p>Una orden de alejamiento completa tambi\u00e9n expone a la persona a m\u00e1s problemas legales, ya que violar la orden es otro delito grave y a menudo conlleva penas de c\u00e1rcel autom\u00e1ticas. Una de las formas en que el Brill Legal Group puede ayudar en esta situaci\u00f3n es convencer a un juez de que una <a href=\"https:\/\/www.brill-legal.com\/es\/nuestros-servicios\/defensa-penal\/violencia-domestica\/ordenes-de-proteccion-contra-la-violencia-domestica\/\">la orden de protecci\u00f3n es innecesaria<\/a> para que el acusado pueda volver a casa o ver y hablar con sus hijos. Comprendemos lo mucho que est\u00e1 en juego para los implicados.&nbsp;<\/p>\n\n\n\n<h2 class=\"wp-block-heading\">Defensa frente a demandas por violencia dom\u00e9stica<\/h2>\n\n\n\n<p>En estos momentos dif\u00edciles y emocionales, lo m\u00e1s importante es mantener la calma. Incluso cuando hay intentos de escalar una situaci\u00f3n o causar m\u00e1s da\u00f1o es esencial no reaccionar ya que esto s\u00f3lo puede empeorar un caso de violencia dom\u00e9stica y perjudicarle en los tribunales. Aseg\u00farese de seguir los t\u00e9rminos de cualquier mandato. Es probable que su acusador est\u00e9 ansioso por verle cometer un error o violar una orden.&nbsp;<\/p>\n\n\n\n<p>Tambi\u00e9n conviene <a href=\"https:\/\/www.brill-legal.com\/es\/pongase-en-contacto-con\/\">hable inmediatamente con un abogado defensor experimentado<\/a> que puede ayudarle a luchar contra los cargos de violencia dom\u00e9stica. Una vez m\u00e1s, el sistema judicial se inclina significativamente a favor de la v\u00edctima, a veces a expensas del acusado. Tener un experto a su lado le ayudar\u00e1 a sentirse menos solo, especialmente en una experiencia tan aislante.&nbsp;<\/p>\n\n\n\n<p>Si ha estado <a href=\"https:\/\/www.brill-legal.com\/es\/nuestros-servicios\/defensa-penal\/violencia-domestica\/\">detenido por violencia dom\u00e9stica<\/a>llame a los profesionales del Brill Legal Group. Nuestro equipo est\u00e1 dispuesto a luchar por usted. Su consulta es gratuita. <a href=\"tel:1-888-315-9841\">P\u00f3ngase en contacto con nosotros en el (888) 315-9841<\/a>.<\/p>","protected":false},"excerpt":{"rendered":"<p>El maltrato dom\u00e9stico es un asunto grave y un gran problema en un n\u00famero alarmante de relaciones. Como tal, las fuerzas del orden lo tratan de forma diferente a otros delitos. Por desgracia, no son raras las denuncias falsas o exageradas. Como resultado, la gente sufre consecuencias innecesarias y las v\u00edctimas leg\u00edtimas de la violencia dom\u00e9stica se ven perjudicadas.  En la...<\/p>","protected":false},"author":1,"featured_media":6704,"parent":289,"menu_order":0,"comment_status":"closed","ping_status":"closed","template":"","meta":{"_acf_changed":false,"episode_type":"","audio_file":"","cover_image":"","cover_image_id":"","duration":"","filesize":"","date_recorded":"","explicit":"","block":"","itunes_episode_number":"","itunes_title":"","itunes_season_number":"","itunes_episode_type":"","filesize_raw":"","footnotes":""},"class_list":["post-6701","page","type-page","status-publish","has-post-thumbnail","hentry"],"acf":[],"_links":{"self":[{"href":"https:\/\/www.brill-legal.com\/es\/wp-json\/wp\/v2\/pages\/6701","targetHints":{"allow":["GET"]}}],"collection":[{"href":"https:\/\/www.brill-legal.com\/es\/wp-json\/wp\/v2\/pages"}],"about":[{"href":"https:\/\/www.brill-legal.com\/es\/wp-json\/wp\/v2\/types\/page"}],"author":[{"embeddable":true,"href":"https:\/\/www.brill-legal.com\/es\/wp-json\/wp\/v2\/users\/1"}],"replies":[{"embeddable":true,"href":"https:\/\/www.brill-legal.com\/es\/wp-json\/wp\/v2\/comments?post=6701"}],"version-history":[{"count":5,"href":"https:\/\/www.brill-legal.com\/es\/wp-json\/wp\/v2\/pages\/6701\/revisions"}],"predecessor-version":[{"id":6707,"href":"https:\/\/www.brill-legal.com\/es\/wp-json\/wp\/v2\/pages\/6701\/revisions\/6707"}],"up":[{"embeddable":true,"href":"https:\/\/www.brill-legal.com\/es\/wp-json\/wp\/v2\/pages\/289"}],"wp:featuredmedia":[{"embeddable":true,"href":"https:\/\/www.brill-legal.com\/es\/wp-json\/wp\/v2\/media\/6704"}],"wp:attachment":[{"href":"https:\/\/www.brill-legal.com\/es\/wp-json\/wp\/v2\/media?parent=6701"}],"curies":[{"name":"wp","href":"https:\/\/api.w.org\/{rel}","templated":true}]}}