{"id":6682,"date":"2025-11-05T22:54:48","date_gmt":"2025-11-05T22:54:48","guid":{"rendered":"https:\/\/www.brill-legal.com\/?page_id=6682"},"modified":"2025-11-05T22:54:51","modified_gmt":"2025-11-05T22:54:51","slug":"abogado-defensa-mala-conducta-financiera","status":"publish","type":"page","link":"https:\/\/www.brill-legal.com\/es\/nuestros-servicios\/audiencias-disciplinarias-investigaciones\/abogado-defensa-mala-conducta-financiera\/","title":{"rendered":"Abogado Defensa Mala Conducta Financiera"},"content":{"rendered":"<h2 class=\"wp-block-heading\"><em>Mala conducta financiera de un profesional del Derecho - Audiencia disciplinaria Abogado<\/em><\/h2>\n\n\n\n<p>Los abogados tienen muchas responsabilidades profesionales en materia de finanzas. En consecuencia, su trabajo puede exponerlos a acusaciones de mala conducta financiera desde varios \u00e1ngulos \u4e00y a <a href=\"https:\/\/www.brill-legal.com\/es\/nuestros-servicios\/audiencias-disciplinarias-investigaciones\/\">medidas disciplinarias<\/a> de varias autoridades reguladoras o de concesi\u00f3n de licencias profesionales.<\/p>\n\n\n\n<p>Si se enfrenta a reclamaciones por mal comportamiento financiero, trabaje con un <a href=\"https:\/\/www.brill-legal.com\/es\/\">bufete de abogados con experiencia New York<\/a> que puede luchar por su reputaci\u00f3n profesional y su licencia. En <a href=\"https:\/\/www.brill-legal.com\/es\/abogados\/\">equipo del Brill Legal Group<\/a> puede ayudar.&nbsp;<\/p>\n\n\n\n<h3 class=\"wp-block-heading\">Obligaciones financieras de los abogados<\/h3>\n\n\n\n<p>Los abogados autorizados para ejercer la abogac\u00eda en New York deben adherirse a la <a href=\"https:\/\/nysba.org\/app\/uploads\/2023\/02\/20221020-Rules-of-Professional-Conduct-as-amended-6.10.2022.pdf\" target=\"_blank\" rel=\"noreferrer noopener\">New York Normas de conducta profesional,<\/a> promulgadas por las Divisiones de Apelaci\u00f3n del Tribunal Supremo del Estado de New York. El Pre\u00e1mbulo de las Reglas establece que la naturaleza de la pr\u00e1ctica legal como una profesi\u00f3n aut\u00f3noma exige que los abogados cumplan con un alto est\u00e1ndar de conducta hacia los clientes.&nbsp;<\/p>\n\n\n\n<p>El hecho de que los abogados a menudo desempe\u00f1en varias funciones para un cliente determinado, desde defensor legal a fiduciario financiero, aumenta la necesidad de una autogesti\u00f3n reflexiva. Tambi\u00e9n complica esta pr\u00e1ctica al crear \u00e1reas de conflicto potencial.<\/p>\n\n\n\n<p>Para abordar estas cuestiones, las Reglas de Conducta Profesional New York proporcionan orientaci\u00f3n sobre varios asuntos financieros y funciones relacionadas con la conducta profesional de un abogado.&nbsp;<\/p>\n\n\n\n<h3 class=\"wp-block-heading\">Tasas y divisi\u00f3n de tasas<\/h3>\n\n\n\n<p>La regla 1.5 proh\u00edbe a los abogados de New York \"acordar, cobrar o percibir honorarios o gastos excesivos o ilegales\". Para determinar si un honorario es \"excesivo\" hay que examinar los hechos de cada caso concreto. Por lo tanto, los abogados acusados de infringir esta norma pueden verse obligados a justificar unos honorarios o gastos ante el colegio de abogados en un examen de su conducta financiera.<\/p>\n\n\n\n<p>El Reglamento tambi\u00e9n establece que las disputas sobre honorarios deben decidirse mediante arbitraje. Un abogado con experiencia en el proceso de arbitraje puede ayudarle a construir el mejor caso posible.<\/p>\n\n\n\n<h3 class=\"wp-block-heading\">Responsabilidades fiduciarias<\/h3>\n\n\n\n<p>La Regla 1.15 es una de las m\u00e1s extensas incluidas en las Reglas de Conducta Profesional de New York. Abarca una amplia gama de conductas relacionadas con la gesti\u00f3n financiera de los abogados, incluyendo:<\/p>\n\n\n\n<ul class=\"wp-block-list\">\n<li>Gesti\u00f3n admisible e inadmisible de fondos,<\/li>\n\n\n\n<li>Responsabilidad fiduciaria ante los clientes y otras partes,<\/li>\n\n\n\n<li>Normas contra la mezcla o apropiaci\u00f3n indebida de fondos o activos de los clientes, y<\/li>\n\n\n\n<li>Mantenimiento de cuentas bancarias y registros financieros.<\/li>\n<\/ul>\n\n\n\n<p>La norma tambi\u00e9n establece directrices para examinar los registros financieros de un abogado o bufete de abogados.&nbsp;<\/p>\n\n\n\n<p>Debido a que la Regla 1.15 se refiere al examen de los registros financieros, casi cualquier acusaci\u00f3n de mala conducta financiera contra un abogado o empresa es probable que implique la Regla 1.15 de alguna manera. Un abogado con experiencia puede ayudar a garantizar que se cumplan las exigencias de la Regla, liber\u00e1ndole a usted para centrarse en proporcionar una representaci\u00f3n de calidad a sus propios clientes.&nbsp;<\/p>\n\n\n\n<h3 class=\"wp-block-heading\">Publicidad y pagos por recomendaciones<\/h3>\n\n\n\n<p>Muchos de los requisitos de la Regla 7.1 sobre publicidad se centran en el contenido de los anuncios m\u00e1s que en sus aspectos financieros. Sin embargo, un abogado puede ser acusado de mala conducta financiera relacionada con la publicidad si el contenido de los anuncios no se ajusta a las normas o a la experiencia real de un cliente.&nbsp;<\/p>\n\n\n\n<p>Del mismo modo, la Regla 7.2 regula los pagos por remisiones de fuentes externas, incluidos otros abogados. Las alegaciones de mala conducta en virtud de esta Regla pueden perturbar la capacidad de un abogado o bufete para centrarse en servir a sus clientes al suponer una distracci\u00f3n innecesaria.&nbsp;<\/p>\n\n\n\n<p>Adem\u00e1s, algunos asuntos que inicialmente se enmarcan como cuestiones financieras pueden, de hecho, implicar otras normas de conducta profesional. Por ejemplo, un cliente que no est\u00e1 satisfecho con la comunicaci\u00f3n de un bufete de abogados en relaci\u00f3n con los fondos de liquidaci\u00f3n puede alegar que el problema est\u00e1 relacionado con la gesti\u00f3n de los fondos por parte del abogado. S\u00f3lo tras una investigaci\u00f3n queda claro que el problema subyacente no es de naturaleza financiera. La ayuda de un abogado objetivo y experimentado puede aclarar las cuestiones con mayor claridad y ayudarle a sortear las acusaciones de mala conducta financiera.&nbsp;<\/p>\n\n\n\n<h3 class=\"wp-block-heading\">Casos que llevamos<\/h3>\n\n\n\n<p>Los abogados pueden verse sometidos a investigaciones por parte de los Comit\u00e9s Estatales de Quejas New York y otros consejos profesionales u organismos reguladores. Ejemplos de casos que hemos manejado incluyen:<\/p>\n\n\n\n<ul class=\"wp-block-list\">\n<li>Abogados objeto de investigaciones penales por parte del Departamento de Justicia,<\/li>\n\n\n\n<li>Abogados acusados de mala pr\u00e1ctica jur\u00eddica ante las Comisiones Disciplinarias o de Quejas de los Departamentos Judiciales Primero, Segundo o Tercero,<\/li>\n\n\n\n<li>Abogados que comparecen ante las Comisiones de Reclamaciones del Colegio de Abogados,&nbsp;<\/li>\n\n\n\n<li>Abogados convocados ante los Comit\u00e9s de Car\u00e1cter e Idoneidad,<\/li>\n\n\n\n<li>Abogados cuyo trabajo incluya aspectos financieros o burs\u00e1tiles, y<\/li>\n\n\n\n<li>Contables y otros profesionales de la empresa que se enfrentan a acusaciones que abarcan tanto el mundo financiero como el jur\u00eddico.&nbsp;<\/li>\n<\/ul>\n\n\n\n<p>Si te enfrentas a <a href=\"https:\/\/www.brill-legal.com\/es\/nuestros-servicios\/defensa-penal\/delitos-de-cuello-blanco\/defensa-penal-de-cuello-blanco-para-abogados\/\">acusaciones de mala conducta financiera<\/a> dentro de su pr\u00e1ctica jur\u00eddica, no espere. <a href=\"https:\/\/www.brill-legal.com\/es\/pongase-en-contacto-con\/\">P\u00f3ngase en contacto con el Brill Legal Group hoy mismo.<\/a> Servimos a nuestros clientes con una negociaci\u00f3n astuta y una fuerte representaci\u00f3n en cada acci\u00f3n disciplinaria de licencias profesionales. Para saber m\u00e1s, <a href=\"tel:1-888-315-9841\">Contacte con nosotros en el 888-315-9841<\/a> hoy mismo para programar una consulta gratuita y confidencial.\u00a0<\/p>","protected":false},"excerpt":{"rendered":"<p>Mala conducta financiera de los profesionales del Derecho - Audiencia disciplinaria Abogado Los abogados tienen muchas responsabilidades profesionales en lo que respecta a las finanzas. En consecuencia, su trabajo puede exponerlos a acusaciones de mala conducta financiera desde varios \u00e1ngulos \u4e00y a acciones disciplinarias de varias autoridades reguladoras o de licencias profesionales. Si se enfrenta a acusaciones de mala conducta financiera, trabaje con un abogado experimentado de Nueva...<\/p>","protected":false},"author":1,"featured_media":0,"parent":399,"menu_order":0,"comment_status":"closed","ping_status":"closed","template":"","meta":{"_acf_changed":false,"episode_type":"","audio_file":"","cover_image":"","cover_image_id":"","duration":"","filesize":"","date_recorded":"","explicit":"","block":"","itunes_episode_number":"","itunes_title":"","itunes_season_number":"","itunes_episode_type":"","filesize_raw":"","footnotes":""},"class_list":["post-6682","page","type-page","status-publish","hentry"],"acf":[],"_links":{"self":[{"href":"https:\/\/www.brill-legal.com\/es\/wp-json\/wp\/v2\/pages\/6682","targetHints":{"allow":["GET"]}}],"collection":[{"href":"https:\/\/www.brill-legal.com\/es\/wp-json\/wp\/v2\/pages"}],"about":[{"href":"https:\/\/www.brill-legal.com\/es\/wp-json\/wp\/v2\/types\/page"}],"author":[{"embeddable":true,"href":"https:\/\/www.brill-legal.com\/es\/wp-json\/wp\/v2\/users\/1"}],"replies":[{"embeddable":true,"href":"https:\/\/www.brill-legal.com\/es\/wp-json\/wp\/v2\/comments?post=6682"}],"version-history":[{"count":4,"href":"https:\/\/www.brill-legal.com\/es\/wp-json\/wp\/v2\/pages\/6682\/revisions"}],"predecessor-version":[{"id":6868,"href":"https:\/\/www.brill-legal.com\/es\/wp-json\/wp\/v2\/pages\/6682\/revisions\/6868"}],"up":[{"embeddable":true,"href":"https:\/\/www.brill-legal.com\/es\/wp-json\/wp\/v2\/pages\/399"}],"wp:attachment":[{"href":"https:\/\/www.brill-legal.com\/es\/wp-json\/wp\/v2\/media?parent=6682"}],"curies":[{"name":"wp","href":"https:\/\/api.w.org\/{rel}","templated":true}]}}