{"id":667,"date":"2015-12-11T07:30:49","date_gmt":"2015-12-11T07:30:49","guid":{"rendered":"http:\/\/host2.adviahost.net\/~brilllegal\/?page_id=667"},"modified":"2015-12-15T00:53:44","modified_gmt":"2015-12-15T00:53:44","slug":"cliente-acusado-de-posesion-de-pornografia-infantil","status":"publish","type":"page","link":"https:\/\/www.brill-legal.com\/es\/medios-de-comunicacion\/cliente-acusado-de-posesion-de-pornografia-infantil\/","title":{"rendered":"Cliente acusado de posesi\u00f3n de pornograf\u00eda infantil"},"content":{"rendered":"<p><em>Por Michael Lanza<\/em><\/p>\n<p>Un disc-jockey de Ozone Park fue procesado por cargos de promoci\u00f3n y posesi\u00f3n de pornograf\u00eda infantil el pasado martes en el Tribunal Penal de Queens en Kew Gardens.<\/p>\n<p>Dominick Guerra, de 29 a\u00f1os, presuntamente admiti\u00f3 haber descargado y visionado pornograf\u00eda infantil a trav\u00e9s de Limewire, un programa de intercambio de archivos de Internet, seg\u00fan una declaraci\u00f3n escrita obtenida por los detectives antes de su detenci\u00f3n. El DJ de bodas supuestamente obtuvo numerosos v\u00eddeos, incluido un v\u00eddeo instructivo que ofrec\u00eda consejos y m\u00e9todos para abusar sexualmente de ni\u00f1os.<\/p>\n<p>\"Los cargos son muy inquietantes. Existe una conexi\u00f3n nacional con este caso que muestra de forma aterradora el gran alcance de Internet en la difusi\u00f3n de pornograf\u00eda infantil. Es imperativo que persigamos en\u00e9rgicamente este caso para que nuestros ni\u00f1os permanezcan a salvo de los depredadores que comparten informaci\u00f3n para llevar a cabo sus actos depravados\", dijo el fiscal del distrito de Queens, Richard A. Brown.<\/p>\n<p>Guerra se declara inocente, dijo Peter E. Brill, el abogado defensor de Guerra.<\/p>\n<p>\"Creemos que el fiscal se dar\u00e1 cuenta de que los cargos no son apropiados\", dijo.<\/p>\n<p>Brill dijo que cree que su cliente pudo haber descargado el material sin darse cuenta, y a\u00f1adi\u00f3 que era importante verificar si Guerra ten\u00eda intenci\u00f3n de descargar los v\u00eddeos pornogr\u00e1ficos antes de emitir un juicio.<\/p>\n<p>\"La reacci\u00f3n instintiva en este tipo de casos es suponer lo peor\". dijo Brill. \"Cuando se conozcan todos los hechos quedar\u00e1 claro que no es as\u00ed como sucedieron las cosas en realidad\".<\/p>\n<p>Los v\u00eddeos expl\u00edcitos en cuesti\u00f3n mostraban supuestamente a hombres adultos abusando de ni\u00f1os, incluido uno en el que aparec\u00eda una ni\u00f1a de 4 a\u00f1os, seg\u00fan el informe del fiscal del distrito. La polic\u00eda de Wheaton, Illinois, supuestamente rastre\u00f3 dos v\u00eddeos de pornograf\u00eda infantil, compartidos en Limewire, hasta el domicilio de Guerra en febrero, antes de remitir el caso a las autoridades locales.<\/p>\n<p>Los detectives de la Brigada de Delitos Inform\u00e1ticos del Departamento de Polic\u00eda New York City detuvieron a Guerra y ejecutaron \u00f3rdenes de registro en su domicilio el pasado lunes, donde confiscaron un ordenador de sobremesa del dormitorio de Guerra, dos ordenadores port\u00e1tiles y varios dispositivos de almacenamiento externo, seg\u00fan el informe del fiscal del distrito.<\/p>\n<p>Por el momento se desconoce si los ordenadores confiscados conten\u00edan los v\u00eddeos de pornograf\u00eda infantil.<\/p>\n<p>Guerra fue detenido bajo fianza de $100.000 hasta su pr\u00f3xima comparecencia ante el tribunal el 1 de mayo.<\/p>\n<p>Guerra se enfrenta a hasta siete a\u00f1os de prisi\u00f3n si es declarado culpable.<\/p>","protected":false},"excerpt":{"rendered":"<p>Por Michael Lanza Un disc-jockey de Ozone Park fue procesado por cargos de promoci\u00f3n y posesi\u00f3n de pornograf\u00eda infantil el pasado martes en el Tribunal Penal de Queens en Kew Gardens. Dominick Guerra, de 29 a\u00f1os, supuestamente admiti\u00f3 haber descargado y visto pornograf\u00eda infantil a trav\u00e9s de Limewire, un programa de intercambio de archivos de Internet, seg\u00fan una declaraci\u00f3n escrita obtenida por los detectives antes de su...<\/p>","protected":false},"author":1,"featured_media":0,"parent":537,"menu_order":0,"comment_status":"closed","ping_status":"closed","template":"","meta":{"_acf_changed":false,"episode_type":"","audio_file":"","cover_image":"","cover_image_id":"","duration":"","filesize":"","date_recorded":"","explicit":"","block":"","itunes_episode_number":"","itunes_title":"","itunes_season_number":"","itunes_episode_type":"","filesize_raw":"","footnotes":""},"class_list":["post-667","page","type-page","status-publish","hentry"],"acf":[],"_links":{"self":[{"href":"https:\/\/www.brill-legal.com\/es\/wp-json\/wp\/v2\/pages\/667","targetHints":{"allow":["GET"]}}],"collection":[{"href":"https:\/\/www.brill-legal.com\/es\/wp-json\/wp\/v2\/pages"}],"about":[{"href":"https:\/\/www.brill-legal.com\/es\/wp-json\/wp\/v2\/types\/page"}],"author":[{"embeddable":true,"href":"https:\/\/www.brill-legal.com\/es\/wp-json\/wp\/v2\/users\/1"}],"replies":[{"embeddable":true,"href":"https:\/\/www.brill-legal.com\/es\/wp-json\/wp\/v2\/comments?post=667"}],"version-history":[{"count":2,"href":"https:\/\/www.brill-legal.com\/es\/wp-json\/wp\/v2\/pages\/667\/revisions"}],"predecessor-version":[{"id":1289,"href":"https:\/\/www.brill-legal.com\/es\/wp-json\/wp\/v2\/pages\/667\/revisions\/1289"}],"up":[{"embeddable":true,"href":"https:\/\/www.brill-legal.com\/es\/wp-json\/wp\/v2\/pages\/537"}],"wp:attachment":[{"href":"https:\/\/www.brill-legal.com\/es\/wp-json\/wp\/v2\/media?parent=667"}],"curies":[{"name":"wp","href":"https:\/\/api.w.org\/{rel}","templated":true}]}}