{"id":6640,"date":"2025-11-05T22:56:43","date_gmt":"2025-11-05T22:56:43","guid":{"rendered":"https:\/\/www.brill-legal.com\/?page_id=6640"},"modified":"2025-11-05T22:56:44","modified_gmt":"2025-11-05T22:56:44","slug":"defensa-de-los-profesores-no-titulares","status":"publish","type":"page","link":"https:\/\/www.brill-legal.com\/es\/nuestros-servicios\/audiencias-disciplinarias-investigaciones\/abogado-defensor-del-educador\/defensa-de-los-profesores-no-titulares\/","title":{"rendered":"Defensa de los profesores no titulares"},"content":{"rendered":"<p>Los derechos de un profesor no titular no son los mismos que los de un profesor titular. Esto se debe a que los profesores no titulares se consideran empleados a voluntad. Un profesor no titular, tambi\u00e9n llamado profesor en pr\u00e1cticas o educador, tiene ciertos derechos en virtud del contrato que firm\u00f3 con el distrito escolar.&nbsp;<\/p>\n\n\n\n<p>New York los profesores no titulares no pueden ser despedidos en violaci\u00f3n de sus contratos. Cada contrato de trabajo puede estar redactado de forma diferente dependiendo del distrito que le emplee. Estar bajo contrato tambi\u00e9n significa que, aparte de los l\u00edmites establecidos en ese contrato con el profesor no titular, el distrito escolar o el consejo escolar pueden despedir a un profesor no titular por cualquier motivo o sin motivo.&nbsp;<\/p>\n\n\n\n<p>No obstante, un empleador (consejo escolar o distrito) puede <a href=\"https:\/\/www.brill-legal.com\/es\/nuestros-servicios\/audiencias-disciplinarias-investigaciones\/abogado-defensor-del-educador\/\">no despedir a un profesor por un motivo ilegal<\/a>. En otras palabras, el empresario no puede actuar de \"mala fe\". Un motivo ilegal puede ser el despido por pertenecer a una clase legalmente protegida, como la raza, el sexo, la discapacidad, el embarazo, la condici\u00f3n de cuidador, la identidad de g\u00e9nero, la orientaci\u00f3n sexual o la religi\u00f3n. Su despido puede estar incluido en <a href=\"https:\/\/www.eeoc.gov\/statutes\/title-vii-civil-rights-act-1964\" target=\"_blank\" rel=\"noreferrer noopener\">T\u00edtulo VII de la Ley de Derechos Civiles<\/a>El <a href=\"https:\/\/www.dol.gov\/agencies\/whd\/fmla\" target=\"_blank\" rel=\"noreferrer noopener\">Ley de Baja M\u00e9dica Familiar,<\/a> el <a href=\"https:\/\/www.ada.gov\/law-and-regs\/ada\/\" target=\"_blank\" rel=\"noreferrer noopener\">Ley sobre Estadounidenses con Discapacidades<\/a>o incluso uno de los numerosos <a href=\"https:\/\/ag.ny.gov\/labor\/discriminations\" target=\"_blank\" rel=\"noreferrer noopener\">New York Leyes estatales sobre discriminaci\u00f3n<\/a>.\u00a0<\/p>\n\n\n\n<p>Dada la complejidad de estos casos y lo que est\u00e1 en juego para los educadores no titulares, se recomienda encarecidamente <a href=\"https:\/\/www.brill-legal.com\/es\/pongase-en-contacto-con\/\">p\u00f3ngase en contacto con un abogado con experiencia en el Brill Legal Group<\/a>. Tenemos d\u00e9cadas de experiencia en este \u00e1mbito y sabemos c\u00f3mo proteger sus derechos. Cuando venga a vernos para su caso, traiga una copia de su contrato de trabajo. Esto es algo que examinaremos con gran detalle.<\/p>\n\n\n\n<h3 class=\"wp-block-heading\">\u00bfQu\u00e9 son las decisiones de empleo?<\/h3>\n\n\n\n<p>Las decisiones laborales son aquellas que est\u00e1n relacionadas con el trabajo de un educador. Esto puede incluir una decisi\u00f3n tomada por la Junta en algunas de las siguientes \u00e1reas:<\/p>\n\n\n\n<ul class=\"wp-block-list\">\n<li>Asignaci\u00f3n de trabajo.<\/li>\n\n\n\n<li>Administraci\u00f3n de las revisiones.<\/li>\n\n\n\n<li>Administraci\u00f3n de bonificaciones.<\/li>\n\n\n\n<li>Compensaci\u00f3n<\/li>\n\n\n\n<li>Disparando.<\/li>\n\n\n\n<li>Contrataci\u00f3n.<\/li>\n\n\n\n<li>Promociones.<\/li>\n\n\n\n<li>Prestaci\u00f3n de servicios. (por ejemplo, seguro de enfermedad)<\/li>\n\n\n\n<li>Programaci\u00f3n del trabajo.<\/li>\n\n\n\n<li>Formaci\u00f3n.<\/li>\n<\/ul>\n\n\n\n<p>Cada \u00e1rea puede verse afectada por una acusaci\u00f3n de incompetencia, abuso u otra cuesti\u00f3n que pueda desencadenar una acci\u00f3n disciplinaria. Sin embargo, un profesor no titular puede no tener derecho a una audiencia disciplinaria antes de su despido. Una vez m\u00e1s, lo importante es que un empleador (consejo escolar o distrito) no puede despedir a un profesor contratado por un motivo ilegal.\u00a0<\/p>\n\n\n\n<h3 class=\"wp-block-heading\">Tipos de discriminaci\u00f3n NY Profesor no titular<\/h3>\n\n\n\n<p>Los educadores no titulares tienen derecho a ser protegidos contra la discriminaci\u00f3n. Esto es precisamente lo que el <strong>abogados de los derechos de los profesores en pr\u00e1cticas en el Brill Legal Group<\/strong> hacer en situaciones laborales delicadas que amenazan la subsistencia de un profesor en pr\u00e1cticas.\u00a0<\/p>\n\n\n\n<p>Las situaciones de discriminaci\u00f3n pueden ser sutiles o flagrantes, y la cuesti\u00f3n principal es que pueden no ser reconocidas por lo que son. En el caso de los profesores, la discriminaci\u00f3n puede consistir en ofrecer formaci\u00f3n profesional s\u00f3lo a profesores menores de cierta edad o en denegar la titularidad por temor a que una profesora pueda quedarse embarazada. Otras razones pueden deberse a la religi\u00f3n o la raza de una persona.<\/p>\n\n\n\n<p>Si se enfrenta a una situaci\u00f3n dudosa que afecta a su trabajo como profesor o a la posibilidad de ser titular, <a href=\"https:\/\/www.brill-legal.com\/es\/pongase-en-contacto-con\/\">llegar al Brill Legal Group<\/a> para hablar de su situaci\u00f3n. Sabemos c\u00f3mo protegerle a usted, su trabajo y su futuro. Mientras que un educador no titular puede no tener el mismo derecho al debido proceso que un profesor titular, definitivamente tiene el derecho a estar libre de cualquier tipo de discriminaci\u00f3n. Nuestro objetivo es recuperar la indemnizaci\u00f3n de su empleador o garantizar la reincorporaci\u00f3n a su puesto.<\/p>\n\n\n\n<h3 class=\"wp-block-heading\">Explicaci\u00f3n de los derechos legales de los profesores no titulares NY<\/h3>\n\n\n\n<p>Los derechos de un educador no titular son menos amplios que los de un educador titular, lo que significa que puede ser despedido o que no se le renueve el contrato de ense\u00f1anza. Un distrito escolar NY no est\u00e1 obligado a demostrar los motivos que eligi\u00f3 para despedir a un profesor, ni a seguir las normas del debido proceso.&nbsp;<\/p>\n\n\n\n<h3 class=\"wp-block-heading\">Motivos habituales para despedir a un profesor no titular<\/h3>\n\n\n\n<p>Normalmente, los consejos escolares y los distritos tienen una lista de motivos por los que se puede despedir a un educador no titular (o titular). Estos motivos var\u00edan de un distrito a otro. Sepa qu\u00e9 considera su distrito escolar como causa de despido, pero tenga en cuenta que la redacci\u00f3n puede estar abierta a la interpretaci\u00f3n.&nbsp;<\/p>\n\n\n\n<p>Algunas de las razones m\u00e1s comunes para muchos distritos escolares incluyen las siguientes razones para la terminaci\u00f3n:<\/p>\n\n\n\n<ul class=\"wp-block-list\">\n<li>Una condena por un delito.<\/li>\n\n\n\n<li>Fraude o tergiversaci\u00f3n.<\/li>\n\n\n\n<li>Incompetencia.<\/li>\n\n\n\n<li>Conducta o acciones inmorales.<\/li>\n\n\n\n<li>Insubordinaci\u00f3n.<\/li>\n\n\n\n<li>Descuidar sus obligaciones.<\/li>\n\n\n\n<li>Abuso grave de las normas escolares.<\/li>\n<\/ul>\n\n\n\n<h3 class=\"wp-block-heading\">El contrato de ense\u00f1anza y los recursos en caso de incumplimiento<\/h3>\n\n\n\n<p>La ley de contratos se aplica cuando los profesores y los distritos escolares contratan profesores. Los requisitos comunes a todos los contratos hacen que las cuatro esquinas del acuerdo sean v\u00e1lidas. El proceso de creaci\u00f3n de un contrato implica la oferta, la aceptaci\u00f3n, el asentimiento mutuo al documento y los t\u00e9rminos y contraprestaciones. Algunos estados exigen que el contrato sea ratificado por el consejo escolar o el distrito antes de considerarlo vinculante.<\/p>\n\n\n\n<p>El contrato de un profesor puede ser incumplido por el consejo escolar o el distrito, o por un profesor. Las situaciones de incumplimiento de contrato pueden complicarse si un distrito escolar despide a un profesor que no ha incumplido ninguna cl\u00e1usula del contrato. Un ejemplo ser\u00eda tomar una excedencia, sin violar el acuerdo existente, y que el educador sea despedido a causa de la excedencia. Un educador que decide dimitir antes de que finalice el contrato, normalmente al final del curso escolar.<\/p>\n\n\n\n<p>En situaciones de incumplimiento de contrato, el recurso t\u00edpico es la indemnizaci\u00f3n monetaria, aunque, en algunos casos, puede haber recursos no monetarios. La indemnizaci\u00f3n suele ser la cantidad que un educador habr\u00eda cobrado en virtud del contrato menos la cantidad que el profesor recibe\/podr\u00eda recibir por conseguir otro trabajo docente. Tambi\u00e9n puede incluir los costes de encontrar otro puesto.<\/p>\n\n\n\n<p>Los recursos no pecuniarios pueden incluir la orden de volver a contratar al profesor o de cumplir las condiciones del contrato. Si el profesor incumple el contrato, la indemnizaci\u00f3n por da\u00f1os y perjuicios puede consistir en el coste para el distrito escolar de encontrar otro educador. Normalmente, la mayor\u00eda de los contratos de ense\u00f1anza incluyen una indemnizaci\u00f3n monetaria que el profesor debe pagar si abandona el puesto antes de que finalice el contrato.<\/p>\n\n\n\n<h3 class=\"wp-block-heading\">Tipos de litigios<\/h3>\n\n\n\n<ul class=\"wp-block-list\">\n<li>Art\u00edculo 78 Procedimientos<\/li>\n\n\n\n<li>Denuncias ante New York Divisi\u00f3n Estatal de Derechos Humanos, New York City Comisi\u00f3n de Derechos Humanos, Estados Unidos EEOC<\/li>\n<\/ul>\n\n\n\n<h2 class=\"wp-block-heading\">P\u00f3ngase en contacto con el Brill Legal Group<\/h2>\n\n\n\n<p>Si se enfrenta a una disputa sobre un contrato de ense\u00f1anza, utilizamos nuestra experiencia para exigir responsabilidades al consejo escolar o al distrito. Le animamos a <a href=\"https:\/\/www.brill-legal.com\/es\/pongase-en-contacto-con\/\">p\u00f3ngase en contacto con nuestro equipo Brill Legal Group, P.C.<\/a> lo antes posible para que podamos empezar a defenderle agresivamente.<\/p>\n\n\n\n<p>P\u00f3ngase en contacto con nuestros abogados de la defensa de los profesores no titulares New York City hoy para discutir la representaci\u00f3n legal. Nuestros abogados de defensa de profesores no titulares est\u00e1n disponibles para una evaluaci\u00f3n inicial sin costo de sus asuntos legales.<\/p>","protected":false},"excerpt":{"rendered":"<p>Los derechos de un profesor no titular no son los mismos que los de un profesor titular. Esto se debe a que los profesores no titulares se consideran empleados a voluntad. Un profesor no titular, tambi\u00e9n llamado profesor en pr\u00e1cticas o educador, tiene ciertos derechos en virtud del contrato que firm\u00f3 con el distrito escolar.  New York profesores no titulares...<\/p>","protected":false},"author":1,"featured_media":0,"parent":404,"menu_order":0,"comment_status":"closed","ping_status":"closed","template":"","meta":{"_acf_changed":false,"episode_type":"","audio_file":"","cover_image":"","cover_image_id":"","duration":"","filesize":"","date_recorded":"","explicit":"","block":"","itunes_episode_number":"","itunes_title":"","itunes_season_number":"","itunes_episode_type":"","filesize_raw":"","footnotes":""},"class_list":["post-6640","page","type-page","status-publish","hentry"],"acf":[],"_links":{"self":[{"href":"https:\/\/www.brill-legal.com\/es\/wp-json\/wp\/v2\/pages\/6640","targetHints":{"allow":["GET"]}}],"collection":[{"href":"https:\/\/www.brill-legal.com\/es\/wp-json\/wp\/v2\/pages"}],"about":[{"href":"https:\/\/www.brill-legal.com\/es\/wp-json\/wp\/v2\/types\/page"}],"author":[{"embeddable":true,"href":"https:\/\/www.brill-legal.com\/es\/wp-json\/wp\/v2\/users\/1"}],"replies":[{"embeddable":true,"href":"https:\/\/www.brill-legal.com\/es\/wp-json\/wp\/v2\/comments?post=6640"}],"version-history":[{"count":7,"href":"https:\/\/www.brill-legal.com\/es\/wp-json\/wp\/v2\/pages\/6640\/revisions"}],"predecessor-version":[{"id":6647,"href":"https:\/\/www.brill-legal.com\/es\/wp-json\/wp\/v2\/pages\/6640\/revisions\/6647"}],"up":[{"embeddable":true,"href":"https:\/\/www.brill-legal.com\/es\/wp-json\/wp\/v2\/pages\/404"}],"wp:attachment":[{"href":"https:\/\/www.brill-legal.com\/es\/wp-json\/wp\/v2\/media?parent=6640"}],"curies":[{"name":"wp","href":"https:\/\/api.w.org\/{rel}","templated":true}]}}