{"id":664,"date":"2015-12-11T07:22:14","date_gmt":"2015-12-11T07:22:14","guid":{"rendered":"http:\/\/host2.adviahost.net\/~brilllegal\/?page_id=664"},"modified":"2015-12-15T01:02:15","modified_gmt":"2015-12-15T01:02:15","slug":"tras-el-tiroteo-en-la-escuela-de-newtown-las-leyes-sobre-armas-son-una-prioridad-para-los-legisladores-de-nueva-york-2","status":"publish","type":"page","link":"https:\/\/www.brill-legal.com\/es\/medios-de-comunicacion\/tras-el-tiroteo-en-la-escuela-de-newtown-las-leyes-sobre-armas-son-una-prioridad-para-los-legisladores-de-nueva-york-2\/","title":{"rendered":"Una nueva ley estatal podr\u00eda afectar a los agentes acusados de maltrato dom\u00e9stico"},"content":{"rendered":"<p>Seg\u00fan la ley federal, las personas condenadas por un delito menor de violencia dom\u00e9stica tienen prohibido comprar armas de fuego. Conocida como la Prohibici\u00f3n de Armas para Delincuentes de Violencia Dom\u00e9stica, o la \"Enmienda Lautenberg\", las personas condenadas por maltrato dom\u00e9stico o que est\u00e9n sujetas a una orden de alejamiento tienen prohibido transportar o poseer armas o munici\u00f3n en cualquier lugar de Estados Unidos. La ley tambi\u00e9n se aplica a los vendedores de armas que intenten vend\u00e9rselas a esas personas.<\/p>\n<p>Aunque no hay permisos espec\u00edficos para rifles y escopetas, el estado de New York es notoriamente estricto en cuanto a la posesi\u00f3n de armas de fuego. S\u00f3lo los titulares de una licencia de pistola v\u00e1lida pueden comprar un arma de fuego, y el arma debe estar registrada en el estado. Adem\u00e1s, el arma debe transportarse de acuerdo con la legislaci\u00f3n estatal.<\/p>\n<p>Sin embargo, las diferencias entre el modo en que se aplican las leyes estatales y federales sobre violencia dom\u00e9stica han creado una laguna en la ley, ya que la informaci\u00f3n de las personas declaradas culpables de delitos de violencia dom\u00e9stica en los tribunales no siempre se transmite al Sistema Nacional de Verificaci\u00f3n Instant\u00e1nea de Antecedentes Penales (NICS, por sus siglas en ingl\u00e9s), que se utiliza habitualmente para verificar los antecedentes de quienes compran armas de fuego.<\/p>\n<p>En virtud de la nueva ley, cuando un acusado sea condenado por un delito de violencia dom\u00e9stica en el New York, el tribunal determinar\u00e1 si el delito es aplicable a la ley federal sobre violencia dom\u00e9stica y, en caso afirmativo, transmitir\u00e1 la informaci\u00f3n del acusado a la Divisi\u00f3n de Servicios de Justicia Penal, que la transmitir\u00e1 al NICS.<\/p>\n<p>El impacto de la nueva ley sobre los agentes de polic\u00eda podr\u00eda ser significativo. Si un agente acusado de agresi\u00f3n dom\u00e9stica tambi\u00e9n est\u00e1 sujeto a una orden de alejamiento, no podr\u00eda llevar un arma de fuego en el ejercicio de su trabajo. Tal ser\u00eda el caso de Roger Roth, un agente de polic\u00eda de la ciudad de Newburgh que fue detenido y acusado de agresi\u00f3n el pasado mes de junio. La polic\u00eda acudi\u00f3 a una disputa dom\u00e9stica en casa de Roth, en Montgomery, y \u00e9ste fue acusado de golpear a una mujer en la cara con un vaso.<\/p>\n<p>Tambi\u00e9n es importante la prevalencia de la violencia dom\u00e9stica en los propios hogares de los polic\u00edas. Seg\u00fan el National Center for Women and Policing (NCWP), m\u00e1s del 40% de las familias de polic\u00edas sufren violencia dom\u00e9stica, frente al 10% de las familias de la poblaci\u00f3n general. El nuevo estatuto es especialmente cr\u00edtico en situaciones en las que un maltratador acusado tiene un arma, sabe d\u00f3nde vive la v\u00edctima, as\u00ed como la ubicaci\u00f3n de los refugios para mujeres maltratadas, y conoce lo suficiente el sistema legal como para manipular las declaraciones y acusaciones con el fin de evitar el procesamiento. La protecci\u00f3n a\u00f1adida de saber que los maltratadores no pueden acceder legalmente a sus armas de servicio podr\u00eda cambiar la forma en que las v\u00edctimas denuncian los malos tratos.<\/p>\n<p>NCWP tambi\u00e9n informa de que las v\u00edctimas a menudo temen llamar a la polic\u00eda, porque saben que el caso ser\u00e1 tratado por otros agentes que, en la mayor\u00eda de los casos, conocen personalmente a su agresor. Tambi\u00e9n temen que los agentes se pongan autom\u00e1ticamente de parte del agresor y no investiguen o documenten adecuadamente el delito.<\/p>\n<p>Para los agentes investigados, las sanciones suelen ser benignas. A muchos se les obliga a asistir a cursos de control de la ira o a alg\u00fan tipo de asesoramiento sobre violencia dom\u00e9stica. Estas concesiones suelen hacerse a la luz de la exenci\u00f3n de la prohibici\u00f3n federal de armas creada espec\u00edficamente para los agentes de polic\u00eda. Esencialmente, los agentes pueden llevar su arma reglamentaria mientras est\u00e1n de servicio en virtud de la \"exenci\u00f3n de uso oficial\", a menos que una orden de protecci\u00f3n indique espec\u00edficamente que el agente no puede llevar un arma de fuego en ning\u00fan momento, o que la pol\u00edtica del departamento le proh\u00edba llevar un arma mientras est\u00e9 sujeto a una orden.<\/p>\n<p>Adem\u00e1s, la mayor\u00eda de las pol\u00edticas de los departamentos de polic\u00eda exigen que un agente informe de que se ha emitido una orden de protecci\u00f3n, para que se pueda tomar una decisi\u00f3n interna sobre la asignaci\u00f3n del agente a un servicio administrativo (en el que no se puede llevar un arma). Sin embargo, los supervisores pueden considerar la orden de protecci\u00f3n como una disputa matrimonial o una situaci\u00f3n de \"\u00e9l dijo, ella dijo\" que no justifica ninguna reasignaci\u00f3n o medida disciplinaria.<\/p>\n<p>Adem\u00e1s, algunos agentes pueden declararse culpables de cargos distintos a los de violencia dom\u00e9stica para evitar cualquier repercusi\u00f3n en su capacidad para llevar un arma. Con arreglo a la nueva ley, los tribunales revisar\u00e1n espec\u00edficamente las peticiones de \u00f3rdenes de protecci\u00f3n para determinar si se aplica la exenci\u00f3n por uso oficial.<\/p>\n<p>La posesi\u00f3n ilegal de un arma de fuego cargada en el New York es un delito violento de clase C, castigado con una pena m\u00ednima obligatoria de 3 a\u00f1os y medio y una m\u00e1xima de 15 a\u00f1os. Como tal, las condenas por abuso dom\u00e9stico y las \u00f3rdenes de protecci\u00f3n contra la violencia dom\u00e9stica conllevan consecuencias considerables para los agentes de polic\u00eda.<\/p>\n<p>Acusaciones de abuso pueden tener un impacto severo en la vida de una persona, especialmente si esa persona es un oficial de la ley. Si usted ha sido acusado de violencia dom\u00e9stica, hable con un abogado con experiencia en defensa criminal.<\/p>","protected":false},"excerpt":{"rendered":"<p>Seg\u00fan la ley federal, las personas condenadas por un delito menor de violencia dom\u00e9stica tienen prohibido comprar armas de fuego. Conocida como la Prohibici\u00f3n de Armas para Agresores por Violencia Dom\u00e9stica, o la \"Enmienda Lautenberg\", las personas condenadas por maltrato dom\u00e9stico o que est\u00e9n sujetas a una orden de alejamiento tienen prohibido transportar o poseer armas o munici\u00f3n en cualquier lugar de Estados Unidos....<\/p>","protected":false},"author":1,"featured_media":0,"parent":537,"menu_order":0,"comment_status":"closed","ping_status":"closed","template":"","meta":{"_acf_changed":false,"episode_type":"","audio_file":"","cover_image":"","cover_image_id":"","duration":"","filesize":"","date_recorded":"","explicit":"","block":"","itunes_episode_number":"","itunes_title":"","itunes_season_number":"","itunes_episode_type":"","filesize_raw":"","footnotes":""},"class_list":["post-664","page","type-page","status-publish","hentry"],"acf":[],"_links":{"self":[{"href":"https:\/\/www.brill-legal.com\/es\/wp-json\/wp\/v2\/pages\/664","targetHints":{"allow":["GET"]}}],"collection":[{"href":"https:\/\/www.brill-legal.com\/es\/wp-json\/wp\/v2\/pages"}],"about":[{"href":"https:\/\/www.brill-legal.com\/es\/wp-json\/wp\/v2\/types\/page"}],"author":[{"embeddable":true,"href":"https:\/\/www.brill-legal.com\/es\/wp-json\/wp\/v2\/users\/1"}],"replies":[{"embeddable":true,"href":"https:\/\/www.brill-legal.com\/es\/wp-json\/wp\/v2\/comments?post=664"}],"version-history":[{"count":3,"href":"https:\/\/www.brill-legal.com\/es\/wp-json\/wp\/v2\/pages\/664\/revisions"}],"predecessor-version":[{"id":685,"href":"https:\/\/www.brill-legal.com\/es\/wp-json\/wp\/v2\/pages\/664\/revisions\/685"}],"up":[{"embeddable":true,"href":"https:\/\/www.brill-legal.com\/es\/wp-json\/wp\/v2\/pages\/537"}],"wp:attachment":[{"href":"https:\/\/www.brill-legal.com\/es\/wp-json\/wp\/v2\/media?parent=664"}],"curies":[{"name":"wp","href":"https:\/\/api.w.org\/{rel}","templated":true}]}}