{"id":6632,"date":"2023-02-22T21:13:50","date_gmt":"2023-02-22T21:13:50","guid":{"rendered":"https:\/\/www.brill-legal.com\/?page_id=6632"},"modified":"2023-05-31T22:48:16","modified_gmt":"2023-05-31T22:48:16","slug":"defensa-contra-el-fraude-en-la-titulacion-de-enfermeria","status":"publish","type":"page","link":"https:\/\/www.brill-legal.com\/es\/lp\/defensa-contra-el-fraude-en-la-titulacion-de-enfermeria\/","title":{"rendered":"Defensa contra el fraude en la titulaci\u00f3n de enfermer\u00eda"},"content":{"rendered":"<img loading=\"lazy\" decoding=\"async\" src=\"https:\/\/www.brill-legal.com\/wp-content\/uploads\/2018\/07\/logo_f.png\" alt=\"Brill Legal Group\" itemprop=\"image\" height=\"38\" width=\"377\" title=\"logo_f\" onerror=\"this.style.display='none'\"  \/>\n\t<h1>Si Usted Ha Sido Acusado de Fraude de T\u00edtulo\/Licencia de Enfermer\u00eda,<\/h1>\n<h2><a href=\"tel:1-888-315-9841\">Llame al (888) 315-9841 para una consulta gratuita<\/a><\/h2>\n<h5>\n\t\tProporcionamos una Defensa S\u00f3lida y Agresiva Dirigida a Mantener su Sustento.\n\t<\/h5>\n\t<p>\u2192 Consulta inicial gratuita<\/p>\n<p>&nbsp;<\/p>\n<p>\u2192 Un historial de obtenci\u00f3n de resultados<\/p>\n<p>&nbsp;<\/p>\n<p>\u2192 M\u00e1s de 20 a\u00f1os de experiencia<\/p>\n<p>&nbsp;<\/p>\n<p>\u2192 Certificado por el National Board of Trial Advocacy en Derecho Procesal Penal.<\/p>\n<h2>\n\t\tPrograme una cita con un abogado defensor de licencias de enfermer\u00eda\n\t<\/h2>\n<h5>\n\t\t<a href=\"tel:1-888-315-9841\">Llame al (888) 315-9841 para una consulta gratuita<\/a>\n\t<\/h5>\n<h5>\n\t\tObtenemos resultados\n\t<\/h5>\n\t\t\t\t\t\t\t\t<h3 class='uabb-testimonial-author-name testimonial-author-name'>.18 BAC DWI<\/h3>\t\t\t\t\t\t\t\t\n\t\t\t\t\t\t\t<p>\u00a1No culpable!<\/p>\t\t\t\t\t\t\n\t\t\t\t\t\t\t\t<h3 class='uabb-testimonial-author-name testimonial-author-name'>Art\u00edculo 78 vs. NYC Correcciones<\/h3>\t\t\t\t\t\t\t\t\n\t\t\t\t\t\t\t<p>Decisi\u00f3n ganadora<\/p>\n\t\t\t\t\t\t\t\t<h3 class='uabb-testimonial-author-name testimonial-author-name'> Un cliente empleado del gobierno de L.I. se enfrenta a medidas disciplinarias<\/h3>\t\t\t\t\t\t\t\t\n\t\t\t\t\t\t\t<p>Sin cargos por corrupci\u00f3n<\/p>\n\t\t\t\t\t\t\t\t<h3 class='uabb-testimonial-author-name testimonial-author-name'>$2 Millones + Esquema de falsificaci\u00f3n<\/h3>\t\t\t\t\t\t\t\t\n\t\t\t\t\t\t\t<p>Sin penas de c\u00e1rcel<\/p>\n\t\t\t\t\t\t\t\t<h3 class='uabb-testimonial-author-name testimonial-author-name'>EDNY Cliente que se enfrenta a cargos federales<\/h3>\t\t\t\t\t\t\t\t\n\t\t\t\t\t\t\t<p>Despu\u00e9s de m\u00e1s de 2 a\u00f1os de trabajo, todos los cargos federales de conspiraci\u00f3n y obstrucci\u00f3n desestimados<\/p>\n\t\t\t\t\t\t\t\t<h3 class='uabb-testimonial-author-name testimonial-author-name'>Juicio con jurado al ex detective de la NYPD en la Nassau County<\/h3>\t\t\t\t\t\t\t\t\n\t\t\t\t\t\t\t<p>\u00a1No culpable de m\u00faltiples cargos!<\/p>\n\t\t\t<p><img decoding=\"async\" src=\"https:\/\/www.brill-legal.com\/wp-content\/uploads\/2019\/02\/five-stars-orange-1.png\" alt=\"\" title=\"\"><\/p>\n<h5>Muy meticuloso y f\u00e1cil de contactar. La mejor decisi\u00f3n que he tomado para retenerlo. \u00a1Simplemente un gran abogado! He investigado los otros abogados en el campo y que simplemente no parecen tener las cualidades y la formaci\u00f3n acad\u00e9mica en comparaci\u00f3n con Brill. Cuando usted contrata a Brill, es exactamente con quien est\u00e1 tratando, no con un compa\u00f1ero. La defensa de licencias m\u00e9dicas no es un \u00e1rea com\u00fan de la ley, y podr\u00eda significar su medio de vida ... Brill sabe lo que est\u00e1 haciendo y conoce a las personas adecuadas. Lo recomiendo encarecidamente.<\/h5>\n<p>- E.M.<\/p>\n\t\t\t<p><img decoding=\"async\" src=\"https:\/\/www.brill-legal.com\/wp-content\/uploads\/2019\/02\/five-stars-orange-1.png\" alt=\"\" title=\"\"><\/p>\n<h5>Excelente abogado que parece entender c\u00f3mo navegar a trav\u00e9s del sistema de justicia penal. \u00a1En un momento de estr\u00e9s y agitaci\u00f3n incre\u00edble, su orientaci\u00f3n y sabidur\u00eda le llevar\u00e1 al resultado m\u00e1s favorable! Recomiendo encarecidamente sus servicios.<\/h5>\n<p>- P.K.<\/p>\n\t\t\t<p><img decoding=\"async\" src=\"https:\/\/www.brill-legal.com\/wp-content\/uploads\/2019\/02\/five-stars-orange-1.png\" alt=\"\" title=\"\"><\/p>\n<h5>Gracias Peter Brill y su oficina por su compromiso y honestidad en lo que respecta a mi caso. Me hiciste sentir c\u00f3modo desde el primer d\u00eda al tenerte como mi abogado y nunca lo olvidar\u00e9. Su estrategia (aunque puede que no funcione en todos los casos) salv\u00f3 mi pensi\u00f3n y le estoy verdaderamente agradecido. Su conocimiento de la jurisprudencia y su profesionalidad en los tribunales fueron excepcionales y marcaron la diferencia en mi caso. Gracias por su orientaci\u00f3n en el momento m\u00e1s dif\u00edcil de mi vida.<\/h5>\n<p>- E.V.<\/p>\n\t\t\t<p><img decoding=\"async\" src=\"https:\/\/www.brill-legal.com\/wp-content\/uploads\/2019\/02\/five-stars-orange-1.png\" alt=\"\" title=\"\"><\/p>\n<h5>Impresionante abogado vers\u00e1til. \u00a1Despu\u00e9s de demostrar mi inocencia se dio la vuelta y demand\u00f3 a la agencia responsable de mi detenci\u00f3n y gan\u00f3! Debido a mi experiencia con Peter ahora estoy inspirado para seguir una carrera legal a m\u00ed mismo.<\/h5>\n<p>- P.H.<\/p>\n<h5>\n\t\tBrill Legal Group ha aparecido en los medios de comunicaci\u00f3n\n\t<\/h5>\n\t\t\t\t<img loading=\"lazy\" decoding=\"async\" src=\"https:\/\/www.brill-legal.com\/wp-content\/uploads\/2017\/08\/news-12-home.png\" alt=\"Noticias 12\" itemprop=\"image\" height=\"90\" width=\"200\" title=\"noticias-12-casa\" onerror=\"this.style.display='none'\"  \/>\n\t\t\t\t<img loading=\"lazy\" decoding=\"async\" src=\"https:\/\/www.brill-legal.com\/wp-content\/uploads\/2015\/12\/cbs-news-e1454549523637.png\" alt=\"noticias cbs\" itemprop=\"image\" height=\"158\" width=\"285\" title=\"Peter Brill en CBS News\" onerror=\"this.style.display='none'\"  \/>\n\t\t\t\t<img loading=\"lazy\" decoding=\"async\" src=\"https:\/\/www.brill-legal.com\/wp-content\/uploads\/2015\/12\/foxnews.jpg\" alt=\"Fox News Channel\" itemprop=\"image\" height=\"144\" width=\"153\" title=\"foxnews\" onerror=\"this.style.display='none'\"  \/>\n\t\t\t\t<img loading=\"lazy\" decoding=\"async\" src=\"https:\/\/www.brill-legal.com\/wp-content\/uploads\/2018\/10\/cnn-logo.png\" alt=\"cnn-logo\" itemprop=\"image\" height=\"700\" width=\"700\" title=\"cnn-logo\" onerror=\"this.style.display='none'\"  \/>\n\t\t\t\t<img loading=\"lazy\" decoding=\"async\" src=\"https:\/\/www.brill-legal.com\/wp-content\/uploads\/2015\/12\/i24news.png\" alt=\"Peter Brill debate las normas de inmigraci\u00f3n en i24 News\" itemprop=\"image\" height=\"168\" width=\"290\" title=\"i24noticias\" onerror=\"this.style.display='none'\"  \/>\n\t\t\t\t<img loading=\"lazy\" decoding=\"async\" src=\"https:\/\/www.brill-legal.com\/wp-content\/uploads\/2017\/08\/usa-today-home2.png\" alt=\"usa-hoy-casa2\" itemprop=\"image\" height=\"90\" width=\"175\" title=\"usa-hoy-casa2\" onerror=\"this.style.display='none'\"  \/>\n\t<h1>Un historial de prestaci\u00f3n de servicios jur\u00eddicos excepcionales<\/h1>\n<p>Durante m\u00e1s de 20 a\u00f1os, los abogados del Brill Legal Group han proporcionado una orientaci\u00f3n sofisticada y eficaz a personas y organizaciones que se enfrentan a procesos judiciales. Con cuatro oficinas, nuestro bufete atiende a clientes de toda la zona New York en Suffolk County, Nassau County, Queens, Brooklyn, el Bronx y Manhattan.<\/p>\n<p>&nbsp;<\/p>\n<p>Entendemos c\u00f3mo funcionan los sistemas de justicia de Long Island y New York City. Gracias a nuestros a\u00f1os de trabajo en defensa penal, hemos llegado a conocer a los reguladores, investigadores, polic\u00edas, fiscales y jueces de la zona. Nuestra firma ha desarrollado una reputaci\u00f3n de confiabilidad y respeto que prioriza los mejores intereses de nuestros clientes. Los abogados de nuestra firma entienden lo que est\u00e1 en juego para nuestros clientes, y tenemos la capacidad probada para proteger a los acusados de las peores consecuencias del sistema de justicia penal.<\/p>\n<p>&nbsp;<\/p>\n<p>Nuestro principal abogado de defensa criminal, Peter Brill, es un ex asistente del fiscal de distrito que conoce la ley por dentro y por fuera. Su comprensi\u00f3n de c\u00f3mo los fiscales piensan y operan le da una clara ventaja al entrar en la sala del tribunal o sentarse en la mesa de negociaci\u00f3n. El Brill Legal Group cuenta con el apoyo de un equipo de abogados penalistas muy experimentados que han llevado cientos de casos. Estos abogados consumados aportan una riqueza colectiva de conocimientos y experiencia que es insuperable en Long Island o los Cinco Condados.<\/p>\n<h5>\n\t\tNew York Operaci\u00f3n Nightingale Abogado defensor\n\t<\/h5>\n\t<p>En enero de 2023, las fuerzas del orden detuvieron a varias personas por vender t\u00edtulos de enfermer\u00eda fraudulentos. Si se ha visto afectado por la Operaci\u00f3n Nightingale, p\u00f3ngase en contacto con Brill Legal Group para conocer sus opciones.<\/p>\n<p>Se puede impedir a los enfermeros ejercer su profesi\u00f3n si se les acusa de cometer determinados delitos graves o leves. M\u00e1s del 40% de las personas que figuran en la Lista de Personas\/Entidades Excluidas (LEIE) de la OIG lo est\u00e1n porque se les revoc\u00f3 la licencia.<\/p>\n<p>De acuerdo con la Ley de Asistencia Sanitaria Asequible, la exclusi\u00f3n en un estado es aplicable a todos los estados y a todas las entidades, incluidos hospitales, residencias de ancianos, agencias de asistencia sanitaria a domicilio, grupos m\u00e9dicos y aseguradoras que tengan contratos con Medicare o Medicaid o env\u00eden facturas a estos organismos.<\/p>\n<p>En caso de que renuncie a su licencia tras descubrir una investigaci\u00f3n o una acci\u00f3n disciplinaria en su contra, su acci\u00f3n se considerar\u00e1 una renuncia disciplinaria. Se tratar\u00e1 como si su licencia hubiera sido revocada por motivos disciplinarios.<\/p>\n<p>Despu\u00e9s de que su licencia sea sometida a medidas disciplinarias, o si renuncia a su licencia de enfermer\u00eda al recibir informaci\u00f3n sobre una investigaci\u00f3n, puede haber graves consecuencias. Entre ellas est\u00e1n los informes obligatorios a todas las organizaciones relacionadas. Adem\u00e1s, cualquier otro estado o jurisdicci\u00f3n en el que usted tenga licencia iniciar\u00e1 su propia investigaci\u00f3n, que podr\u00eda dar lugar a medidas disciplinarias.<\/p>\n<p><strong>Proceso disciplinario<\/strong><\/p>\n<p>En virtud de la 14\u00aa Enmienda de la Constituci\u00f3n de los EE.UU., o la Cl\u00e1usula del Debido Proceso, las BON est\u00e1n obligadas a ajustarse a las protecciones constitucionales antes de someter la licencia de una enfermera a medidas disciplinarias. La Junta de Enfermer\u00eda tiene prohibido tomar medidas injustas contra una persona sin concederle derechos espec\u00edficos, de acuerdo con el debido proceso procesal. El estado est\u00e1 obligado a informar a la enfermera de las acusaciones y de los motivos de las mismas. La enfermera posee los siguientes derechos:<\/p>\n<ul>\n<li>Derecho de audiencia<\/li>\n<li>Derecho a o\u00edr las pruebas en su contra<\/li>\n<li>Derecho a interrogar a los testigos<\/li>\n<li>Derecho a presentar pruebas y testigos que declaren a favor de la enfermera.<\/li>\n<\/ul>\n<p>Adem\u00e1s, los cargos contra la enfermera deben tener fundamento. Una decisi\u00f3n arbitraria vulnera las garant\u00edas procesales sustantivas de la enfermera.<\/p>\n<p>Si descubre que su futuro como enfermero diplomado est\u00e1 en peligro, debe tomar medidas para defenderse. Busque el consejo de un abogado con experiencia en casos de licencias profesionales y audiencias administrativas. No se comunique con un investigador ni le haga declaraciones por escrito hasta que haya hablado con un abogado. Si le informan de que es objeto de una investigaci\u00f3n, no renuncie a su licencia.<\/p>\n<p>Si es inocente de las acusaciones, solicite una audiencia formal e impugne los cargos. No pida que se celebre una vista informal, ni un acuerdo de conciliaci\u00f3n en el que admita los hechos que se le imputan. Si admite tales hechos, tendr\u00e1 el mismo efecto que declararse culpable. Invierta en un seguro de responsabilidad profesional que conste de cobertura para su defensa jur\u00eddica ante cualquier investigaci\u00f3n con respecto a su licencia profesional, sea o no relevante para una demanda por negligencia.<\/p>\n<p>Llame a los abogados de Brill Legal Group para que le representen. Son versados en la concesi\u00f3n de licencias y audiencias disciplinarias.<\/p>\n<h2>\n\t\tPremiado bufete de abogados de defensa criminal\n\t<\/h2>\n\t\t\t\t<img loading=\"lazy\" decoding=\"async\" src=\"https:\/\/www.brill-legal.com\/wp-content\/uploads\/2016\/01\/avvo.png\" alt=\"avvo\" itemprop=\"image\" height=\"105\" width=\"117\" title=\"avvo\" onerror=\"this.style.display='none'\"  \/>\n\t\t\t\t<img loading=\"lazy\" decoding=\"async\" src=\"https:\/\/www.brill-legal.com\/wp-content\/uploads\/2015\/12\/nbta.png\" alt=\"nbta\" itemprop=\"image\" height=\"105\" width=\"100\" title=\"nbta\" onerror=\"this.style.display='none'\"  \/>\n\t\t\t\t<img loading=\"lazy\" decoding=\"async\" src=\"https:\/\/www.brill-legal.com\/wp-content\/uploads\/2015\/12\/SuperLawyersLarge.png\" alt=\"Super Lawyers Grande\" itemprop=\"image\" height=\"90\" width=\"300\" title=\"Super Lawyers Grande\" onerror=\"this.style.display='none'\"  \/>\n\t\t\t\t<img loading=\"lazy\" decoding=\"async\" src=\"https:\/\/www.brill-legal.com\/wp-content\/uploads\/2015\/12\/avvo.png\" alt=\"avvo\" itemprop=\"image\" height=\"75\" width=\"190\" title=\"avvo\" onerror=\"this.style.display='none'\"  \/>\n<h5>\n\t\tConozca a Peter Brill, abogado penalista\n\t<\/h5>\n\t\t\t\t<img loading=\"lazy\" decoding=\"async\" src=\"https:\/\/www.brill-legal.com\/wp-content\/uploads\/2015\/12\/AT_Feature_Peter_Brill.jpg\" alt=\"Funci\u00f3n de perfil de abogado: Peter Brill\" itemprop=\"image\" height=\"500\" width=\"500\" title=\"Funci\u00f3n de perfil de abogado: Peter Brill\" onerror=\"this.style.display='none'\"  \/>\n\t<p>Peter E. Brill es uno de los dos \u00fanicos abogados en todo el Estado de New York - y el \u00fanico abogado en el \u00e1rea metropolitana de New York - certificado por el National Board of Trial Advocacy in Criminal Law, una certificaci\u00f3n con rigurosos requisitos de conocimientos jur\u00eddicos y experiencia en juicios penales. En sus casi 20 a\u00f1os de pr\u00e1ctica, tiene una amplia experiencia en juicios en tribunales estatales y federales, arbitrajes y procedimientos administrativos. Se ha labrado una s\u00f3lida reputaci\u00f3n entre los fiscales estatales y federales de todo el New York y ha ejercido ante casi todos los organismos administrativos existentes. Ha ganado muchos m\u00e1s casos de los que ha perdido para sus clientes en pr\u00e1cticamente todos los condados del \u00e1rea metropolitana New York. Est\u00e1 en los tribunales de Long Island y de la zona New York City todos los d\u00edas y se re\u00fane con casi todos los clientes, ya sea en el tribunal o en la oficina. Ha representado y defendido a miles de personas acusadas de delitos menores y delitos graves en New York.<\/p>\n<h5>\n\t\t<a href=\"tel:1-888-315-9841\">Para una consulta gratuita, llame al (888) 315-9841<\/a>\n\t<\/h5>\n\t\t\t\t<img loading=\"lazy\" decoding=\"async\" src=\"https:\/\/www.brill-legal.com\/wp-content\/uploads\/2018\/07\/logo_f.png\" alt=\"Brill Legal Group\" itemprop=\"image\" height=\"38\" width=\"377\" title=\"logo_f\" onerror=\"this.style.display='none'\"  \/>\n\t<h4><strong>Oficina de Manhattan<\/strong><\/h4>\n<strong>176 Lexington Avenue, Suite O<\/strong><br \/>\n<strong>New York, NY 10016<\/strong>\n<strong>Tel\u00e9fono: 212-233-4141<\/strong><br \/>\n<strong>Tel\u00e9fono gratuito: 888-315-9841<\/strong>\n\t<h4>Nassau County Oficina<\/h4>\n<strong>64 Hilton Avenue<\/strong><br \/>\n<strong>Hempstead, NY 11550<\/strong>\n<strong>Tel: 516-206-2002<\/strong><br \/>\n<strong>Tel\u00e9fono gratuito: 888-315-9841<\/strong>\n\t<h4><strong>Suffolk County Oficina<\/strong><\/h4>\n<strong>150 Motor Parkway, Suite 401<\/strong><br \/>\n<strong>Hauppauge, NY 11788<\/strong>\n<strong>Tel\u00e9fono 631-237-1919<\/strong><br \/>\n<strong>Tel\u00e9fono gratuito: 888-315-9841<\/strong>\n\t<h4><strong>Oficina de Hamptons<\/strong><\/h4>\n<strong>S\u00f3lo con cita previa<\/strong><br \/>\n<strong>East Hampton, NY<\/strong>\n<strong>Tel\u00e9fono 631-237-1919<\/strong><br \/>\n<strong>Tel\u00e9fono gratuito: 888-315-9841<\/strong>\n\t\u00a9 2023 BRILL LEGAL GROUP, P.C.<br \/>\nProporcionamos defensa penal, representaci\u00f3n para investigaciones internas, defensa de licencias profesionales y cumplimiento de las normas de atenci\u00f3n m\u00e9dica en el \u00e1rea metropolitana de New York. Practicamos en los tribunales de la zona y ante el OPMC, OPD y DOH.\n<p><strong><a href=\"https:\/\/www.brill-legal.com\/es\/descargo-de-responsabilidad\/\">Descargo de responsabilidad<\/a>\u00a0|\u00a0<a href=\"https:\/\/www.brill-legal.com\/es\/politica-de-privacidad\/\">Pol\u00edtica de privacidad<\/a><\/strong><\/p>","protected":false},"excerpt":{"rendered":"<p>Si Usted Ha Sido Acusado de Fraude de T\u00edtulo\/Licencia de Enfermer\u00eda, Llame al (888) 315-9841 Para Una Consulta Gratuita Proporcionamos una Defensa S\u00f3lida y Agresiva Dirigida a Mantener su Sustento. \u2192 Consulta Inicial Gratuita \u2192 Un R\u00e9cord de Obtener Resultados \u2192 M\u00e1s de 20 A\u00f1os de Experiencia \u2192 Certificados por el Consejo Nacional de Abogac\u00eda Litigante en...<\/p>","protected":false},"author":1,"featured_media":0,"parent":3306,"menu_order":0,"comment_status":"closed","ping_status":"closed","template":"tpl-no-header-footer.php","meta":{"_acf_changed":false,"episode_type":"","audio_file":"","cover_image":"","cover_image_id":"","duration":"","filesize":"","date_recorded":"","explicit":"","block":"","itunes_episode_number":"","itunes_title":"","itunes_season_number":"","itunes_episode_type":"","filesize_raw":"","footnotes":""},"class_list":["post-6632","page","type-page","status-publish","hentry"],"acf":[],"_links":{"self":[{"href":"https:\/\/www.brill-legal.com\/es\/wp-json\/wp\/v2\/pages\/6632","targetHints":{"allow":["GET"]}}],"collection":[{"href":"https:\/\/www.brill-legal.com\/es\/wp-json\/wp\/v2\/pages"}],"about":[{"href":"https:\/\/www.brill-legal.com\/es\/wp-json\/wp\/v2\/types\/page"}],"author":[{"embeddable":true,"href":"https:\/\/www.brill-legal.com\/es\/wp-json\/wp\/v2\/users\/1"}],"replies":[{"embeddable":true,"href":"https:\/\/www.brill-legal.com\/es\/wp-json\/wp\/v2\/comments?post=6632"}],"version-history":[{"count":11,"href":"https:\/\/www.brill-legal.com\/es\/wp-json\/wp\/v2\/pages\/6632\/revisions"}],"predecessor-version":[{"id":6775,"href":"https:\/\/www.brill-legal.com\/es\/wp-json\/wp\/v2\/pages\/6632\/revisions\/6775"}],"up":[{"embeddable":true,"href":"https:\/\/www.brill-legal.com\/es\/wp-json\/wp\/v2\/pages\/3306"}],"wp:attachment":[{"href":"https:\/\/www.brill-legal.com\/es\/wp-json\/wp\/v2\/media?parent=6632"}],"curies":[{"name":"wp","href":"https:\/\/api.w.org\/{rel}","templated":true}]}}