{"id":6512,"date":"2022-12-06T20:57:27","date_gmt":"2022-12-06T20:57:27","guid":{"rendered":"https:\/\/www.brill-legal.com\/?page_id=6512"},"modified":"2022-12-06T21:02:00","modified_gmt":"2022-12-06T21:02:00","slug":"que-puedo-hacer-si-me-despiden-de-una-universidad","status":"publish","type":"page","link":"https:\/\/www.brill-legal.com\/es\/nuestros-servicios\/defensa-penal\/defensa-penal-faq\/que-puedo-hacer-si-me-despiden-de-una-universidad\/","title":{"rendered":"\u00bfQu\u00e9 puedo hacer si me despiden de una universidad?"},"content":{"rendered":"<p>Si fueras <a href=\"https:\/\/www.brill-legal.com\/es\/nuestros-servicios\/audiencias-disciplinarias-investigaciones\/abogado-defensor-del-educador\/\">despedido injustamente de una universidad<\/a>Hay leyes contra el despido improcedente que protegen sus derechos legales. Despido improcedente significa despedir a alguien por un motivo ilegal. Aunque New York es un estado de empleo a voluntad, los empleadores no pueden despedir a los trabajadores por razones ilegales. (por ejemplo, represalias, discriminaci\u00f3n).<\/p>\n\n\n\n<p>Los trabajadores pueden demandar por despido improcedente aportando pruebas que demuestren c\u00f3mo su empleador les despidi\u00f3 por un motivo ilegal. Es esencial saber que las pruebas circunstanciales tambi\u00e9n pueden demostrar un despido improcedente. Un ejemplo ser\u00eda el de un trabajador que presenta una denuncia por acoso sexual y al d\u00eda siguiente es despedido.&nbsp;<\/p>\n\n\n\n<p>Es esencial saber que el plazo de prescripci\u00f3n del despido ilegal puede oscilar entre treinta d\u00edas y tres a\u00f1os. La variaci\u00f3n en el estatuto se debe al tipo de caso y al tribunal ante el que se presenta. Hable con un abogado experto en despidos ilegales en <a href=\"https:\/\/www.brill-legal.com\/es\/\">Brill Legal Group<\/a> para m\u00e1s informaci\u00f3n. Si presenta la demanda a tiempo, conserva el derecho a recibir una indemnizaci\u00f3n.<\/p>\n\n\n\n<p>Si un empleado de una universidad tiene problemas en el trabajo con otro empleado o con la persona que lo contrat\u00f3, debe mantener un registro escrito de todas las conversaciones y documentar su incidente laboral. Discutir su despido con un abogado con experiencia en despido improcedente en Brill Legal Group es lo mejor. Podemos ayudarle a recibir un acuerdo justo y equitativo. En una demanda de este tipo, un trabajador despedido injustamente puede pedir beneficios perdidos, angustia emocional y salarios.&nbsp;<\/p>\n\n\n\n<p>La mayor\u00eda de los casos de despido improcedente pueden durar varios meses, pero ha habido casos en los que un empresario ha ofrecido un acuerdo r\u00e1pidamente. Si un caso de despido improcedente llega a los tribunales, puede tardar varios a\u00f1os en resolverse. Tenga en cuenta que una indemnizaci\u00f3n por despido improcedente tambi\u00e9n est\u00e1 sujeta a impuestos. Esto incluye los salarios perdidos, los da\u00f1os compensatorios y los da\u00f1os punitivos. Los pagos pueden incluir salarios atrasados, salarios futuros y salarios perdidos, tambi\u00e9n est\u00e1n sujetos a impuestos sobre n\u00f3minas y retenciones fiscales.&nbsp;<\/p>\n\n\n\n<p>Las empresas no pueden despedir a un trabajador por ser denunciante de irregularidades, como represalia, por motivos de raza, religi\u00f3n o sexo, o por incumplir un contrato de trabajo. La Ley Laboral New York obliga a las empresas a entregar a los trabajadores una carta de despido, por escrito, con la fecha de despido y cu\u00e1ndo finalizan las prestaciones del trabajador. Esta carta debe entregarse en los cinco d\u00edas siguientes al despido de un trabajador New York.<\/p>\n\n\n\n<h2 class=\"wp-block-heading\">Otras preguntas frecuentes<\/h2>\n\n\n<p>p\u00e1ginas-hermanas]<\/p>","protected":false},"excerpt":{"rendered":"<p>Si fue despedido injustamente de una universidad, existen leyes sobre despido improcedente que protegen sus derechos legales. Despido improcedente significa despedir a alguien por un motivo ilegal. Aunque el New York es un estado de empleo a voluntad, los empleadores no pueden despedir a los trabajadores por motivos ilegales. (Los trabajadores pueden presentar una demanda por despido improcedente por...<\/p>","protected":false},"author":1,"featured_media":6516,"parent":272,"menu_order":0,"comment_status":"closed","ping_status":"closed","template":"","meta":{"_acf_changed":false,"episode_type":"","audio_file":"","cover_image":"","cover_image_id":"","duration":"","filesize":"","date_recorded":"","explicit":"","block":"","itunes_episode_number":"","itunes_title":"","itunes_season_number":"","itunes_episode_type":"","filesize_raw":"","footnotes":""},"class_list":["post-6512","page","type-page","status-publish","has-post-thumbnail","hentry"],"acf":[],"_links":{"self":[{"href":"https:\/\/www.brill-legal.com\/es\/wp-json\/wp\/v2\/pages\/6512","targetHints":{"allow":["GET"]}}],"collection":[{"href":"https:\/\/www.brill-legal.com\/es\/wp-json\/wp\/v2\/pages"}],"about":[{"href":"https:\/\/www.brill-legal.com\/es\/wp-json\/wp\/v2\/types\/page"}],"author":[{"embeddable":true,"href":"https:\/\/www.brill-legal.com\/es\/wp-json\/wp\/v2\/users\/1"}],"replies":[{"embeddable":true,"href":"https:\/\/www.brill-legal.com\/es\/wp-json\/wp\/v2\/comments?post=6512"}],"version-history":[{"count":7,"href":"https:\/\/www.brill-legal.com\/es\/wp-json\/wp\/v2\/pages\/6512\/revisions"}],"predecessor-version":[{"id":6521,"href":"https:\/\/www.brill-legal.com\/es\/wp-json\/wp\/v2\/pages\/6512\/revisions\/6521"}],"up":[{"embeddable":true,"href":"https:\/\/www.brill-legal.com\/es\/wp-json\/wp\/v2\/pages\/272"}],"wp:featuredmedia":[{"embeddable":true,"href":"https:\/\/www.brill-legal.com\/es\/wp-json\/wp\/v2\/media\/6516"}],"wp:attachment":[{"href":"https:\/\/www.brill-legal.com\/es\/wp-json\/wp\/v2\/media?parent=6512"}],"curies":[{"name":"wp","href":"https:\/\/api.w.org\/{rel}","templated":true}]}}