{"id":598,"date":"2015-12-10T15:27:46","date_gmt":"2015-12-10T15:27:46","guid":{"rendered":"http:\/\/host2.adviahost.net\/~brilllegal\/?page_id=598"},"modified":"2022-06-16T15:13:26","modified_gmt":"2022-06-16T15:13:26","slug":"audiencias-de-revocacion","status":"publish","type":"page","link":"https:\/\/www.brill-legal.com\/es\/nuestros-servicios\/defensa-penal\/dwi\/audiencias-de-revocacion\/","title":{"rendered":"Audiencias de revocaci\u00f3n"},"content":{"rendered":"<p>Si su licencia fue suspendida o revocada por negarse a tomar una prueba de aliento, sangre u orina despu\u00e9s de ser detenido por conducir ebrio en New York, usted tiene derecho a una audiencia para impugnar la revocaci\u00f3n de la licencia.<\/p>\n\n\n\n<p>En tales circunstancias, usted necesita un abogado con experiencia a su lado para ayudarle a proteger sus privilegios de conducir. El Brill Legal Group puede proporcionarle una representaci\u00f3n eficaz para guiarle a trav\u00e9s del proceso de audiencia de revocaci\u00f3n.<\/p>\n\n\n\n<h3 class=\"wp-block-heading\">Pruebas qu\u00edmicas de alcoholemia en New York<\/h3>\n\n\n\n<p>Cuando usted conduce un veh\u00edculo en el New York, impl\u00edcitamente da su consentimiento para someterse a pruebas qu\u00edmicas para determinar el contenido de alcohol en su sistema. Si se niega a someterse a una prueba para medir la concentraci\u00f3n de alcohol en la sangre (BAC) en su sistema despu\u00e9s de ser detenido, puede estar sujeto a la revocaci\u00f3n de su licencia. El periodo de revocaci\u00f3n del permiso var\u00eda en funci\u00f3n de la edad del conductor, el n\u00famero de infracciones y el plazo de tiempo. El tiempo de revocaci\u00f3n puede ser aumentado basado en una convicci\u00f3n previa por una ofensa relacionada con DWI o debido a un BAC de 0.18 por ciento o m\u00e1s alto.<\/p>\n\n\n\n<p>La revocaci\u00f3n o suspensi\u00f3n de la licencia es distinta de cualquier sanci\u00f3n penal posterior que pueda enfrentar debido a cargos de DWI. Usted tiene derecho a una audiencia dentro de los 15 d\u00edas de recibir una suspensi\u00f3n de la licencia por negarse a someterse a las pruebas qu\u00edmicas.<\/p>\n\n\n\n<h3 class=\"wp-block-heading\">Obtener una licencia condicional<\/h3>\n\n\n\n<p>Es esencial ponerse en contacto con un abogado con experiencia en defensa de DWI que le ayudar\u00e1 a crear la mejor estrategia legal para su audiencia de revocaci\u00f3n con el fin de obtener sus privilegios de conducir de nuevo. P\u00f3ngase en contacto con el Brill Legal Group si su licencia ha sido suspendida o revocada por no someterse a una prueba qu\u00edmica en New York.<\/p>\n\n\n\n<p>Nuestro abogado defensor con experiencia entiende lo que el oficial de la audiencia est\u00e1 buscando en este tipo de situaciones, que ser\u00e1 muy valiosa para su defensa. Si el oficial de la audiencia no restablece su licencia en la audiencia, podemos apelar la decisi\u00f3n. Adem\u00e1s, podemos ayudarle a solicitar un permiso de conducir condicional o temporal para que pueda volver a la carretera tan pronto como sea posible. Usted tendra que participar en el Programa de Conductor Ebrio para obtener privilegios provisionales de conducir. Al completar el programa, los participantes elegibles recibiran una licencia condicional que les permite conducir dentro de ciertas limitaciones.<\/p>\n\n\n\n<p>P\u00f3ngase en contacto con nosotros hoy mismo para una consulta inicial gratuita. Estamos disponibles las 24 horas del d\u00eda, los 7 d\u00edas de la semana y los 365 d\u00edas del a\u00f1o. Su llamada siempre ser\u00e1 atendida, sin importar la hora del d\u00eda.<\/p>","protected":false},"excerpt":{"rendered":"<p>Si su licencia fue suspendida o revocada por negarse a tomar una prueba de aliento, sangre u orina despu\u00e9s de ser detenido por conducir ebrio en New York, usted tiene derecho a una audiencia para impugnar la revocaci\u00f3n de la licencia. En tales circunstancias, usted necesita un abogado con experiencia a su lado para ayudarle a proteger su...<\/p>","protected":false},"author":1,"featured_media":5942,"parent":98,"menu_order":0,"comment_status":"closed","ping_status":"closed","template":"","meta":{"_acf_changed":false,"episode_type":"","audio_file":"","cover_image":"","cover_image_id":"","duration":"","filesize":"","date_recorded":"","explicit":"","block":"","itunes_episode_number":"","itunes_title":"","itunes_season_number":"","itunes_episode_type":"","filesize_raw":"","footnotes":""},"class_list":["post-598","page","type-page","status-publish","has-post-thumbnail","hentry"],"acf":[],"_links":{"self":[{"href":"https:\/\/www.brill-legal.com\/es\/wp-json\/wp\/v2\/pages\/598","targetHints":{"allow":["GET"]}}],"collection":[{"href":"https:\/\/www.brill-legal.com\/es\/wp-json\/wp\/v2\/pages"}],"about":[{"href":"https:\/\/www.brill-legal.com\/es\/wp-json\/wp\/v2\/types\/page"}],"author":[{"embeddable":true,"href":"https:\/\/www.brill-legal.com\/es\/wp-json\/wp\/v2\/users\/1"}],"replies":[{"embeddable":true,"href":"https:\/\/www.brill-legal.com\/es\/wp-json\/wp\/v2\/comments?post=598"}],"version-history":[{"count":6,"href":"https:\/\/www.brill-legal.com\/es\/wp-json\/wp\/v2\/pages\/598\/revisions"}],"predecessor-version":[{"id":6172,"href":"https:\/\/www.brill-legal.com\/es\/wp-json\/wp\/v2\/pages\/598\/revisions\/6172"}],"up":[{"embeddable":true,"href":"https:\/\/www.brill-legal.com\/es\/wp-json\/wp\/v2\/pages\/98"}],"wp:featuredmedia":[{"embeddable":true,"href":"https:\/\/www.brill-legal.com\/es\/wp-json\/wp\/v2\/media\/5942"}],"wp:attachment":[{"href":"https:\/\/www.brill-legal.com\/es\/wp-json\/wp\/v2\/media?parent=598"}],"curies":[{"name":"wp","href":"https:\/\/api.w.org\/{rel}","templated":true}]}}