{"id":597,"date":"2015-12-10T15:23:12","date_gmt":"2015-12-10T15:23:12","guid":{"rendered":"http:\/\/host2.adviahost.net\/~brilllegal\/?page_id=597"},"modified":"2022-06-09T17:42:28","modified_gmt":"2022-06-09T17:42:28","slug":"primer-delito","status":"publish","type":"page","link":"https:\/\/www.brill-legal.com\/es\/nuestros-servicios\/defensa-penal\/dwi\/primer-delito\/","title":{"rendered":"Primera infracci\u00f3n"},"content":{"rendered":"<p>Ser acusado de conducir ebrio puede ser una experiencia aterradora. Si se enfrenta a un cargo de DWI por primera vez, puede que no est\u00e9 seguro de c\u00f3mo lidiar con ello.<\/p>\n\n\n\n<p>Como conducir ebrio puede poner en peligro a los dem\u00e1s, los cargos de DWI pueden conllevar penas severas, incluso para los infractores por primera vez con antecedentes limpios. En Brill Legal Group, ofrecemos representaci\u00f3n a las personas que han sido detenidas por conducir ebrio en el \u00e1rea de New York. Nuestro abogado de defensa DWI sabe c\u00f3mo manejar estos casos y le puede proporcionar una s\u00f3lida defensa que preserva sus privilegios de conducir y te mantiene fuera de la c\u00e1rcel.<\/p>\n\n\n\n<h3 class=\"wp-block-heading\">Consecuencias de cargos por primera ofensa de DUI\/DWI en New York<\/h3>\n\n\n\n<p>En el New York, la primera infracci\u00f3n por conducir ebrio se clasifica como delito menor. Las sanciones para los infractores por primera vez dependen de la concentraci\u00f3n de alcohol en sangre (BAC) y otros factores como la edad del conductor y si el conductor est\u00e1 designado como comercial.<\/p>\n\n\n\n<p>Una tasa de alcoholemia de 0,08 por ciento o superior dar\u00e1 lugar a una suspensi\u00f3n de la licencia por un m\u00ednimo de seis meses. El castigo aumenta t\u00edpicamente para los conductores que tienen un BAC sobre 0.18 por ciento e incluye una suspensi\u00f3n de la licencia de un a\u00f1o. Un menor de edad DWI primer delito conlleva su propio conjunto de sanciones.<\/p>\n\n\n\n<p>Si se le declara culpable de conducir ebrio como primer delito, podr\u00eda enfrentarse a una o m\u00e1s de las siguientes consecuencias:<\/p>\n\n\n\n<ul class=\"wp-block-list\"><li>Hasta un a\u00f1o de c\u00e1rcel<\/li><li>Multas de $500 a $1.000 (o de $1.000 a $2500 si la tasa de alcoholemia es superior a 0,18).<\/li><li>Revocaci\u00f3n del permiso de conducir durante seis meses o m\u00e1s<\/li><li>Instalaci\u00f3n obligatoria de un dispositivo de bloqueo de encendido en su veh\u00edculo durante un m\u00ednimo de seis meses.<\/li><\/ul>\n\n\n\n<p>Como parte de la pol\u00edtica de tolerancia cero de New York para la conducci\u00f3n bajo los efectos del alcohol, incluso un infractor de DWI por primera vez est\u00e1 obligado a instalar un dispositivo de bloqueo de encendido. El IID es un mecanismo similar a un alcohol\u00edmetro que no permitir\u00e1 que un coche arranque si detecta un cierto nivel de alcohol.<\/p>\n\n\n\n<p>Las consecuencias de una condena por DWI pueden ser graves y de gran alcance. Sin sus privilegios de conducir, usted podr\u00eda experimentar la p\u00e9rdida potencial de ingresos si su trabajo requiere una licencia de conducir, y su vida personal puede ser afectada tambi\u00e9n. Una convicci\u00f3n de DWI tambi\u00e9n aparecer\u00e1 en su registro permanentemente.<\/p>\n\n\n\n<h3 class=\"wp-block-heading\">Lucha contra un cargo de DUI\/DWI<\/h3>\n\n\n\n<p>Hay mucho en juego, incluso con una primera ofensa por conducir ebrio. Deje que Brill Legal Group luche contra los cargos de DWI en su nombre y defienda sus derechos. Nos esforzaremos para mantenerlo en la carretera y buscar el mejor resultado posible para usted en su caso de defensa de DWI.<\/p>\n\n\n\n<p>Muchos de nuestros clientes est\u00e1n experimentando el sistema de justicia penal por primera vez, pero nuestro experimentado abogado de DWI sabe c\u00f3mo este tipo de casos se desarrollan. Es posible obtener la destituci\u00f3n de los cargos o negociar acuerdos favorables para las personas que enfrentan un primer cargo de DWI\/DUI en New York.<\/p>\n\n\n\n<p>P\u00f3ngase en contacto con nosotros hoy mismo para una consulta inicial gratuita. Estamos disponibles las 24 horas del d\u00eda, los 7 d\u00edas de la semana y los 365 d\u00edas del a\u00f1o. Su llamada siempre ser\u00e1 atendida, sin importar la hora del d\u00eda.<\/p>","protected":false},"excerpt":{"rendered":"<p>Ser acusado de conducir ebrio puede ser una experiencia aterradora. Si usted esta enfrentando un cargo de DWI por primera vez, usted puede estar inseguro de como lidiar con esto. Como conducir ebrio puede poner en peligro a otros, los cargos de DWI pueden conllevar penas severas, incluso para los infractores por primera vez con antecedentes limpios. En Brill Legal Group,...<\/p>","protected":false},"author":1,"featured_media":4899,"parent":98,"menu_order":0,"comment_status":"closed","ping_status":"closed","template":"","meta":{"_acf_changed":false,"episode_type":"","audio_file":"","cover_image":"","cover_image_id":"","duration":"","filesize":"","date_recorded":"","explicit":"","block":"","itunes_episode_number":"","itunes_title":"","itunes_season_number":"","itunes_episode_type":"","filesize_raw":"","footnotes":""},"class_list":["post-597","page","type-page","status-publish","has-post-thumbnail","hentry"],"acf":[],"_links":{"self":[{"href":"https:\/\/www.brill-legal.com\/es\/wp-json\/wp\/v2\/pages\/597","targetHints":{"allow":["GET"]}}],"collection":[{"href":"https:\/\/www.brill-legal.com\/es\/wp-json\/wp\/v2\/pages"}],"about":[{"href":"https:\/\/www.brill-legal.com\/es\/wp-json\/wp\/v2\/types\/page"}],"author":[{"embeddable":true,"href":"https:\/\/www.brill-legal.com\/es\/wp-json\/wp\/v2\/users\/1"}],"replies":[{"embeddable":true,"href":"https:\/\/www.brill-legal.com\/es\/wp-json\/wp\/v2\/comments?post=597"}],"version-history":[{"count":7,"href":"https:\/\/www.brill-legal.com\/es\/wp-json\/wp\/v2\/pages\/597\/revisions"}],"predecessor-version":[{"id":5688,"href":"https:\/\/www.brill-legal.com\/es\/wp-json\/wp\/v2\/pages\/597\/revisions\/5688"}],"up":[{"embeddable":true,"href":"https:\/\/www.brill-legal.com\/es\/wp-json\/wp\/v2\/pages\/98"}],"wp:featuredmedia":[{"embeddable":true,"href":"https:\/\/www.brill-legal.com\/es\/wp-json\/wp\/v2\/media\/4899"}],"wp:attachment":[{"href":"https:\/\/www.brill-legal.com\/es\/wp-json\/wp\/v2\/media?parent=597"}],"curies":[{"name":"wp","href":"https:\/\/api.w.org\/{rel}","templated":true}]}}