{"id":596,"date":"2015-12-10T15:25:49","date_gmt":"2015-12-10T15:25:49","guid":{"rendered":"http:\/\/host2.adviahost.net\/~brilllegal\/?page_id=596"},"modified":"2022-06-09T17:47:21","modified_gmt":"2022-06-09T17:47:21","slug":"reincidencia","status":"publish","type":"page","link":"https:\/\/www.brill-legal.com\/es\/nuestros-servicios\/defensa-penal\/dwi\/reincidencia\/","title":{"rendered":"Reincidencia"},"content":{"rendered":"<p>New York tiene un enfoque estricto a los delitos de conducir ebrio. Las consecuencias son a\u00fan m\u00e1s graves para los reincidentes DWI y pueden incluir m\u00e1s tiempo en la c\u00e1rcel, multas m\u00e1s grandes y la revocaci\u00f3n de su licencia de conducir por per\u00edodos m\u00e1s largos. El tribunal impone penas tan duras para evitar que el individuo vuelva a conducir en estado de embriaguez.<\/p>\n\n\n\n<p>Ser condenado por una ofensa repetida de DWI puede tener un impacto significativo en su futuro. Si usted ha sido previamente acusado de un delito relacionado con el alcohol, el fiscal de distrito es probable que perseguir mayores sanciones en su contra. Como resultado, usted necesita la atenci\u00f3n de un abogado defensor con experiencia que agresivamente proteger sus mejores intereses. En Brill Legal Group, sabemos exactamente lo que se necesita para lograr un resultado exitoso en su caso.<\/p>\n\n\n\n<h2 class=\"wp-block-heading\">Sanciones por reincidencia en la conducci\u00f3n bajo los efectos del alcohol<\/h2>\n\n\n\n<p>Cuando se trata de reincidencia, sus condenas anteriores se tienen en cuenta a efectos de sentencia. Mientras una primera ofensa de DWI es tratada como un delito menor, las ofensas repetidas son clasificadas como felonias. Usted podria estar enfrentando cargos de felonias de clase E o D dependiendo del numero y tiempo de condenas previas. Con antecedentes penales por un delito grave, usted podria perder algunos de sus derechos civiles y recibir una sentencia de prision estatal.<\/p>\n\n\n\n<p>Si usted fue condenado anteriormente por DWI y es arrestado por conducir ebrio por segunda vez dentro de un per\u00edodo de 10 a\u00f1os, su nuevo cargo ser\u00e1 elevado a un delito grave de clase E. Si se le declara culpable, podr\u00eda pasar hasta cuatro a\u00f1os en la c\u00e1rcel y pagar una multa de entre $1,000 y $5,000, dependiendo del cargo espec\u00edfico. Su licencia tambi\u00e9n ser\u00e1 revocada por hasta un a\u00f1o.<\/p>\n\n\n\n<p>New York los tribunales aplicar\u00e1n penas a\u00fan m\u00e1s duras por un tercer delito de DWI. Tres o m\u00e1s condenas por conducir bajo los efectos del alcohol en un plazo de 10 a\u00f1os dar\u00e1n lugar a una pena de c\u00e1rcel obligatoria de un a\u00f1o, con una posible condena de hasta siete a\u00f1os. El per\u00edodo de revocaci\u00f3n de la licencia, as\u00ed como las multas para este tipo de delitos tambi\u00e9n aumentar\u00eda hasta $10.000 con m\u00faltiples condenas.<\/p>\n\n\n\n<p>El Departamento de Veh\u00edculos de Motor del Estado de New York puede imponer un per\u00edodo de suspensi\u00f3n o revocaci\u00f3n de la licencia m\u00e1s largo, dependiendo de sus condenas anteriores. Adem\u00e1s, los jueces New York exigir\u00e1n a los reincidentes que instalen dispositivos de bloqueo de encendido en sus veh\u00edculos.<\/p>\n\n\n\n<h3 class=\"wp-block-heading\">Podemos defenderle de cargos de reincidencia de DWI<\/h3>\n\n\n\n<p>Puede ser posible reducir los cargos de delito grave a un delito menor. Deje que los abogados expertos de Brill Legal Group le defiendan de las consecuencias de m\u00faltiples delitos de DWI. Cuando usted se enfrenta a la posibilidad de sanciones graves por conducir ebrio repetidamente en New York, necesita un abogado defensor que luche por sus derechos. Brill Legal Group se esforzar\u00e1 por obtener la desestimaci\u00f3n de los cargos o negociar t\u00e9rminos favorables de acuerdo de culpabilidad.<\/p>\n\n\n\n<p>Con el paisaje en constante cambio de las leyes de DWI en New York, es crucial tener a alguien a su lado que le puede asesorar sobre las opciones disponibles y ayudarle a entender los cargos en su contra.<\/p>\n\n\n\n<p>P\u00f3ngase en contacto con nosotros hoy mismo para una consulta inicial gratuita. Estamos disponibles las 24 horas del d\u00eda, los 7 d\u00edas de la semana y los 365 d\u00edas del a\u00f1o. Su llamada siempre ser\u00e1 atendida, sin importar la hora del d\u00eda.<\/p>","protected":false},"excerpt":{"rendered":"<p>New York tiene un enfoque estricto a los delitos de conducir ebrio. Las consecuencias son a\u00fan m\u00e1s graves para los reincidentes DWI y pueden incluir m\u00e1s tiempo en la c\u00e1rcel, multas m\u00e1s grandes y la revocaci\u00f3n de su licencia de conducir por per\u00edodos m\u00e1s largos. El tribunal impone penas tan duras para evitar que el individuo vuelva a conducir en estado de embriaguez. Ser condenado...<\/p>","protected":false},"author":1,"featured_media":4899,"parent":98,"menu_order":0,"comment_status":"closed","ping_status":"closed","template":"","meta":{"_acf_changed":false,"episode_type":"","audio_file":"","cover_image":"","cover_image_id":"","duration":"","filesize":"","date_recorded":"","explicit":"","block":"","itunes_episode_number":"","itunes_title":"","itunes_season_number":"","itunes_episode_type":"","filesize_raw":"","footnotes":""},"class_list":["post-596","page","type-page","status-publish","has-post-thumbnail","hentry"],"acf":[],"_links":{"self":[{"href":"https:\/\/www.brill-legal.com\/es\/wp-json\/wp\/v2\/pages\/596","targetHints":{"allow":["GET"]}}],"collection":[{"href":"https:\/\/www.brill-legal.com\/es\/wp-json\/wp\/v2\/pages"}],"about":[{"href":"https:\/\/www.brill-legal.com\/es\/wp-json\/wp\/v2\/types\/page"}],"author":[{"embeddable":true,"href":"https:\/\/www.brill-legal.com\/es\/wp-json\/wp\/v2\/users\/1"}],"replies":[{"embeddable":true,"href":"https:\/\/www.brill-legal.com\/es\/wp-json\/wp\/v2\/comments?post=596"}],"version-history":[{"count":8,"href":"https:\/\/www.brill-legal.com\/es\/wp-json\/wp\/v2\/pages\/596\/revisions"}],"predecessor-version":[{"id":5692,"href":"https:\/\/www.brill-legal.com\/es\/wp-json\/wp\/v2\/pages\/596\/revisions\/5692"}],"up":[{"embeddable":true,"href":"https:\/\/www.brill-legal.com\/es\/wp-json\/wp\/v2\/pages\/98"}],"wp:featuredmedia":[{"embeddable":true,"href":"https:\/\/www.brill-legal.com\/es\/wp-json\/wp\/v2\/media\/4899"}],"wp:attachment":[{"href":"https:\/\/www.brill-legal.com\/es\/wp-json\/wp\/v2\/media?parent=596"}],"curies":[{"name":"wp","href":"https:\/\/api.w.org\/{rel}","templated":true}]}}