{"id":594,"date":"2015-12-10T15:16:14","date_gmt":"2015-12-10T15:16:14","guid":{"rendered":"http:\/\/host2.adviahost.net\/~brilllegal\/?page_id=594"},"modified":"2022-06-16T00:20:27","modified_gmt":"2022-06-16T00:20:27","slug":"dmv-audiencias-de-suspension-de-licencia","status":"publish","type":"page","link":"https:\/\/www.brill-legal.com\/es\/nuestros-servicios\/defensa-penal\/dwi\/dmv-audiencias-de-suspension-de-licencia\/","title":{"rendered":"Audiencias de suspensi\u00f3n de licencia del DMV"},"content":{"rendered":"<p>Adem\u00e1s de defenderlo en la corte contra el encarcelamiento y las multas, nuestros abogados est\u00e1n listos para defenderlo en las audiencias del DMV contra la suspensi\u00f3n y revocaci\u00f3n de sus privilegios de conducir.<\/p>\n\n\n\n<p>Sus privilegios de conducir pueden ser suspendidos por una variedad de razones m\u00e1s all\u00e1 de DWI\/DWAI. Ser un \"infractor persistente\" (acumular demasiados puntos en su licencia por infracciones en movimiento), no someterse a una prueba de alcoholemia, y la participaci\u00f3n en un accidente fatal puede resultar en la suspensi\u00f3n o revocaci\u00f3n de la licencia.<\/p>\n\n\n\n<p>Una suspensi\u00f3n significa que se le retira el permiso de conducir durante un periodo de tiempo. Despu\u00e9s de ese tiempo, se le devuelve, momento en el que es posible que tenga que pagar una tasa. La revocaci\u00f3n significa la anulaci\u00f3n total del permiso de conducir. Cuando el per\u00edodo de revocaci\u00f3n termina, usted debe volver a solicitar una licencia y cumplir con los requisitos del DMV.<\/p>\n\n\n\n<p>El DMV del Estado New York detalla una amplia gama de infracciones, y cada una conlleva sus propias sanciones potenciales. En Brill Legal Group, P.C., tenemos un amplio conocimiento y experiencia en la defensa de clientes acusados de todo tipo de violaci\u00f3nes. Sabemos qu\u00e9 cargos pueden ser impugnados con eficacia y en qu\u00e9 circunstancias. Sabemos c\u00f3mo ayudarle a calificar para licencias condicionales que le permitir\u00e1n conducir al trabajo. Y podemos ayudarle a hacer arreglos para los programas de apoyo de alcohol y drogas y la conducci\u00f3n segura que no s\u00f3lo puede mejorar su bienestar, pero reflejan bien en usted en los tribunales y las audiencias del DMV.<\/p>\n\n\n\n<p>Las personas que trabajan duro simplemente no pueden permitirse el lujo de tener su licencia suspendida o revocada. Si se enfrenta a una audiencia de suspensi\u00f3n de licencia del DMV, p\u00f3ngase en contacto con Brill Legal Group hoy.<\/p>","protected":false},"excerpt":{"rendered":"<p>Adem\u00e1s de defenderlo en la corte contra el encarcelamiento y las multas, nuestros abogados est\u00e1n listos para defenderlo en las audiencias del DMV contra la suspensi\u00f3n y revocaci\u00f3n de sus privilegios de conducir. Sus privilegios de conducir pueden ser suspendidos por una variedad de razones m\u00e1s all\u00e1 de DWI\/DWAI. Siendo un \"violador persistente\" (acumulando demasiados puntos en su licencia de...<\/p>","protected":false},"author":1,"featured_media":5293,"parent":98,"menu_order":0,"comment_status":"closed","ping_status":"closed","template":"","meta":{"_acf_changed":false,"episode_type":"","audio_file":"","cover_image":"","cover_image_id":"","duration":"","filesize":"","date_recorded":"","explicit":"","block":"","itunes_episode_number":"","itunes_title":"","itunes_season_number":"","itunes_episode_type":"","filesize_raw":"","footnotes":""},"class_list":["post-594","page","type-page","status-publish","has-post-thumbnail","hentry"],"acf":[],"_links":{"self":[{"href":"https:\/\/www.brill-legal.com\/es\/wp-json\/wp\/v2\/pages\/594","targetHints":{"allow":["GET"]}}],"collection":[{"href":"https:\/\/www.brill-legal.com\/es\/wp-json\/wp\/v2\/pages"}],"about":[{"href":"https:\/\/www.brill-legal.com\/es\/wp-json\/wp\/v2\/types\/page"}],"author":[{"embeddable":true,"href":"https:\/\/www.brill-legal.com\/es\/wp-json\/wp\/v2\/users\/1"}],"replies":[{"embeddable":true,"href":"https:\/\/www.brill-legal.com\/es\/wp-json\/wp\/v2\/comments?post=594"}],"version-history":[{"count":5,"href":"https:\/\/www.brill-legal.com\/es\/wp-json\/wp\/v2\/pages\/594\/revisions"}],"predecessor-version":[{"id":6166,"href":"https:\/\/www.brill-legal.com\/es\/wp-json\/wp\/v2\/pages\/594\/revisions\/6166"}],"up":[{"embeddable":true,"href":"https:\/\/www.brill-legal.com\/es\/wp-json\/wp\/v2\/pages\/98"}],"wp:featuredmedia":[{"embeddable":true,"href":"https:\/\/www.brill-legal.com\/es\/wp-json\/wp\/v2\/media\/5293"}],"wp:attachment":[{"href":"https:\/\/www.brill-legal.com\/es\/wp-json\/wp\/v2\/media?parent=594"}],"curies":[{"name":"wp","href":"https:\/\/api.w.org\/{rel}","templated":true}]}}