{"id":592,"date":"2015-12-10T15:08:53","date_gmt":"2015-12-10T15:08:53","guid":{"rendered":"http:\/\/host2.adviahost.net\/~brilllegal\/?page_id=592"},"modified":"2022-06-09T16:00:54","modified_gmt":"2022-06-09T16:00:54","slug":"phishing","status":"publish","type":"page","link":"https:\/\/www.brill-legal.com\/es\/nuestros-servicios\/defensa-penal\/ciberdelincuencia-en-internet\/uso-de-las-redes-sociales-con-fines-delictivos\/phishing\/","title":{"rendered":"Phishing"},"content":{"rendered":"<p>El phishing es un intento de obtener informaci\u00f3n de alguien, como sus credenciales de acceso a un sitio web o los datos de su tarjeta de cr\u00e9dito, por medios enga\u00f1osos. Es una forma de robo o intento de robo de identidad. El phishing suele consistir en disfrazar un correo electr\u00f3nico o un sitio web como si perteneciera a una entidad en la que usted conf\u00eda, como su banco, el portal web de su empresa o un sitio de redes sociales.<\/p>\n<p>Una t\u00e1ctica b\u00e1sica de los phishers es utilizar el ordenador y\/o la conexi\u00f3n a Internet de otra persona para hacer el trabajo sucio. Esto puede implicar el pirateo remoto de su ordenador o red wifi para enviar los correos electr\u00f3nicos \"cebo\". Esto puede dar lugar a cargos penales contra personas inocentes.<\/p>\n<p>Si se le acusa de phishing o delitos relacionados, no pierda la esperanza. Tales cargos son muy graves, pero la ayuda de un abogado defensor experto y bien informado es inestimable. En Brill Legal Group, P.C., tenemos experiencia tanto en desmantelar casos d\u00e9biles contra clientes como en mitigar el da\u00f1o causado por casos fuertes. P\u00f3ngase en contacto con nosotros lo antes posible para que podamos examinar los cargos contra usted y ayudarle a entender sus opciones.<\/p>","protected":false},"excerpt":{"rendered":"<p>El phishing es un intento de obtener informaci\u00f3n de alguien, como sus credenciales de acceso a un sitio web o los datos de su tarjeta de cr\u00e9dito, por medios enga\u00f1osos. Es una forma de robo o intento de robo de identidad. El phishing suele consistir en disfrazar un correo electr\u00f3nico o un sitio web como si perteneciera a una entidad en la que usted conf\u00eda, como su banco, su...<\/p>","protected":false},"author":1,"featured_media":5283,"parent":329,"menu_order":0,"comment_status":"closed","ping_status":"closed","template":"","meta":{"_acf_changed":false,"episode_type":"","audio_file":"","cover_image":"","cover_image_id":"","duration":"","filesize":"","date_recorded":"","explicit":"","block":"","itunes_episode_number":"","itunes_title":"","itunes_season_number":"","itunes_episode_type":"","filesize_raw":"","footnotes":""},"class_list":["post-592","page","type-page","status-publish","has-post-thumbnail","hentry"],"acf":[],"_links":{"self":[{"href":"https:\/\/www.brill-legal.com\/es\/wp-json\/wp\/v2\/pages\/592","targetHints":{"allow":["GET"]}}],"collection":[{"href":"https:\/\/www.brill-legal.com\/es\/wp-json\/wp\/v2\/pages"}],"about":[{"href":"https:\/\/www.brill-legal.com\/es\/wp-json\/wp\/v2\/types\/page"}],"author":[{"embeddable":true,"href":"https:\/\/www.brill-legal.com\/es\/wp-json\/wp\/v2\/users\/1"}],"replies":[{"embeddable":true,"href":"https:\/\/www.brill-legal.com\/es\/wp-json\/wp\/v2\/comments?post=592"}],"version-history":[{"count":6,"href":"https:\/\/www.brill-legal.com\/es\/wp-json\/wp\/v2\/pages\/592\/revisions"}],"predecessor-version":[{"id":5627,"href":"https:\/\/www.brill-legal.com\/es\/wp-json\/wp\/v2\/pages\/592\/revisions\/5627"}],"up":[{"embeddable":true,"href":"https:\/\/www.brill-legal.com\/es\/wp-json\/wp\/v2\/pages\/329"}],"wp:featuredmedia":[{"embeddable":true,"href":"https:\/\/www.brill-legal.com\/es\/wp-json\/wp\/v2\/media\/5283"}],"wp:attachment":[{"href":"https:\/\/www.brill-legal.com\/es\/wp-json\/wp\/v2\/media?parent=592"}],"curies":[{"name":"wp","href":"https:\/\/api.w.org\/{rel}","templated":true}]}}