{"id":583,"date":"2015-12-10T14:09:48","date_gmt":"2015-12-10T14:09:48","guid":{"rendered":"http:\/\/host2.adviahost.net\/~brilllegal\/?page_id=583"},"modified":"2025-06-09T18:35:35","modified_gmt":"2025-06-09T18:35:35","slug":"por-que-se-emitio-mi-orden-de-detencion","status":"publish","type":"page","link":"https:\/\/www.brill-legal.com\/es\/nuestros-servicios\/defensa-penal\/defensa-penal-faq\/por-que-se-emitio-mi-orden-de-detencion\/","title":{"rendered":"Tengo una orden de detenci\u00f3n. \u00bfPor qu\u00e9 se emiti\u00f3?"},"content":{"rendered":"<h2 class=\"wp-block-heading\">\u00d3rdenes de detenci\u00f3n en New York FAQ<\/h2>\n\n\n\n<p>El objetivo de las \u00f3rdenes de detenci\u00f3n es que la persona citada comparezca ante el juez y explique el motivo por el que no ha asistido a la vista. Una orden de detenci\u00f3n se emite cuando una persona no ha cumplido con un requisito judicial. Los siguientes son algunos ejemplos:<\/p>\n\n\n\n<ul class=\"wp-block-list\">\n<li>No pagar las multas de tr\u00e1fico<\/li>\n\n\n\n<li>No comparecer en una vista judicial en la fecha prevista.<\/li>\n\n\n\n<li>No completar el servicio comunitario en una fecha determinada<\/li>\n\n\n\n<li>Incumplimiento de varias condiciones de la condena<\/li>\n<\/ul>\n\n\n\n<p>El juez emite una orden de detenci\u00f3n que autoriza a la polic\u00eda local o al sheriff a proceder a su detenci\u00f3n inmediata.<\/p>\n\n\n\n<p>Una orden de detenci\u00f3n requiere una acci\u00f3n r\u00e1pida por parte de un abogado experto en defensa criminal. En la mayor\u00eda de los tribunales New York, el juez permitir\u00e1 que su abogado anule la orden de detenci\u00f3n en su nombre si usted no puede comparecer f\u00edsicamente ante el tribunal por un delito menor o violaci\u00f3n. Sin embargo, todav\u00eda tendr\u00e1 que resolver el asunto legal subyacente que inici\u00f3 la orden de detenci\u00f3n en primer lugar.<\/p>\n\n\n\n<p>No se tome la justicia por su mano ni ignore la orden de detenci\u00f3n. Ignorar una orden de arresto puede tener consecuencias como tiempo en la c\u00e1rcel o revocaci\u00f3n de la fianza. Los abogados expertos en defensa criminal de Brill Legal Group trabajar\u00e1n para asegurar que su situaci\u00f3n legal no se complique a\u00fan m\u00e1s.<\/p>\n\n\n\n<p>Las \u00f3rdenes de detenci\u00f3n tambi\u00e9n pueden afectar negativamente a su empleo. Las \u00f3rdenes de detenci\u00f3n se revelan incluso en las comprobaciones de antecedentes penales m\u00e1s b\u00e1sicas. De hecho, la mayor\u00eda de las personas tienden a ocuparse voluntariamente de sus \u00f3rdenes de detenci\u00f3n despu\u00e9s de que un posible empleador les informa de su existencia. Es probable que los empleadores no le contraten hasta que se anule la orden de detenci\u00f3n.<\/p>\n\n\n\n<h3 class=\"wp-block-heading\">Programe hoy mismo una consulta gratuita<\/h3>\n\n\n\n<p>Nuestro experimentado equipo legal ha tratado con innumerables asuntos de \u00f3rdenes de detenci\u00f3n. Nuestra principal prioridad ser\u00e1 minimizar el da\u00f1o a usted tanto como sea posible, para que pueda seguir adelante con su vida.<\/p>\n\n\n\n<p>P\u00f3ngase en contacto con nuestros abogados 24 horas al d\u00eda, siete d\u00edas a la semana para una consulta inicial gratuita y una intervenci\u00f3n agresiva en su caso. Tenemos oficinas en Hauppauge, Hempstead, y Manhattan.<\/p>","protected":false},"excerpt":{"rendered":"<p>\u00d3rdenes de comparecencia en New York FAQ La finalidad de las \u00f3rdenes de comparecencia es hacer comparecer a la persona citada ante el juez y explicarle el motivo por el que no ha asistido a la vista. Se emite una orden de comparecencia cuando una persona no ha cumplido un requerimiento judicial. Los siguientes son algunos ejemplos:...<\/p>","protected":false},"author":1,"featured_media":4908,"parent":272,"menu_order":0,"comment_status":"closed","ping_status":"closed","template":"","meta":{"_acf_changed":false,"episode_type":"","audio_file":"","cover_image":"","cover_image_id":"","duration":"","filesize":"","date_recorded":"","explicit":"","block":"","itunes_episode_number":"","itunes_title":"","itunes_season_number":"","itunes_episode_type":"","filesize_raw":"","footnotes":""},"class_list":["post-583","page","type-page","status-publish","has-post-thumbnail","hentry"],"acf":[],"_links":{"self":[{"href":"https:\/\/www.brill-legal.com\/es\/wp-json\/wp\/v2\/pages\/583","targetHints":{"allow":["GET"]}}],"collection":[{"href":"https:\/\/www.brill-legal.com\/es\/wp-json\/wp\/v2\/pages"}],"about":[{"href":"https:\/\/www.brill-legal.com\/es\/wp-json\/wp\/v2\/types\/page"}],"author":[{"embeddable":true,"href":"https:\/\/www.brill-legal.com\/es\/wp-json\/wp\/v2\/users\/1"}],"replies":[{"embeddable":true,"href":"https:\/\/www.brill-legal.com\/es\/wp-json\/wp\/v2\/comments?post=583"}],"version-history":[{"count":6,"href":"https:\/\/www.brill-legal.com\/es\/wp-json\/wp\/v2\/pages\/583\/revisions"}],"predecessor-version":[{"id":7134,"href":"https:\/\/www.brill-legal.com\/es\/wp-json\/wp\/v2\/pages\/583\/revisions\/7134"}],"up":[{"embeddable":true,"href":"https:\/\/www.brill-legal.com\/es\/wp-json\/wp\/v2\/pages\/272"}],"wp:featuredmedia":[{"embeddable":true,"href":"https:\/\/www.brill-legal.com\/es\/wp-json\/wp\/v2\/media\/4908"}],"wp:attachment":[{"href":"https:\/\/www.brill-legal.com\/es\/wp-json\/wp\/v2\/media?parent=583"}],"curies":[{"name":"wp","href":"https:\/\/api.w.org\/{rel}","templated":true}]}}