{"id":563,"date":"2015-12-10T12:13:52","date_gmt":"2015-12-10T12:13:52","guid":{"rendered":"http:\/\/host2.adviahost.net\/~brilllegal\/?page_id=563"},"modified":"2023-03-06T17:46:59","modified_gmt":"2023-03-06T17:46:59","slug":"casos-recientes","status":"publish","type":"page","link":"https:\/\/www.brill-legal.com\/es\/casos-recientes\/","title":{"rendered":"Casos recientes"},"content":{"rendered":"<h3>Casos de Defensa Penal: Delitos Sexuales<\/h3>\n<p><b>New York Jugador de baloncesto universitario acusado de agresi\u00f3n sexual<\/b><\/p>\n<p><span style=\"font-weight: 400;\">Nuestro cliente, jugador de baloncesto reclutado para jugar en una universidad de New York, fue acusado de agresi\u00f3n sexual durante su primer a\u00f1o. Fue expulsado despu\u00e9s de que la universidad se negara a atender su petici\u00f3n de un breve aplazamiento durante una vista administrativa debido a un conflicto de agenda del abogado. Tras muchos a\u00f1os de desaf\u00edos legales, conseguimos que el Tribunal de Apelaciones revocara una sentencia de la Divisi\u00f3n de Apelaciones. El caso fue devuelto para una nueva audiencia disciplinaria. El Tribunal de Apelaci\u00f3n estuvo de acuerdo en que la universidad hab\u00eda violado el derecho de nuestro cliente a la asistencia letrada y a las debidas garant\u00edas procesales durante la audiencia. <\/span><b><i>Nueva audiencia disciplinaria.<\/i><\/b><\/p>\n<p><strong>Abuso sexual m\u00faltiple<\/strong><\/p>\n<p>Nuestro cliente, residente del Bronx, fue acusado de m\u00faltiples delitos graves de abuso sexual, conducta sexual inapropiada y curso de conducta sexual contra un ni\u00f1o, que lo habr\u00edan llevado a la c\u00e1rcel durante a\u00f1os si hubiera sido condenado. A trav\u00e9s de nuestro contrainterrogatorio del ni\u00f1o y su madre, as\u00ed como el uso de un testigo experto clave, el jurado se convenci\u00f3 m\u00e1s all\u00e1 de toda duda razonable de que nuestro cliente era\u00a0<strong><em>No culpable de todos los cargos<\/em><\/strong>.<\/p>\n<p><strong>Acusado de violaci\u00f3n y abusos<\/strong><\/p>\n<p>Nuestro cliente, un residente de Canarsie (Brooklyn), acusado de Violaci\u00f3n y Abuso Sexual, Kings County, despu\u00e9s de que \u00e9l compr\u00f3 comida china para llevar para su cita y la llev\u00f3 de vuelta a su casa en lugar de invitarla a la cena Red Lobster que ella pidi\u00f3. Se le encontr\u00f3\u00a0<strong><em>No culpable de todos los cargos en el juicio<\/em><\/strong>.<\/p>\n<p><strong>El condado del Bronx desestima un caso de violaci\u00f3n<\/strong><\/p>\n<p>Nuestro cliente, residente en Manhattan, fue acusado de violaci\u00f3n en el condado del Bronx, despu\u00e9s de que llevara a la denunciante a su casa tras una cita y mantuvieran relaciones sexuales consentidas. Muchos abogados defensores penales son notoriamente temerosos de permitir que sus clientes testifiquen ante el gran jurado. En esta situaci\u00f3n, decidimos que comparecer ante el gran jurado ser\u00eda una forma de \"cortocircuitar\" el caso antes incluso de que empezara, siempre y cuando el gran jurado creyera a nuestro cliente. Dedicamos muchas horas a lo largo de varias semanas a preparar a nuestro cliente para testificar. Al final, la estrategia dio sus frutos. Su testimonio fue s\u00f3lido como una roca y el\u00a0<strong><em>el caso fue desestimado<\/em><\/strong>.<\/p>\n<p><strong>Desestimado el cargo de posesi\u00f3n de pornograf\u00eda infantil<\/strong><\/p>\n<p>Nuestro cliente, residente en Ozone Park (condado de Queens), fue acusado en el Tribunal Supremo del condado de Queens de m\u00faltiples cargos de posesi\u00f3n de pornograf\u00eda infantil. Antes de nuestra intervenci\u00f3n, incluso hab\u00eda hecho admisiones por escrito a la polic\u00eda. Despu\u00e9s de un a\u00f1o de intensa investigaci\u00f3n, negociaci\u00f3n y defensa,\u00a0<strong><em>todos los cargos fueron desestimados<\/em><\/strong>. Siga el enlace para ver una noticia sobre este caso: Cliente acusado de posesi\u00f3n de pornograf\u00eda infantil, m\u00faltiples cargos: Caso sobrese\u00eddo.<\/p>\n<p><strong>Presunta posesi\u00f3n de pornograf\u00eda infantil<\/strong><\/p>\n<p>Nuestro cliente, residente en Garden City (Nassau County), fue objeto de una orden de registro del FBI por presunta posesi\u00f3n de pornograf\u00eda infantil. Gracias a nuestra pronta participaci\u00f3n, pudimos garantizar que\u00a0<strong><em>nunca se presentaron cargos contra nuestro cliente<\/em><\/strong>y se le devolvi\u00f3 intacto el equipo inform\u00e1tico que se le hab\u00eda sustra\u00eddo.<\/p>\n<p><strong>Desestimado el cargo de incitaci\u00f3n a la prostituci\u00f3n<\/strong><\/p>\n<p>Nuestro cliente fue acusado de solicitar sexo de un menor en l\u00ednea y poner en peligro el bienestar de un ni\u00f1o en el condado de New York:\u00a0<strong><em>Caso desestimado.<\/em><\/strong><\/p>\n<p><strong>Caso de abuso sexual desestimado<\/strong><\/p>\n<p>Cliente acusado de Abuso Sexual de una chica que conoci\u00f3 en una fiesta y llev\u00f3 a su casa, Condado de New York:\u00a0<strong><em>Caso desestimado.<\/em><\/strong><\/p>\n<p><strong>Suffolk County Acusaci\u00f3n de abuso sexual<\/strong><\/p>\n<p>Nuestro cliente fue acusado de abuso sexual reiterado de una ni\u00f1a en Suffolk County:<strong><em>Sin c\u00e1rcel.<\/em><\/strong><\/p>\n<p><strong>Desestimado el cargo de violaci\u00f3n<\/strong><\/p>\n<p>Nuestros clientes (dos hermanos) fueron acusados de Violaci\u00f3n en la Ciudad de Yonkers. Despu\u00e9s de una intensa investigaci\u00f3n de la defensa de la demandante y las circunstancias circundantes,<strong><em>el caso fue sobrese\u00eddo<\/em><\/strong>\u00a0contra nuestros clientes por el Fiscal del Distrito de Westchester.<\/p>\n<h3>Casos de Defensa Penal: Acoso Cargos<\/h3>\n<p><strong>Acusado de acoso con agravantes<\/strong><\/p>\n<p>Nuestro cliente, un residente de Yonkers que estaba en libertad condicional por un delito grave, fue detenido otras tres veces en Manhattan por acoso con agravantes contra su ex novia y desacato penal (por violar su orden de protecci\u00f3n, dos veces). No pod\u00eda aceptar ninguna declaraci\u00f3n de culpabilidad, ya que se habr\u00eda violado su libertad condicional y se habr\u00eda enfrentado a m\u00e1s de cinco a\u00f1os de c\u00e1rcel. Nuestra estrategia consisti\u00f3 en juzgar primero los dos primeros cargos y esperar que el fiscal del distrito de Manhattan pensara de otro modo sobre las pruebas despu\u00e9s de que gan\u00e1ramos. Tras un breve juicio con jurado en el Tribunal Supremo del condado de New York,\u00a0<strong><em>nuestro cliente fue declarado inocente<\/em><\/strong>\u00a0de los dos primeros cargos. Unas semanas m\u00e1s tarde, el Fiscal de Distrito ofreci\u00f3 un Aplazamiento en Contemplaci\u00f3n de Desestimaci\u00f3n (ACD) sobre el \u00faltimo cargo, lo que significaba que el caso ser\u00eda desestimado siempre y cuando se mantuviera fuera de problemas. Al final, el cliente evit\u00f3 cualquier posibilidad de ir a la c\u00e1rcel y no tuvo m\u00e1s condenas penales.<\/p>\n<p><strong>No culpable en<\/strong>\u00a0<strong>Acoso con agravantes<\/strong><\/p>\n<p>Nuestro cliente fue acusado por el Fiscal de Distrito Nassau County de Acoso Agravado contra su esposa separada en el Tribunal de Distrito Nassau County. Despu\u00e9s de un juicio sin jurado ante el Honorable Norman St.\u00a0<strong><em>No culpable de todos los cargos<\/em><\/strong>.<\/p>\n<h3>Casos de Defensa Criminal: Cargo de Posesi\u00f3n de Armas<\/h3>\n<p><strong>No culpable de posesi\u00f3n de armas, imprudencia temeraria e incendio provocado<\/strong><\/p>\n<p>Nuestro cliente, residente en Brooklyn, fue acusado en el Tribunal Supremo del condado de Kings de m\u00faltiples cargos de incendio provocado, posesi\u00f3n de armas, imprudencia temeraria y da\u00f1os criminales por supuestamente disparar a los coches de un antiguo amigo y volver unos d\u00edas m\u00e1s tarde para incendiar uno de los coches, que fue todo grabado en v\u00eddeo. Se le encontr\u00f3\u00a0<strong><em>No culpable de todos los cargos en el juicio<\/em><\/strong>.<\/p>\n<h3>Casos de Defensa Criminal: DWI y Cargos de Asalto Vehicular<\/h3>\n<p><strong>Cargo de DWI no culpable<\/strong><\/p>\n<p>Nuestro cliente, residente en Croton-on-Hudson (condado de Westchester), fue acusado en el condado del Bronx de conducir ebrio y negarse a someterse a la prueba qu\u00edmica. La polic\u00eda aleg\u00f3 que encontr\u00f3 una botella de vodka medio llena en el coche del cliente. Despu\u00e9s de un juicio con jurado de una semana de duraci\u00f3n con m\u00faltiples testigos policiales y civiles, el jurado emiti\u00f3 un fallo de\u00a0<strong><em>Veredicto de no culpable en menos de media hora.<\/em><\/strong><\/p>\n<p><strong>New York Malet\u00edn DWI<\/strong><\/p>\n<p>Nuestro cliente fue acusado de DWI y Driving While Ability Impaired en el condado de New York. Fue encontrado\u00a0<strong><em>No culpable de todos los cargos en el juicio<\/em><\/strong>.<\/p>\n<p><strong>Asalto vehicular y agravado DWI Cargo- No hay tiempo en la c\u00e1rcel<\/strong><\/p>\n<p>Nuestro cliente, un residente de Highland Mills (Condado de Rockland), fue acusado en la Corte del Condado de Westchester de Asalto Vehicular y DWI Agravado despu\u00e9s de que el coche que conduc\u00eda volc\u00f3 y un pasajero en el coche fue expulsado del veh\u00edculo, gravemente herido y discapacitado permanentemente. A trav\u00e9s de nuestra representaci\u00f3n, incluyendo la reuni\u00f3n con la v\u00edctima y su familia, la defensa con la Oficina del Fiscal de Distrito de Westchester, y una extensa presentaci\u00f3n ante el juez, el cliente fue condenado a libertad condicional directa con\u00a0<strong><em>sin c\u00e1rcel<\/em><\/strong>.<\/p>\n<p><strong>Acusado de DWI en el Bronx<\/strong><\/p>\n<p>El cliente, residente en Throgs Neck (condado del Bronx), fue acusado de conducir ebrio en el Bronx tras chocar con su coche contra un muro de ladrillo, romperse la mitad de los dientes y permanecer en coma durante una semana. Tras ocho meses de continuas gestiones ante el Fiscal del Distrito y el Tribunal, el\u00a0<strong><em>caso fue desestimado.<\/em><\/strong><\/p>\n<h3>Casos de Defensa Criminal: Cargo de Asalto<\/h3>\n<p><strong>Manhattan Pandilla Asalto Cargo<\/strong><\/p>\n<p>Nuestro cliente, un joven profesional, fue acusado de Agresi\u00f3n en Grupo en el Tribunal Supremo de Manhattan despu\u00e9s de que \u00e9l y dos de sus amigos se enfrentaran al nuevo novio de la ex novia de uno de los otros acusados. El resultado fue una pelea de borrachos a la salida del famoso restaurante Wo Hop de Chinatown, y m\u00faltiples grapas en la nuca del nuevo novio. La acusaci\u00f3n conllevaba una pena m\u00ednima de cinco a\u00f1os de c\u00e1rcel, y nuestro cliente fue declarado culpable de un delito de lesiones graves.\u00a0<strong><em>No culpable de todos los cargos en el juicio<\/em><\/strong>.<\/p>\n<p><strong>No culpable en un caso de agresi\u00f3n y acoso<\/strong><\/p>\n<p>Nuestro cliente, un detective de polic\u00eda New York City, fue acusado de agresi\u00f3n en tercer grado (contra su esposa separada), acoso (contra su esposa separada) y poner en peligro el bienestar de un ni\u00f1o (contra su hija de 2 a\u00f1os de edad) en New York Tribunal Penal del Condado. Tras un juicio con jurado, fue declarado culpable de\u00a0<strong><em>No culpable de todos los cargos<\/em><\/strong>.<\/p>\n<p><strong>Un estudiante de secundaria acusado de pelearse y negarse a ser detenido<\/strong><\/p>\n<p>Nuestro cliente, un estudiante de secundaria de Islip Terrace, fue acusado por el Fiscal de Distrito Suffolk County en el Tribunal de Distrito Suffolk County (Central Islip) por maldecir a la polic\u00eda, pelear con la polic\u00eda y negarse a ser arrestado. Debido a la completa falta de credibilidad del Sargento de Polic\u00eda Suffolk County que hizo el arresto, nuestro cliente fue encontrado\u00a0<strong><em>No culpable de todos los cargos<\/em><\/strong>\u00a0tras un juicio sin jurado.<\/p>\n<p><strong>Desestimado el cargo de asalto con arma mortal<\/strong><\/p>\n<p>Nuestro cliente, un residente de Bay Ridge (Brooklyn), fue acusado de Asalto en Primer Grado con un Arma Mortal (un cuchillo de sushi) por la Oficina del Fiscal de Distrito del Condado de Richmond en Staten Island. A trav\u00e9s de la negociaci\u00f3n y la presentaci\u00f3n inteligente de nuestro caso al Fiscal de Distrito, el\u00a0<strong><em>El caso fue sobrese\u00eddo<\/em><\/strong>\u00a0sin que nuestro cliente ni siquiera testificara. Siga el enlace para ver un relato period\u00edstico de este caso: Cliente acusado de Asalto en Primer Grado con un Arma Mortal (un cuchillo de sushi): Caso desestimado.<\/p>\n<p><strong>Desestimado el cargo de intento de asesinato e imprudencia temeraria en el Bronx<\/strong><\/p>\n<p>Nuestro cliente fue acusado de intento de asesinato e imprudencia temeraria en el condado del Bronx por defenderse de un delincuente buscado que lo atac\u00f3 y le hizo temer por su vida. Despu\u00e9s de dos a\u00f1os de intensa defensa, el\u00a0<strong><em>caso fue desestimado.<\/em><\/strong><\/p>\n<p><strong>Presunta agresi\u00f3n<\/strong><\/p>\n<p>Nuestros clientes fueron investigados por acusaciones de agresi\u00f3n a un agente del FBI fuera de servicio. El FBI inici\u00f3 una investigaci\u00f3n que deber\u00eda haber sido investigada por la polic\u00eda local. Tras demostrar a la Fiscal\u00eda que el agente del FBI estaba claramente intoxicado en el momento del incidente, nos aseguramos de que\u00a0<strong><em>nuestros clientes nunca fueron arrestados.<\/em><\/strong><\/p>\n<h3>Casos de defensa penal: Casos de fraude<\/h3>\n<p><strong>Conspiraci\u00f3n para distribuir\/vender pesticidas no registrados por la EPA<\/strong><\/p>\n<p>Nuestro cliente fue acusado de conspirar para distribuir y vender pesticidas que no estaba registrado con la Agencia de Protecci\u00f3n Ambiental de los Estados Unidos. Debido a nuestro trabajo en su nombre, hemos sido capaces de obtener un <strong>auto por el que se desestima la demanda<\/strong> sin perjuicio.<\/p>\n<p><strong>Fraude postal ante un tribunal federal<\/strong><\/p>\n<p>Nuestro cliente, propietario de una peque\u00f1a empresa y residente en Staten Island, fue acusado de conspiraci\u00f3n y fraude postal por valor de $600.000 ante un tribunal federal por el Fiscal de los Estados Unidos del Distrito Sur de New York, junto con su socio. El principal testigo en su contra era su ex novia, a quien se le hab\u00eda ocurrido la idea de iniciar la aventura empresarial. Tras dos semanas de juicio, tanto \u00e9l como su socio fueron declarados culpables.\u00a0<strong><em>No culpable de todos los cargos en el juicio<\/em><\/strong>. La ex novia no tuvo tanta suerte (\u00a1y no la representamos!).<\/p>\n<p><strong>Caso de hurto mayor en Manhattan<\/strong><\/p>\n<p>Nuestra cliente, una ejecutiva de moda internacional de Manhattan, fue acusada de hurto mayor por retirar m\u00e1s de $10.000 de la cuenta corporativa de una empresa para la que ya no trabajaba. A trav\u00e9s de una investigaci\u00f3n diligente y conversaciones con la Oficina del Fiscal del Distrito de Manhattan, fuimos capaces de tener r\u00e1pidamente la\u00a0<strong><em>retirada de cargos<\/em><\/strong>.<\/p>\n<p><strong>Cargo de hurto mayor de un mill\u00f3n de d\u00f3lares<\/strong><\/p>\n<p>Nuestro cliente fue acusado de un hurto mayor de $1.000.000. Adem\u00e1s, admiti\u00f3 su participaci\u00f3n en el delito antes de que nos involucr\u00e1ramos. Debido a nuestro trabajo en su nombre, durante m\u00e1s de un a\u00f1o, recibi\u00f3\u00a0<strong><em>Sin penas de c\u00e1rcel<\/em><\/strong>.<\/p>\n<p><strong>Denuncias de fraude al seguro<\/strong><\/p>\n<p>Nuestro cliente, un perito de seguros que trabajaba en todo el New York City y los condados circundantes, estaba siendo investigado por fraude de seguros en el condado de Kings (Brooklyn).\u00a0<strong><em>No se hizo ning\u00fan arresto.<\/em><\/strong><\/p>\n<p><strong>Caso de fraude de seguros<\/strong><\/p>\n<p>Ese mismo perito de seguros fue posteriormente investigado y detenido por la Fiscal\u00eda del Distrito de Manhattan por una trama de fraude de seguros de gran alcance. Volvimos a representarlo, y recibi\u00f3\u00a0<strong><em>sin c\u00e1rcel<\/em><\/strong>\u00a0como parte de su declaraci\u00f3n.<\/p>\n<h3>Audiencias disciplinarias<\/h3>\n<p><strong>New York City Mala conducta de los detectives de polic\u00eda<\/strong><\/p>\n<p>Nuestro cliente, residente del Bronx y detective de la polic\u00eda New York City, fue acusado de m\u00faltiples cargos de mala conducta oficial y obstaculizaci\u00f3n del enjuiciamiento por tratar indebidamente con informantes confidenciales. Tras un juicio con jurado de dos semanas en el Tribunal Supremo de Manhattan, fue declarado culpable de\u00a0<strong><em>No culpable de todos los cargos<\/em><\/strong>.<\/p>\n<h3>Casos de asistencia sanitaria<\/h3>\n<p><strong>Caso de falsificaci\u00f3n de registros en residencias de ancianos<\/strong><\/p>\n<p>Nuestra cliente, una Enfermera Registrada de 62 a\u00f1os de edad y residente de East Meadow (Nassau County), fue acusada por el Fiscal General en la Corte Nassau County con m\u00faltiples cargos de delito grave de Falsificaci\u00f3n de Registros de Negocios en un hogar de ancianos en Farmingdale porque ella no llen\u00f3 el papeleo sobre algo que ocurri\u00f3 en un turno anterior (cuando ella no estaba trabajando). Despu\u00e9s de un juicio con jurado que dur\u00f3 m\u00e1s de una semana, el jurado regres\u00f3 con un\u00a0<strong><em>Veredicto de no culpable de todos los cargos en 20 minutos<\/em><\/strong>.<\/p>\n<p><strong>Desestimados los cargos de conducta indebida presentados contra RN<\/strong><\/p>\n<p>Nuestra clienta, enfermera titulada y residente en Bay Shore (Suffolk County) nacida en \u00c1frica, fue contratada para trabajar en un hospital de West Islip (Suffolk County) como enfermera m\u00e9dico-quir\u00fargica. Solicit\u00f3 trabajar en la UCI, donde sufri\u00f3 acoso por parte del personal de enfermer\u00eda de la UCI (todos blancos), hasta el punto de que el Departamento de Educaci\u00f3n del Estado de New York present\u00f3 cargos por mala conducta contra ella, y se vio obligada a dimitir. Tras una audiencia ante un representante del Consejo de Regentes del Estado de New York, se determin\u00f3 que no hab\u00eda hecho nada malo y se retiraron todos los cargos contra ella.\u00a0<strong><em>despedido<\/em><\/strong>.<\/p>","protected":false},"excerpt":{"rendered":"<p>Casos de Defensa Penal: Delitos sexuales New York Jugador de baloncesto universitario acusado de agresi\u00f3n sexual Nuestro cliente, un jugador de baloncesto reclutado para jugar en una universidad New York, fue acusado de agresi\u00f3n sexual durante su primer a\u00f1o. Fue expulsado despu\u00e9s de que la universidad se neg\u00f3 a atender su solicitud de un breve aplazamiento durante una audiencia administrativa....<\/p>","protected":false},"author":1,"featured_media":5294,"parent":0,"menu_order":0,"comment_status":"closed","ping_status":"closed","template":"","meta":{"_acf_changed":false,"episode_type":"","audio_file":"","cover_image":"","cover_image_id":"","duration":"","filesize":"","date_recorded":"","explicit":"","block":"","itunes_episode_number":"","itunes_title":"","itunes_season_number":"","itunes_episode_type":"","filesize_raw":"","footnotes":""},"class_list":["post-563","page","type-page","status-publish","has-post-thumbnail","hentry"],"acf":[],"_links":{"self":[{"href":"https:\/\/www.brill-legal.com\/es\/wp-json\/wp\/v2\/pages\/563","targetHints":{"allow":["GET"]}}],"collection":[{"href":"https:\/\/www.brill-legal.com\/es\/wp-json\/wp\/v2\/pages"}],"about":[{"href":"https:\/\/www.brill-legal.com\/es\/wp-json\/wp\/v2\/types\/page"}],"author":[{"embeddable":true,"href":"https:\/\/www.brill-legal.com\/es\/wp-json\/wp\/v2\/users\/1"}],"replies":[{"embeddable":true,"href":"https:\/\/www.brill-legal.com\/es\/wp-json\/wp\/v2\/comments?post=563"}],"version-history":[{"count":9,"href":"https:\/\/www.brill-legal.com\/es\/wp-json\/wp\/v2\/pages\/563\/revisions"}],"predecessor-version":[{"id":6699,"href":"https:\/\/www.brill-legal.com\/es\/wp-json\/wp\/v2\/pages\/563\/revisions\/6699"}],"wp:featuredmedia":[{"embeddable":true,"href":"https:\/\/www.brill-legal.com\/es\/wp-json\/wp\/v2\/media\/5294"}],"wp:attachment":[{"href":"https:\/\/www.brill-legal.com\/es\/wp-json\/wp\/v2\/media?parent=563"}],"curies":[{"name":"wp","href":"https:\/\/api.w.org\/{rel}","templated":true}]}}