{"id":500,"date":"2015-12-09T13:25:26","date_gmt":"2015-12-09T13:25:26","guid":{"rendered":"http:\/\/host2.adviahost.net\/~brilllegal\/?page_id=500"},"modified":"2025-06-09T18:28:04","modified_gmt":"2025-06-09T18:28:04","slug":"audiencias-disciplinarias-investigaciones-derecho-sanitario-desvio-de-drogas-abogado-penalista","status":"publish","type":"page","link":"https:\/\/www.brill-legal.com\/es\/nuestros-servicios\/abogados-de-derecho-sanitario\/audiencias-disciplinarias-investigaciones-derecho-sanitario-desvio-de-drogas-abogado-penalista\/","title":{"rendered":"Audiencias Disciplinarias e Investigaciones Derecho Sanitario Desv\u00edo de Drogas Abogado de Defensa Penal"},"content":{"rendered":"<p>Uno de los problemas disciplinarios m\u00e1s frecuentes a los que se enfrenta la comunidad m\u00e9dica es el de las denuncias por abuso de sustancias. Una acusaci\u00f3n puede surgir de algo tan simple como que un farmac\u00e9utico tome un medicamento no narc\u00f3tico; muchas veces los farmac\u00e9uticos se sienten lo suficientemente competentes como para autoprescribirse un medicamento. El problema que se plantean las juntas de autorizaci\u00f3n y los organismos penales es que resulta casi imposible distinguir entre los que est\u00e1n realmente necesitados y los que abusan de una sustancia.<\/p>\n\n\n\n<p>Cuando se plantea una acusaci\u00f3n, se toma extremadamente en serio y se puede iniciar un proceso penal junto con una acci\u00f3n para suspender la licencia. Por ello, es muy importante mitigar las consecuencias y las sanciones y defenderse en\u00e9rgicamente contra cualquier acusaci\u00f3n fr\u00edvola o infundada.<\/p>\n\n\n\n<p>Si usted o un ser querido de la comunidad m\u00e9dica ha sido acusado de abuso de sustancias, o de desv\u00edo de drogas en general, estamos preparados para aportar nuestra experiencia para defender agresivamente sus derechos o los de su ser querido, su reputaci\u00f3n profesional y su bienestar profesional.<\/p>\n\n\n\n<h2 class=\"wp-block-heading\">Abogado de derecho sanitario para denuncias por abuso de sustancias<\/h2>\n\n\n\n<p>Debido a que las cuestiones de defensa profesional son un componente b\u00e1sico de nuestras \u00e1reas de pr\u00e1ctica, en Brill Legal Group, P.C., estamos dispuestos a aportar nuestros a\u00f1os de experiencia para defenderse contra cualquier acusaci\u00f3n de abuso de sustancias. Siempre que sea posible podemos refutar agresivamente cualquier acusaci\u00f3n fr\u00edvola. Cuando esto no es posible, podemos mirar a los programas de desviaci\u00f3n para mitigar las consecuencias de la mejor manera posible.<\/p>\n\n\n\n<p>P\u00f3ngase en contacto con nuestros abogados de defensa criminal de desviaci\u00f3n de drogas New York City hoy. Nuestros abogados de la ley de salud est\u00e1n disponibles para proporcionar una evaluaci\u00f3n inicial sin costo de los problemas legales que puede enfrentar.<\/p>\n\n\n\n<p><strong>Manhattan 212-233-4141 - Suffolk 631-204-8254 - Nassau 516-206-2002 - Llamada gratuita 888-315-9841.<\/strong><\/p>","protected":false},"excerpt":{"rendered":"<p>Uno de los problemas disciplinarios m\u00e1s frecuentes a los que se enfrenta la comunidad m\u00e9dica es el de las denuncias por abuso de sustancias. Una acusaci\u00f3n puede surgir de algo tan simple como que un farmac\u00e9utico tome un medicamento no narc\u00f3tico; muchas veces los farmac\u00e9uticos se sienten lo suficientemente competentes como para autoprescribirse un medicamento. El problema que tienen las juntas de licencias y las agencias penales...<\/p>","protected":false},"author":1,"featured_media":5493,"parent":469,"menu_order":0,"comment_status":"closed","ping_status":"closed","template":"","meta":{"_acf_changed":false,"episode_type":"","audio_file":"","cover_image":"","cover_image_id":"","duration":"","filesize":"","date_recorded":"","explicit":"","block":"","itunes_episode_number":"","itunes_title":"","itunes_season_number":"","itunes_episode_type":"","filesize_raw":"","footnotes":""},"class_list":["post-500","page","type-page","status-publish","has-post-thumbnail","hentry"],"acf":[],"_links":{"self":[{"href":"https:\/\/www.brill-legal.com\/es\/wp-json\/wp\/v2\/pages\/500","targetHints":{"allow":["GET"]}}],"collection":[{"href":"https:\/\/www.brill-legal.com\/es\/wp-json\/wp\/v2\/pages"}],"about":[{"href":"https:\/\/www.brill-legal.com\/es\/wp-json\/wp\/v2\/types\/page"}],"author":[{"embeddable":true,"href":"https:\/\/www.brill-legal.com\/es\/wp-json\/wp\/v2\/users\/1"}],"replies":[{"embeddable":true,"href":"https:\/\/www.brill-legal.com\/es\/wp-json\/wp\/v2\/comments?post=500"}],"version-history":[{"count":6,"href":"https:\/\/www.brill-legal.com\/es\/wp-json\/wp\/v2\/pages\/500\/revisions"}],"predecessor-version":[{"id":7090,"href":"https:\/\/www.brill-legal.com\/es\/wp-json\/wp\/v2\/pages\/500\/revisions\/7090"}],"up":[{"embeddable":true,"href":"https:\/\/www.brill-legal.com\/es\/wp-json\/wp\/v2\/pages\/469"}],"wp:featuredmedia":[{"embeddable":true,"href":"https:\/\/www.brill-legal.com\/es\/wp-json\/wp\/v2\/media\/5493"}],"wp:attachment":[{"href":"https:\/\/www.brill-legal.com\/es\/wp-json\/wp\/v2\/media?parent=500"}],"curies":[{"name":"wp","href":"https:\/\/api.w.org\/{rel}","templated":true}]}}