{"id":496,"date":"2015-12-09T13:12:22","date_gmt":"2015-12-09T13:12:22","guid":{"rendered":"http:\/\/host2.adviahost.net\/~brilllegal\/?page_id=496"},"modified":"2023-02-24T20:25:16","modified_gmt":"2023-02-24T20:25:16","slug":"opmc-abogados-oficina-de-conducta-medica-profesional","status":"publish","type":"page","link":"https:\/\/www.brill-legal.com\/es\/nuestros-servicios\/abogados-de-derecho-sanitario\/opmc-abogados-oficina-de-conducta-medica-profesional\/","title":{"rendered":"Defensa de la Oficina de Conducta M\u00e9dica Profesional (OPMC) del Ministerio de Sanidad"},"content":{"rendered":"<p>Los m\u00e9dicos colegiados de New York trabajan duro para ofrecer una atenci\u00f3n de calidad a sus pacientes. Sin embargo, pueden ser <a href=\"https:\/\/www.brill-legal.com\/es\/\">objeto de investigaciones<\/a> por la Oficina de Conducta M\u00e9dica Profesional (OPMC) del Departamento de Sanidad. Cuando se le acusa de mala conducta profesional, corre el riesgo de enfrentarse a sanciones como una amonestaci\u00f3n o incluso la p\u00e9rdida de su licencia m\u00e9dica. <a href=\"https:\/\/www.brill-legal.com\/es\/\">Brill Legal Group<\/a> representa a profesionales m\u00e9dicos en investigaciones y procedimientos disciplinarios de la OPMC. Cuando su medio de vida est\u00e1 en juego, puede confiar en nuestro equipo legal para elaborar una defensa eficaz en su nombre.<\/p>\n\n\n\n<h3 class=\"wp-block-heading\">\u00bfQu\u00e9 es el OPMC?<\/h3>\n\n\n\n<p>La Oficina de Conducta M\u00e9dica Profesional (OPMC) opera como parte del Departamento de Salud del Estado New York (DOH). La agencia investiga y procesa las denuncias de mala conducta profesional contra m\u00e9dicos, asistentes m\u00e9dicos y asistentes especialistas que poseen una licencia estatal New York.<\/p>\n\n\n\n<p>La oficina investiga miles de quejas cada a\u00f1o. New York El Estado expidi\u00f3 6.119 licencias de m\u00e9dico en 2021, un aumento respecto a las 5.741 de 2020.<\/p>\n\n\n\n<p>Cualquiera puede presentar una denuncia ante la OPMC. M\u00e1s de la mitad de las quejas sobre m\u00e9dicos y asistentes m\u00e9dicos son presentadas por el p\u00fablico, incluidos los pacientes que creen que su m\u00e9dico puede haber cometido una conducta indebida. Las quejas tambi\u00e9n pueden proceder de familiares de pacientes, profesionales sanitarios, colegas, compa\u00f1\u00edas de seguros, centros sanitarios y organismos estatales.<\/p>\n\n\n\n<h3 class=\"wp-block-heading\">\u00bfQu\u00e9 se considera falta de \u00e9tica profesional?<\/h3>\n\n\n\n<p>New York Las autoridades del DOH han identificado una larga lista de comportamientos y acciones que pueden considerarse mala conducta profesional. El departamento persigue la negligencia y las acusaciones de fraude o tergiversaci\u00f3n relacionadas con la licencia m\u00e9dica de un m\u00e9dico. Las infracciones de las normas que rigen la salud p\u00fablica, los historiales m\u00e9dicos y la publicidad de los m\u00e9dicos tambi\u00e9n pueden ser motivo de investigaci\u00f3n.<\/p>\n\n\n\n<p>La OPMC investiga una amplia gama de reclamaciones contra m\u00e9dicos colegiados. Ejemplos de posibles reclamaciones por mala conducta incluyen, pero no se limitan a:<\/p>\n\n\n\n<ul class=\"wp-block-list\">\n<li>Ejercicio fraudulento o con grave incompetencia o negligencia<\/li>\n\n\n\n<li>Garantizar la curaci\u00f3n del tratamiento<\/li>\n\n\n\n<li>Practicar bajo la influencia de drogas o alcohol<\/li>\n\n\n\n<li>Ser condenado por un delito<\/li>\n\n\n\n<li>Ejercer la profesi\u00f3n estando afectado por una discapacidad f\u00edsica o mental<\/li>\n\n\n\n<li>Realizar servicios no autorizados a un paciente<\/li>\n\n\n\n<li>Ejercer en un \u00e1rea de la medicina para la que el m\u00e9dico no est\u00e1 cualificado.<\/li>\n\n\n\n<li>Presentaci\u00f3n de una denuncia falsa<\/li>\n\n\n\n<li>Ejercer con una licencia suspendida<\/li>\n\n\n\n<li>Acosar, maltratar o intimidar a un paciente<\/li>\n\n\n\n<li>Pedir pruebas innecesarias<\/li>\n\n\n\n<li>Abandonar o desatender a un paciente que necesita cuidados<\/li>\n\n\n\n<li>Mala conducta sexual<\/li>\n\n\n\n<li>Fraude financiero<\/li>\n\n\n\n<li>Fraude al seguro<\/li>\n<\/ul>\n\n\n\n<p>Independientemente de las acusaciones de mala conducta a las que se enfrente, Brill Legal Group puede ayudarle a evitar las duras sanciones que pueden derivarse del proceso disciplinario de la OPMC. <a href=\"https:\/\/www.brill-legal.com\/es\/abogados\/\">Nuestros abogados defensores de OPMC<\/a> se esforzar\u00e1 por garantizar que conserve su licencia m\u00e9dica.<\/p>\n\n\n\n<h3 class=\"wp-block-heading\">C\u00f3mo responder a una investigaci\u00f3n de la OPMC<\/h3>\n\n\n\n<p>Las investigaciones de la OPMC suelen iniciarse a ra\u00edz de una denuncia presentada contra un m\u00e9dico. Si se entera de que est\u00e1 siendo investigado por mala conducta profesional por el New York DOH, es crucial que act\u00fae con urgencia. Una denuncia ante la OPMC es motivo de preocupaci\u00f3n y no debe tomarse a la ligera.<\/p>\n\n\n\n<p>Muchos m\u00e9dicos desconocen la existencia de la OPMC hasta que reciben una carta de un investigador. Sin embargo, ignorar la denuncia tiene sus propias consecuencias y puede dar lugar a una suspensi\u00f3n sumaria. No responder a las comunicaciones escritas de la New York DOH y no proporcionar los registros solicitados por los investigadores constituye una falta de conducta seg\u00fan la ley estatal.<\/p>\n\n\n\n<p>Lo mejor es actuar de inmediato <a href=\"https:\/\/www.brill-legal.com\/es\/pongase-en-contacto-con\/\">consulte a un abogado defensor New York OPMC<\/a> que tenga experiencia en asuntos disciplinarios, incluso si usted cree que no es culpable de mala conducta. Con su reputaci\u00f3n profesional y licencia m\u00e9dica en peligro, la contrataci\u00f3n de un abogado experto desde el principio asegura que sus derechos ser\u00e1n protegidos durante todo el proceso de investigaci\u00f3n.<\/p>\n\n\n\n<h3 class=\"wp-block-heading\">Gu\u00eda sobre el funcionamiento del procedimiento disciplinario de la OPMC<\/h3>\n\n\n\n<ul class=\"wp-block-list\">\n<li><strong>Investigaci\u00f3n: <\/strong>Los m\u00e9dicos y asistentes m\u00e9dicos que sean objeto de una denuncia ante la OPMC est\u00e1n obligados a cooperar con la investigaci\u00f3n. Esto incluye la presentaci\u00f3n de documentos que sean relevantes para la investigaci\u00f3n a petici\u00f3n. Un punto importante a tener en cuenta es que usted puede tener un abogado presente durante todo el proceso de investigaci\u00f3n y disciplinario.<\/li>\n<\/ul>\n\n\n\n<ul class=\"wp-block-list\">\n<li><strong>Recomendaciones del Comit\u00e9:<\/strong> Si el investigador de la OPMC re\u00fane pruebas suficientes que sugieran una conducta indebida, el caso se somete a un comit\u00e9 de tres miembros compuesto por dos m\u00e9dicos y un lego. El comit\u00e9 recomendar\u00e1 una investigaci\u00f3n m\u00e1s a fondo, una acci\u00f3n formal como la presentaci\u00f3n de cargos por mala conducta, una advertencia administrativa o el sobreseimiento del caso.<\/li>\n<\/ul>\n\n\n\n<p>La comisi\u00f3n puede suspender sumariamente su licencia si el m\u00e9dico supone una amenaza inminente para la salud p\u00fablica. Por el contrario, el caso se archivar\u00e1 si no hay pruebas suficientes de mala conducta.&nbsp;<\/p>\n\n\n\n<ul class=\"wp-block-list\">\n<li><strong>Audiencia disciplinaria:<\/strong> Se presentan cargos formales contra el m\u00e9dico y se programa una audiencia si el comit\u00e9 determina que hay pruebas suficientes que sugieren mala conducta o si se emite una suspensi\u00f3n sumaria. El panel de audiencia est\u00e1 formado por dos m\u00e9dicos y un lego.<\/li>\n<\/ul>\n\n\n\n<p>La OPMC y el m\u00e9dico acusado pueden presentar pruebas en la audiencia. El m\u00e9dico tambi\u00e9n tiene derecho a testificar. Ambas partes suelen estar representadas por un abogado que presenta pruebas e interroga a los testigos. Las partes tambi\u00e9n pueden llegar a un acuerdo en cualquier momento antes de la audiencia.<\/p>\n\n\n\n<ul class=\"wp-block-list\">\n<li><strong>Sanciones:<\/strong> Una vez finalizada la audiencia disciplinaria, el comit\u00e9 resuelve el caso. Si un m\u00e9dico es declarado culpable de mala conducta profesional, ser\u00e1 sancionado. En funci\u00f3n del resultado del caso, el Estado y el m\u00e9dico tienen derecho a recurrir la decisi\u00f3n ante una Junta de Revisi\u00f3n Administrativa.<\/li>\n<\/ul>\n\n\n\n<h3 class=\"wp-block-heading\">Sanciones de la OPMC por mala conducta<\/h3>\n\n\n\n<p>Si la OPMC determina que un m\u00e9dico o asistente m\u00e9dico es culpable de mala conducta profesional, puede imponer diversas sanciones. Las sanciones incluyen:<\/p>\n\n\n\n<ul class=\"wp-block-list\">\n<li>Revocaci\u00f3n, suspensi\u00f3n o anulaci\u00f3n de la licencia.<\/li>\n\n\n\n<li>Obligaci\u00f3n de completar una formaci\u00f3n o un curso de educaci\u00f3n.<\/li>\n\n\n\n<li>Censura y reprimenda.<\/li>\n\n\n\n<li>Multas de hasta $10.000 por infracci\u00f3n.<\/li>\n\n\n\n<li>Hasta 500 horas de servicio comunitario.<\/li>\n<\/ul>\n\n\n\n<p>En casos menos graves que impliquen una infracci\u00f3n t\u00e9cnica menor, el m\u00e9dico puede recibir una amonestaci\u00f3n administrativa. La amonestaci\u00f3n administrativa no se hace p\u00fablica. La censura y la amonestaci\u00f3n, sin embargo, se publican en l\u00ednea.<\/p>\n\n\n\n<p>En algunos casos, un comit\u00e9 de audiencias puede decidir tambi\u00e9n que es necesaria la libertad condicional. La libertad condicional implica la imposici\u00f3n de restricciones a la capacidad del m\u00e9dico para ejercer la medicina. Los t\u00e9rminos y condiciones de la libertad condicional pueden incluir visitas peri\u00f3dicas a la OPMC o revisiones aleatorias de los historiales de los pacientes.<\/p>\n\n\n\n<p>Por una falta profesional grave, es probable que un m\u00e9dico pierda su licencia. Cuando se suspende la licencia de un m\u00e9dico, no se le permite ejercer la medicina mientras dure la suspensi\u00f3n. La suspensi\u00f3n puede ser de duraci\u00f3n determinada o indefinida. La OPMC tambi\u00e9n tiene autoridad para revocar permanentemente la licencia m\u00e9dica de un m\u00e9dico.<\/p>\n\n\n\n<p>Todas las medidas disciplinarias definitivas y las suspensiones sumarias se hacen p\u00fablicas. La informaci\u00f3n aparecer\u00e1 en el National Practitioner Data Bank, New York State Physician Profile y en el sitio web de la OPMC si un m\u00e9dico es declarado culpable de alguna falta profesional. Tambi\u00e9n puede ser comunicada a los organismos que conceden licencias y a los empleadores.<\/p>\n\n\n\n<h3 class=\"wp-block-heading\">\u00bfQu\u00e9 debo hacer si estoy siendo investigado por la OPMC?<\/h3>\n\n\n\n<p>Cualquier m\u00e9dico, asistente m\u00e9dico o asistente especialista bajo investigaci\u00f3n por mala conducta profesional debe hablar con un abogado con experiencia New York OPMC defensa tan pronto como sea posible. Si la oficina lo encuentra culpable, podr\u00eda enfrentarse a una acci\u00f3n disciplinaria que podr\u00eda da\u00f1ar su reputaci\u00f3n profesional y su capacidad para ganarse la vida.<\/p>\n\n\n\n<p><a href=\"https:\/\/www.brill-legal.com\/es\/\">Brill Legal Group<\/a> sabe c\u00f3mo utilizar estrategias eficaces para desestimar las acusaciones de mala conducta o al menos minimizar las sanciones emitidas por la OPMC. Tenemos un exitoso historial de representaci\u00f3n de profesionales m\u00e9dicos en audiencias disciplinarias del DOH.<\/p>\n\n\n\n<p>No se debe subestimar a los funcionarios de la OPMC; tienen t\u00e1cticas para descubrir informaci\u00f3n a trav\u00e9s de medios como citaciones para documentos y entrevistas con sus pacientes, empleados y otros. En tales circunstancias, usted necesita un abogado que pueda prepararle a fondo para lo que puede esperar durante el proceso disciplinario. Usted tiene el derecho de tener un abogado presente en cada etapa del proceso de la OPMC.<\/p>\n\n\n\n<p>Es posible que se le pida que se someta a una entrevista con un investigador de la OPMC. Sin embargo, esta entrevista no es obligatoria y no tiene por qu\u00e9 aceptarla. Debe abstenerse de hablar con los investigadores de la OPMC sin la presencia de un abogado.<\/p>\n\n\n\n<p>Un abogado puede examinar los hechos de su situaci\u00f3n y determinar la mejor manera de abordar la investigaci\u00f3n. Aunque usted crea que acceder a una entrevista no le perjudicar\u00e1, sin darse cuenta podr\u00eda acabar diciendo algo que podr\u00eda ser utilizado en su contra. Podr\u00edan a\u00f1adirse m\u00e1s cargos a las acusaciones existentes bas\u00e1ndose en las declaraciones que haga durante una entrevista. Adem\u00e1s, dar declaraciones falsas a los investigadores puede perjudicar su caso y poner en peligro su licencia m\u00e9dica.&nbsp;<\/p>\n\n\n\n<p>Cuando representamos a m\u00e9dicos en procedimientos de la OPMC, nuestro objetivo es resolver los asuntos r\u00e1pidamente antes de que la situaci\u00f3n se agrave. Brill Legal Group tratar\u00e1 de conseguir la desestimaci\u00f3n de la denuncia en su contra, o podemos ser capaces de negociar un acuerdo para evitar ir a una audiencia formal. Si el caso pasa a una audiencia, su abogado defensor OPMC presentar\u00e1 una defensa s\u00f3lida ante el panel de audiencia y se esforzar\u00e1 por minimizar las consecuencias.<\/p>\n\n\n\n<h2 class=\"wp-block-heading\">Contacto Brill Legal Group<\/h2>\n\n\n\n<p>Con m\u00e1s de 25 a\u00f1os de experiencia y un profundo conocimiento de las leyes del Estado New York, <a href=\"https:\/\/www.brill-legal.com\/es\/\">Brill Legal Group<\/a> sabe c\u00f3mo elaborar una defensa inteligente para proteger su licencia m\u00e9dica. Nos dedicamos a representar a m\u00e9dicos, asistentes m\u00e9dicos y asistentes especiales New York en procedimientos disciplinarios de la OPMC. <a href=\"https:\/\/www.brill-legal.com\/es\/pongase-en-contacto-con\/\">P\u00f3ngase en contacto con nosotros<\/a> para una consulta gratuita para discutir su caso.<\/p>","protected":false},"excerpt":{"rendered":"<p>Los m\u00e9dicos colegiados de New York trabajan duro para ofrecer una atenci\u00f3n de calidad a sus pacientes. Sin embargo, pueden ser objeto de investigaciones por parte de la Oficina de Conducta M\u00e9dica Profesional (OPMC) del Departamento de Salud. Cuando se le acusa de mala conducta profesional, corre el riesgo de enfrentarse a sanciones como una amonestaci\u00f3n o incluso perder su licencia m\u00e9dica. Brill Legal Group...<\/p>","protected":false},"author":1,"featured_media":5493,"parent":469,"menu_order":0,"comment_status":"closed","ping_status":"closed","template":"","meta":{"_acf_changed":false,"episode_type":"","audio_file":"","cover_image":"","cover_image_id":"","duration":"","filesize":"","date_recorded":"","explicit":"","block":"","itunes_episode_number":"","itunes_title":"","itunes_season_number":"","itunes_episode_type":"","filesize_raw":"","footnotes":""},"class_list":["post-496","page","type-page","status-publish","has-post-thumbnail","hentry"],"acf":[],"_links":{"self":[{"href":"https:\/\/www.brill-legal.com\/es\/wp-json\/wp\/v2\/pages\/496","targetHints":{"allow":["GET"]}}],"collection":[{"href":"https:\/\/www.brill-legal.com\/es\/wp-json\/wp\/v2\/pages"}],"about":[{"href":"https:\/\/www.brill-legal.com\/es\/wp-json\/wp\/v2\/types\/page"}],"author":[{"embeddable":true,"href":"https:\/\/www.brill-legal.com\/es\/wp-json\/wp\/v2\/users\/1"}],"replies":[{"embeddable":true,"href":"https:\/\/www.brill-legal.com\/es\/wp-json\/wp\/v2\/comments?post=496"}],"version-history":[{"count":9,"href":"https:\/\/www.brill-legal.com\/es\/wp-json\/wp\/v2\/pages\/496\/revisions"}],"predecessor-version":[{"id":6661,"href":"https:\/\/www.brill-legal.com\/es\/wp-json\/wp\/v2\/pages\/496\/revisions\/6661"}],"up":[{"embeddable":true,"href":"https:\/\/www.brill-legal.com\/es\/wp-json\/wp\/v2\/pages\/469"}],"wp:featuredmedia":[{"embeddable":true,"href":"https:\/\/www.brill-legal.com\/es\/wp-json\/wp\/v2\/media\/5493"}],"wp:attachment":[{"href":"https:\/\/www.brill-legal.com\/es\/wp-json\/wp\/v2\/media?parent=496"}],"curies":[{"name":"wp","href":"https:\/\/api.w.org\/{rel}","templated":true}]}}