{"id":493,"date":"2015-12-09T12:54:55","date_gmt":"2015-12-09T12:54:55","guid":{"rendered":"http:\/\/host2.adviahost.net\/~brilllegal\/?page_id=493"},"modified":"2024-12-23T20:49:49","modified_gmt":"2024-12-23T20:49:49","slug":"abogados-de-nueva-york-para-proveedores-de-servicios-sanitarios-y-de-salud-mental","status":"publish","type":"page","link":"https:\/\/www.brill-legal.com\/es\/nuestros-servicios\/abogados-de-derecho-sanitario\/abogados-de-nueva-york-para-proveedores-de-servicios-sanitarios-y-de-salud-mental\/","title":{"rendered":"New York Abogados para profesionales de la salud y la salud mental"},"content":{"rendered":"<p>Recientemente, New York el gobernador Andrew Cuomo cre\u00f3 una agencia llamada Centro de Justicia para vigilar a los trabajadores sanitarios que presuntamente hayan cometido delitos graves de maltrato o negligencia contra personas con necesidades especiales.<\/p>\n\n\n\n<p>Esto a\u00f1ade otra agencia m\u00e1s a <a href=\"https:\/\/www.brill-legal.com\/es\/nuestros-servicios\/abogados-de-derecho-sanitario\/abogados-de-nueva-york-para-proveedores-de-servicios-sanitarios-y-de-salud-mental\/centro-de-justicia-abogados-defensores\/\">investigar y procesar a los trabajadores sanitarios de Nueva Yor<\/a>k, adem\u00e1s de la OPD, la OPMC, el DOH y el Fiscal General, por nombrar algunos.<\/p>\n\n\n\n<p>Seg\u00fan el mandato de la agencia, el Centro de Justicia tiene la responsabilidad principal de rastrear, investigar, procesar o perseguir de otro modo las quejas por abuso y negligencia graves para las instalaciones y agencias proveedoras que son operadas, certificadas o autorizadas por las siguientes seis agencias: Office of Mental Health (OMH), Office for People with Developmental Disabilities (OPWDD), Office of Children and Family Services (OCFS), Office of Alcoholism and Substance Abuse Services (OASAS). Tambi\u00e9n est\u00e1n cubiertos ciertos hogares para adultos gestionados por el Departamento de Salud (DOH), y las escuelas y programas residenciales certificados o gestionados por el Departamento de Salud. <a href=\"https:\/\/www.brill-legal.com\/es\/nuestros-servicios\/audiencias-disciplinarias-investigaciones\/departamento-de-educacion-del-estado-de-nueva-york\/\">Departamento de Educaci\u00f3n del Estado<\/a> (SED).<\/p>\n\n\n\n<p>El Centro de Justicia tambi\u00e9n tiene su propia Oficina de Investigaciones, que cuenta con agentes de la ley experimentados y altamente capacitados que investigan a fondo las denuncias de abusos, negligencia y mala conducta recibidas por el Centro de Justicia. Entre sus responsabilidades se incluye la recopilaci\u00f3n y conservaci\u00f3n de todos los documentos y pruebas f\u00edsicas pertinentes que respalden dichas denuncias. Estas pruebas se utilizan para perseguir las sanciones administrativas y\/o el enjuiciamiento penal de los empleados que abusan de las personas con necesidades especiales o que violan de otro modo la ley y\/o las pol\u00edticas de los organismos en los que trabajan.<\/p>\n\n\n\n<p>Si usted o su proveedor se enfrentan a un proceso o investigaci\u00f3n, le animamos a que se ponga en contacto con nosotros. En el Brill Legal Group, P.C. tenemos a\u00f1os de experiencia en este \u00e1mbito y podemos aportar nuestros amplios conocimientos sobre estas cuestiones para alcanzar una resoluci\u00f3n id\u00f3nea.<\/p>\n\n\n\n<p>P\u00f3ngase en contacto con nuestro bufete de abogados de defensa de proveedores de atenci\u00f3n m\u00e9dica New York City hoy mismo; nuestros abogados de defensa de proveedores de atenci\u00f3n m\u00e9dica est\u00e1n disponibles para proporcionar una evaluaci\u00f3n inicial sin costo de los problemas legales que pueda enfrentar.<\/p>\n\n\n\n<p><strong>Manhattan 212-233-4141 <\/strong>&#8211; <strong>Suffolk 631-204-8254 <\/strong>&#8211; <strong>Nassau 516-206-2002 <\/strong>&#8211;<strong>East Hampton - 631-204-8254<\/strong><\/p>\n\n\n\n<p>Tel\u00e9fono gratuito 888-315-9841.<\/p>\n\n\n\n<p>Estaremos encantados de asesorarle gratuitamente.<\/p>","protected":false},"excerpt":{"rendered":"<p>Recientemente, New York Gobernador Andrew Cuomo cre\u00f3 una agencia llamada el Centro de Justicia para la polic\u00eda trabajadores de la salud presuntamente han cometido graves delitos de abuso o negligencia contra las personas de necesidades especiales. Esto a\u00f1ade otra agencia para investigar y enjuiciar a los trabajadores de la salud en New York, adem\u00e1s de la OPD, OPMC, DOH y...<\/p>","protected":false},"author":1,"featured_media":5493,"parent":469,"menu_order":0,"comment_status":"closed","ping_status":"closed","template":"","meta":{"_acf_changed":false,"episode_type":"","audio_file":"","cover_image":"","cover_image_id":"","duration":"","filesize":"","date_recorded":"","explicit":"","block":"","itunes_episode_number":"","itunes_title":"","itunes_season_number":"","itunes_episode_type":"","filesize_raw":"","footnotes":""},"class_list":["post-493","page","type-page","status-publish","has-post-thumbnail","hentry"],"acf":[],"_links":{"self":[{"href":"https:\/\/www.brill-legal.com\/es\/wp-json\/wp\/v2\/pages\/493","targetHints":{"allow":["GET"]}}],"collection":[{"href":"https:\/\/www.brill-legal.com\/es\/wp-json\/wp\/v2\/pages"}],"about":[{"href":"https:\/\/www.brill-legal.com\/es\/wp-json\/wp\/v2\/types\/page"}],"author":[{"embeddable":true,"href":"https:\/\/www.brill-legal.com\/es\/wp-json\/wp\/v2\/users\/1"}],"replies":[{"embeddable":true,"href":"https:\/\/www.brill-legal.com\/es\/wp-json\/wp\/v2\/comments?post=493"}],"version-history":[{"count":6,"href":"https:\/\/www.brill-legal.com\/es\/wp-json\/wp\/v2\/pages\/493\/revisions"}],"predecessor-version":[{"id":7005,"href":"https:\/\/www.brill-legal.com\/es\/wp-json\/wp\/v2\/pages\/493\/revisions\/7005"}],"up":[{"embeddable":true,"href":"https:\/\/www.brill-legal.com\/es\/wp-json\/wp\/v2\/pages\/469"}],"wp:featuredmedia":[{"embeddable":true,"href":"https:\/\/www.brill-legal.com\/es\/wp-json\/wp\/v2\/media\/5493"}],"wp:attachment":[{"href":"https:\/\/www.brill-legal.com\/es\/wp-json\/wp\/v2\/media?parent=493"}],"curies":[{"name":"wp","href":"https:\/\/api.w.org\/{rel}","templated":true}]}}