{"id":481,"date":"2015-12-09T12:45:28","date_gmt":"2015-12-09T12:45:28","guid":{"rendered":"http:\/\/host2.adviahost.net\/~brilllegal\/?page_id=481"},"modified":"2022-06-09T21:39:53","modified_gmt":"2022-06-09T21:39:53","slug":"abogado-de-medicare-para-profesionales-de-la-salud","status":"publish","type":"page","link":"https:\/\/www.brill-legal.com\/es\/nuestros-servicios\/abogados-de-derecho-sanitario\/abogado-de-medicare-para-profesionales-de-la-salud\/","title":{"rendered":"Abogado de Medicare para profesionales de la salud"},"content":{"rendered":"<p>El escrutinio en torno a los pagos de Medicare es estricto y cada vez m\u00e1s intenso. Cada vez son m\u00e1s los contratistas externos contratados por Medicare. En cada regi\u00f3n de Medicare, los Centros de Servicios de Medicare y Medicaid (CMS) nombran a un contratista externo, b\u00e1sicamente una gran agencia de cobros, para auditar los pagos excesivos a los proveedores de asistencia sanitaria. Estos contratistas de auditor\u00edas de recuperaci\u00f3n (RAC, por sus siglas en ingl\u00e9s) cobran en funci\u00f3n de contingencias para recuperar fondos basados en el despilfarro, el fraude y el abuso por parte de los proveedores m\u00e9dicos. Como tales, las empresas auditoras tienen un importante incentivo comercial para descubrir estos problemas y la frecuencia de estas auditor\u00edas aumenta a\u00f1o tras a\u00f1o. (Aunque dicen que tambi\u00e9n auditan por pagos indebidos, podr\u00e1 creerlo cuando vea su primer cheque de ellos).<\/p>\n\n\n\n<p>Como resultado, los proveedores de atenci\u00f3n sanitaria deben ser diligentes en la supervisi\u00f3n de las \u00e1reas que pueden estar sujetas al escrutinio de la RAC, al tiempo que aumentan los esfuerzos de cumplimiento en estas \u00e1reas. Continuamente se aprueban cuestiones de auditor\u00eda adicionales, lo que hace que los problemas relacionados con el cumplimiento sean cada vez m\u00e1s intensos. Cuando los proveedores son seleccionados para una auditor\u00eda RAC, el resultado es un proceso que consume recursos y que puede ser catastr\u00f3fico si no se gestiona correctamente.<\/p>\n\n\n\n<p>Si usted o su organizaci\u00f3n se ven implicados en una auditor\u00eda o desean prepararse para la posibilidad de una, es importante trabajar con un bufete que ofrezca un conocimiento exhaustivo de la legislaci\u00f3n sanitaria.<\/p>\n\n\n\n<h2 class=\"wp-block-heading\">New York City Bufete de abogados de defensa normativa<\/h2>\n\n\n\n<p>Los abogados de derecho de la salud en Brill Legal Group, P.C., est\u00e1n listos para ayudarle a trabajar a trav\u00e9s de cualquier problema relacionado con RAC, incluyendo:<\/p>\n\n\n\n<ul class=\"wp-block-list\"><li>Abordar las comunicaciones con el CCR<\/li><li>Seguimiento de solicitudes de registros y denegaciones de reclamaciones<\/li><li>Garantizar respuestas oportunas<\/li><li>Preparaci\u00f3n y tramitaci\u00f3n de recursos<\/li><li>Mejorar la documentaci\u00f3n<\/li><li>Revisi\u00f3n de admisiones, procedimientos y pr\u00e1cticas de codificaci\u00f3n<\/li><\/ul>\n\n\n\n<p>P\u00f3ngase en contacto con nosotros <strong>consulta inicial gratuita.<\/strong> Nuestros abogados especializados en Medicare est\u00e1n a su disposici\u00f3n para ofrecerle una evaluaci\u00f3n inicial gratuita de los problemas legales a los que pueda enfrentarse.<\/p>\n\n\n\n<p><strong>Manhattan 212-233-4141 <\/strong>- <strong>Suffolk 631-204-8254 <\/strong>- <strong>Nassau 516-206-2002 <\/strong>-<strong>East Hampton - 631-204-8254<\/strong><\/p>\n\n\n\n<p>Tel\u00e9fono gratuito 888-315-9841.<\/p>","protected":false},"excerpt":{"rendered":"<p>El escrutinio en torno a los pagos de Medicare es estricto y cada vez m\u00e1s intenso. Cada vez son m\u00e1s los contratistas externos contratados por Medicare. En cada regi\u00f3n de Medicare, los Centros de Servicios de Medicare y Medicaid (CMS) designan a un contratista externo, esencialmente una gran agencia de cobros, para auditar los pagos excesivos a los proveedores de asistencia sanitaria. Estos contratistas de auditor\u00eda de recuperaci\u00f3n...<\/p>","protected":false},"author":1,"featured_media":5493,"parent":469,"menu_order":0,"comment_status":"closed","ping_status":"closed","template":"","meta":{"_acf_changed":false,"episode_type":"","audio_file":"","cover_image":"","cover_image_id":"","duration":"","filesize":"","date_recorded":"","explicit":"","block":"","itunes_episode_number":"","itunes_title":"","itunes_season_number":"","itunes_episode_type":"","filesize_raw":"","footnotes":""},"class_list":["post-481","page","type-page","status-publish","has-post-thumbnail","hentry"],"acf":[],"_links":{"self":[{"href":"https:\/\/www.brill-legal.com\/es\/wp-json\/wp\/v2\/pages\/481","targetHints":{"allow":["GET"]}}],"collection":[{"href":"https:\/\/www.brill-legal.com\/es\/wp-json\/wp\/v2\/pages"}],"about":[{"href":"https:\/\/www.brill-legal.com\/es\/wp-json\/wp\/v2\/types\/page"}],"author":[{"embeddable":true,"href":"https:\/\/www.brill-legal.com\/es\/wp-json\/wp\/v2\/users\/1"}],"replies":[{"embeddable":true,"href":"https:\/\/www.brill-legal.com\/es\/wp-json\/wp\/v2\/comments?post=481"}],"version-history":[{"count":5,"href":"https:\/\/www.brill-legal.com\/es\/wp-json\/wp\/v2\/pages\/481\/revisions"}],"predecessor-version":[{"id":5759,"href":"https:\/\/www.brill-legal.com\/es\/wp-json\/wp\/v2\/pages\/481\/revisions\/5759"}],"up":[{"embeddable":true,"href":"https:\/\/www.brill-legal.com\/es\/wp-json\/wp\/v2\/pages\/469"}],"wp:featuredmedia":[{"embeddable":true,"href":"https:\/\/www.brill-legal.com\/es\/wp-json\/wp\/v2\/media\/5493"}],"wp:attachment":[{"href":"https:\/\/www.brill-legal.com\/es\/wp-json\/wp\/v2\/media?parent=481"}],"curies":[{"name":"wp","href":"https:\/\/api.w.org\/{rel}","templated":true}]}}