{"id":480,"date":"2015-12-09T12:42:33","date_gmt":"2015-12-09T12:42:33","guid":{"rendered":"http:\/\/host2.adviahost.net\/~brilllegal\/?page_id=480"},"modified":"2025-06-09T18:35:13","modified_gmt":"2025-06-09T18:35:13","slug":"abogado-sanitario-para-la-representacion-de-estudiantes-de-medicina-residentes-e-internos","status":"publish","type":"page","link":"https:\/\/www.brill-legal.com\/es\/nuestros-servicios\/abogados-de-derecho-sanitario\/abogado-sanitario-para-la-representacion-de-estudiantes-de-medicina-residentes-e-internos\/","title":{"rendered":"Abogado sanitario para representaci\u00f3n de estudiantes de medicina, residentes e internos"},"content":{"rendered":"<p>Si bien es cierto que los profesionales de la medicina que se encuentran bien avanzados en su carrera necesitan representaci\u00f3n cuando se enfrentan a posibles problemas disciplinarios y\/o de concesi\u00f3n de licencias, los estudiantes, residentes e internos pueden enfrentarse a problemas iguales o similares. Cada facultad de medicina tiene sus propias normas y c\u00f3digos de conducta y diversos procedimientos internos. Dicho esto, una mera alegaci\u00f3n de mala conducta puede dar lugar a la expulsi\u00f3n de la facultad o al cese de un programa de residencia. Afortunadamente, muchas de estas cuestiones ofrecen palancas de intervenci\u00f3n, incluida la representaci\u00f3n directa durante una audiencia, la correspondencia con un consejo escolar o la colaboraci\u00f3n con la administraci\u00f3n de un hospital.<\/p>\n\n\n\n<p>Una actuaci\u00f3n r\u00e1pida y decisiva puede evitar, mitigar o reducir las sanciones y consecuencias cuando surgen acusaciones de mala conducta.<\/p>\n\n\n\n<h2 class=\"wp-block-heading\">Abogado de mala conducta m\u00e9dica<\/h2>\n\n\n\n<p>En Brill Legal Group, P.C., estamos preparados para aprovechar nuestra amplia experiencia en derecho sanitario representando a algunos de los profesionales m\u00e9dicos m\u00e1s experimentados de New York para defendernos agresivamente contra cualquier acusaci\u00f3n de mala conducta. Al trabajar directamente con los clientes para entender sus circunstancias \u00fanicas y los problemas a los que se enfrentan, hemos alcanzado resoluciones ideales en cientos de casos.<\/p>\n\n\n\n<p>Si se enfrenta a posibles problemas de mala conducta acad\u00e9mica, le animamos a ponerse en contacto y programar una consulta inicial.<\/p>\n\n\n\n<p>P\u00f3ngase en contacto con nuestros abogados sanitarios New York City para la representaci\u00f3n de estudiantes de medicina, residentes e internos hoy mismo. Nuestros abogados de la ley de salud est\u00e1n disponibles para proporcionar una evaluaci\u00f3n inicial sin costo de los problemas legales que pueda enfrentar.<\/p>\n\n\n\n<p><strong>Manhattan 212-233-4141 - Suffolk 631-204-8254 - Nassau 516-206-2002 - N\u00famero gratuito 888-315-9841.<\/strong><\/p>","protected":false},"excerpt":{"rendered":"<p>Si bien es cierto que los profesionales de la medicina que se encuentran bien avanzados en su carrera necesitan representaci\u00f3n cuando se enfrentan a posibles problemas disciplinarios y\/o de concesi\u00f3n de licencias, los estudiantes, residentes e internos pueden enfrentarse a problemas iguales o similares. Cada facultad de medicina tiene sus propias normas y c\u00f3digos de conducta y diversos procedimientos internos. Dicho esto, una mera alegaci\u00f3n de mala conducta puede...<\/p>","protected":false},"author":1,"featured_media":5497,"parent":469,"menu_order":0,"comment_status":"closed","ping_status":"closed","template":"","meta":{"_acf_changed":false,"episode_type":"","audio_file":"","cover_image":"","cover_image_id":"","duration":"","filesize":"","date_recorded":"","explicit":"","block":"","itunes_episode_number":"","itunes_title":"","itunes_season_number":"","itunes_episode_type":"","filesize_raw":"","footnotes":""},"class_list":["post-480","page","type-page","status-publish","has-post-thumbnail","hentry"],"acf":[],"_links":{"self":[{"href":"https:\/\/www.brill-legal.com\/es\/wp-json\/wp\/v2\/pages\/480","targetHints":{"allow":["GET"]}}],"collection":[{"href":"https:\/\/www.brill-legal.com\/es\/wp-json\/wp\/v2\/pages"}],"about":[{"href":"https:\/\/www.brill-legal.com\/es\/wp-json\/wp\/v2\/types\/page"}],"author":[{"embeddable":true,"href":"https:\/\/www.brill-legal.com\/es\/wp-json\/wp\/v2\/users\/1"}],"replies":[{"embeddable":true,"href":"https:\/\/www.brill-legal.com\/es\/wp-json\/wp\/v2\/comments?post=480"}],"version-history":[{"count":6,"href":"https:\/\/www.brill-legal.com\/es\/wp-json\/wp\/v2\/pages\/480\/revisions"}],"predecessor-version":[{"id":7132,"href":"https:\/\/www.brill-legal.com\/es\/wp-json\/wp\/v2\/pages\/480\/revisions\/7132"}],"up":[{"embeddable":true,"href":"https:\/\/www.brill-legal.com\/es\/wp-json\/wp\/v2\/pages\/469"}],"wp:featuredmedia":[{"embeddable":true,"href":"https:\/\/www.brill-legal.com\/es\/wp-json\/wp\/v2\/media\/5497"}],"wp:attachment":[{"href":"https:\/\/www.brill-legal.com\/es\/wp-json\/wp\/v2\/media?parent=480"}],"curies":[{"name":"wp","href":"https:\/\/api.w.org\/{rel}","templated":true}]}}