{"id":479,"date":"2015-12-09T12:39:41","date_gmt":"2015-12-09T12:39:41","guid":{"rendered":"http:\/\/host2.adviahost.net\/~brilllegal\/?page_id=479"},"modified":"2022-06-09T21:38:45","modified_gmt":"2022-06-09T21:38:45","slug":"abogado-de-medicaid-para-proveedores-de-asistencia-sanitaria","status":"publish","type":"page","link":"https:\/\/www.brill-legal.com\/es\/nuestros-servicios\/abogados-de-derecho-sanitario\/abogado-de-medicaid-para-proveedores-de-asistencia-sanitaria\/","title":{"rendered":"Abogado de Medicaid para proveedores de asistencia sanitaria"},"content":{"rendered":"<p>En los \u00faltimos a\u00f1os, la supervisi\u00f3n de Medicaid ha aumentado sustancialmente y la Oficina del Inspector General de Medicaid (OMIG) ha dedicado mucho m\u00e1s tiempo y recursos a las acciones de auditor\u00eda y cumplimiento de Medicaid. En un esfuerzo por intensificar los esfuerzos de cumplimiento, el Estado ha sido legalmente obligado a recuperar los pagos excesivos, el fraude y el abuso de Medicaid - el no hacerlo resulta en la p\u00e9rdida de subsidios federales. El resultado de este mandato ha sido un nivel sin precedentes de supervisi\u00f3n y escrutinio en torno a Medicaid.<\/p>\n\n\n\n<p>La Ley de Reducci\u00f3n del D\u00e9ficit de 2005 (DRA, por sus siglas en ingl\u00e9s) oblig\u00f3 a los proveedores de atenci\u00f3n sanitaria que recib\u00edan $5 millones o m\u00e1s en ingresos de Medicaid a disponer de determinadas pol\u00edticas de cumplimiento por escrito con respecto a la facturaci\u00f3n y los pagos. Desde 2009, las nuevas normativas obligan al cumplimiento en las \u00e1reas de calidad asistencial, gobernanza, informes obligatorios y acreditaci\u00f3n. Sin embargo, esto no exime del escrutinio a los proveedores m\u00e1s peque\u00f1os, y se espera un cumplimiento y una planificaci\u00f3n coherentes en todo el sector.<\/p>\n\n\n\n<p>Es sumamente importante que todas las organizaciones sanitarias, desde los grandes hospitales hasta los m\u00e9dicos individuales, cumplan estos nuevos requisitos. Esto significa identificar activamente los pagos excesivos, revelar la informaci\u00f3n necesaria y responder proactivamente a los resultados de las auditor\u00edas.<\/p>\n\n\n\n<p>Si su organizaci\u00f3n est\u00e1 trabajando a trav\u00e9s de cuestiones de Medicaid, es importante entender completamente sus obligaciones. Dado que nuestro bufete lleva a\u00f1os ayudando a organizaciones sanitarias a satisfacer estas necesidades, estamos perfectamente preparados para ayudarle a abordar cualquier problema al que se enfrente.<\/p>\n\n\n\n<h2 class=\"wp-block-heading\">Abogado especializado en derecho sanitario<\/h2>\n\n\n\n<p>En el Brill Legal Group, P.C., podemos ayudarle a revisar y abordar cualquier documentaci\u00f3n como parte de un plan de cumplimiento si desea trabajar de forma proactiva en estas cuestiones. Tambi\u00e9n podemos ayudarle a llevar a cabo investigaciones internas o a abordar cualquier problema de auditor\u00eda en tiempo real. En la pr\u00e1ctica, esto significa trabajar con la OMIG durante las auditor\u00edas in situ de las instalaciones, abordar las citaciones y otras solicitudes de la organizaci\u00f3n.<\/p>\n\n\n\n<p>Sea cual sea el problema, es crucial actuar con decisi\u00f3n. Le animamos a que se ponga en contacto con nosotros lo antes posible.<\/p>\n\n\n\n<p>P\u00f3ngase en contacto hoy mismo con nuestro bufete de defensa de la normativa New York City; nuestros abogados especializados en Medicaid est\u00e1n a su disposici\u00f3n para ofrecerle una evaluaci\u00f3n inicial sin coste alguno de los problemas legales a los que pueda enfrentarse.<\/p>\n\n\n\n<p><strong>Manhattan 212-233-4141 <\/strong>- <strong>Suffolk 631-204-8254 <\/strong>- <strong>Nassau 516-206-2002 <\/strong>-<strong>East Hampton - 631-204-8254<\/strong><\/p>\n\n\n\n<p>Tel\u00e9fono gratuito 888-315-9841.<\/p>","protected":false},"excerpt":{"rendered":"<p>En los \u00faltimos a\u00f1os, la supervisi\u00f3n de Medicaid ha aumentado sustancialmente y la Oficina del Inspector General de Medicaid (OMIG) ha dedicado mucho m\u00e1s tiempo y recursos a las acciones de auditor\u00eda y cumplimiento de Medicaid. En un esfuerzo por intensificar los esfuerzos de cumplimiento, el Estado ha sido legalmente obligado a recuperar los sobrepagos de Medicaid, el fraude y el abuso - el fracaso...<\/p>","protected":false},"author":1,"featured_media":5497,"parent":469,"menu_order":0,"comment_status":"closed","ping_status":"closed","template":"","meta":{"_acf_changed":false,"episode_type":"","audio_file":"","cover_image":"","cover_image_id":"","duration":"","filesize":"","date_recorded":"","explicit":"","block":"","itunes_episode_number":"","itunes_title":"","itunes_season_number":"","itunes_episode_type":"","filesize_raw":"","footnotes":""},"class_list":["post-479","page","type-page","status-publish","has-post-thumbnail","hentry"],"acf":[],"_links":{"self":[{"href":"https:\/\/www.brill-legal.com\/es\/wp-json\/wp\/v2\/pages\/479","targetHints":{"allow":["GET"]}}],"collection":[{"href":"https:\/\/www.brill-legal.com\/es\/wp-json\/wp\/v2\/pages"}],"about":[{"href":"https:\/\/www.brill-legal.com\/es\/wp-json\/wp\/v2\/types\/page"}],"author":[{"embeddable":true,"href":"https:\/\/www.brill-legal.com\/es\/wp-json\/wp\/v2\/users\/1"}],"replies":[{"embeddable":true,"href":"https:\/\/www.brill-legal.com\/es\/wp-json\/wp\/v2\/comments?post=479"}],"version-history":[{"count":4,"href":"https:\/\/www.brill-legal.com\/es\/wp-json\/wp\/v2\/pages\/479\/revisions"}],"predecessor-version":[{"id":5755,"href":"https:\/\/www.brill-legal.com\/es\/wp-json\/wp\/v2\/pages\/479\/revisions\/5755"}],"up":[{"embeddable":true,"href":"https:\/\/www.brill-legal.com\/es\/wp-json\/wp\/v2\/pages\/469"}],"wp:featuredmedia":[{"embeddable":true,"href":"https:\/\/www.brill-legal.com\/es\/wp-json\/wp\/v2\/media\/5497"}],"wp:attachment":[{"href":"https:\/\/www.brill-legal.com\/es\/wp-json\/wp\/v2\/media?parent=479"}],"curies":[{"name":"wp","href":"https:\/\/api.w.org\/{rel}","templated":true}]}}