{"id":477,"date":"2015-12-09T12:32:23","date_gmt":"2015-12-09T12:32:23","guid":{"rendered":"http:\/\/host2.adviahost.net\/~brilllegal\/?page_id=477"},"modified":"2025-06-09T18:35:26","modified_gmt":"2025-06-09T18:35:26","slug":"abogado-de-credenciales-y-privilegios-hospitalarios","status":"publish","type":"page","link":"https:\/\/www.brill-legal.com\/es\/nuestros-servicios\/abogados-de-derecho-sanitario\/abogado-de-credenciales-y-privilegios-hospitalarios\/","title":{"rendered":"Abogado de credenciales y privilegios hospitalarios"},"content":{"rendered":"<p><span style=\"color: initial; font-family: -apple-system, BlinkMacSystemFont, 'Segoe UI', Roboto, Oxygen-Sans, Ubuntu, Cantarell, 'Helvetica Neue', sans-serif; font-size: 18px;\">Aunque cada hospital tiene sus propias normas y privilegios, un miembro del personal acusado de mala conducta puede perder sus credenciales, poniendo en peligro su vocaci\u00f3n. Las cuestiones de consolidaci\u00f3n, las normas y procedimientos de grupos m\u00e9dicos competidores y las normas sobre credenciales que var\u00edan seg\u00fan el hospital pueden complicar bastante estas cuestiones.<\/span><\/p>\n\n\n\n<p>Aunque es obvio que quienes han sido acusados de conducta indebida necesitan que se revisen sus credenciales lo antes posible, y que quienes han sido absueltos de conducta indebida tienen que tener la oportunidad de volver a ser acreditados, hay normas espec\u00edficas establecidas por cada hospital y por la ley. Tambi\u00e9n hay cuestiones de discrecionalidad que pueden interpretarse de diferentes maneras y que deben ajustarse a la ley pertinente. Una defensa exitosa frente a la junta estatal de licencias requiere una acci\u00f3n temprana y deliberada para abordar todas las posibles cuestiones impuestas por la ley estatal o una instituci\u00f3n m\u00e9dica espec\u00edfica.<\/p>\n\n\n\n<p>Si se enfrenta a alguna de estas cuestiones, estamos preparados para aprovechar nuestros amplios conocimientos en materia de licencias y defensa para ayudarle a alcanzar una resoluci\u00f3n ideal de la forma m\u00e1s eficiente y eficaz posible.<\/p>\n\n\n\n<h2 class=\"wp-block-heading\">Credenciales del personal y privilegios de los abogados<\/h2>\n\n\n\n<p>Debido a que mantenemos estrechas relaciones con expertos dentro de la comunidad m\u00e9dica, en Brill Legal Group, P.C., estamos preparados para trabajar en cualquier asunto de defensa de credenciales o privilegios. Desde cuestiones de certificaci\u00f3n de la junta hasta cuestiones de OPMC\/OPD, estamos preparados para aportar nuestro enfoque experto a la defensa.<\/p>\n\n\n\n<p>P\u00f3ngase en contacto con nuestro bufete de abogados de asistencia sanitaria New York City hoy mismo. Nuestros abogados especializados en credenciales y privilegios hospitalarios est\u00e1n a su disposici\u00f3n para ofrecerle una evaluaci\u00f3n inicial sin coste de los problemas legales a los que pueda enfrentarse.<\/p>\n\n\n\n<p><strong>Manhattan 212-233-4141 - Suffolk 631-204-8254 - Nassau 516-206-2002 - N\u00famero gratuito 888-315-9841.<\/strong><\/p>","protected":false},"excerpt":{"rendered":"<p>Aunque cada hospital tiene sus propias normas y privilegios, un miembro del personal acusado de mala conducta puede perder sus credenciales, poniendo en peligro su vocaci\u00f3n. Las cuestiones de consolidaci\u00f3n, las normas y procedimientos de grupos m\u00e9dicos competidores y las normas de acreditaci\u00f3n que var\u00edan seg\u00fan el hospital pueden complicar bastante estas cuestiones. Aunque es obvio que quienes...<\/p>","protected":false},"author":1,"featured_media":5497,"parent":469,"menu_order":0,"comment_status":"closed","ping_status":"closed","template":"","meta":{"_acf_changed":false,"episode_type":"","audio_file":"","cover_image":"","cover_image_id":"","duration":"","filesize":"","date_recorded":"","explicit":"","block":"","itunes_episode_number":"","itunes_title":"","itunes_season_number":"","itunes_episode_type":"","filesize_raw":"","footnotes":""},"class_list":["post-477","page","type-page","status-publish","has-post-thumbnail","hentry"],"acf":[],"_links":{"self":[{"href":"https:\/\/www.brill-legal.com\/es\/wp-json\/wp\/v2\/pages\/477","targetHints":{"allow":["GET"]}}],"collection":[{"href":"https:\/\/www.brill-legal.com\/es\/wp-json\/wp\/v2\/pages"}],"about":[{"href":"https:\/\/www.brill-legal.com\/es\/wp-json\/wp\/v2\/types\/page"}],"author":[{"embeddable":true,"href":"https:\/\/www.brill-legal.com\/es\/wp-json\/wp\/v2\/users\/1"}],"replies":[{"embeddable":true,"href":"https:\/\/www.brill-legal.com\/es\/wp-json\/wp\/v2\/comments?post=477"}],"version-history":[{"count":5,"href":"https:\/\/www.brill-legal.com\/es\/wp-json\/wp\/v2\/pages\/477\/revisions"}],"predecessor-version":[{"id":7133,"href":"https:\/\/www.brill-legal.com\/es\/wp-json\/wp\/v2\/pages\/477\/revisions\/7133"}],"up":[{"embeddable":true,"href":"https:\/\/www.brill-legal.com\/es\/wp-json\/wp\/v2\/pages\/469"}],"wp:featuredmedia":[{"embeddable":true,"href":"https:\/\/www.brill-legal.com\/es\/wp-json\/wp\/v2\/media\/5497"}],"wp:attachment":[{"href":"https:\/\/www.brill-legal.com\/es\/wp-json\/wp\/v2\/media?parent=477"}],"curies":[{"name":"wp","href":"https:\/\/api.w.org\/{rel}","templated":true}]}}