{"id":474,"date":"2015-12-09T12:11:04","date_gmt":"2015-12-09T12:11:04","guid":{"rendered":"http:\/\/host2.adviahost.net\/~brilllegal\/?page_id=474"},"modified":"2025-06-09T18:28:14","modified_gmt":"2025-06-09T18:28:14","slug":"abogado-defensor-del-medico-perturbador","status":"publish","type":"page","link":"https:\/\/www.brill-legal.com\/es\/nuestros-servicios\/abogados-de-derecho-sanitario\/abogado-defensor-del-medico-perturbador\/","title":{"rendered":"Abogado defensor de m\u00e9dicos perturbadores"},"content":{"rendered":"<p>La Asociaci\u00f3n M\u00e9dica Estadounidense define el comportamiento perturbador como \"cualquier conducta abusiva, incluido el acoso sexual o de otro tipo, u otras formas de conducta verbal o no verbal que perjudiquen o intimiden a otros hasta el punto de que la calidad de la atenci\u00f3n o la seguridad del paciente puedan verse comprometidas.\"<\/p>\n\n\n\n<p>Ejemplos de conducta perturbadora pueden ser:<\/p>\n\n\n\n<ul class=\"wp-block-list\">\n<li>Hostilidad<\/li>\n\n\n\n<li>Retrasos<\/li>\n\n\n\n<li>Beligerancia<\/li>\n\n\n\n<li>Incompatibilidad con los pacientes o el personal<\/li>\n\n\n\n<li>Insensibilidad religiosa<\/li>\n\n\n\n<li>Insensibilidad cultural<\/li>\n\n\n\n<li>Insensibilidad racial<\/li>\n\n\n\n<li>Comportamiento poco cooperativo<\/li>\n\n\n\n<li>Injurias sexuales<\/li>\n\n\n\n<li>Profanidad<\/li>\n<\/ul>\n\n\n\n<p>Es importante se\u00f1alar que las personas acusadas de conducta perturbadora pueden estar realizando su trabajo con la m\u00e1xima competencia. Dicho esto, una acusaci\u00f3n de conducta perturbadora puede tener un efecto adverso en colegas cualificados y abrir la puerta a demandas o denuncias ante diversos organismos estatales y\/o federales.<\/p>\n\n\n\n<p>No es exagerado decir que ser tachado de perturbador pone en peligro la carrera profesional. Puede acarrear el despido, la p\u00e9rdida de ingresos, la p\u00e9rdida de privilegios m\u00e9dicos y la posible p\u00e9rdida de credenciales o de una nueva acreditaci\u00f3n.<\/p>\n\n\n\n<p>Debido a la gravedad de estos problemas, es importante buscar representaci\u00f3n profesional lo antes posible.<\/p>\n\n\n\n<h2 class=\"wp-block-heading\"><strong>Representaci\u00f3n Legal de M\u00e9dicos Impedidos<\/strong><\/h2>\n\n\n\n<p>Si usted ha sido acusado de comportamiento disruptivo o inapropiado en un lugar de trabajo m\u00e9dico, estamos preparados para utilizar nuestra experiencia para investigar a fondo todas las acusaciones y refutar cualquier reclamaci\u00f3n fr\u00edvola. La intervenci\u00f3n temprana es clave en estos casos, y le animamos a ponerse en contacto lo antes posible.<\/p>\n\n\n\n<p>P\u00f3ngase en contacto hoy mismo con nuestros abogados defensores de m\u00e9dicos perturbadores New York City. Nuestros abogados de la ley de salud est\u00e1n disponibles para proporcionar una evaluaci\u00f3n inicial sin costo de los problemas legales que puede enfrentar.<\/p>\n\n\n\n<p><strong>Manhattan 212-233-4141 - Suffolk 631-204-8254 - Nassau 516-206-2002 - Llamada gratuita 888-315-9841.<\/strong><\/p>","protected":false},"excerpt":{"rendered":"<p>La Asociaci\u00f3n M\u00e9dica Estadounidense define el comportamiento perturbador como \"cualquier conducta abusiva, incluido el acoso sexual o de otro tipo, u otras formas de conducta verbal o no verbal que da\u00f1en o intimiden a otros hasta el punto de que la calidad de la atenci\u00f3n o la seguridad del paciente puedan verse comprometidas\". Ejemplos de conducta perturbadora pueden ser: Es importante se\u00f1alar...<\/p>","protected":false},"author":1,"featured_media":5493,"parent":469,"menu_order":0,"comment_status":"closed","ping_status":"closed","template":"","meta":{"_acf_changed":false,"episode_type":"","audio_file":"","cover_image":"","cover_image_id":"","duration":"","filesize":"","date_recorded":"","explicit":"","block":"","itunes_episode_number":"","itunes_title":"","itunes_season_number":"","itunes_episode_type":"","filesize_raw":"","footnotes":""},"class_list":["post-474","page","type-page","status-publish","has-post-thumbnail","hentry"],"acf":[],"_links":{"self":[{"href":"https:\/\/www.brill-legal.com\/es\/wp-json\/wp\/v2\/pages\/474","targetHints":{"allow":["GET"]}}],"collection":[{"href":"https:\/\/www.brill-legal.com\/es\/wp-json\/wp\/v2\/pages"}],"about":[{"href":"https:\/\/www.brill-legal.com\/es\/wp-json\/wp\/v2\/types\/page"}],"author":[{"embeddable":true,"href":"https:\/\/www.brill-legal.com\/es\/wp-json\/wp\/v2\/users\/1"}],"replies":[{"embeddable":true,"href":"https:\/\/www.brill-legal.com\/es\/wp-json\/wp\/v2\/comments?post=474"}],"version-history":[{"count":6,"href":"https:\/\/www.brill-legal.com\/es\/wp-json\/wp\/v2\/pages\/474\/revisions"}],"predecessor-version":[{"id":7092,"href":"https:\/\/www.brill-legal.com\/es\/wp-json\/wp\/v2\/pages\/474\/revisions\/7092"}],"up":[{"embeddable":true,"href":"https:\/\/www.brill-legal.com\/es\/wp-json\/wp\/v2\/pages\/469"}],"wp:featuredmedia":[{"embeddable":true,"href":"https:\/\/www.brill-legal.com\/es\/wp-json\/wp\/v2\/media\/5493"}],"wp:attachment":[{"href":"https:\/\/www.brill-legal.com\/es\/wp-json\/wp\/v2\/media?parent=474"}],"curies":[{"name":"wp","href":"https:\/\/api.w.org\/{rel}","templated":true}]}}