{"id":471,"date":"2015-12-09T12:01:17","date_gmt":"2015-12-09T12:01:17","guid":{"rendered":"http:\/\/host2.adviahost.net\/~brilllegal\/?page_id=471"},"modified":"2025-06-09T18:26:31","modified_gmt":"2025-06-09T18:26:31","slug":"abogado-colegiado","status":"publish","type":"page","link":"https:\/\/www.brill-legal.com\/es\/nuestros-servicios\/abogados-de-derecho-sanitario\/abogado-colegiado\/","title":{"rendered":"Abogado colegiado"},"content":{"rendered":"<p>La certificaci\u00f3n es, sin duda, una distinci\u00f3n importante y un potente diferenciador en el sector sanitario. Aunque es posible ejercer sin estar certificado por la Junta, la mayor\u00eda de los profesionales m\u00e9dicos m\u00e1s prestigiosos tienen la certificaci\u00f3n, y es una marca de distinci\u00f3n para los grandes grupos m\u00e9dicos y hospitales que sus empleados est\u00e9n certificados por la Junta. Al intentar obtener la certificaci\u00f3n, los profesionales de la medicina pueden encontrarse con obst\u00e1culos cuando la Junta afirma que no se cumplen ciertos requisitos o que faltan determinadas cualificaciones.<\/p>\n\n\n\n<p>Adem\u00e1s, la certificaci\u00f3n puede ser revocada en base a alegaciones planteadas por la junta; algunas son discrecionales y otras son cuestiones de car\u00e1cter moral - o falta de \u00e9l. Si se enfrenta a problemas con la certificaci\u00f3n de la junta, es importante comprender qu\u00e9 puede hacer para defender su certificaci\u00f3n o qu\u00e9 medidas puede tomar para obtenerla con \u00e9xito. Es posible que pueda obtener una adaptaci\u00f3n por parte de la Junta Americana de Especialidades M\u00e9dicas o apelar cualquier resultado desfavorable. Dicho esto, es fundamental abordar estas cuestiones de forma proactiva. Un abogado experto es un activo indispensable en el trabajo hacia el \u00e9xito en estas cuestiones.<\/p>\n\n\n\n<h2 class=\"wp-block-heading\">Abogado especializado en Derecho sanitario<\/h2>\n\n\n\n<p>Nosotros, en Brill Legal Group, P.C., estamos preparados para llevar nuestras d\u00e9cadas de experiencia en temas de asistencia sanitaria y licencias para ayudarle a alcanzar una resoluci\u00f3n ideal a cualquier problema de certificaci\u00f3n. Trabajaremos directamente con usted para entender sus retos y c\u00f3mo puede obtener la certificaci\u00f3n de la forma m\u00e1s eficiente y rentable posible.<\/p>\n\n\n\n<p>P\u00f3ngase en contacto con nuestro bufete de abogados de litigios sanitarios New York City hoy mismo. Nuestros abogados certificados por la junta est\u00e1n disponibles para proporcionar una evaluaci\u00f3n inicial sin costo de los problemas legales que pueda enfrentar.<\/p>\n\n\n\n<p><strong>Manhattan 212-233-4141 - Suffolk 631-204-8254 - Nassau 516-206-2002 - Llamada gratuita 888-315-9841.<\/strong><\/p>","protected":false},"excerpt":{"rendered":"<p>La certificaci\u00f3n es, sin duda, una distinci\u00f3n importante y un potente diferenciador en el sector sanitario. Aunque es posible ejercer sin estar colegiado, la mayor\u00eda de los profesionales m\u00e9dicos m\u00e1s prestigiosos est\u00e1n colegiados, y es un signo de distinci\u00f3n para los grandes grupos m\u00e9dicos y hospitales que sus empleados est\u00e9n colegiados. En...<\/p>","protected":false},"author":1,"featured_media":5493,"parent":469,"menu_order":0,"comment_status":"closed","ping_status":"closed","template":"","meta":{"_acf_changed":false,"episode_type":"","audio_file":"","cover_image":"","cover_image_id":"","duration":"","filesize":"","date_recorded":"","explicit":"","block":"","itunes_episode_number":"","itunes_title":"","itunes_season_number":"","itunes_episode_type":"","filesize_raw":"","footnotes":""},"class_list":["post-471","page","type-page","status-publish","has-post-thumbnail","hentry"],"acf":[],"_links":{"self":[{"href":"https:\/\/www.brill-legal.com\/es\/wp-json\/wp\/v2\/pages\/471","targetHints":{"allow":["GET"]}}],"collection":[{"href":"https:\/\/www.brill-legal.com\/es\/wp-json\/wp\/v2\/pages"}],"about":[{"href":"https:\/\/www.brill-legal.com\/es\/wp-json\/wp\/v2\/types\/page"}],"author":[{"embeddable":true,"href":"https:\/\/www.brill-legal.com\/es\/wp-json\/wp\/v2\/users\/1"}],"replies":[{"embeddable":true,"href":"https:\/\/www.brill-legal.com\/es\/wp-json\/wp\/v2\/comments?post=471"}],"version-history":[{"count":5,"href":"https:\/\/www.brill-legal.com\/es\/wp-json\/wp\/v2\/pages\/471\/revisions"}],"predecessor-version":[{"id":7077,"href":"https:\/\/www.brill-legal.com\/es\/wp-json\/wp\/v2\/pages\/471\/revisions\/7077"}],"up":[{"embeddable":true,"href":"https:\/\/www.brill-legal.com\/es\/wp-json\/wp\/v2\/pages\/469"}],"wp:featuredmedia":[{"embeddable":true,"href":"https:\/\/www.brill-legal.com\/es\/wp-json\/wp\/v2\/media\/5493"}],"wp:attachment":[{"href":"https:\/\/www.brill-legal.com\/es\/wp-json\/wp\/v2\/media?parent=471"}],"curies":[{"name":"wp","href":"https:\/\/api.w.org\/{rel}","templated":true}]}}