{"id":469,"date":"2015-12-09T11:45:31","date_gmt":"2015-12-09T11:45:31","guid":{"rendered":"http:\/\/host2.adviahost.net\/~brilllegal\/?page_id=469"},"modified":"2025-06-09T18:35:04","modified_gmt":"2025-06-09T18:35:04","slug":"abogados-de-derecho-sanitario","status":"publish","type":"page","link":"https:\/\/www.brill-legal.com\/es\/nuestros-servicios\/abogados-de-derecho-sanitario\/","title":{"rendered":"Derecho sanitario"},"content":{"rendered":"<p>En los \u00faltimos a\u00f1os se ha producido un aumento sin precedentes del escrutinio en el \u00e1mbito sanitario. Esta mayor exigencia de requisitos de cumplimiento ha planteado retos extremos y a veces abrumadores a los profesionales sanitarios.<\/p>\n\n\n\n<p>M\u00e9dicos, enfermeras y otros profesionales de la medicina se ven ahora obligados a ocuparse de estos procesos empresariales no esenciales que les restan tiempo, energ\u00eda y recursos para centrarse en la atenci\u00f3n al paciente. Dicho esto, el cumplimiento no es opcional. Si no se abordan estos cambios, puede producirse una cat\u00e1strofe legal, profesional o financiera.<\/p>\n\n\n\n<p>Si usted o su organizaci\u00f3n sanitaria est\u00e1n trabajando en alg\u00fan asunto, es importante que se aseguren de abordar todas las cuestiones de cumplimiento obligatorio.<\/p>\n\n\n\n<h2 class=\"wp-block-heading\">Representaci\u00f3n legal sanitaria para proveedores de asistencia sanitaria<\/h2>\n\n\n\n<p>En la <a href=\"https:\/\/www.brill-legal.com\/es\/\">Brill Legal Group, P.C.<\/a>Estamos preparados para aportar nuestra amplia experiencia en derecho sanitario para ayudarle a usted o a su organizaci\u00f3n a abordar cualquier cuesti\u00f3n normativa relacionada con:<\/p>\n\n\n\n<ul class=\"wp-block-list\">\n<li>Ley de Protecci\u00f3n al Paciente y Cuidado de Salud Asequible\/Obamacare<\/li>\n\n\n\n<li>Cuestiones relacionadas con Medicare y Medicaid\n<ul class=\"wp-block-list\">\n<li>Auditor\u00edas<\/li>\n\n\n\n<li>Exclusi\u00f3n<\/li>\n<\/ul>\n<\/li>\n\n\n\n<li>New York Oficina del Fiscal General del Estado y Unidad de Control del Fraude contra Medicaid del Fiscal General<\/li>\n\n\n\n<li>Cumplimiento de la HIPAA<\/li>\n\n\n\n<li>Investigaciones internas<\/li>\n<\/ul>\n\n\n\n<p>Los asuntos de defensa profesional son tambi\u00e9n un punto central para nuestros abogados. Estamos preparados para aportar nuestras d\u00e9cadas de experiencia en defensa para ayudarle a abordar cuestiones relacionadas con:<\/p>\n\n\n\n<ul class=\"wp-block-list\">\n<li><a href=\"https:\/\/www.brill-legal.com\/es\/nuestros-servicios\/abogados-de-derecho-sanitario\/abogados-de-nueva-york-para-proveedores-de-servicios-sanitarios-y-de-salud-mental\/\">New York Abogados para profesionales de la salud y la salud mental<\/a><\/li>\n\n\n\n<li><a href=\"https:\/\/www.brill-legal.com\/es\/nuestros-servicios\/abogados-de-derecho-sanitario\/abogado-colegiado\/\">Certificaci\u00f3n<\/a><\/li>\n\n\n\n<li><a href=\"https:\/\/www.brill-legal.com\/es\/nuestros-servicios\/abogados-de-derecho-sanitario\/abogado-defensor-de-la-administracion-antidroga\/\">Administraci\u00f3n para el Control de Drogas<\/a><\/li>\n\n\n\n<li><a href=\"https:\/\/www.brill-legal.com\/es\/nuestros-servicios\/abogados-de-derecho-sanitario\/representacion-de-farmacias-y-farmaceuticos\/\">Representaci\u00f3n de farmacias y farmac\u00e9uticos<\/a><\/li>\n\n\n\n<li><a href=\"https:\/\/www.brill-legal.com\/es\/nuestros-servicios\/abogados-de-derecho-sanitario\/abogado-de-credenciales-y-privilegios-hospitalarios\/\">Credenciales y privilegios hospitalarios<\/a><\/li>\n\n\n\n<li><a href=\"https:\/\/www.brill-legal.com\/es\/nuestros-servicios\/abogados-de-derecho-sanitario\/defensa-penal-audiencias-disciplinarias-investigaciones-derecho-sanitario-abogado-investigacion-interna-sanitaria\/\">Investigaciones internas<\/a><\/li>\n\n\n\n<li><a href=\"https:\/\/www.brill-legal.com\/es\/nuestros-servicios\/abogados-de-derecho-sanitario\/representacion-legal-para-enfermeras-diplomadas-y-enfermeras-diplomadas-cnas-y-otros-profesionales-de-la-medicina\/\">Enfermeras tituladas, enfermeras diplomadas en enfermer\u00eda, auxiliares de enfermer\u00eda y otros profesionales m\u00e9dicos<\/a><\/li>\n\n\n\n<li><a href=\"https:\/\/www.brill-legal.com\/es\/nuestros-servicios\/abogados-de-derecho-sanitario\/opmc-abogados-oficina-de-conducta-medica-profesional\/\">OPMC - Oficina de Conducta M\u00e9dica Profesional<\/a><\/li>\n\n\n\n<li><a href=\"https:\/\/www.brill-legal.com\/es\/nuestros-servicios\/abogados-de-derecho-sanitario\/opd-oficina-de-disciplina-profesional\/\">OPD - Oficina de Disciplina Profesional<\/a><\/li>\n\n\n\n<li><a href=\"https:\/\/www.brill-legal.com\/es\/nuestros-servicios\/abogados-de-derecho-sanitario\/abogado-defensor-del-medico-perturbador\/\">Representaci\u00f3n m\u00e9dica disruptiva<\/a><\/li>\n\n\n\n<li><a href=\"https:\/\/www.brill-legal.com\/es\/nuestros-servicios\/abogados-de-derecho-sanitario\/audiencias-disciplinarias-investigaciones-derecho-sanitario-desvio-de-drogas-abogado-penalista\/\">Representaci\u00f3n de alegaciones de desv\u00edo de drogas y abuso de sustancias<\/a><\/li>\n\n\n\n<li><a href=\"https:\/\/www.brill-legal.com\/es\/nuestros-servicios\/abogados-de-derecho-sanitario\/abogado-sanitario-para-la-representacion-de-estudiantes-de-medicina-residentes-e-internos\/\">Representaci\u00f3n de estudiantes de medicina residentes e internos<\/a><\/li>\n<\/ul>\n\n\n\n<p><a href=\"https:\/\/www.brill-legal.com\/es\/pongase-en-contacto-con\/\">P\u00f3ngase en contacto con nuestro bufete de derecho sanitario New York City<\/a> para profesionales m\u00e9dicos hoy para una consulta inicial gratuita para discutir la representaci\u00f3n de la ley de salud para los proveedores de atenci\u00f3n m\u00e9dica. <a href=\"https:\/\/www.brill-legal.com\/es\/abogados\/\">Nuestros abogados de derecho sanitario<\/a> est\u00e1n a su disposici\u00f3n para ofrecerle una evaluaci\u00f3n inicial gratuita de los problemas legales a los que pueda enfrentarse.<\/p>\n\n\n\n<p><strong><a href=\"tel:1-212-233-4141\">Manhattan <span class=\"skype_c2c_print_container notranslate\">212-233-4141<span class=\"skype_c2c_highlighting_inactive_common\"><span id=\"non_free_num_ui\" class=\"skype_c2c_textarea_span\"> <\/span><\/span><\/span><\/a><\/strong>- <strong><a href=\"tel:1-631-204-8254\">Suffolk <span class=\"skype_c2c_print_container notranslate\">631-204-8254<\/span><\/a><span class=\"skype_c2c_print_container notranslate\"><span class=\"skype_c2c_print_container notranslate\"><span id=\"non_free_num_ui\" class=\"skype_c2c_textarea_span\"> <\/span><\/span><\/span><\/strong>-<strong><a href=\"tel:1-516-206-2002\">Nassau <span class=\"skype_c2c_print_container notranslate\">516-206-2002<\/span><\/a><\/strong><\/p>\n\n\n\n<p><a href=\"tel:1-888-315-9841\">Llamada gratuita <span class=\"skype_c2c_print_container notranslate\">888-315-9841<span class=\"skype_c2c_highlighting_inactive_common\"><span id=\"free_num_ui\" class=\"skype_c2c_textarea_span\"><span class=\"skype_c2c_free_text_span\"> GRATIS<\/span><\/span><\/span><\/span>.<\/a><\/p>","protected":false},"excerpt":{"rendered":"<p>En los \u00faltimos a\u00f1os se ha producido un aumento sin precedentes del escrutinio en el \u00e1mbito sanitario. Esta mayor exigencia de requisitos de cumplimiento ha planteado retos extremos y a veces abrumadores a los profesionales sanitarios. M\u00e9dicos, enfermeras y otros profesionales de la medicina se ven obligados a ocuparse de procesos empresariales no esenciales que...<\/p>","protected":false},"author":1,"featured_media":5493,"parent":96,"menu_order":0,"comment_status":"closed","ping_status":"closed","template":"","meta":{"_acf_changed":false,"episode_type":"","audio_file":"","cover_image":"","cover_image_id":"","duration":"","filesize":"","date_recorded":"","explicit":"","block":"","itunes_episode_number":"","itunes_title":"","itunes_season_number":"","itunes_episode_type":"","filesize_raw":"","footnotes":""},"class_list":["post-469","page","type-page","status-publish","has-post-thumbnail","hentry"],"acf":[],"_links":{"self":[{"href":"https:\/\/www.brill-legal.com\/es\/wp-json\/wp\/v2\/pages\/469","targetHints":{"allow":["GET"]}}],"collection":[{"href":"https:\/\/www.brill-legal.com\/es\/wp-json\/wp\/v2\/pages"}],"about":[{"href":"https:\/\/www.brill-legal.com\/es\/wp-json\/wp\/v2\/types\/page"}],"author":[{"embeddable":true,"href":"https:\/\/www.brill-legal.com\/es\/wp-json\/wp\/v2\/users\/1"}],"replies":[{"embeddable":true,"href":"https:\/\/www.brill-legal.com\/es\/wp-json\/wp\/v2\/comments?post=469"}],"version-history":[{"count":9,"href":"https:\/\/www.brill-legal.com\/es\/wp-json\/wp\/v2\/pages\/469\/revisions"}],"predecessor-version":[{"id":7131,"href":"https:\/\/www.brill-legal.com\/es\/wp-json\/wp\/v2\/pages\/469\/revisions\/7131"}],"up":[{"embeddable":true,"href":"https:\/\/www.brill-legal.com\/es\/wp-json\/wp\/v2\/pages\/96"}],"wp:featuredmedia":[{"embeddable":true,"href":"https:\/\/www.brill-legal.com\/es\/wp-json\/wp\/v2\/media\/5493"}],"wp:attachment":[{"href":"https:\/\/www.brill-legal.com\/es\/wp-json\/wp\/v2\/media?parent=469"}],"curies":[{"name":"wp","href":"https:\/\/api.w.org\/{rel}","templated":true}]}}