{"id":455,"date":"2015-12-09T11:01:47","date_gmt":"2015-12-09T11:01:47","guid":{"rendered":"http:\/\/host2.adviahost.net\/~brilllegal\/?page_id=455"},"modified":"2025-07-08T21:52:32","modified_gmt":"2025-07-08T21:52:32","slug":"acerca-de-nosotros","status":"publish","type":"page","link":"https:\/\/www.brill-legal.com\/es\/acerca-de-nosotros\/","title":{"rendered":"Visi\u00f3n general de la empresa"},"content":{"rendered":"<p>Durante m\u00e1s de 25 a\u00f1os, los abogados del Brill Legal Group han proporcionado una orientaci\u00f3n sofisticada y eficaz a personas y organizaciones que se enfrentan a procesos judiciales. Con tres oficinas, nuestro bufete atiende a clientes de toda la zona New York en Suffolk County, Nassau County, Queens, Brooklyn, el Bronx y Manhattan.<\/p>\n\n\n\n<p>Entendemos c\u00f3mo funcionan los sistemas de justicia de Long Island y New York City. Gracias a nuestros a\u00f1os de trabajo en defensa penal, hemos llegado a conocer a los reguladores, investigadores, polic\u00edas, fiscales y jueces de la zona. Nuestra firma ha desarrollado una reputaci\u00f3n de confiabilidad y respeto que prioriza los mejores intereses de nuestros clientes. Los abogados de nuestra firma entienden lo que est\u00e1 en juego para nuestros clientes, y tenemos la capacidad probada para proteger a los acusados de las peores consecuencias del sistema de justicia penal.<\/p>\n\n\n\n<p>Nuestro principal <a href=\"https:\/\/www.brill-legal.com\/es\/nuestros-servicios\/defensa-penal\/\">abogado penalista<\/a>Peter Brill, es un antiguo ayudante del fiscal que conoce la ley por dentro y por fuera. Su comprensi\u00f3n de c\u00f3mo piensan y act\u00faan los fiscales le da una clara ventaja cuando entra en la sala del tribunal o se sienta en la mesa de negociaci\u00f3n. El Brill Legal Group cuenta con el apoyo de un equipo de abogados penalistas muy experimentados que han llevado cientos de casos. Estos abogados consumados aportan una riqueza colectiva de conocimientos y experiencia que es insuperable en Long Island o los Cinco Condados.<\/p>\n\n\n\n<h2 class=\"wp-block-heading\">Defensa de una amplia gama de cargos<\/h2>\n\n\n\n<p>Manejamos una amplia variedad de casos en New York incluyendo delitos de drogas, delitos de DWI, delitos violentos, delitos graves y fraude de beneficios. No importa el delito, hacer frente a una detenci\u00f3n es una experiencia aterradora, ya que puede tener graves consecuencias en el futuro de uno. Nuestro bufete se dedica a luchar contra los cargos a los que se enfrenta bas\u00e1ndose en nuestro profundo conocimiento y experiencia en derecho penal para construir una defensa s\u00f3lida.<\/p>\n\n\n\n<p>Si usted ha sido arrestado o est\u00e1 siendo investigado por un delito, la elecci\u00f3n del abogado adecuado podr\u00eda ser la decisi\u00f3n m\u00e1s importante que jam\u00e1s haya tomado. Nuestra empresa ha desarrollado una competencia b\u00e1sica en la defensa penal a trav\u00e9s de a\u00f1os de experiencia. Es nuestra meta ayudarle a navegar las complejidades del sistema legal cuando usted necesita ayuda. Nos enorgullecemos de adoptar un enfoque que se caracteriza por nuestro n\u00famero limitado de casos; esto nos permite dar a cada cliente nuestro consejo bien considerado y la preparaci\u00f3n minuciosa de su caso requiere. El proceso legal puede llevar mucho tiempo, y estamos preparados para defender a nuestros clientes en cada paso del camino.<\/p>\n\n\n\n<h2 class=\"wp-block-heading\">Una consulta gratuita y confidencial<\/h2>\n\n\n\n<p><a href=\"https:\/\/www.brill-legal.com\/es\/pongase-en-contacto-con\/\">P\u00f3ngase en contacto con nosotros<\/a>independientemente del problema legal al que se enfrente. Estamos seguros de poder ayudarle, sea cual sea la complejidad de su caso.<\/p>\n\n\n\n<p>Nuestros abogados New York pueden reunirse con los clientes en las oficinas del bufete en Hauppauge, Hempstead o Manhattan. Nuestros tel\u00e9fonos se atienden las 24 horas del d\u00eda, los siete d\u00edas de la semana y los 365 d\u00edas del a\u00f1o.<\/p>\n\n\n\n<p>Manhattan 212-233-4141 - Suffolk 631-237-1919 - Nassau 516-206-2002 - Llamada gratuita 888-315-9841.<\/p>","protected":false},"excerpt":{"rendered":"<p>Durante m\u00e1s de 25 a\u00f1os, los abogados del Brill Legal Group han proporcionado una orientaci\u00f3n sofisticada y eficaz a personas y organizaciones que se enfrentan a procesos judiciales. Con tres oficinas, nuestro bufete atiende a clientes de toda la zona New York en Suffolk County, Nassau County, Queens, Brooklyn, el Bronx y Manhattan. Entendemos c\u00f3mo los sistemas de justicia de Long Island y...<\/p>","protected":false},"author":1,"featured_media":5149,"parent":0,"menu_order":0,"comment_status":"closed","ping_status":"closed","template":"","meta":{"_acf_changed":false,"episode_type":"","audio_file":"","cover_image":"","cover_image_id":"","duration":"","filesize":"","date_recorded":"","explicit":"","block":"","itunes_episode_number":"","itunes_title":"","itunes_season_number":"","itunes_episode_type":"","filesize_raw":"","footnotes":""},"class_list":["post-455","page","type-page","status-publish","has-post-thumbnail","hentry"],"acf":[],"_links":{"self":[{"href":"https:\/\/www.brill-legal.com\/es\/wp-json\/wp\/v2\/pages\/455","targetHints":{"allow":["GET"]}}],"collection":[{"href":"https:\/\/www.brill-legal.com\/es\/wp-json\/wp\/v2\/pages"}],"about":[{"href":"https:\/\/www.brill-legal.com\/es\/wp-json\/wp\/v2\/types\/page"}],"author":[{"embeddable":true,"href":"https:\/\/www.brill-legal.com\/es\/wp-json\/wp\/v2\/users\/1"}],"replies":[{"embeddable":true,"href":"https:\/\/www.brill-legal.com\/es\/wp-json\/wp\/v2\/comments?post=455"}],"version-history":[{"count":9,"href":"https:\/\/www.brill-legal.com\/es\/wp-json\/wp\/v2\/pages\/455\/revisions"}],"predecessor-version":[{"id":7207,"href":"https:\/\/www.brill-legal.com\/es\/wp-json\/wp\/v2\/pages\/455\/revisions\/7207"}],"wp:featuredmedia":[{"embeddable":true,"href":"https:\/\/www.brill-legal.com\/es\/wp-json\/wp\/v2\/media\/5149"}],"wp:attachment":[{"href":"https:\/\/www.brill-legal.com\/es\/wp-json\/wp\/v2\/media?parent=455"}],"curies":[{"name":"wp","href":"https:\/\/api.w.org\/{rel}","templated":true}]}}