{"id":448,"date":"2015-12-09T10:52:31","date_gmt":"2015-12-09T10:52:31","guid":{"rendered":"http:\/\/host2.adviahost.net\/~brilllegal\/?page_id=448"},"modified":"2025-09-10T20:15:53","modified_gmt":"2025-09-10T20:15:53","slug":"danos-personales-por-negligencia-o-accidente","status":"publish","type":"page","link":"https:\/\/www.brill-legal.com\/es\/oficina-de-east-hampton-ny\/danos-personales-por-negligencia-o-accidente\/","title":{"rendered":"Da\u00f1os corporales"},"content":{"rendered":"<h2>Abogados de lesiones personales en Hamptons<\/h2>\n<p>El Brill Legal Group, P.C., maneja lesiones personales y negligencia m\u00e9dica asuntos en los Hamptons, Suffolk County, Nassau County y New York City. Ofrecemos consultas gratuitas en cualquiera de nuestras oficinas o en su casa o habitaci\u00f3n de hospital. Si aceptamos su caso, tampoco habr\u00e1 honorarios legales por adelantado. Tomamos casos de lesiones personales sobre una base de contingencia, lo que significa que s\u00f3lo ganamos nuestros honorarios si somos capaces de recuperar los da\u00f1os para usted. Hemos ayudado a miles de clientes a trav\u00e9s de los tiempos dif\u00edciles en sus vidas, y podemos ayudarle, tambi\u00e9n. Trabajaremos agresivamente en su asunto, negociando el mejor acuerdo posible para usted o, si es necesario, llevando su caso a juicio para obtener el resultado que se merece.<\/p>\n<p><strong>Si usted ha sido lesionado por otra persona, como resultado de la negligencia de alguien, debido a un accidente o a la mala praxis de un profesional m\u00e9dico, necesita nuestra ayuda.<\/strong><\/p>\n<p>Los abogados del Brill Legal Group le tratar\u00e1n con respeto y atenci\u00f3n, sin importar el tama\u00f1o de su caso. Devolveremos sus llamadas y le explicaremos el proceso legal en cada paso de su caso. Y a diferencia de otras empresas de lesiones personales, no hacemos publicidad de la cantidad de dinero que hacemos, porque mientras que hacer dinero para nuestros clientes es importante, conseguir justicia para lo que les pas\u00f3 es lo que impulsa nuestra pr\u00e1ctica.<\/p>\n<p>Lucharemos por sus derechos -y por lo que es justo- contra las compa\u00f1\u00edas de seguros, los profesionales m\u00e9dicos irresponsables y cualquier otra persona que decida eludir sus responsabilidades.<\/p>\n<p>Si usted va a muchos abogados de lesiones personales, har\u00e1n todo lo posible para evitar un juicio, incluso si eso significa aceptar un acuerdo muy por debajo de lo que su cliente merece. Nosotros no trabajamos as\u00ed. Nuestros clientes son lo primero, no nuestras carteras, y no tenemos miedo de llevar un caso a juicio si eso significa un mejor resultado para usted.<\/p>\n<p><strong>Ll\u00e1menos para una consulta gratuita sobre cualquiera de los siguientes temas <\/strong>- <strong>no hay honorarios hasta que ganemos su caso.<\/strong><\/p>\n<ul>\n<li>Accidentes de tr\u00e1fico<\/li>\n<li>Accidentes de tr\u00e1fico<\/li>\n<li>Accidentes por conducir ebrio<\/li>\n<li>Accidentes con fuga<\/li>\n<li>Accidentes de moto<\/li>\n<li>Reclamaciones de seguro sin culpa<\/li>\n<li>Accidentes de camiones<\/li>\n<li>Siniestros de motoristas sin seguro<\/li>\n<li>Accidentes de bicicleta<\/li>\n<li>Accidentes de navegaci\u00f3n<\/li>\n<li>Accidentes de peatones<\/li>\n<li>Accidentes ferroviarios<\/li>\n<li>Mordeduras de animales \/ perros<\/li>\n<li>Accidentes en la construcci\u00f3n<\/li>\n<li>Productos peligrosos y defectuosos<\/li>\n<li>Descarga el\u00e9ctrica<\/li>\n<li>Errores hospitalarios<\/li>\n<li>Negligencias m\u00e9dicas<\/li>\n<li>Negligencia en residencias de ancianos<\/li>\n<li>Errores farmac\u00e9uticos<\/li>\n<li>Responsabilidad civil<\/li>\n<li>Resbalones, tropiezos y ca\u00eddas<\/li>\n<li>Lesiones de espalda y cuello<\/li>\n<li>\u00dalceras de dec\u00fabito<\/li>\n<li>Lesiones al nacer<\/li>\n<li>Lesiones cerebrales<\/li>\n<li>Quemaduras<\/li>\n<li>Lesi\u00f3n en la cabeza<\/li>\n<li>Hernia discal<\/li>\n<li>RSD \/ CRPS<\/li>\n<li>Lesi\u00f3n medular<\/li>\n<li>Muerte por negligencia<\/li>\n<\/ul>\n<p>Nuestros abogados de lesiones personales han llevado casos en todo el New York City. P\u00f3ngase en contacto con nosotros <strong>consulta gratuita<\/strong>.<\/p>\n<p><strong>Western Suffolk County 631-204-8254<\/strong><br \/>\n<strong>Manhattan 212-233-4141<\/strong><br \/>\n<strong>Nassau County 516-206-2002<\/strong><\/p>\n<p><strong>Tel\u00e9fono gratuito 888-315-9841<\/strong><\/p>","protected":false},"excerpt":{"rendered":"<p>Hamptons Abogados de Lesiones Personales El Brill Legal Group, P.C., se ocupa de lesiones personales y negligencia m\u00e9dica asuntos en los Hamptons, Suffolk County, Nassau County y New York City. Ofrecemos consultas gratuitas en cualquiera de nuestras oficinas o en su casa o habitaci\u00f3n de hospital. Si tomamos su caso, tampoco habr\u00e1 ning\u00fan pago por adelantado....<\/p>","protected":false},"author":1,"featured_media":0,"parent":419,"menu_order":0,"comment_status":"closed","ping_status":"closed","template":"","meta":{"_acf_changed":false,"episode_type":"","audio_file":"","cover_image":"","cover_image_id":"","duration":"","filesize":"","date_recorded":"","explicit":"","block":"","itunes_episode_number":"","itunes_title":"","itunes_season_number":"","itunes_episode_type":"","filesize_raw":"","footnotes":""},"class_list":["post-448","page","type-page","status-publish","hentry"],"acf":[],"_links":{"self":[{"href":"https:\/\/www.brill-legal.com\/es\/wp-json\/wp\/v2\/pages\/448","targetHints":{"allow":["GET"]}}],"collection":[{"href":"https:\/\/www.brill-legal.com\/es\/wp-json\/wp\/v2\/pages"}],"about":[{"href":"https:\/\/www.brill-legal.com\/es\/wp-json\/wp\/v2\/types\/page"}],"author":[{"embeddable":true,"href":"https:\/\/www.brill-legal.com\/es\/wp-json\/wp\/v2\/users\/1"}],"replies":[{"embeddable":true,"href":"https:\/\/www.brill-legal.com\/es\/wp-json\/wp\/v2\/comments?post=448"}],"version-history":[{"count":4,"href":"https:\/\/www.brill-legal.com\/es\/wp-json\/wp\/v2\/pages\/448\/revisions"}],"predecessor-version":[{"id":7304,"href":"https:\/\/www.brill-legal.com\/es\/wp-json\/wp\/v2\/pages\/448\/revisions\/7304"}],"up":[{"embeddable":true,"href":"https:\/\/www.brill-legal.com\/es\/wp-json\/wp\/v2\/pages\/419"}],"wp:attachment":[{"href":"https:\/\/www.brill-legal.com\/es\/wp-json\/wp\/v2\/media?parent=448"}],"curies":[{"name":"wp","href":"https:\/\/api.w.org\/{rel}","templated":true}]}}