{"id":447,"date":"2015-12-09T10:50:37","date_gmt":"2015-12-09T10:50:37","guid":{"rendered":"http:\/\/host2.adviahost.net\/~brilllegal\/?page_id=447"},"modified":"2025-09-10T20:15:52","modified_gmt":"2025-09-10T20:15:52","slug":"el-condado-de-nassau-pone-a-prueba-una-nueva-opcion-de-tribunal-de-menores","status":"publish","type":"page","link":"https:\/\/www.brill-legal.com\/es\/oficina-de-east-hampton-ny\/el-condado-de-nassau-pone-a-prueba-una-nueva-opcion-de-tribunal-de-menores\/","title":{"rendered":"Nassau County Experimentaci\u00f3n de una nueva opci\u00f3n de tribunal de menores"},"content":{"rendered":"<p>New York es uno de los dos estados que procesan a j\u00f3venes de 16 y 17 a\u00f1os en tribunales de adultos, incluso por delitos no violentos. Durante a\u00f1os, los defensores de la justicia de menores han denunciado esta pr\u00e1ctica, argumentando que a menudo es m\u00e1s perjudicial que beneficiosa. Los cerebros de los adolescentes, dicen, no est\u00e1n completamente formados, y los delincuentes juveniles deber\u00edan tener una oportunidad de rehabilitaci\u00f3n en lugar de ser enviados a la c\u00e1rcel.<\/p>\n<p>En el marco de un nuevo programa piloto, los j\u00f3venes de 16 y 17 a\u00f1os acusados de delitos no violentos como robo, vandalismo o posesi\u00f3n de drogas podr\u00e1n solicitar medidas alternativas en un tribunal de menores h\u00edbrido.<\/p>\n<p>Actualmente, el programa est\u00e1 disponible en Nassau County, el condado de Westchester, New York City, Siracusa y B\u00fafalo. Si tiene \u00e9xito, se espera que los legisladores ampl\u00eden el programa a todo el estado.<\/p>\n<p><strong>Los tribunales tienen ventajas e inconvenientes<\/strong><\/p>\n<p>El programa funciona combinando los aspectos m\u00e1s beneficiosos del tribunal penal, donde se enjuician los delitos cometidos por adultos, y el tribunal de familia, que se ocupa de New York los delitos cometidos por menores.<\/p>\n<p>La estrategia del tribunal es similar a la de otros tribunales estatales de \"resoluci\u00f3n de problemas\", en el sentido de que trata de identificar y tratar la causa subyacente del delito en lugar de limitarse a castigarlo.<\/p>\n<p>Los j\u00f3venes que participen en el programa podr\u00e1n optar a medidas no penales, como servicios a la comunidad, control de la ira o asesoramiento sobre dependencia qu\u00edmica. Aquellos que completen con \u00e9xito el programa de desv\u00edo podr\u00e1n optar a que se elimine el delito de sus antecedentes.<\/p>\n<p>La oportunidad, sin embargo, tiene un precio muy alto. Para poder participar en el programa, los j\u00f3venes deben aceptar declararse culpables de los delitos que se les imputan. Existe la preocupaci\u00f3n de que el atractivo de una sentencia reducida pueda llevar a los delincuentes juveniles a declararse culpables cuando puede haber motivos para la absoluci\u00f3n.<\/p>\n<p>El tribunal h\u00edbrido puede ser en \u00faltima instancia la mejor opci\u00f3n para algunos delincuentes juveniles, pero nadie debe declararse culpable de un delito sin antes consultar con un abogado de defensa criminal con experiencia. Un buen abogado puede evaluar los cargos y las pruebas para ayudar a determinar el curso de acci\u00f3n m\u00e1s favorable.<\/p>","protected":false},"excerpt":{"rendered":"<p>New York es uno de los dos estados que procesan a j\u00f3venes de 16 y 17 a\u00f1os en tribunales de adultos, incluso por delitos no violentos. Durante a\u00f1os, los defensores de la justicia de menores han denunciado esta pr\u00e1ctica, argumentando que a menudo es m\u00e1s perjudicial que beneficiosa. Los cerebros de los adolescentes, dicen, no est\u00e1n completamente formados, y los delincuentes juveniles deben tener una oportunidad...<\/p>","protected":false},"author":1,"featured_media":0,"parent":419,"menu_order":0,"comment_status":"closed","ping_status":"closed","template":"","meta":{"_acf_changed":false,"episode_type":"","audio_file":"","cover_image":"","cover_image_id":"","duration":"","filesize":"","date_recorded":"","explicit":"","block":"","itunes_episode_number":"","itunes_title":"","itunes_season_number":"","itunes_episode_type":"","filesize_raw":"","footnotes":""},"class_list":["post-447","page","type-page","status-publish","hentry"],"acf":[],"_links":{"self":[{"href":"https:\/\/www.brill-legal.com\/es\/wp-json\/wp\/v2\/pages\/447","targetHints":{"allow":["GET"]}}],"collection":[{"href":"https:\/\/www.brill-legal.com\/es\/wp-json\/wp\/v2\/pages"}],"about":[{"href":"https:\/\/www.brill-legal.com\/es\/wp-json\/wp\/v2\/types\/page"}],"author":[{"embeddable":true,"href":"https:\/\/www.brill-legal.com\/es\/wp-json\/wp\/v2\/users\/1"}],"replies":[{"embeddable":true,"href":"https:\/\/www.brill-legal.com\/es\/wp-json\/wp\/v2\/comments?post=447"}],"version-history":[{"count":2,"href":"https:\/\/www.brill-legal.com\/es\/wp-json\/wp\/v2\/pages\/447\/revisions"}],"predecessor-version":[{"id":7303,"href":"https:\/\/www.brill-legal.com\/es\/wp-json\/wp\/v2\/pages\/447\/revisions\/7303"}],"up":[{"embeddable":true,"href":"https:\/\/www.brill-legal.com\/es\/wp-json\/wp\/v2\/pages\/419"}],"wp:attachment":[{"href":"https:\/\/www.brill-legal.com\/es\/wp-json\/wp\/v2\/media?parent=447"}],"curies":[{"name":"wp","href":"https:\/\/api.w.org\/{rel}","templated":true}]}}