{"id":433,"date":"2025-11-05T22:58:24","date_gmt":"2025-11-05T22:58:24","guid":{"rendered":"http:\/\/host2.adviahost.net\/~brilllegal\/?page_id=433"},"modified":"2025-11-05T22:58:25","modified_gmt":"2025-11-05T22:58:25","slug":"abogados-que-intervienen-en-todos-los-tribunales-de-justicia-de-los-pueblos-del-condado-de-suffolk","status":"publish","type":"page","link":"https:\/\/www.brill-legal.com\/es\/oficina-de-east-hampton-ny\/abogados-que-intervienen-en-todos-los-tribunales-de-justicia-de-los-pueblos-del-condado-de-suffolk\/","title":{"rendered":"Abogados que comparecen en todos los tribunales de justicia del pueblo Suffolk County"},"content":{"rendered":"<h2>Abogados de los tribunales municipales de Long Island<\/h2>\n<p>Los abogados de la Brill Legal Group aparecer\u00e1 en cualquier tribunal en New York Estado en nombre de nuestros clientes, y en los tribunales federales en todo el pa\u00eds. Nuestros abogados defensores de Bridgehampton se centran principalmente en las ciudades, pueblos y aldeas que conforman los Hamptons, incluyendo Amagansett, East Hampton, East Hampton, Hampton Bays, Montauk, Napeague, North Haven, Quogue, Sag Harbor, Sagaponack, Shelter Island, Southampton, Springs, Wainscott, Water Mill, Westhampton, y Westhampton Beach.<\/p>\n<p>Entre nuestra oficina Hauppauge ley y nuestra oficina Hempstead ley, que aparecen de forma rutinaria en todos los tribunales de la ciudad y el pueblo en Suffolk County. Estos tribunales se encargan de los delitos de tr\u00e1fico, violaciones penales, violaciones del c\u00f3digo de construcci\u00f3n, zonificaci\u00f3n y aplicaci\u00f3n del c\u00f3digo. Algunos tambi\u00e9n manejan delitos menores. Bas\u00e1ndonos en nuestra amplia experiencia, hemos establecido relaciones positivas y amistosas con los jueces locales, el personal del tribunal y los fiscales del pueblo, lo que significa que su asunto ser\u00e1 tratado con respeto, y de una manera eficiente y adecuada, sin demoras innecesarias.<\/p>\n<p>Si tiene un asunto pendiente en alguno de los siguientes Tribunales de Justicia de Ciudad o Pueblo en Suffolk County, los abogados del Brill Legal Group pueden ayudarle.<\/p>\n<p>Tribunal del pueblo de Amityville<br \/>\n21 Ireland Place<br \/>\nAmityville, NY 11701-2922<\/p>\n<p>Tribunal del pueblo de Asharoken<br \/>\n1 Avenida Asharoken<br \/>\nAyuntamiento<br \/>\nNorthport, NY 11768-1196<\/p>\n<p>Tribunal de Babylon Village<br \/>\n153 West Main Street<br \/>\nBabilonia, NY 11702<\/p>\n<p>Tribunal de Belle Terre Village<br \/>\n55 Cliff Road<br \/>\nAyuntamiento<br \/>\nBelle Terre, NY 11777<\/p>\n<p>Tribunal de Bellport Village<br \/>\n29 Bellport Lane<br \/>\nBellport, NY 11713-0003<\/p>\n<p>Brightwaters Village Court<br \/>\n40 Seneca Drive<br \/>\nApartado de correos 601<br \/>\nBrightwaters, NY 11718-0601<\/p>\n<p>Tribunal de East Hampton<br \/>\n159 Pantigo Rd<br \/>\nEast Hampton, NY 11937-2643<\/p>\n<p>Cabeza del Tribunal de Harbor Village<br \/>\n500 North Country Road<br \/>\nTribunal del pueblo<br \/>\nSt. James, NY 11780<\/p>\n<p>Tribunal de Huntington Bay Village<br \/>\n244 Vineyard Road<br \/>\nApartado de correos 2184<br \/>\nHuntington, NY 11743-2184<\/p>\n<p>Tribunal de Islandia Village<br \/>\n1100 Old Nichols Road<br \/>\nIslandia, NY 11749<\/p>\n<p>Tribunal de Lake Grove Village<br \/>\nApartado de correos 1231<br \/>\nLake Grove, NY 11755-0531<\/p>\n<p>Tribunal de Lindenhurst Village<br \/>\n430 South Wellwood Avenue<br \/>\nLindenhurst, NY 11757-4926<\/p>\n<p>Tribunal de Lloyd Harbor Village<br \/>\n380 West Neck Road<br \/>\nLloyd Harbor, NY 11743-1617<\/p>\n<p>Tribunal del pueblo de Nissequogue<br \/>\nApartado de correos 184<br \/>\nSt. James, NY 11780-0184<\/p>\n<p>Tribunal de Northport Village<br \/>\n224 Main Street<br \/>\nAyuntamiento<br \/>\nNorthport, NY 11768-1734<\/p>\n<p>Tribunal de Ocean Beach Village<br \/>\nApartado de correos 433<br \/>\nOcean Beach, NY 11770-0433<\/p>\n<p>Tribunal de Old Field Village<br \/>\nApartado de correos 2724<br \/>\nSetauket, NY 11733<\/p>\n<p>Patchogue Village Court<br \/>\nApartado de correos 719<br \/>\nPatchogue, NY 11772<\/p>\n<p>Tribunal de Poquott Village<br \/>\nAvenida Birchwood 45<br \/>\nSetauket, NY 11733<\/p>\n<p>Tribunal de Port Jefferson Village<br \/>\n121 West Broadway<br \/>\nPort Jefferson, NY 11777-1397<\/p>\n<p>Tribunal de Quogue Village<br \/>\n123 Avenida Jessup<br \/>\nApartado de correos 926<br \/>\nQuogue, NY 11959<\/p>\n<p>Tribunal de Riverhead<br \/>\nAvenida Howell 210<br \/>\nRiverhead, NY 11901-2515<\/p>\n<p>Saltaire Village Court<br \/>\nApartado de correos 5551<br \/>\nBay Shore, NY 11706-0392<\/p>\n<p>Tribunal Municipal de Shelter Island<br \/>\nRuta 114<br \/>\nApartado de correos 1632<br \/>\nSala de Justicia<br \/>\nShelter Island, NY 11964-0023<\/p>\n<p>Tribunal de Shoreham Village<br \/>\nApartado de correos 389<br \/>\nShoreham, NY 11786<\/p>\n<p>Tribunal de Southampton<br \/>\n116 Hampton Road<br \/>\nSouthampton, NY 11968<\/p>\n<p>Tribunal de Southampton Village<br \/>\n151 Windmill Lane<br \/>\nSouthampton, NY 11968<\/p>\n<p>Tribunal de Southold<br \/>\n53095 Main Road, Ruta 25<br \/>\nApartado de correos 1179<br \/>\nSouthold, NY 11971-0959<\/p>\n<p>Aldea de la Rama Tribunal de la Aldea<br \/>\nApartado de correos 725<br \/>\nSmithtown, NY 11787-0725<\/p>\n<p>West Hampton Dunes Village Court<br \/>\n165 Mill Road<br \/>\nWest Hampton Dunes, NY 11978<\/p>\n<p>Westhampton Beach Village Court<br \/>\n165 Mill Road<br \/>\nWesthampton Beach, NY 11978-2393<\/p>","protected":false},"excerpt":{"rendered":"<p>Long Island Town Courts Abogados Los abogados de la Brill Legal Group aparecer\u00e1 en cualquier tribunal en New York Estado en nombre de nuestros clientes, y en los tribunales federales de todo el pa\u00eds. Nuestros abogados defensores de Bridgehampton se centran principalmente en las ciudades, pueblos y aldeas que conforman los Hamptons, incluyendo Amagansett, East Hampton, East...<\/p>","protected":false},"author":1,"featured_media":0,"parent":419,"menu_order":0,"comment_status":"closed","ping_status":"closed","template":"","meta":{"_acf_changed":false,"episode_type":"","audio_file":"","cover_image":"","cover_image_id":"","duration":"","filesize":"","date_recorded":"","explicit":"","block":"","itunes_episode_number":"","itunes_title":"","itunes_season_number":"","itunes_episode_type":"","filesize_raw":"","footnotes":""},"class_list":["post-433","page","type-page","status-publish","hentry"],"acf":[],"_links":{"self":[{"href":"https:\/\/www.brill-legal.com\/es\/wp-json\/wp\/v2\/pages\/433","targetHints":{"allow":["GET"]}}],"collection":[{"href":"https:\/\/www.brill-legal.com\/es\/wp-json\/wp\/v2\/pages"}],"about":[{"href":"https:\/\/www.brill-legal.com\/es\/wp-json\/wp\/v2\/types\/page"}],"author":[{"embeddable":true,"href":"https:\/\/www.brill-legal.com\/es\/wp-json\/wp\/v2\/users\/1"}],"replies":[{"embeddable":true,"href":"https:\/\/www.brill-legal.com\/es\/wp-json\/wp\/v2\/comments?post=433"}],"version-history":[{"count":2,"href":"https:\/\/www.brill-legal.com\/es\/wp-json\/wp\/v2\/pages\/433\/revisions"}],"predecessor-version":[{"id":7140,"href":"https:\/\/www.brill-legal.com\/es\/wp-json\/wp\/v2\/pages\/433\/revisions\/7140"}],"up":[{"embeddable":true,"href":"https:\/\/www.brill-legal.com\/es\/wp-json\/wp\/v2\/pages\/419"}],"wp:attachment":[{"href":"https:\/\/www.brill-legal.com\/es\/wp-json\/wp\/v2\/media?parent=433"}],"curies":[{"name":"wp","href":"https:\/\/api.w.org\/{rel}","templated":true}]}}