{"id":430,"date":"2025-11-05T22:58:15","date_gmt":"2025-11-05T22:58:15","guid":{"rendered":"http:\/\/host2.adviahost.net\/~brilllegal\/?page_id=430"},"modified":"2026-04-07T23:16:19","modified_gmt":"2026-04-07T23:16:19","slug":"hamptons-abogados-de-fraude-de-medicamentos-recetados","status":"publish","type":"page","link":"https:\/\/www.brill-legal.com\/es\/oficina-de-east-hampton-ny\/hamptons-abogados-de-fraude-de-medicamentos-recetados\/","title":{"rendered":"Abogados de Fraude de Medicamentos Recetados en Hamptons"},"content":{"rendered":"<h2 class=\"wp-block-heading\">Bridgehampton Abogados de Defensa de Narc\u00f3ticos<\/h2>\n\n\n\n<p>La defensa de cargos de narc\u00f3ticos de cualquier tipo es un gran problema - fraude de prescripci\u00f3n, venta de coca\u00edna o hero\u00edna, distribuci\u00f3n de grandes cantidades de marihuana, incluso la venta de Vicodin. Como abogados con experiencia en la defensa de narc\u00f3ticos, entendemos el estr\u00e9s y el escrutinio que usted o alguien que usted conoce puede enfrentar. A partir del 31 de marzo de 2021, ya no es un delito fumar o poseer cantidades limitadas de cannabis en New York. Si usted o alguien que usted conoce ha sido acusado de posesion de narcoticos y su situacion ha empeorado, hable con un abogado con experiencia en defensa de narcoticos en Bridgehampton al <a href=\"https:\/\/www.brill-legal.com\/es\/\">Brill Legal Group, P.C<\/a> hoy.<\/p>\n\n\n\n<p>Oxicodona u otras pastillas en peque\u00f1as cantidades - son diferentes en el East End de Long Island que en cualquier otro lugar, incluyendo Western Suffolk, Nassau o New York City. Si usted se enfrenta a cargos de drogas en Southold, Flandes, Westhampton, Montauk, o en cualquier otro lugar en el East End o en los Hamptons, necesita abogados que est\u00e9n familiarizados con la forma \u00fanica de delitos de drogas son investigados y procesados en el este Suffolk County.<\/p>\n\n\n\n<p>El Grupo Especial de Estupefacientes del East End del fiscal del distrito se form\u00f3 en 1988 y utiliza agentes encubiertos de los departamentos de las ciudades y pueblos del East End, junto con agentes de los departamentos de polic\u00eda del estado y del condado, para investigar los estupefacientes en el East End. Este grupo de trabajo combinado depende directamente de la Oficina de Estupefacientes de la Fiscal\u00eda, que coordina las investigaciones a largo plazo y el uso de informadores confidenciales (IC). Los informantes confidenciales son a menudo la principal fuente de pruebas en una acusaci\u00f3n de narc\u00f3ticos, lo que significa que las fuerzas del orden est\u00e1n depositando mucha fe y confianza en una persona intr\u00ednsecamente poco fiable. Un informante confidencial suele ser un drogadicto, que casi siempre se enfrenta a graves acusaciones propias y espera librarse de ellas \"delatando\" a otra persona.<\/p>\n\n\n\n<p>El talento y el conocimiento de los abogados de defensa criminal en el Brill Legal Group puede utilizar la informaci\u00f3n proporcionada durante un procesamiento de narc\u00f3ticos para cambiar las tornas en los testigos del gobierno durante el interrogatorio, convirtiendo lo que a menudo puede parecer un caso abierto y cerrado en un caso en el que el jurado debe decidir si creer a un testigo con un tremendo motivo para mentir. Aqu\u00ed es donde nuestros abogados sobresalen, y estas son exactamente las habilidades que podemos utilizar a su favor cuando defendemos a usted o sus seres queridos contra los cargos de drogas en el East End de Long Island.<\/p>\n\n\n\n<p><strong>P\u00f3ngase en contacto con nosotros hoy mismo para una consulta gratuita.<\/strong><\/p>\n\n\n\n<p>Western Suffolk County 631-204-8254<br><a href=\"https:\/\/www.brill-legal.com\/es\/nuestros-servicios\/defensa-penal\/cargos-por-fraude-de-medicamentos-con-receta-en-nueva-york\/abogados-de-defensa-contra-el-fraude-de-medicamentos-recetados-en-manhattan\/\">Manhattan<\/a> 212-233-4141<br>Nassau County 516-206-2002<\/p>\n\n\n\n<p>Tel\u00e9fono gratuito 888-315-9841<\/p>","protected":false},"excerpt":{"rendered":"<p>Bridgehampton Abogados de Defensa de Narc\u00f3ticos Defender cargos de narc\u00f3ticos de cualquier tipo es un gran problema - fraude de prescripci\u00f3n, venta de coca\u00edna o hero\u00edna, distribuci\u00f3n de grandes cantidades de marihuana, incluso la venta de Vicodin. Como abogados con experiencia en la defensa de narc\u00f3ticos, entendemos el estr\u00e9s y el escrutinio que usted o alguien que usted conoce puede enfrentar. A partir del 31 de marzo de 2021, es...<\/p>","protected":false},"author":1,"featured_media":0,"parent":419,"menu_order":0,"comment_status":"closed","ping_status":"closed","template":"","meta":{"_acf_changed":false,"episode_type":"","audio_file":"","cover_image":"","cover_image_id":"","duration":"","filesize":"","date_recorded":"","explicit":"","block":"","itunes_episode_number":"","itunes_title":"","itunes_season_number":"","itunes_episode_type":"","filesize_raw":"","footnotes":""},"class_list":["post-430","page","type-page","status-publish","hentry"],"acf":[],"_links":{"self":[{"href":"https:\/\/www.brill-legal.com\/es\/wp-json\/wp\/v2\/pages\/430","targetHints":{"allow":["GET"]}}],"collection":[{"href":"https:\/\/www.brill-legal.com\/es\/wp-json\/wp\/v2\/pages"}],"about":[{"href":"https:\/\/www.brill-legal.com\/es\/wp-json\/wp\/v2\/types\/page"}],"author":[{"embeddable":true,"href":"https:\/\/www.brill-legal.com\/es\/wp-json\/wp\/v2\/users\/1"}],"replies":[{"embeddable":true,"href":"https:\/\/www.brill-legal.com\/es\/wp-json\/wp\/v2\/comments?post=430"}],"version-history":[{"count":7,"href":"https:\/\/www.brill-legal.com\/es\/wp-json\/wp\/v2\/pages\/430\/revisions"}],"predecessor-version":[{"id":7450,"href":"https:\/\/www.brill-legal.com\/es\/wp-json\/wp\/v2\/pages\/430\/revisions\/7450"}],"up":[{"embeddable":true,"href":"https:\/\/www.brill-legal.com\/es\/wp-json\/wp\/v2\/pages\/419"}],"wp:attachment":[{"href":"https:\/\/www.brill-legal.com\/es\/wp-json\/wp\/v2\/media?parent=430"}],"curies":[{"name":"wp","href":"https:\/\/api.w.org\/{rel}","templated":true}]}}