{"id":4283,"date":"2021-05-19T21:16:41","date_gmt":"2021-05-19T21:16:41","guid":{"rendered":"https:\/\/www.brill-legal.com\/?page_id=4283"},"modified":"2024-03-08T01:01:16","modified_gmt":"2024-03-08T01:01:16","slug":"error-de-medicacion","status":"publish","type":"page","link":"https:\/\/www.brill-legal.com\/es\/nuestros-servicios\/audiencias-disciplinarias-investigaciones\/profesionales-de-la-medicina-sometidos-a-medidas-disciplinarias\/error-de-medicacion\/","title":{"rendered":"New York Abogado defensor que representa a farmac\u00e9uticos acusados de errores en la medicaci\u00f3n"},"content":{"rendered":"<p>El trabajo de farmac\u00e9utico es exigente: hay que rellenar recetas y hacer varias cosas a la vez. Las grandes cadenas de farmacias a menudo sacrifican la seguridad de los pacientes al obligar a sus empleados a cumplir par\u00e1metros de rendimiento poco realistas. Por desgracia, intentar cumplir las peligrosas expectativas del empleador pone a los farmac\u00e9uticos en riesgo de cometer errores de medicaci\u00f3n.<\/p>\n\n\n\n<p>En lugar de responsabilizar a las empresas, los empleados de farmacia se convierten en objetivos obvios de acusaciones de mala conducta que pueden llevar a la p\u00e9rdida de sus licencias profesionales. Es fundamental que <a href=\"https:\/\/www.brill-legal.com\/es\/nuestros-servicios\/audiencias-disciplinarias-investigaciones\/profesionales-de-la-medicina-sometidos-a-medidas-disciplinarias\/\">New York farmac\u00e9uticos que se enfrentan a expedientes disciplinarios e investigaciones<\/a>s a obtener una representaci\u00f3n legal eficaz para proteger sus licencias y medios de vida ganados con esfuerzo.<\/p>\n\n\n\n<h3 class=\"wp-block-heading\">Millones de errores de prescripci\u00f3n al a\u00f1o en Estados Unidos<\/h3>\n\n\n\n<p>En Estados Unidos hay casi 6.800 medicamentos de venta con receta. Walmart y otros minoristas y cadenas de tiendas similares dominan el mercado cuando se trata de recetas. Representan el 70% de los medicamentos dispensados en el pa\u00eds. CVS acapara el 25 por ciento de los ingresos totales por recetas y expide m\u00e1s de mil millones de recetas al a\u00f1o. Walgreens tiene casi el 20 por ciento, seguido de Walmart, Kroger y Rite Aid entre las tiendas minoristas.&nbsp;<\/p>\n\n\n\n<p>En mayo de 2018, una investigaci\u00f3n de la CBS descubri\u00f3 que cada a\u00f1o se producen m\u00e1s de 2,3 millones de errores de prescripci\u00f3n de medicamentos en farmacias de todo Estados Unidos. Una de las mayores causas de errores es la similitud en los nombres de los medicamentos. Casi el 50 por ciento de los errores implican que el profesional de la salud escriba el medicamento, la dosis o las instrucciones incorrectas. Los farmac\u00e9uticos y las enfermeras suelen ser capaces de identificar entre el 30% y el 70% de los errores en el pedido de medicamentos.<\/p>\n\n\n\n<p>Cada a\u00f1o, la Administraci\u00f3n de Alimentos y Medicamentos de Estados Unidos (FDA) recibe m\u00e1s de 100.000 informes relacionados con presuntos errores de medicaci\u00f3n. Los errores de prescripci\u00f3n representan aproximadamente siete de cada 10 errores de medicaci\u00f3n. Sin embargo, es imposible determinar los detalles concretos de los errores. No s\u00f3lo no existen requisitos estrictos de notificaci\u00f3n, sino que muchas empresas ofrecen acuerdos a las v\u00edctimas de errores de medicaci\u00f3n. Una vez firmado un acuerdo de confidencialidad, el error nunca se revela al p\u00fablico.<\/p>\n\n\n\n<p>Se calcula que los errores de medicaci\u00f3n lesionan a 1,5 millones de pacientes cada a\u00f1o. Entre 7.000 y 9.000 personas mueren en todo el pa\u00eds a causa de ellos, seg\u00fan un estudio de 2019.<\/p>\n\n\n\n<h3 class=\"wp-block-heading\">El af\u00e1n de lucro de las grandes farmacias provoca errores de medicaci\u00f3n<\/h3>\n\n\n\n<p>Los errores de medicaci\u00f3n suelen producirse porque los farmac\u00e9uticos est\u00e1n sobrecargados de trabajo. A menudo acaban trabajando turnos largos sin pausas para comer o descansar. La presi\u00f3n para hacer m\u00e1s en un entorno ca\u00f3tico y acelerado ha aumentado la probabilidad y la frecuencia de las confusiones en la medicaci\u00f3n.<\/p>\n\n\n\n<p>Grandes cadenas como Walgreens y CVS han estado reduciendo personal y cerrando tiendas mientras surten m\u00e1s recetas que nunca a pesar de los problemas de seguridad. Un informe del New York Times de 2020 pone de relieve los peligros de las farmacias con escasez de personal. Los farmac\u00e9uticos fatigados y sobrecargados de trabajo exponen a los pacientes al riesgo de cometer errores de prescripci\u00f3n y ponen en peligro sus propias carreras.<\/p>\n\n\n\n<p>En la \u00faltima d\u00e9cada, la descripci\u00f3n del trabajo del farmac\u00e9utico medio se ha ampliado considerablemente. Los farmac\u00e9uticos son responsables de realizar m\u00faltiples tareas, desde rellenar recetas y comprobar las interacciones de los medicamentos hasta contestar al tel\u00e9fono, trabajar en las cajas registradoras y consultar a los clientes.<\/p>\n\n\n\n<p>Imag\u00ednese a un farmac\u00e9utico haciendo todo este ajetreado trabajo mientras tiene que rellenar y comprobar cientos de recetas al d\u00eda para cumplir unas m\u00e9tricas de volumen y velocidad poco razonables. Los farmac\u00e9uticos son muy evaluados en funci\u00f3n de su capacidad para cumplir las cuotas corporativas. Empresas como CVS hacen un seguimiento de todo, desde el tiempo que se tarda en surtir una receta hasta el n\u00famero de vacunas administradas. Como se les presiona para que trabajen con rapidez, los farmac\u00e9uticos no siempre pueden detectar errores de dispensaci\u00f3n, como medicamentos equivocados o dosis incorrectas.<\/p>\n\n\n\n<p>Cuando las cadenas de farmacias dan prioridad a la cantidad sobre la calidad, perjudican la seguridad de los pacientes y amenazan la estabilidad laboral de los farmac\u00e9uticos. Los farmac\u00e9uticos suelen ser objeto de medidas disciplinarias cuando se denuncia un error de prescripci\u00f3n a la junta estatal. La mayor\u00eda de las investigaciones se centran en los farmac\u00e9uticos, no en evaluar las condiciones de su lugar de trabajo ni en examinar las pr\u00e1cticas del empleador.<\/p>\n\n\n\n<h3 class=\"wp-block-heading\">Protecci\u00f3n de la licencia profesional del farmac\u00e9utico<\/h3>\n\n\n\n<p>En New York, <a href=\"https:\/\/www.brill-legal.com\/es\/nuestros-servicios\/abogados-de-derecho-sanitario\/representacion-de-farmacias-y-farmaceuticos\/\">los farmac\u00e9uticos est\u00e1n autorizados<\/a> y registrado por la Junta de Regentes del Estado New York, el <a href=\"https:\/\/www.brill-legal.com\/es\/nuestros-servicios\/audiencias-disciplinarias-investigaciones\/departamento-de-educacion-del-estado-de-nueva-york\/\">Departamento de Educaci\u00f3n<\/a>y la Junta Estatal de Farmacia. Seg\u00fan la Oficina de Profesiones, en 2022 se expidieron 1.290 licencias de farmac\u00e9utico en New York. El estado ten\u00eda un total de 22.182 farmac\u00e9uticos en enero de 2023 y 5.410 farmacias en marzo de 2022.<\/p>\n\n\n\n<p>Para ejercer legalmente en el estado, los farmac\u00e9uticos deben mantener continuamente sus licencias en regla. Una condena penal o la constataci\u00f3n de mala conducta profesional puede conllevar la p\u00e9rdida o suspensi\u00f3n de su licencia farmac\u00e9utica. Dependiendo del delito, esto puede ir acompa\u00f1ado de otras sanciones como multas o incluso la remisi\u00f3n a un proceso penal.<\/p>\n\n\n\n<p>Cuando su licencia est\u00e1 en juego y su carrera profesional corre peligro, debe hacer todo lo posible por protegerla. La mejor manera de hacerlo es <a href=\"https:\/\/www.brill-legal.com\/es\/pongase-en-contacto-con\/\">consultar con un abogado defensor con licencia profesional New York experimentado<\/a> experto en la representaci\u00f3n de farmac\u00e9uticos en procedimientos disciplinarios. <a href=\"https:\/\/www.brill-legal.com\/es\/\">Brill Legal Group<\/a> tiene un s\u00f3lido historial de servicio a los profesionales de la salud en todos los asuntos relacionados con la concesi\u00f3n de licencias profesionales. Hacemos todo lo posible para que conserve su licencia.<\/p>\n\n\n\n<h3 class=\"wp-block-heading\"><strong>\u00bfCu\u00e1ndo se sanciona a un farmac\u00e9utico?<\/strong><\/h3>\n\n\n\n<p>Los farmac\u00e9uticos licenciados en New York que cometan faltas profesionales est\u00e1n sujetos a medidas disciplinarias por parte de la <a href=\"https:\/\/www.brill-legal.com\/es\/nuestros-servicios\/abogados-de-derecho-sanitario\/opd-oficina-de-disciplina-profesional\/\">Oficina de Disciplina Profesional (OPD)<\/a>. La agencia tiene autoridad para investigar y procesar a los farmac\u00e9uticos.<\/p>\n\n\n\n<p>Los farmac\u00e9uticos pueden ser acusados de muchos tipos diferentes de mala conducta profesional, adem\u00e1s de prescripciones negligentes. Algunos delitos comunes sujetos a disciplina en el estado son:<\/p>\n\n\n\n<ul class=\"wp-block-list\">\n<li>Abuso de sustancias<\/li>\n\n\n\n<li>Condena penal<\/li>\n\n\n\n<li>Incompetencia o negligencia graves<\/li>\n\n\n\n<li>Uso personal de medicamentos de farmacia<\/li>\n\n\n\n<li>No llevar los registros adecuados<\/li>\n\n\n\n<li>Pr\u00e1ctica fraudulenta<\/li>\n\n\n\n<li>Practicar en estado de embriaguez<\/li>\n<\/ul>\n\n\n\n<p>Algunos casos de mala conducta profesional pueden dar lugar a cargos penales. Las investigaciones de la OPD suelen centrarse en fraudes o infracciones de sustancias controladas. Los farmac\u00e9uticos pueden ser acusados de robar medicamentos de una farmacia o incluso ser responsables de fraude si permitieron que otra persona cometiera fraude.<\/p>\n\n\n\n<p>Un farmac\u00e9utico que tenga una condena penal en cualquier jurisdicci\u00f3n, aunque no est\u00e9 relacionada con su pr\u00e1ctica farmac\u00e9utica, corre el riesgo de perder su licencia profesional. Adem\u00e1s, ejercer bajo los efectos del alcohol o las drogas puede acarrear diversas sanciones. Los farmac\u00e9uticos que tengan problemas de adicci\u00f3n al alcohol o a las drogas deben buscar ayuda para los problemas de abuso de sustancias para evitar poner en peligro su medio de vida.<\/p>\n\n\n\n<p>Los farmac\u00e9uticos est\u00e1n obligados a cumplir una determinada norma de atenci\u00f3n. El error humano en forma de negligencia puede dar lugar a muchos tipos diferentes de errores de medicaci\u00f3n. Un farmac\u00e9utico puede no comprobar a fondo una receta que est\u00e1 expidiendo o acabar dando medicamentos incorrectos a un paciente. Cualquier manipulaci\u00f3n incorrecta de los medicamentos o de las etiquetas puede suponer para un farmac\u00e9utico la p\u00e9rdida de su licencia profesional y otras sanciones.<\/p>\n\n\n\n<p>Adem\u00e1s de la negligencia, una amplia gama de infracciones puede dar lugar a acusaciones de mala conducta profesional. Por ejemplo, utilizar publicidad deshonesta, vender medicamentos que no han sido aprobados por la FDA, no supervisar adecuadamente una farmacia, emplear a trabajadores sin licencia, tener medicamentos caducados en el inventario de medicamentos de la farmacia o no mantener los registros adecuados puede hacer que un farmac\u00e9utico sea objeto de investigaci\u00f3n.<\/p>\n\n\n\n<h3 class=\"wp-block-heading\">\u00bfC\u00f3mo se desencadenan las medidas disciplinarias?<\/h3>\n\n\n\n<p><a href=\"https:\/\/www.brill-legal.com\/es\/nuestros-servicios\/audiencias-disciplinarias-investigaciones\/profesionales-de-la-medicina-sometidos-a-medidas-disciplinarias\/\">Acci\u00f3n disciplinaria contra un farmac\u00e9utico New York<\/a> pueden comenzar de diferentes maneras. Algunos casos se inician tras auditor\u00edas e inspecciones rutinarias de las farmacias. Otros se inician cuando se presenta una denuncia de terceros contra un farmac\u00e9utico ante un organismo estatal, que a continuaci\u00f3n investigar\u00e1 las alegaciones.<\/p>\n\n\n\n<p>Una condena penal, aunque no est\u00e9 relacionada con la pr\u00e1ctica farmac\u00e9utica, se comunicar\u00e1 autom\u00e1ticamente a la agencia que concede las licencias y dar\u00e1 lugar a una investigaci\u00f3n. Sean cuales sean las circunstancias, hay mucho en juego. Ning\u00fan farmac\u00e9utico puede permitirse dar un paso en falso y arriesgarse a perder su licencia.<\/p>\n\n\n\n<p>Los farmac\u00e9uticos est\u00e1n obligados a cumplir con los investigadores. Sin embargo, no es obligatorio aceptar una entrevista con un investigador de la OPD. Si recibe una carta en la que se le informa de que est\u00e1 siendo investigado por mala conducta profesional, deber\u00e1 <a href=\"https:\/\/www.brill-legal.com\/es\/pongase-en-contacto-con\/\">p\u00f3ngase en contacto con un abogado defensor con experiencia<\/a> enseguida.<\/p>\n\n\n\n<h3 class=\"wp-block-heading\">C\u00f3mo funciona el proceso disciplinario para los farmac\u00e9uticos acusados de mala conducta en New York<\/h3>\n\n\n\n<p><strong>1.) La Carta:<\/strong> Una carta de la OPD se\u00f1ala el inicio de una investigaci\u00f3n sobre la conducta profesional de un farmac\u00e9utico. Notifica al farmac\u00e9utico que est\u00e1 siendo investigado por mala conducta. Esta carta debe tomarse en serio, ya que significa que su licencia est\u00e1 en juego y podr\u00eda quedar inhabilitado para trabajar como farmac\u00e9utico.<\/p>\n\n\n\n<p><strong>2.) Investigaci\u00f3n y representaci\u00f3n legal:<\/strong> Como titulares de una licencia, los farmac\u00e9uticos est\u00e1n obligados a cooperar con las investigaciones. Sin embargo, un punto crucial a tener en cuenta es que usted no tiene que dar informaci\u00f3n voluntariamente a ninguna agencia.<\/p>\n\n\n\n<p><a href=\"https:\/\/www.brill-legal.com\/es\/\">Brill Legal Group<\/a> recomienda que evite hablar de cualquier cosa con los investigadores de la OPD antes de hablar con un <a href=\"https:\/\/www.brill-legal.com\/es\/nuestros-servicios\/audiencias-disciplinarias-investigaciones\/\">New York abogado defensor de licencias profesionales<\/a>. Esto se debe a que cualquier declaraci\u00f3n que haga al investigador puede perjudicar potencialmente su caso.<\/p>\n\n\n\n<p>Algunos farmac\u00e9uticos creen que no han cometido ninguna infracci\u00f3n y que los investigadores acabar\u00e1n d\u00e1ndose cuenta de ello y pondr\u00e1n fin a su investigaci\u00f3n. Por desgracia, no suele ser as\u00ed. Incluso si las acusaciones contra usted son infundadas, aseg\u00farese de buscar ayuda legal inmediatamente si la OPD se ha puesto en contacto con usted. Con su medio de vida y su futuro amenazados, es esencial contar con un equipo legal bien informado a su lado.<\/p>\n\n\n\n<p><strong>3.) Despu\u00e9s de la investigaci\u00f3n:<\/strong> Cuando concluye una investigaci\u00f3n de la OPD, el Comit\u00e9 de Investigaci\u00f3n analizar\u00e1 las pruebas y determinar\u00e1 si son suficientemente sustanciales para proceder a una audiencia disciplinaria formal. El caso se desestimar\u00e1 si faltan pruebas.<\/p>\n\n\n\n<p>Si el caso sigue adelante, un fiscal revisar\u00e1 el informe de la investigaci\u00f3n y determinar\u00e1 si se inicia una audiencia disciplinaria formal. A veces los fiscales pueden estar dispuestos a llegar a un acuerdo antes del litigio. El proceso puede resultar en un acuerdo de consentimiento entre el profesional licenciado y la junta de farmacia. Una orden de consentimiento es un documento que establece las conclusiones de la OPD y las sanciones impuestas. En casos menos graves, el asunto puede resolverse con una acci\u00f3n disciplinaria informal, como una carta de Acci\u00f3n Correctiva Requerida emitida por la OPD o una carta de Advertencia Administrativa.<\/p>\n\n\n\n<p><strong>4.) Audiencia disciplinaria:<\/strong> Si el asunto sigue sin resolverse, la OPD convoca al farmac\u00e9utico a una audiencia disciplinaria. El caso se juzga ante un panel de audiencia compuesto por tres o m\u00e1s miembros. Aunque la audiencia disciplinaria no es tan formal como un juicio ante un tribunal, comparten un formato similar. El acusado puede testificar en la audiencia, tener representaci\u00f3n legal, interrogar a los testigos y presentar pruebas.<\/p>\n\n\n\n<p>Una vez concluida la audiencia disciplinaria, el panel emite un informe escrito en el que se indica si el profesional ha sido declarado culpable o inocente de cada cargo, as\u00ed como las sanciones recomendadas. Si son declarados culpables, los farmac\u00e9uticos tienen ciertos derechos para apelar la decisi\u00f3n del panel.<\/p>\n\n\n\n<p><strong>5.) Sanciones:<\/strong> La Junta de Regentes del Estado puede imponer varias sanciones diferentes a un <a href=\"https:\/\/www.brill-legal.com\/es\/nuestros-servicios\/defensa-penal\/defensa-penal-faq\/que-sanciones-se-imponen-a-los-medicos-por-mala-conducta-profesional-en-nueva-york\/\">farmac\u00e9utico declarado culpable de falta profesional<\/a>. La sanci\u00f3n m\u00e1s severa es la revocaci\u00f3n, entrega o anulaci\u00f3n de la licencia. Otras posibles medidas disciplinarias son las multas, la censura, la evaluaci\u00f3n de drogas, los requisitos de formaci\u00f3n o educaci\u00f3n, o la obligaci\u00f3n de prestar servicio p\u00fablico, entre otras.<\/p>\n\n\n\n<h2 class=\"wp-block-heading\">\u00bfEs usted farmac\u00e9utico New York y corre el riesgo de perder su licencia profesional?<\/h2>\n\n\n\n<h4 class=\"wp-block-heading\"><a href=\"https:\/\/www.brill-legal.com\/es\/pongase-en-contacto-con\/\">P\u00f3ngase en contacto hoy mismo con Brill Legal Group<\/a>.<\/h4>\n\n\n\n<p>Ser acusado de mala conducta profesional es molesto, especialmente cuando usted estaba bajo presi\u00f3n para cumplir con las expectativas poco realistas de su empleador. Cuando su futuro est\u00e1 en juego, necesita hacer todo lo posible para proteger su licencia profesional. Si usted es un farmac\u00e9utico que se enfrenta a acusaciones de mala conducta en New York y est\u00e1 en peligro de perder su licencia, <a href=\"https:\/\/www.brill-legal.com\/es\/pongase-en-contacto-con\/\">contacto Brill Legal Group<\/a> en cuanto sepa que est\u00e1 siendo investigado.<\/p>\n\n\n\n<p><a href=\"https:\/\/www.brill-legal.com\/es\/nuestros-servicios\/abogados-de-derecho-sanitario\/opd-oficina-de-disciplina-profesional\/\">Una investigaci\u00f3n de la OPD<\/a> puede acabar f\u00e1cilmente con su incapacidad para trabajar como farmac\u00e9utico. Con tanto en juego, contar con el abogado adecuado a tu lado es vital. <a href=\"https:\/\/www.brill-legal.com\/es\/abogados\/\">Nuestros abogados defensores tienen experiencia<\/a> en la representaci\u00f3n estrat\u00e9gica y eficaz de los farmac\u00e9uticos en todas las fases de <a href=\"https:\/\/www.brill-legal.com\/es\/nuestros-servicios\/audiencias-disciplinarias-investigaciones\/\">audiencias disciplinarias y de concesi\u00f3n de licencias profesionales<\/a>. Hemos llevado miles de casos en todo New York durante la \u00faltima d\u00e9cada y trabajamos duro para ofrecer resultados.<\/p>\n\n\n\n<p>Ll\u00e1menos hoy mismo para una primera consulta gratuita.<\/p>\n\n\n\n<p><a href=\"tel:1-631-237-1919\">Suffolk 631-237-1919<\/a> - <a href=\"tel:1-212-233-4141\">Manhattan 212-233-4141<\/a> - <a href=\"tel:1-516-206-2002\">Nassau 516-206-2002<\/a> - <a href=\"tel:1-888-315-9841\">Tel\u00e9fono gratuito 888-315-9841<\/a><\/p>","protected":false},"excerpt":{"rendered":"<p>El trabajo de farmac\u00e9utico es exigente: hay que rellenar recetas y hacer varias cosas a la vez. Las grandes cadenas de farmacias a menudo sacrifican la seguridad de los pacientes al obligar a sus empleados a cumplir par\u00e1metros de rendimiento poco realistas. Lamentablemente, tratar de cumplir las peligrosas expectativas del empleador pone a los farmac\u00e9uticos en riesgo de cometer errores de medicaci\u00f3n. En lugar de responsabilizar a las empresas, los empleados de las farmacias se convierten en objetivos obvios de las acusaciones de mala conducta....<\/p>","protected":false},"author":1,"featured_media":0,"parent":406,"menu_order":0,"comment_status":"closed","ping_status":"closed","template":"","meta":{"_acf_changed":false,"episode_type":"","audio_file":"","cover_image":"","cover_image_id":"","duration":"","filesize":"","date_recorded":"","explicit":"","block":"","itunes_episode_number":"","itunes_title":"","itunes_season_number":"","itunes_episode_type":"","filesize_raw":"","footnotes":""},"class_list":["post-4283","page","type-page","status-publish","hentry"],"acf":[],"_links":{"self":[{"href":"https:\/\/www.brill-legal.com\/es\/wp-json\/wp\/v2\/pages\/4283","targetHints":{"allow":["GET"]}}],"collection":[{"href":"https:\/\/www.brill-legal.com\/es\/wp-json\/wp\/v2\/pages"}],"about":[{"href":"https:\/\/www.brill-legal.com\/es\/wp-json\/wp\/v2\/types\/page"}],"author":[{"embeddable":true,"href":"https:\/\/www.brill-legal.com\/es\/wp-json\/wp\/v2\/users\/1"}],"replies":[{"embeddable":true,"href":"https:\/\/www.brill-legal.com\/es\/wp-json\/wp\/v2\/comments?post=4283"}],"version-history":[{"count":16,"href":"https:\/\/www.brill-legal.com\/es\/wp-json\/wp\/v2\/pages\/4283\/revisions"}],"predecessor-version":[{"id":6874,"href":"https:\/\/www.brill-legal.com\/es\/wp-json\/wp\/v2\/pages\/4283\/revisions\/6874"}],"up":[{"embeddable":true,"href":"https:\/\/www.brill-legal.com\/es\/wp-json\/wp\/v2\/pages\/406"}],"wp:attachment":[{"href":"https:\/\/www.brill-legal.com\/es\/wp-json\/wp\/v2\/media?parent=4283"}],"curies":[{"name":"wp","href":"https:\/\/api.w.org\/{rel}","templated":true}]}}