{"id":421,"date":"2015-12-09T09:57:51","date_gmt":"2015-12-09T09:57:51","guid":{"rendered":"http:\/\/host2.adviahost.net\/~brilllegal\/?page_id=421"},"modified":"2025-09-10T20:16:11","modified_gmt":"2025-09-10T20:16:11","slug":"abogados-de-violaciones-de-derechos-civiles-al-servicio-de-los-hamptons","status":"publish","type":"page","link":"https:\/\/www.brill-legal.com\/es\/oficina-de-east-hampton-ny\/abogados-de-violaciones-de-derechos-civiles-al-servicio-de-los-hamptons\/","title":{"rendered":"Litigios sobre derechos civiles"},"content":{"rendered":"<h2>Abogados de violaciones de derechos civiles al servicio de los Hamptons - East End Civil Rights Lawyers<\/h2>\n<p>La desafortunada tendencia durante muchos a\u00f1os en Suffolk County y los Hamptons ha sido el abuso de poder por parte de ciertos malos elementos de los organismos de la administraci\u00f3n local, los departamentos de polic\u00eda y las fuerzas del orden. La mala conducta policial est\u00e1 muy extendida, y las v\u00edctimas de agresiones policiales a menudo se sienten impotentes para hacer algo al respecto. La polic\u00eda y los funcionarios del gobierno, por su propia naturaleza, parecen tener todo el poder en cualquier enfrentamiento con el peque\u00f1o. Pero no siempre es as\u00ed. La corrupci\u00f3n oficial, la brutalidad policial o la detenci\u00f3n ilegal pueden constituir graves violaciones de los derechos constitucionales de una persona.<\/p>\n<p>Como tales, las v\u00edctimas de mala conducta policial y otras violaciones de los derechos civiles tienen derecho a ser indemnizadas por el da\u00f1o que se les ha causado, y la legislaci\u00f3n federal ofrece un recurso en virtud del T\u00edtulo 42, Secci\u00f3n 1983 del C\u00f3digo de los Estados Unidos. Uno de esos derechos constitucionales es la posibilidad de interponer una demanda para castigar a la polic\u00eda o a los funcionarios corruptos y exigir responsabilidades a quienes abusan de su poder. Cuando se hace bien, una demanda de derechos civiles tambi\u00e9n puede ayudar a evitar que otros sufran abusos y maltratos similares a manos de funcionarios corruptos.<\/p>\n<p><strong>Nuestro bufete representa a clientes en una amplia variedad de casos de mala conducta del gobierno, incluyendo:<\/strong><\/p>\n<ul>\n<li>Reclamaciones de derechos civiles contra la polic\u00eda<\/li>\n<li>Reclamaciones de derechos civiles contra Suffolk County, Nassau County o New York City<\/li>\n<li>Reclamaciones de derechos civiles contra ayuntamientos<\/li>\n<li>Brutalidad policial<\/li>\n<li>Acoso policial<\/li>\n<li>Fuerza excesiva<\/li>\n<li>Detenciones falsas o sin orden judicial<\/li>\n<li>Registros e incautaciones ilegales<\/li>\n<li>Cacheos ilegales<\/li>\n<li>Persecuci\u00f3n maliciosa<\/li>\n<\/ul>\n<p>En muchas situaciones, las v\u00edctimas de brutalidad policial tambi\u00e9n se enfrentan a cargos penales y la perspectiva de emprender acciones contra el gobierno parece desalentadora y poco realista. No tenga miedo de protegerse de este abuso de poder. Somos abogados de defensa criminal agresivos, tambi\u00e9n, con la experiencia para proteger sus derechos, exponer la corrupci\u00f3n del gobierno, y obtener justicia para usted o sus seres queridos.<\/p>\n<p>Si cree que ha sido v\u00edctima de mala conducta oficial, abuso policial o detenci\u00f3n ilegal, debe llamar a los abogados del Brill Legal Group lo antes posible. Aunque puede tener derecho a una indemnizaci\u00f3n por lo que ha sufrido, el plazo para presentar una demanda es muy corto, a menudo de solo 90 d\u00edas desde que se produjo el incidente.<\/p>\n<p>Los abogados del Brill Legal Group saben c\u00f3mo presentar con \u00e9xito una demanda de derechos civiles. Lo hemos hecho en el pasado y podemos hacerlo por usted. Si usted cree que sus derechos civiles han sido violados, p\u00f3ngase en contacto con nosotros tan pronto como sea posible para una consulta gratuita con un abogado con experiencia en derechos civiles Suffolk County.<\/p>\n<p>Nuestros abogados especializados en violaciones de derechos civiles llevan casos de derechos civiles en todo el New York City. P\u00f3ngase en contacto con nosotros <strong>consulta gratuita<\/strong>.<\/p>\n<p><strong>Western Suffolk County 631-204-8254<\/strong><br \/>\n<strong>Manhattan 212-233-4141<\/strong><br \/>\n<strong>Nassau County 516-206-2002<\/strong><\/p>\n<p><strong>Tel\u00e9fono gratuito 888-315-9841<\/strong><\/p>","protected":false},"excerpt":{"rendered":"<p>Abogados especializados en violaciones de derechos civiles en los Hamptons - East End Civil Rights Lawyers La desafortunada tendencia durante muchos a\u00f1os en Suffolk County y los Hamptons ha sido el abuso de poder por parte de ciertos malos elementos de los organismos gubernamentales locales, los departamentos de polic\u00eda y las oficinas policiales. La mala conducta policial es rampante, y las v\u00edctimas de agresiones policiales...<\/p>","protected":false},"author":1,"featured_media":0,"parent":419,"menu_order":0,"comment_status":"closed","ping_status":"closed","template":"","meta":{"_acf_changed":false,"episode_type":"","audio_file":"","cover_image":"","cover_image_id":"","duration":"","filesize":"","date_recorded":"","explicit":"","block":"","itunes_episode_number":"","itunes_title":"","itunes_season_number":"","itunes_episode_type":"","filesize_raw":"","footnotes":""},"class_list":["post-421","page","type-page","status-publish","hentry"],"acf":[],"_links":{"self":[{"href":"https:\/\/www.brill-legal.com\/es\/wp-json\/wp\/v2\/pages\/421","targetHints":{"allow":["GET"]}}],"collection":[{"href":"https:\/\/www.brill-legal.com\/es\/wp-json\/wp\/v2\/pages"}],"about":[{"href":"https:\/\/www.brill-legal.com\/es\/wp-json\/wp\/v2\/types\/page"}],"author":[{"embeddable":true,"href":"https:\/\/www.brill-legal.com\/es\/wp-json\/wp\/v2\/users\/1"}],"replies":[{"embeddable":true,"href":"https:\/\/www.brill-legal.com\/es\/wp-json\/wp\/v2\/comments?post=421"}],"version-history":[{"count":4,"href":"https:\/\/www.brill-legal.com\/es\/wp-json\/wp\/v2\/pages\/421\/revisions"}],"predecessor-version":[{"id":7295,"href":"https:\/\/www.brill-legal.com\/es\/wp-json\/wp\/v2\/pages\/421\/revisions\/7295"}],"up":[{"embeddable":true,"href":"https:\/\/www.brill-legal.com\/es\/wp-json\/wp\/v2\/pages\/419"}],"wp:attachment":[{"href":"https:\/\/www.brill-legal.com\/es\/wp-json\/wp\/v2\/media?parent=421"}],"curies":[{"name":"wp","href":"https:\/\/api.w.org\/{rel}","templated":true}]}}