{"id":4194,"date":"2021-03-08T18:20:25","date_gmt":"2021-03-08T18:20:25","guid":{"rendered":"https:\/\/www.brill-legal.com\/?page_id=4194"},"modified":"2021-03-08T18:21:16","modified_gmt":"2021-03-08T18:21:16","slug":"accesibilidad","status":"publish","type":"page","link":"https:\/\/www.brill-legal.com\/es\/accesibilidad\/","title":{"rendered":"Declaraci\u00f3n de accesibilidad"},"content":{"rendered":"<p>EqualWeb se compromete a promover la accesibilidad digital de las personas con discapacidad. Mejoramos continuamente la experiencia de usuario para todos y aplicamos las normas de accesibilidad WCAG 2.1 pertinentes.<\/p>\n<h2>Estado de conformidad<\/h2>\n<p>Este sitio web ha llevado a cabo un proceso de implantaci\u00f3n de una herramienta autom\u00e1tica de accesibilidad para ajustarse lo m\u00e1ximo posible a las normas establecidas por las WCAG 2.1 (<a href=\"https:\/\/www.w3.org\/TR\/WCAG21\/\" target=\"_blank\" rel=\"noreferrer noopener\">Directrices de Accesibilidad para el Contenido Web 2.1<\/a>) en el nivel AA.<\/p>\n<h2>Medidas adoptadas para hacer m\u00e1s accesible este sitio web<\/h2>\n<p>La herramienta de accesibilidad autom\u00e1tica de Equalweb aplica las siguientes medidas a los sitios web en los que est\u00e1 instalada:<\/p>\n<ul>\n<li>Activar la navegaci\u00f3n por teclado<\/li>\n<li>Fuentes - Posibilidad de aumentar y reducir la fuente del sitio, ajustarla, alinearla, etc.<\/li>\n<li>Cambia el contraste de color en funci\u00f3n del fondo oscuro.<\/li>\n<li>Cambia el contraste de color en funci\u00f3n de un fondo claro.<\/li>\n<li>Cambiar los colores del sitio.<\/li>\n<li>Opci\u00f3n a juego y monocroma para dalt\u00f3nicos.<\/li>\n<li>Cambia el tipo de letra para facilitar la lectura.<\/li>\n<li>Aumenta el cursor y cambia su color a blanco o negro.<\/li>\n<li>Aumente la visualizaci\u00f3n a 200%.<\/li>\n<li>Resalte los enlaces del sitio.<\/li>\n<li>Resaltar cabeceras en el sitio.<\/li>\n<li>Mostrar una descripci\u00f3n alternativa de las im\u00e1genes.<\/li>\n<li>Aumenta el contenido elegido por el cursor, mostrado en un tooltip.<\/li>\n<li>Describir palabras mediante la selecci\u00f3n con el rat\u00f3n.<\/li>\n<li>Muestra el contenido del sitio en una nueva ventana de forma clara y legible.<\/li>\n<li>Permite a los usuarios escribir contenidos utilizando el rat\u00f3n.<\/li>\n<li>Detiene el parpadeo y la intermitencia de los elementos m\u00f3viles<\/li>\n<\/ul>\n<h2>Compatibilidad con navegadores y tecnolog\u00edas de asistencia<\/h2>\n<p>Nuestro objetivo es ser compatibles con el mayor n\u00famero posible de navegadores y tecnolog\u00edas de asistencia. Por ello, nos hemos esforzado por ofrecer compatibilidad con los sistemas m\u00e1s populares y con mayor cuota de mercado, como Safari, Chrome, Edge, Internet Explorer, Firefox y Opera. Tambi\u00e9n hemos abordado las tecnolog\u00edas de asistencia JAWS y NVDA para Windows y MAC.<\/p>\n<h2>Especificaciones t\u00e9cnicas<\/h2>\n<p>La accesibilidad de este sitio web depende de las siguientes tecnolog\u00edas para funcionar con la combinaci\u00f3n concreta de navegador web y cualquier tecnolog\u00eda de asistencia o complemento instalado en su ordenador:<\/p>\n<ul>\n<li>HTML<\/li>\n<li>WAI-ARIA<\/li>\n<li>CSS<\/li>\n<li>JavaScript<\/li>\n<\/ul>\n<p>Estas tecnolog\u00edas se basan en la conformidad con las normas de accesibilidad utilizadas.<\/p>\n<h2>Notas, comentarios y opiniones:<\/h2>\n<p>A pesar de nuestros esfuerzos por hacer este sitio web accesible al mayor n\u00famero de personas posible, es posible que algunas p\u00e1ginas o secciones de este sitio web a\u00fan no sean totalmente accesibles, por diversas razones. Nos esforzamos por seguir mejorando las funciones de accesibilidad y la interfaz de nuestro producto.<\/p>\n<p>Si ha detectado un fallo de accesibilidad o un error en este sitio web, o si desea sugerir una mejora o una nueva funci\u00f3n, no dude en ponerse en contacto con nosotros. Puede ponerse en contacto con nosotros utilizando el bot\u00f3n \"Comentarios\" y rellenando el formulario. Tambi\u00e9n puede ponerse en contacto con nosotros por correo electr\u00f3nico en la direcci\u00f3n\u00a0<a href=\"mailto:Support@equalweb.com\">Support@equalweb.com<\/a>. Sus datos se tratar\u00e1n de acuerdo con nuestra pol\u00edtica de privacidad, que puede consultar en\u00a0<a href=\"https:\/\/www.equalweb.com\/html5\/sbs.py?_id=8615&amp;did=1116&amp;G=\" target=\"_blank\" rel=\"noreferrer noopener\">aqu\u00ed<\/a>.<\/p>\n<p>Nuestro objetivo es responder a los comentarios sobre accesibilidad en un plazo de 7 d\u00edas laborables y proponer una soluci\u00f3n en un plazo de 30 d\u00edas laborables.<\/p>","protected":false},"excerpt":{"rendered":"<p>EqualWeb se compromete a promover la accesibilidad digital de las personas con discapacidad. Mejoramos continuamente la experiencia de usuario para todos y aplicamos las normas de accesibilidad WCAG 2.1 pertinentes. Estado de conformidad Este sitio web llev\u00f3 a cabo un proceso de implementaci\u00f3n de una herramienta de accesibilidad autom\u00e1tica para ajustarse lo m\u00e1ximo posible a las normas establecidas por las WCAG 2.1....<\/p>","protected":false},"author":1,"featured_media":0,"parent":0,"menu_order":0,"comment_status":"closed","ping_status":"closed","template":"","meta":{"_acf_changed":false,"episode_type":"","audio_file":"","cover_image":"","cover_image_id":"","duration":"","filesize":"","date_recorded":"","explicit":"","block":"","itunes_episode_number":"","itunes_title":"","itunes_season_number":"","itunes_episode_type":"","filesize_raw":"","footnotes":""},"class_list":["post-4194","page","type-page","status-publish","hentry"],"acf":[],"_links":{"self":[{"href":"https:\/\/www.brill-legal.com\/es\/wp-json\/wp\/v2\/pages\/4194","targetHints":{"allow":["GET"]}}],"collection":[{"href":"https:\/\/www.brill-legal.com\/es\/wp-json\/wp\/v2\/pages"}],"about":[{"href":"https:\/\/www.brill-legal.com\/es\/wp-json\/wp\/v2\/types\/page"}],"author":[{"embeddable":true,"href":"https:\/\/www.brill-legal.com\/es\/wp-json\/wp\/v2\/users\/1"}],"replies":[{"embeddable":true,"href":"https:\/\/www.brill-legal.com\/es\/wp-json\/wp\/v2\/comments?post=4194"}],"version-history":[{"count":2,"href":"https:\/\/www.brill-legal.com\/es\/wp-json\/wp\/v2\/pages\/4194\/revisions"}],"predecessor-version":[{"id":4196,"href":"https:\/\/www.brill-legal.com\/es\/wp-json\/wp\/v2\/pages\/4194\/revisions\/4196"}],"wp:attachment":[{"href":"https:\/\/www.brill-legal.com\/es\/wp-json\/wp\/v2\/media?parent=4194"}],"curies":[{"name":"wp","href":"https:\/\/api.w.org\/{rel}","templated":true}]}}